{"id":31966,"date":"2024-05-13T16:18:34","date_gmt":"2024-05-13T16:18:34","guid":{"rendered":"https:\/\/sakaba.mghosteur.com\/?post_type=product&#038;p=31966"},"modified":"2024-08-11T17:31:13","modified_gmt":"2024-08-11T17:31:13","slug":"camille-rose-black-castor-oil-chebe-deep-conditi","status":"publish","type":"product","link":"https:\/\/sakaba.mghosteur.com\/en\/product\/camille-rose-black-castor-oil-chebe-deep-conditi\/","title":{"rendered":"CAMILLE ROSE BLACK CASTOR OIL + CHEBE DEEP CONDITIONER"},"content":{"rendered":"<p>Un soin revitalisant et hydratant intensif con\u00e7u pour renforcer la tige capillaire et redonner de la vitalit\u00e9 aux m\u00e8ches ab\u00eem\u00e9es et stress\u00e9es.<\/p>\n<p>Mode d&#8217;emploi: Sur des m\u00e8ches fra\u00eechement lav\u00e9es, appliquez une quantit\u00e9 g\u00e9n\u00e9reuse sur les cheveux. Utilisez les doigts ou un peigne \u00e0 dents larges pour r\u00e9partir uniform\u00e9ment de la racine \u00e0 la pointe. Laissez poser 20 minutes, puis rincez \u00e0 l&#8217;eau froide. Pour de meilleurs r\u00e9sultats, appliquez ensuite un produit sans rin\u00e7age ou coiffant Camille Rose.<\/p>","protected":false},"excerpt":{"rendered":"<p>Un soin revitalisant et hydratant intensif con\u00e7u pour renforcer la tige capillaire et redonner de la vitalit\u00e9 aux m\u00e8ches ab\u00eem\u00e9es et stress\u00e9es. Mode d&#8217;emploi: Sur des m\u00e8ches fra\u00eechement lav\u00e9es, appliquez une quantit\u00e9 g\u00e9n\u00e9reuse sur les cheveux. Utilisez les doigts ou un peigne \u00e0 dents larges pour r\u00e9partir uniform\u00e9ment de la racine \u00e0 la pointe. Laissez<span class=\"read-more-faq\"><a href=\"https:\/\/sakaba.mghosteur.com\/en\/product\/camille-rose-black-castor-oil-chebe-deep-conditi\/\">Read More<\/a><\/span><\/p>","protected":false},"featured_media":0,"comment_status":"open","ping_status":"closed","template":"","meta":[],"product_brand":[812],"product_cat":[284,368],"product_tag":[],"class_list":{"0":"post-31966","1":"product","2":"type-product","3":"status-publish","5":"product_brand-camille-rose","6":"product_cat-aad-cheveux","7":"product_cat-shampoing-et-apres-shampoing","9":"first","10":"instock","11":"shipping-taxable","12":"product-type-simple"},"jetpack-related-posts":[{"id":31958,"url":"https:\/\/sakaba.mghosteur.com\/en\/product\/camille-rose-black-castor-oil-chebe-cleanse\/","url_meta":{"origin":31966,"position":0},"title":"CAMILLE ROSE BLACK CASTOR OIL + CHEBE CLEANSE","author":"admin","date":"May 13, 2024","format":false,"excerpt":"Un nettoyant capillaire infus\u00e9 d'huile con\u00e7u pour renforcer les m\u00e8ches, restaurer la brillance et am\u00e9liorer la maniabilit\u00e9. Mode d'emploi : Trempez les cheveux sous la douche et appliquez le shampooing nettoyant sur toute la longueur des cheveux. Pour des textures plus \u00e9paisses, s\u00e9parez d'abord les m\u00e8ches avant d'appliquer pour vous\u2026","rel":"","context":"Similar post","block_context":{"text":"Similar post","link":""},"img":{"alt_text":"","src":"","width":0,"height":0},"classes":[]},{"id":31972,"url":"https:\/\/sakaba.mghosteur.com\/en\/product\/camille-rose-brown-butter-melt\/","url_meta":{"origin":31966,"position":1},"title":"CAMILLE ROSE BROWN BUTTER MELT","author":"admin","date":"May 13, 2024","format":false,"excerpt":"Baume capillaire \u00e0 l'huile de mandarine est un m\u00e9lange concentr\u00e9 de beurres et d'huiles naturelles con\u00e7u pour apaiser le cuir chevelu et stimuler la pousse des cheveux. Le karit\u00e9, le cacao et la mangue constituent la base parfaite pour m\u00e9langer les huiles d'olive, d'orange et de tournesol. Comment utiliser? S\u00e9parez\u2026","rel":"","context":"Similar post","block_context":{"text":"Similar post","link":""},"img":{"alt_text":"","src":"","width":0,"height":0},"classes":[]},{"id":31933,"url":"https:\/\/sakaba.mghosteur.com\/en\/product\/camille-rose-chebe-repair-pure-strengthening-oil\/","url_meta":{"origin":31966,"position":2},"title":"CAMILLE ROSE +CHEBE REPAIR PURE STRENGTHENING OIL","author":"admin","date":"May 13, 2024","format":false,"excerpt":"Huile de ricin noire pure infus\u00e9e de Chebe con\u00e7ue pour favoriser la croissance, am\u00e9liorer consid\u00e9rablement la brillance et renforcer les m\u00e8ches de l'int\u00e9rieur. Comment utiliser? Appliquer sur cheveux secs ou mouill\u00e9s. Utiliser 2 \u00e0 3 gouttes et masser doucement le cuir chevelu et les bords. Appliquer deux fois (2X) par\u2026","rel":"","context":"Similar post","block_context":{"text":"Similar post","link":""},"img":{"alt_text":"","src":"","width":0,"height":0},"classes":[]},{"id":31943,"url":"https:\/\/sakaba.mghosteur.com\/en\/product\/camille-rose-algae-renew-deep-conditioing-mask\/","url_meta":{"origin":31966,"position":3},"title":"CAMILLE ROSE ALGAE RENEW DEEP CONDITIONING MASK","author":"admin","date":"May 13, 2024","format":false,"excerpt":"Un soin hydratant et fortifiant riche en vitamines, infus\u00e9 d'algues bleu-vert. Ce soin riche est infus\u00e9 d'un m\u00e9lange d'algues bleu-vert pures, contenant 65 vitamines, min\u00e9raux et antioxydants. Le cacao non raffin\u00e9 et le beurre de mangue sont astucieusement m\u00e9lang\u00e9s dans cette formule revitalisante intense en profondeur pour un maximum de\u2026","rel":"","context":"Similar post","block_context":{"text":"Similar post","link":""},"img":{"alt_text":"","src":"","width":0,"height":0},"classes":[]},{"id":31951,"url":"https:\/\/sakaba.mghosteur.com\/en\/product\/camille-rose-algae-renew-deep-conditioning-mask-cocoa-mango-butter-50ml\/","url_meta":{"origin":31966,"position":4},"title":"CAMILLE ROSE ALGAE RENEW DEEP CONDITIONING MASK &#8211; SACHET DE 50 ML","author":"admin","date":"May 13, 2024","format":false,"excerpt":"Un soin hydratant et fortifiant riche en vitamines, infus\u00e9 d'algues bleu-vert. Ce soin riche est infus\u00e9 d'un m\u00e9lange d'algues bleu-vert pures, contenant 65 vitamines, min\u00e9raux et antioxydants. Le cacao non raffin\u00e9 et le beurre de mangue sont astucieusement m\u00e9lang\u00e9s dans cette formule revitalisante intense en profondeur pour un maximum de\u2026","rel":"","context":"Similar post","block_context":{"text":"Similar post","link":""},"img":{"alt_text":"","src":"","width":0,"height":0},"classes":[]},{"id":31981,"url":"https:\/\/sakaba.mghosteur.com\/en\/product\/camille-rose-curl-maker-marshmallow-agave-355ml\/","url_meta":{"origin":31966,"position":5},"title":"CAMILLE ROSE NATURALS CURL MAKER","author":"admin","date":"May 13, 2024","format":false,"excerpt":"Camille Rose Naturals Curl Maker est un gel qui aide \u00e0 d\u00e9finir les boucles et \u00e0 les maintenir en place. Il est infus\u00e9 d'extraits de guimauve et d'agave pour hydrater et am\u00e9liorer la d\u00e9finition des boucles. Il est \u00e9galement biologique et sans cruaut\u00e9.","rel":"","context":"Similar post","block_context":{"text":"Similar post","link":""},"img":{"alt_text":"","src":"","width":0,"height":0},"classes":[]}],"_links":{"self":[{"href":"https:\/\/sakaba.mghosteur.com\/en\/wp-json\/wp\/v2\/product\/31966","targetHints":{"allow":["GET"]}}],"collection":[{"href":"https:\/\/sakaba.mghosteur.com\/en\/wp-json\/wp\/v2\/product"}],"about":[{"href":"https:\/\/sakaba.mghosteur.com\/en\/wp-json\/wp\/v2\/types\/product"}],"replies":[{"embeddable":true,"href":"https:\/\/sakaba.mghosteur.com\/en\/wp-json\/wp\/v2\/comments?post=31966"}],"version-history":[{"count":0,"href":"https:\/\/sakaba.mghosteur.com\/en\/wp-json\/wp\/v2\/product\/31966\/revisions"}],"wp:attachment":[{"href":"https:\/\/sakaba.mghosteur.com\/en\/wp-json\/wp\/v2\/media?parent=31966"}],"wp:term":[{"taxonomy":"product_brand","embeddable":true,"href":"https:\/\/sakaba.mghosteur.com\/en\/wp-json\/wp\/v2\/product_brand?post=31966"},{"taxonomy":"product_cat","embeddable":true,"href":"https:\/\/sakaba.mghosteur.com\/en\/wp-json\/wp\/v2\/product_cat?post=31966"},{"taxonomy":"product_tag","embeddable":true,"href":"https:\/\/sakaba.mghosteur.com\/en\/wp-json\/wp\/v2\/product_tag?post=31966"}],"curies":[{"name":"wp","href":"https:\/\/api.w.org\/{rel}","templated":true}]}}