{"id":31970,"date":"2024-05-13T16:19:08","date_gmt":"2024-05-13T16:19:08","guid":{"rendered":"https:\/\/sakaba.mghosteur.com\/?post_type=product&#038;p=31970"},"modified":"2024-08-07T20:42:12","modified_gmt":"2024-08-07T20:42:12","slug":"cerave-diabetics-dry-skin-relief-cleansing-wash-2","status":"publish","type":"product","link":"https:\/\/sakaba.mghosteur.com\/en\/product\/cerave-diabetics-dry-skin-relief-cleansing-wash-2\/","title":{"rendered":"CERAVE DIABETICS DRY SKIN RELIEF CLEANSING WASH"},"content":{"rendered":"<p>Le nettoyant pour le corps pour diab\u00e9tiques CeraVe a \u00e9t\u00e9 d\u00e9velopp\u00e9 avec des dermatologues pour nettoyer en douceur, hydrater et apaiser la peau s\u00e8che des diab\u00e9tiques en un seul lavage. Formul\u00e9 avec trois c\u00e9ramides essentiels pour aider \u00e0 maintenir la barri\u00e8re cutan\u00e9e, de l&#8217;ur\u00e9e, un humectant qui attire l&#8217;humidit\u00e9 vers la peau et de la myrtille pour ses bienfaits antioxydants, notre nettoyant pour le corps pour diab\u00e9tiques sans parfum et sans parab\u00e8ne est con\u00e7u pour fournir une hydratation toute la journ\u00e9e, et a d\u00e9clar\u00e9 que leur peau \u00e9tait plus douce avec une utilisation continue.<\/p>","protected":false},"excerpt":{"rendered":"<p>Le nettoyant pour le corps pour diab\u00e9tiques CeraVe a \u00e9t\u00e9 d\u00e9velopp\u00e9 avec des dermatologues pour nettoyer en douceur, hydrater et apaiser la peau s\u00e8che des diab\u00e9tiques en un seul lavage. Formul\u00e9 avec trois c\u00e9ramides essentiels pour aider \u00e0 maintenir la barri\u00e8re cutan\u00e9e, de l&#8217;ur\u00e9e, un humectant qui attire l&#8217;humidit\u00e9 vers la peau et de la<span class=\"read-more-faq\"><a href=\"https:\/\/sakaba.mghosteur.com\/en\/product\/cerave-diabetics-dry-skin-relief-cleansing-wash-2\/\">Read More<\/a><\/span><\/p>","protected":false},"featured_media":0,"comment_status":"open","ping_status":"closed","template":"","meta":[],"product_brand":[816],"product_cat":[358,447,388],"product_tag":[],"class_list":{"0":"post-31970","1":"product","2":"type-product","3":"status-publish","5":"product_brand-cerave","6":"product_cat-bain-douche","7":"product_cat-aac-bain-et-corps","8":"product_cat-peaux-seches","10":"first","11":"instock","12":"shipping-taxable","13":"product-type-simple"},"jetpack-related-posts":[{"id":29023,"url":"https:\/\/sakaba.mghosteur.com\/en\/product\/cerave-diabetics-dry-skin-relief-cleansing-wash\/","url_meta":{"origin":31970,"position":0},"title":"CERAVE DIABETICS DRY SKIN RELIEF CLEANSING WASH","author":"admin","date":"March 10, 2023","format":false,"excerpt":"Ce nettoyant nettoyant pour le soulagement de la peau s\u00e8che de CeraVe Diabetics est un choix id\u00e9al pour les personnes atteintes de diab\u00e8te souffrant d'une peau s\u00e8che et sensible. Utilisez-le tous les jours pour nettoyer votre peau en douceur et pour b\u00e9n\u00e9ficier d'une hydratation longue dur\u00e9e qui aide \u00e0 soulager\u2026","rel":"","context":"Similar post","block_context":{"text":"Similar post","link":""},"img":{"alt_text":"","src":"","width":0,"height":0},"classes":[]},{"id":23938,"url":"https:\/\/sakaba.mghosteur.com\/en\/product\/cerave-eye-repair-cream\/","url_meta":{"origin":31970,"position":1},"title":"CERAVE EYE REPAIR CREAM","author":"admin","date":"November 9, 2022","format":false,"excerpt":"La Cr\u00e8me R\u00e9paratrice Yeux s\u00e8che des diab\u00e9tiques de CeraVe est sp\u00e9cialement con\u00e7ue pour les personnes atteintes de diab\u00e8te qui souffrent de s\u00e9cheresse oculaire. Cette cr\u00e8me hydratante pour les yeux est formul\u00e9e avec de l'acide hyaluronique et des c\u00e9ramides qui aident \u00e0 hydrater et \u00e0 renforcer la barri\u00e8re protectrice de la\u2026","rel":"","context":"Similar post","block_context":{"text":"Similar post","link":""},"img":{"alt_text":"","src":"","width":0,"height":0},"classes":[]},{"id":30434,"url":"https:\/\/sakaba.mghosteur.com\/en\/product\/gold-bond-diabetic-s-dry-skin-relief\/","url_meta":{"origin":31970,"position":2},"title":"GOLD BOND DIABETIC S DRY SKIN RELIEF","author":"admin","date":"May 11, 2023","format":false,"excerpt":"Nom du Produit : Lait Corporel pour Peau S\u00e8che des Diab\u00e9tiques de Gold Bond Le Lait Corporel pour Peau S\u00e8che des Diab\u00e9tiques de Gold Bond est la marque de lotion num\u00e9ro 1 sp\u00e9cialement con\u00e7ue pour hydrater la peau s\u00e8che des diab\u00e9tiques. Cette lotion procure un soulagement imm\u00e9diat et une hydratation\u2026","rel":"","context":"Similar post","block_context":{"text":"Similar post","link":""},"img":{"alt_text":"","src":"","width":0,"height":0},"classes":[]},{"id":23930,"url":"https:\/\/sakaba.mghosteur.com\/en\/product\/cerave-hydrating-body-wash\/","url_meta":{"origin":31970,"position":3},"title":"CERAVE HYDRATING BODY WASH","author":"admin","date":"November 9, 2022","format":false,"excerpt":"Le gel douche hydratant CeraVe est parfait pour ceux qui recherchent un nettoyant pour le corps doux et hydratant. Cette formule nettoyante moussante est con\u00e7ue pour les peaux normales \u00e0 s\u00e8ches et aide \u00e0 \u00e9liminer la salet\u00e9 et les impuret\u00e9s sans dess\u00e9cher la peau. Au lieu de cela, il contient\u2026","rel":"","context":"Similar post","block_context":{"text":"Similar post","link":""},"img":{"alt_text":"","src":"","width":0,"height":0},"classes":[]},{"id":24177,"url":"https:\/\/sakaba.mghosteur.com\/en\/product\/cerave-sa-body-wash-for-rough-and-bumpy-skin\/","url_meta":{"origin":31970,"position":4},"title":"CERAVE SA BODY WASH FOR ROUGH AND BUMPY SKIN","author":"admin","date":"November 9, 2022","format":false,"excerpt":"Le nettoyant pour le corps CeraVe SA est sp\u00e9cialement con\u00e7u pour les peaux rugueuses et bossel\u00e9es. Il utilise une combinaison d'acide salicylique, de c\u00e9ramides, d'acide hyaluronique et de niacinamide pour nettoyer et exfolier en douceur tout en offrant une hydratation optimale. L'acide salicylique est un exfoliant doux qui aide \u00e0\u2026","rel":"","context":"Similar post","block_context":{"text":"Similar post","link":""},"img":{"alt_text":"","src":"","width":0,"height":0},"classes":[]},{"id":24153,"url":"https:\/\/sakaba.mghosteur.com\/en\/product\/cerave-renewing-sa-cleanser-473ml\/","url_meta":{"origin":31970,"position":5},"title":"CERAVE RENEWING SA CLEANSER 473ML","author":"admin","date":"November 9, 2022","format":false,"excerpt":"Le nettoyant SA r\u00e9g\u00e9n\u00e9rant de la marque CeraVe est la solution parfaite pour une peau lisse et saine. Sa formule douce et moussante contenant de l'acide salicylique aide \u00e0 exfolier votre peau en douceur tout en \u00e9liminant les impuret\u00e9s et en adoucissant les zones rugueuses. Ce nettoyant est enrichi en\u2026","rel":"","context":"Similar post","block_context":{"text":"Similar post","link":""},"img":{"alt_text":"","src":"","width":0,"height":0},"classes":[]}],"_links":{"self":[{"href":"https:\/\/sakaba.mghosteur.com\/en\/wp-json\/wp\/v2\/product\/31970","targetHints":{"allow":["GET"]}}],"collection":[{"href":"https:\/\/sakaba.mghosteur.com\/en\/wp-json\/wp\/v2\/product"}],"about":[{"href":"https:\/\/sakaba.mghosteur.com\/en\/wp-json\/wp\/v2\/types\/product"}],"replies":[{"embeddable":true,"href":"https:\/\/sakaba.mghosteur.com\/en\/wp-json\/wp\/v2\/comments?post=31970"}],"version-history":[{"count":0,"href":"https:\/\/sakaba.mghosteur.com\/en\/wp-json\/wp\/v2\/product\/31970\/revisions"}],"wp:attachment":[{"href":"https:\/\/sakaba.mghosteur.com\/en\/wp-json\/wp\/v2\/media?parent=31970"}],"wp:term":[{"taxonomy":"product_brand","embeddable":true,"href":"https:\/\/sakaba.mghosteur.com\/en\/wp-json\/wp\/v2\/product_brand?post=31970"},{"taxonomy":"product_cat","embeddable":true,"href":"https:\/\/sakaba.mghosteur.com\/en\/wp-json\/wp\/v2\/product_cat?post=31970"},{"taxonomy":"product_tag","embeddable":true,"href":"https:\/\/sakaba.mghosteur.com\/en\/wp-json\/wp\/v2\/product_tag?post=31970"}],"curies":[{"name":"wp","href":"https:\/\/api.w.org\/{rel}","templated":true}]}}