{"id":31972,"date":"2024-05-13T16:19:34","date_gmt":"2024-05-13T16:19:34","guid":{"rendered":"https:\/\/sakaba.mghosteur.com\/?post_type=product&#038;p=31972"},"modified":"2024-08-11T17:34:47","modified_gmt":"2024-08-11T17:34:47","slug":"camille-rose-brown-butter-melt","status":"publish","type":"product","link":"https:\/\/sakaba.mghosteur.com\/en\/product\/camille-rose-brown-butter-melt\/","title":{"rendered":"CAMILLE ROSE BROWN BUTTER MELT"},"content":{"rendered":"<p>Baume capillaire \u00e0 l&#8217;huile de mandarine est un m\u00e9lange concentr\u00e9 de beurres et d&#8217;huiles naturelles con\u00e7u pour apaiser le cuir chevelu et stimuler la pousse des cheveux. Le karit\u00e9, le cacao et la mangue constituent la base parfaite pour m\u00e9langer les huiles d&#8217;olive, d&#8217;orange et de tournesol.<\/p>\n<p>Comment utiliser?<\/p>\n<p>S\u00e9parez les m\u00e8ches et appliquez une petite quantit\u00e9 de baume capillaire sur les cheveux. Faites p\u00e9n\u00e9trer le produit dans le cuir chevelu et les m\u00e8ches pour b\u00e9n\u00e9ficier de tous les bienfaits de la croissance de la gr\u00eale.<\/p>","protected":false},"excerpt":{"rendered":"<p>Baume capillaire \u00e0 l&#8217;huile de mandarine est un m\u00e9lange concentr\u00e9 de beurres et d&#8217;huiles naturelles con\u00e7u pour apaiser le cuir chevelu et stimuler la pousse des cheveux. Le karit\u00e9, le cacao et la mangue constituent la base parfaite pour m\u00e9langer les huiles d&#8217;olive, d&#8217;orange et de tournesol. Comment utiliser? S\u00e9parez les m\u00e8ches et appliquez une<span class=\"read-more-faq\"><a href=\"https:\/\/sakaba.mghosteur.com\/en\/product\/camille-rose-brown-butter-melt\/\">Read More<\/a><\/span><\/p>","protected":false},"featured_media":0,"comment_status":"open","ping_status":"closed","template":"","meta":[],"product_brand":[812],"product_cat":[284,1063],"product_tag":[],"class_list":{"0":"post-31972","1":"product","2":"type-product","3":"status-publish","5":"product_brand-camille-rose","6":"product_cat-aad-cheveux","7":"product_cat-traitement-capilaire","9":"first","10":"instock","11":"shipping-taxable","12":"product-type-simple"},"jetpack-related-posts":[{"id":33975,"url":"https:\/\/sakaba.mghosteur.com\/en\/product\/carol-s-daughter-7-oil-blend-hair-scalp-oil\/","url_meta":{"origin":31972,"position":0},"title":"CAROL\u2019S DAUGHTER 7 OIL BLEND HAIR &amp; SCALP OIL","author":"admin","date":"May 24, 2024","format":false,"excerpt":"Offrez \u00e0 vos cheveux secs et fragiles un traitement de d\u00e9esse avec l'huile pour cuir chevelu et cheveux Goddess Strength de Carol's Daughter. Compos\u00e9e d'un m\u00e9lange de 7 huiles, dont de l'huile de ricin et de l'huile de cumin noir, cette formule hydrate en douceur le cuir chevelu et les\u2026","rel":"","context":"Similar post","block_context":{"text":"Similar post","link":""},"img":{"alt_text":"","src":"","width":0,"height":0},"classes":[]},{"id":32056,"url":"https:\/\/sakaba.mghosteur.com\/en\/product\/mielle-rosemary-mint-strengtening-scalp-hair-quencher\/","url_meta":{"origin":31972,"position":1},"title":"MIELLE ROSEMARY MINT STRENGTENING SCALP HAIR QUENCHER","author":"admin","date":"May 13, 2024","format":false,"excerpt":"La pommade-\u00e0-huile pour le cuir chevelu et les cheveux au romarin et \u00e0 la menthe de Mielle\u00a0est une coiffure revitalisante qui se transforme d'une pommade en une huile. Il d\u00e9salt\u00e8re le cuir chevelu, hydrate les cheveux secs et assoiff\u00e9s et aide \u00e0\u00a0\u00a0prot\u00e9ger du dess\u00e8chement. Cette coiffure lisse les m\u00e8ches rebelles\u2026","rel":"","context":"Similar post","block_context":{"text":"Similar post","link":""},"img":{"alt_text":"","src":"","width":0,"height":0},"classes":[]},{"id":33978,"url":"https:\/\/sakaba.mghosteur.com\/en\/product\/carol-s-daughter-fortifying-conditioner\/","url_meta":{"origin":31972,"position":2},"title":"CAROL\u2019S DAUGHTER GODDESS STRENGTH FORTIFYING CONDITIONER","author":"admin","date":"May 24, 2024","format":false,"excerpt":"Baume revitalisant puissant, m\u00e9lang\u00e9 \u00e0 de l'huile de ricin, des graines de cumin noir et du gingembre. Il aide \u00e0 cibler les cheveux faibles, \u00e0 restaurer une hydratation intense et \u00e0 fortifier les cheveux afin que chaque m\u00e8che soit plus forte de la racine aux pointes.","rel":"","context":"Similar post","block_context":{"text":"Similar post","link":""},"img":{"alt_text":"","src":"","width":0,"height":0},"classes":[]},{"id":31933,"url":"https:\/\/sakaba.mghosteur.com\/en\/product\/camille-rose-chebe-repair-pure-strengthening-oil\/","url_meta":{"origin":31972,"position":3},"title":"CAMILLE ROSE +CHEBE REPAIR PURE STRENGTHENING OIL","author":"admin","date":"May 13, 2024","format":false,"excerpt":"Huile de ricin noire pure infus\u00e9e de Chebe con\u00e7ue pour favoriser la croissance, am\u00e9liorer consid\u00e9rablement la brillance et renforcer les m\u00e8ches de l'int\u00e9rieur. Comment utiliser? Appliquer sur cheveux secs ou mouill\u00e9s. Utiliser 2 \u00e0 3 gouttes et masser doucement le cuir chevelu et les bords. Appliquer deux fois (2X) par\u2026","rel":"","context":"Similar post","block_context":{"text":"Similar post","link":""},"img":{"alt_text":"","src":"","width":0,"height":0},"classes":[]},{"id":29704,"url":"https:\/\/sakaba.mghosteur.com\/en\/product\/palmers-length-retention-hair-scalp-oil\/","url_meta":{"origin":31972,"position":4},"title":"PALMERS LENGTH RETENTION HAIR + SCALP OIL","author":"admin","date":"April 14, 2023","format":false,"excerpt":"D\u00e9couvrez l'huile de r\u00e9tention des cheveux et du cuir chevelu Palmer's, une solution nourrissante pour vos cheveux. Cette huile est con\u00e7ue pour tous les types de boucles et textures de cheveux, et est assez douce pour un usage quotidien. Enrichie d'ingr\u00e9dients naturels, cette huile hydrate et ajoute une brillance durable\u2026","rel":"","context":"Similar post","block_context":{"text":"Similar post","link":""},"img":{"alt_text":"","src":"","width":0,"height":0},"classes":[]},{"id":26134,"url":"https:\/\/sakaba.mghosteur.com\/en\/product\/sunny-kle-extra-dark-hair-food-pomade\/","url_meta":{"origin":31972,"position":5},"title":"SUNNY ISLE EXTRA DARK HAIR FOOD POMADE","author":"admin","date":"November 24, 2022","format":false,"excerpt":"La pommade capillaire Sunny Isle Extra Dark Jamaican Black Castor Oil est une pommade 100 % naturelle qui peut hydrater le cuir chevelu sec, pr\u00e9venir la casse des cheveux et lutter contre les pellicules. Elle convient \u00e9galement aux cheveux naturels ou en transition et peut ajouter de la d\u00e9finition et\u2026","rel":"","context":"Similar post","block_context":{"text":"Similar post","link":""},"img":{"alt_text":"","src":"","width":0,"height":0},"classes":[]}],"_links":{"self":[{"href":"https:\/\/sakaba.mghosteur.com\/en\/wp-json\/wp\/v2\/product\/31972","targetHints":{"allow":["GET"]}}],"collection":[{"href":"https:\/\/sakaba.mghosteur.com\/en\/wp-json\/wp\/v2\/product"}],"about":[{"href":"https:\/\/sakaba.mghosteur.com\/en\/wp-json\/wp\/v2\/types\/product"}],"replies":[{"embeddable":true,"href":"https:\/\/sakaba.mghosteur.com\/en\/wp-json\/wp\/v2\/comments?post=31972"}],"version-history":[{"count":0,"href":"https:\/\/sakaba.mghosteur.com\/en\/wp-json\/wp\/v2\/product\/31972\/revisions"}],"wp:attachment":[{"href":"https:\/\/sakaba.mghosteur.com\/en\/wp-json\/wp\/v2\/media?parent=31972"}],"wp:term":[{"taxonomy":"product_brand","embeddable":true,"href":"https:\/\/sakaba.mghosteur.com\/en\/wp-json\/wp\/v2\/product_brand?post=31972"},{"taxonomy":"product_cat","embeddable":true,"href":"https:\/\/sakaba.mghosteur.com\/en\/wp-json\/wp\/v2\/product_cat?post=31972"},{"taxonomy":"product_tag","embeddable":true,"href":"https:\/\/sakaba.mghosteur.com\/en\/wp-json\/wp\/v2\/product_tag?post=31972"}],"curies":[{"name":"wp","href":"https:\/\/api.w.org\/{rel}","templated":true}]}}