{"id":31980,"date":"2024-05-13T16:20:40","date_gmt":"2024-05-13T16:20:40","guid":{"rendered":"https:\/\/sakaba.mghosteur.com\/?post_type=product&#038;p=31980"},"modified":"2024-08-07T20:40:44","modified_gmt":"2024-08-07T20:40:44","slug":"cerave-comforting-eye-makeup-remove-2","status":"publish","type":"product","link":"https:\/\/sakaba.mghosteur.com\/en\/product\/cerave-comforting-eye-makeup-remove-2\/","title":{"rendered":"CERAVE COMFORTING EYE MAKEUP REMOVER"},"content":{"rendered":"<p>Compl\u00e9tez votre routine de soins de la peau avec ce d\u00e9maquillant yeux r\u00e9confortant de CeraVe. L&#8217;acide hyaluronique et trois c\u00e9ramides essentiels hydratent durablement et nourrissent votre peau, laissant le contour des yeux doux et \u00e9clatant, tandis que la formule l\u00e9g\u00e8re \u00e9limine facilement le maquillage tenace sans laisser de r\u00e9sidus gras.<\/p>","protected":false},"excerpt":{"rendered":"<p>Compl\u00e9tez votre routine de soins de la peau avec ce d\u00e9maquillant yeux r\u00e9confortant de CeraVe. L&#8217;acide hyaluronique et trois c\u00e9ramides essentiels hydratent durablement et nourrissent votre peau, laissant le contour des yeux doux et \u00e9clatant, tandis que la formule l\u00e9g\u00e8re \u00e9limine facilement le maquillage tenace sans laisser de r\u00e9sidus gras.<\/p>","protected":false},"featured_media":0,"comment_status":"open","ping_status":"closed","template":"","meta":[],"product_brand":[816],"product_cat":[324,451],"product_tag":[],"class_list":{"0":"post-31980","1":"product","2":"type-product","3":"status-publish","5":"product_brand-cerave","6":"product_cat-demaquillant-nettoyant","7":"product_cat-aab-soin-du-visage","9":"first","10":"instock","11":"shipping-taxable","12":"product-type-simple"},"jetpack-related-posts":[],"_links":{"self":[{"href":"https:\/\/sakaba.mghosteur.com\/en\/wp-json\/wp\/v2\/product\/31980","targetHints":{"allow":["GET"]}}],"collection":[{"href":"https:\/\/sakaba.mghosteur.com\/en\/wp-json\/wp\/v2\/product"}],"about":[{"href":"https:\/\/sakaba.mghosteur.com\/en\/wp-json\/wp\/v2\/types\/product"}],"replies":[{"embeddable":true,"href":"https:\/\/sakaba.mghosteur.com\/en\/wp-json\/wp\/v2\/comments?post=31980"}],"version-history":[{"count":0,"href":"https:\/\/sakaba.mghosteur.com\/en\/wp-json\/wp\/v2\/product\/31980\/revisions"}],"wp:attachment":[{"href":"https:\/\/sakaba.mghosteur.com\/en\/wp-json\/wp\/v2\/media?parent=31980"}],"wp:term":[{"taxonomy":"product_brand","embeddable":true,"href":"https:\/\/sakaba.mghosteur.com\/en\/wp-json\/wp\/v2\/product_brand?post=31980"},{"taxonomy":"product_cat","embeddable":true,"href":"https:\/\/sakaba.mghosteur.com\/en\/wp-json\/wp\/v2\/product_cat?post=31980"},{"taxonomy":"product_tag","embeddable":true,"href":"https:\/\/sakaba.mghosteur.com\/en\/wp-json\/wp\/v2\/product_tag?post=31980"}],"curies":[{"name":"wp","href":"https:\/\/api.w.org\/{rel}","templated":true}]}}