{"id":31993,"date":"2024-05-13T16:25:04","date_gmt":"2024-05-13T16:25:04","guid":{"rendered":"https:\/\/sakaba.mghosteur.com\/?post_type=product&#038;p=31993"},"modified":"2024-05-13T16:25:04","modified_gmt":"2024-05-13T16:25:04","slug":"good-molecules-1-retinol-night-oil","status":"publish","type":"product","link":"https:\/\/sakaba.mghosteur.com\/en\/product\/good-molecules-1-retinol-night-oil\/","title":{"rendered":"GOOD MOLECULES 1% RETINOL NIGHT OIL"},"content":{"rendered":"","protected":false},"excerpt":{"rendered":"","protected":false},"featured_media":0,"comment_status":"open","ping_status":"closed","template":"","meta":[],"product_brand":[870],"product_cat":[377],"product_tag":[],"class_list":{"0":"post-31993","1":"product","2":"type-product","3":"status-publish","5":"product_brand-good-molecules","6":"product_cat-bath-body-works","8":"first","9":"instock","10":"shipping-taxable","11":"product-type-simple"},"jetpack-related-posts":[{"id":29224,"url":"https:\/\/sakaba.mghosteur.com\/en\/product\/gentle-retinol-cream\/","url_meta":{"origin":31993,"position":0},"title":"GENTLE RETINOL CREAM","author":"admin","date":"March 21, 2023","format":false,"excerpt":"La Cr\u00e8me Douceur au R\u00e9tinol de Good Molecules est un traitement de soin de la peau doux et efficace qui aide \u00e0 am\u00e9liorer l'apparence des ridules, des rides et du manque d'\u00e9lasticit\u00e9. La formule contient 0,1 % de r\u00e9tinol, ainsi que des ingr\u00e9dients nourrissants et apaisants pour hydrater la peau\u2026","rel":"","context":"Similar post","block_context":{"text":"Similar post","link":""},"img":{"alt_text":"","src":"","width":0,"height":0},"classes":[]},{"id":27312,"url":"https:\/\/sakaba.mghosteur.com\/en\/product\/good-molecules-squalane-oil\/","url_meta":{"origin":31993,"position":1},"title":"GOOD MOLECULES SQUALANE OIL","author":"admin","date":"November 29, 2022","format":false,"excerpt":"D\u00e9couvrez l'Huile de Squalane de la marque Good Molecules, la solution id\u00e9ale pour hydrater la peau s\u00e8che et d\u00e9shydrat\u00e9e. Cette huile est compos\u00e9e \u00e0 100 % de squalane d'origine v\u00e9g\u00e9tale pour adoucir et sceller l'humidit\u00e9, ce qui permet d'obtenir un teint sain et hydrat\u00e9. Le format de 13 ml \/\u2026","rel":"","context":"Similar post","block_context":{"text":"Similar post","link":""},"img":{"alt_text":"","src":"","width":0,"height":0},"classes":[]},{"id":27254,"url":"https:\/\/sakaba.mghosteur.com\/en\/product\/good-molecules-bakuchiol-oil-blend-for-only-skin\/","url_meta":{"origin":31993,"position":2},"title":"GOOD MOLECULES BAKUCHIOL OIL BLEND FOR ONLY SKIN","author":"admin","date":"November 29, 2022","format":false,"excerpt":"Le produit propos\u00e9 est le m\u00e9lange d'huiles de Bakuchiol pour peaux grasses de Good Molecules. Cette huile pour le visage est con\u00e7ue pour aider \u00e0 raffermir et \u00e0 tonifier la peau tout en offrant une hydratation nourrissante. Le m\u00e9lange est l\u00e9ger et \u00e0 absorption rapide, ce qui le rend id\u00e9al\u2026","rel":"","context":"Similar post","block_context":{"text":"Similar post","link":""},"img":{"alt_text":"","src":"","width":0,"height":0},"classes":[]},{"id":27342,"url":"https:\/\/sakaba.mghosteur.com\/en\/product\/good-molecules-ultra-hydrating-facial-oil\/","url_meta":{"origin":31993,"position":3},"title":"GOOD MOLECULES ULTRA HYDRATING FACIAL OIL","author":"admin","date":"November 29, 2022","format":false,"excerpt":"D\u00e9couvrez l'huile pour le visage ultra-hydratante de Good Molecules ! Cette huile v\u00e9g\u00e9talienne et sans gluten est le choix parfait pour tous les types de peau. Sa formule l\u00e9g\u00e8re contenant de l'huile de cam\u00e9lia et de l'huile d'argousier soulage la s\u00e9cheresse et la d\u00e9shydratation, tout en laissant votre peau avec\u2026","rel":"","context":"Similar post","block_context":{"text":"Similar post","link":""},"img":{"alt_text":"","src":"","width":0,"height":0},"classes":[]},{"id":27289,"url":"https:\/\/sakaba.mghosteur.com\/en\/product\/good-molecules-bakuchiol-oil-blend-for-dry-skin\/","url_meta":{"origin":31993,"position":4},"title":"GOOD MOLECULES BAKUCHIOL OIL BLEND FOR DRY SKIN","author":"admin","date":"November 29, 2022","format":false,"excerpt":"Ce produit est id\u00e9al pour ceux et celles qui cherchent \u00e0 hydrater leur peau s\u00e8che tout en luttant contre les signes de vieillissement. Le m\u00e9lange d'huiles de bakuchiol de Good Molecules p\u00e9n\u00e8tre en profondeur dans la peau pour lui redonner son \u00e9lasticit\u00e9 et sa fermet\u00e9 naturelle, tout en l'hydratant instantan\u00e9ment\u2026","rel":"","context":"Similar post","block_context":{"text":"Similar post","link":""},"img":{"alt_text":"","src":"","width":0,"height":0},"classes":[]},{"id":27263,"url":"https:\/\/sakaba.mghosteur.com\/en\/product\/good-molecules-overnight-exfoliant-treatment\/","url_meta":{"origin":31993,"position":5},"title":"GOOD MOLECULES OVERNIGHT EXFOLIANT TREATMENT","author":"admin","date":"November 29, 2022","format":false,"excerpt":"Le traitement exfoliant de nuit de Good Molecules est un produit de soin pour la peau qui aide \u00e0 renouveler et \u00e0 lisser la surface de la peau pendant votre sommeil. Il est formul\u00e9 avec un m\u00e9lange d'acides alpha et b\u00eata hydroxyl\u00e9s \u00e0 10 % pour \u00e9liminer les cellules mortes\u2026","rel":"","context":"Similar post","block_context":{"text":"Similar post","link":""},"img":{"alt_text":"","src":"","width":0,"height":0},"classes":[]}],"_links":{"self":[{"href":"https:\/\/sakaba.mghosteur.com\/en\/wp-json\/wp\/v2\/product\/31993","targetHints":{"allow":["GET"]}}],"collection":[{"href":"https:\/\/sakaba.mghosteur.com\/en\/wp-json\/wp\/v2\/product"}],"about":[{"href":"https:\/\/sakaba.mghosteur.com\/en\/wp-json\/wp\/v2\/types\/product"}],"replies":[{"embeddable":true,"href":"https:\/\/sakaba.mghosteur.com\/en\/wp-json\/wp\/v2\/comments?post=31993"}],"version-history":[{"count":0,"href":"https:\/\/sakaba.mghosteur.com\/en\/wp-json\/wp\/v2\/product\/31993\/revisions"}],"wp:attachment":[{"href":"https:\/\/sakaba.mghosteur.com\/en\/wp-json\/wp\/v2\/media?parent=31993"}],"wp:term":[{"taxonomy":"product_brand","embeddable":true,"href":"https:\/\/sakaba.mghosteur.com\/en\/wp-json\/wp\/v2\/product_brand?post=31993"},{"taxonomy":"product_cat","embeddable":true,"href":"https:\/\/sakaba.mghosteur.com\/en\/wp-json\/wp\/v2\/product_cat?post=31993"},{"taxonomy":"product_tag","embeddable":true,"href":"https:\/\/sakaba.mghosteur.com\/en\/wp-json\/wp\/v2\/product_tag?post=31993"}],"curies":[{"name":"wp","href":"https:\/\/api.w.org\/{rel}","templated":true}]}}