{"id":32002,"date":"2024-05-13T16:25:56","date_gmt":"2024-05-13T16:25:56","guid":{"rendered":"https:\/\/sakaba.mghosteur.com\/?post_type=product&#038;p=32002"},"modified":"2024-08-07T20:47:37","modified_gmt":"2024-08-07T20:47:37","slug":"cerave-hydrating-foaming-oil-cleanser-236ml-2","status":"publish","type":"product","link":"https:\/\/sakaba.mghosteur.com\/en\/product\/cerave-hydrating-foaming-oil-cleanser-236ml-2\/","title":{"rendered":"CERAVE HYDRATING FOAMING OIL CLEANSER 236ML"},"content":{"rendered":"","protected":false},"excerpt":{"rendered":"","protected":false},"featured_media":0,"comment_status":"open","ping_status":"closed","template":"","meta":[],"product_brand":[816],"product_cat":[324,388,451],"product_tag":[],"class_list":{"0":"post-32002","1":"product","2":"type-product","3":"status-publish","5":"product_brand-cerave","6":"product_cat-demaquillant-nettoyant","7":"product_cat-peaux-seches","8":"product_cat-aab-soin-du-visage","10":"first","11":"instock","12":"shipping-taxable","13":"product-type-simple"},"jetpack-related-posts":[{"id":29049,"url":"https:\/\/sakaba.mghosteur.com\/en\/product\/cerave-hydrating-foaming-oil-cleanser-236ml\/","url_meta":{"origin":32002,"position":0},"title":"CERAVE HYDRATING FOAMING OIL CLEANSER 236ML","author":"admin","date":"March 10, 2023","format":false,"excerpt":"La CeraVe Hydrating Foaming Oil Cleanser est un nettoyant quotidien doux et nourrissant pour les peaux normales \u00e0 tr\u00e8s s\u00e8ches. Sa formule contenant 3 c\u00e9ramides essentiels, de la glyc\u00e9rine et de l'acide hyaluronique \u00e9limine en douceur la salet\u00e9, le s\u00e9bum et les impuret\u00e9s de la peau tout en procurant une\u2026","rel":"","context":"Similar post","block_context":{"text":"Similar post","link":""},"img":{"alt_text":"","src":"","width":0,"height":0},"classes":[]},{"id":31996,"url":"https:\/\/sakaba.mghosteur.com\/en\/product\/cerave-hydrating-foaming-oil-cleanser-473ml\/","url_meta":{"origin":32002,"position":1},"title":"CERAVE HYDRATING FOAMING OIL CLEANSER 473ML","author":"admin","date":"May 13, 2024","format":false,"excerpt":"Le nettoyant moussant hydratant CeraVe 473 ml est une formule ultra-nourrissante qui nettoie la peau en douceur tout en lui procurant une hydratation longue dur\u00e9e. Adapt\u00e9 aux peaux normales \u00e0 tr\u00e8s s\u00e8ches, ce produit a \u00e9t\u00e9 d\u00e9velopp\u00e9 par des dermatologues et poss\u00e8de une composition sp\u00e9ciale. Comme il ne contient pas\u2026","rel":"","context":"Similar post","block_context":{"text":"Similar post","link":""},"img":{"alt_text":"","src":"","width":0,"height":0},"classes":[]},{"id":24175,"url":"https:\/\/sakaba.mghosteur.com\/en\/product\/cerave-foaming-facial-cleanser-for-normal\/","url_meta":{"origin":32002,"position":2},"title":"CERAVE FOAMING FACIAL CLEANSER FOR NORMAL","author":"admin","date":"November 9, 2022","format":false,"excerpt":"Le nettoyant moussant pour le visage CeraVe est sp\u00e9cialement con\u00e7u pour les peaux normales \u00e0 grasses avec un contr\u00f4le de l'huile pour aider \u00e0 maintenir l'\u00e9quilibre de votre peau. Sa formule l\u00e9g\u00e8re et non dess\u00e9chante est facilement absorb\u00e9e par la peau pour nettoyer en profondeur tout en maintenant la barri\u00e8re\u2026","rel":"","context":"Similar post","block_context":{"text":"Similar post","link":""},"img":{"alt_text":"","src":"","width":0,"height":0},"classes":[]},{"id":24181,"url":"https:\/\/sakaba.mghosteur.com\/en\/product\/cerave-hydrating-cleanser-bar\/","url_meta":{"origin":32002,"position":3},"title":"CERAVE HYDRATING CLEANSER BAR","author":"admin","date":"November 9, 2022","format":false,"excerpt":"La barre nettoyante hydratante CeraVe est un produit de soin de la peau de haute qualit\u00e9 qui a \u00e9t\u00e9 sp\u00e9cialement con\u00e7u pour les personnes ayant une peau normale \u00e0 s\u00e8che. Elle nettoie en douceur la peau tout en fournissant une hydratation en profondeur pour aider \u00e0 restaurer la barri\u00e8re cutan\u00e9e\u2026","rel":"","context":"Similar post","block_context":{"text":"Similar post","link":""},"img":{"alt_text":"","src":"","width":0,"height":0},"classes":[]},{"id":24171,"url":"https:\/\/sakaba.mghosteur.com\/en\/product\/cerave-hydrating-cream-to-foam-cleanser\/","url_meta":{"origin":32002,"position":4},"title":"CERAVE HYDRATING CREAM TO FOAM CLEANSER 355ML","author":"admin","date":"November 9, 2022","format":false,"excerpt":"Le nettoyant cr\u00e8me-mousse hydratant de CeraVe est sp\u00e9cialement con\u00e7u pour les peaux normales \u00e0 s\u00e8ches. Ce nettoyant pour le visage est formul\u00e9 pour \u00e9liminer en douceur la salet\u00e9, le s\u00e9bum, le maquillage et la pollution sans enlever l'hydratation naturelle de la peau. Cette formule innovante commence comme une cr\u00e8me, puis\u2026","rel":"","context":"Similar post","block_context":{"text":"Similar post","link":""},"img":{"alt_text":"","src":"","width":0,"height":0},"classes":[]},{"id":24173,"url":"https:\/\/sakaba.mghosteur.com\/en\/product\/cerave-hydrating-facial-cleanser-355-ml\/","url_meta":{"origin":32002,"position":5},"title":"CERAVE HYDRATING FACIAL CLEANSER 355 ML","author":"admin","date":"November 9, 2022","format":false,"excerpt":"Le nettoyant hydratant pour le visage CeraVe est le choix parfait pour une peau propre, hydrat\u00e9e et saine. Con\u00e7u avec des ingr\u00e9dients soigneusement s\u00e9lectionn\u00e9s, tels que les c\u00e9ramides et l'acide hyaluronique, ce nettoyant doux pour le visage est sp\u00e9cialement formul\u00e9 pour les peaux normales \u00e0 s\u00e8ches. Contrairement aux nettoyants classiques\u2026","rel":"","context":"Similar post","block_context":{"text":"Similar post","link":""},"img":{"alt_text":"","src":"","width":0,"height":0},"classes":[]}],"_links":{"self":[{"href":"https:\/\/sakaba.mghosteur.com\/en\/wp-json\/wp\/v2\/product\/32002","targetHints":{"allow":["GET"]}}],"collection":[{"href":"https:\/\/sakaba.mghosteur.com\/en\/wp-json\/wp\/v2\/product"}],"about":[{"href":"https:\/\/sakaba.mghosteur.com\/en\/wp-json\/wp\/v2\/types\/product"}],"replies":[{"embeddable":true,"href":"https:\/\/sakaba.mghosteur.com\/en\/wp-json\/wp\/v2\/comments?post=32002"}],"version-history":[{"count":0,"href":"https:\/\/sakaba.mghosteur.com\/en\/wp-json\/wp\/v2\/product\/32002\/revisions"}],"wp:attachment":[{"href":"https:\/\/sakaba.mghosteur.com\/en\/wp-json\/wp\/v2\/media?parent=32002"}],"wp:term":[{"taxonomy":"product_brand","embeddable":true,"href":"https:\/\/sakaba.mghosteur.com\/en\/wp-json\/wp\/v2\/product_brand?post=32002"},{"taxonomy":"product_cat","embeddable":true,"href":"https:\/\/sakaba.mghosteur.com\/en\/wp-json\/wp\/v2\/product_cat?post=32002"},{"taxonomy":"product_tag","embeddable":true,"href":"https:\/\/sakaba.mghosteur.com\/en\/wp-json\/wp\/v2\/product_tag?post=32002"}],"curies":[{"name":"wp","href":"https:\/\/api.w.org\/{rel}","templated":true}]}}