{"id":32016,"date":"2024-05-13T16:28:08","date_gmt":"2024-05-13T16:28:08","guid":{"rendered":"https:\/\/sakaba.mghosteur.com\/?post_type=product&#038;p=32016"},"modified":"2024-08-07T20:35:06","modified_gmt":"2024-08-07T20:35:06","slug":"cerave-makeup-removing-cleanser-balm-2","status":"publish","type":"product","link":"https:\/\/sakaba.mghosteur.com\/en\/product\/cerave-makeup-removing-cleanser-balm-2\/","title":{"rendered":"CERAVE  MAKEUP REMOVING CLEANSER BALM"},"content":{"rendered":"<p><span>Les baumes nettoyants d\u00e9maquillants offrent le meilleur des deux mondes : l&#8217;efficacit\u00e9 nettoyante d&#8217;un baume, avec le confort et la commodit\u00e9 d&#8217;une cr\u00e8me nettoyante. Notre baume nettoyant d\u00e9maquillant aide \u00e0 \u00e9liminer efficacement le maquillage longue tenue, la salet\u00e9 et l&#8217;exc\u00e8s de s\u00e9bum (huile) de votre peau, pour un teint propre et hydrat\u00e9 apr\u00e8s utilisation. Les baumes nettoyants sont couramment utilis\u00e9s comme premi\u00e8re \u00e9tape de la m\u00e9thode populaire de \u00ab double nettoyage \u00bb en deux \u00e9tapes.<\/span><\/p>\n<p>&nbsp;<\/p>\n<p><span>Le baume nettoyant d\u00e9maquillant CeraVe pr\u00e9sente une texture de baume fondante et velout\u00e9e qui agit pour dissoudre efficacement\u00a0<\/span><a href=\"https:\/\/www.cerave.com\/skincare\/makeup-removers\"><span>le maquillage<\/span><\/a><span>\u00a0et le fond de teint longue tenue, sans laisser de r\u00e9sidu gras sur la peau. Cette formule de baume nettoyant peut \u00eatre utilis\u00e9e deux fois par jour pour aider \u00e0 hydrater votre peau et la laisser douce et r\u00e9confort\u00e9e, tout en aidant \u00e9galement \u00e0 maintenir votre barri\u00e8re cutan\u00e9e protectrice. D\u00e9velopp\u00e9 avec\u00a0<\/span><a href=\"https:\/\/www.cerave.com\/about-cerave\/developed-with-dermatologists\"><span>des dermatologues<\/span><\/a><span>\u00a0et formul\u00e9 avec trois\u00a0<\/span><a href=\"https:\/\/www.cerave.com\/about-cerave\/the-ceramides-difference\"><span>c\u00e9ramides<\/span><\/a><span>\u00a0essentiels et de l&#8217;huile de jojoba v\u00e9g\u00e9tale, ce baume nettoyant de maquillage convient \u00e0 tous les types de peau, y compris les\u00a0<a href=\"https:\/\/www.cerave.com\/skincare\/sensitive-skin\">peaux\u00a0<\/a><\/span><a href=\"https:\/\/www.cerave.com\/skincare\/dry-skin\"><span>s\u00e8ches<\/span><\/a><span>\u00a0,\u00a0<\/span><a href=\"https:\/\/www.cerave.com\/skincare\/oily-skin\"><span>grasses<\/span><\/a><span>\u00a0ou\u00a0<\/span><a href=\"https:\/\/www.cerave.com\/skincare\/sensitive-skin\"><span>sensibles<\/span><\/a><span>\u00a0. Il est formul\u00e9 sans alcool, sans savon, sans parfum ni parab\u00e8nes.<\/span><\/p>","protected":false},"excerpt":{"rendered":"<p>Les baumes nettoyants d\u00e9maquillants offrent le meilleur des deux mondes : l&#8217;efficacit\u00e9 nettoyante d&#8217;un baume, avec le confort et la commodit\u00e9 d&#8217;une cr\u00e8me nettoyante. Notre baume nettoyant d\u00e9maquillant aide \u00e0 \u00e9liminer efficacement le maquillage longue tenue, la salet\u00e9 et l&#8217;exc\u00e8s de s\u00e9bum (huile) de votre peau, pour un teint propre et hydrat\u00e9 apr\u00e8s utilisation. Les<span class=\"read-more-faq\"><a href=\"https:\/\/sakaba.mghosteur.com\/en\/product\/cerave-makeup-removing-cleanser-balm-2\/\">Read More<\/a><\/span><\/p>","protected":false},"featured_media":0,"comment_status":"open","ping_status":"closed","template":"","meta":[],"product_brand":[816],"product_cat":[324,451],"product_tag":[],"class_list":{"0":"post-32016","1":"product","2":"type-product","3":"status-publish","5":"product_brand-cerave","6":"product_cat-demaquillant-nettoyant","7":"product_cat-aab-soin-du-visage","9":"first","10":"instock","11":"shipping-taxable","12":"product-type-simple"},"jetpack-related-posts":[{"id":23932,"url":"https:\/\/sakaba.mghosteur.com\/en\/product\/cerave-makeup-removing-cleanser-balm\/","url_meta":{"origin":32016,"position":0},"title":"CERAVE  MAKEUP REMOVING CLEANSER BALM","author":"admin","date":"November 9, 2022","format":false,"excerpt":"Le baume nettoyant d\u00e9maquillant CeraVe est le produit parfait pour tous les types de peau. Il est sans alcool, sans parfum, sans savon et sans paraben, ce qui en fait un choix id\u00e9al pour les peaux sensibles. Ce baume nettoyant est con\u00e7u pour \u00e9liminer efficacement le maquillage, la salet\u00e9 et\u2026","rel":"","context":"Similar post","block_context":{"text":"Similar post","link":""},"img":{"alt_text":"","src":"","width":0,"height":0},"classes":[]},{"id":30300,"url":"https:\/\/sakaba.mghosteur.com\/en\/product\/beauty-of-joseon-radiance-cleansing-balm\/","url_meta":{"origin":32016,"position":1},"title":"BEAUTY OF JOSEON RADIANCE CLEANSING BALM","author":"admin","date":"May 8, 2023","format":false,"excerpt":"Description du produit : Baume Nettoyant \u00c9clat de la marque BEAUTY OF JOSEON Le Baume Nettoyant \u00c9clat est un produit nettoyant \u00e0 base d'huile de type baume qui fond doucement sur la peau pour \u00e9liminer en douceur le maquillage, l'exc\u00e8s de s\u00e9bum et les impuret\u00e9s. Sa texture baume solide est\u2026","rel":"","context":"Similar post","block_context":{"text":"Similar post","link":""},"img":{"alt_text":"","src":"","width":0,"height":0},"classes":[]},{"id":29187,"url":"https:\/\/sakaba.mghosteur.com\/en\/product\/the-inkey-list-oat-cleansing-balm-150-ml\/","url_meta":{"origin":32016,"position":2},"title":"THE INKEY LIST OAT CLEANSING BALM 150 ML","author":"admin","date":"March 20, 2023","format":false,"excerpt":"Le baume d\u00e9maquillant \u00e0 l'avoine de la marque The Inkey List est un produit de nettoyage essentiel pour votre routine de soins de la peau. Ce baume nettoyant riche est con\u00e7u pour \u00e9liminer en douceur le maquillage et les impuret\u00e9s sans dess\u00e9cher la peau, la laissant hydrat\u00e9e et nourrie. Le\u2026","rel":"","context":"Similar post","block_context":{"text":"Similar post","link":""},"img":{"alt_text":"","src":"","width":0,"height":0},"classes":[]},{"id":29253,"url":"https:\/\/sakaba.mghosteur.com\/en\/product\/good-molecules-instant-cleansing-balm\/","url_meta":{"origin":32016,"position":3},"title":"GOOD MOLECULES INSTANT CLEANSING BALM","author":"admin","date":"March 22, 2023","format":false,"excerpt":"Le baume nettoyant instantan\u00e9 de Good Molecules est un produit de nettoyage doux et efficace qui \u00e9limine facilement le maquillage, la salet\u00e9 et les impuret\u00e9s de votre peau. Sa formule est enrichie en huile d'argousier, huile de cam\u00e9lia et beurre de karit\u00e9 pour nourrir votre peau pendant le nettoyage. Ce\u2026","rel":"","context":"Similar post","block_context":{"text":"Similar post","link":""},"img":{"alt_text":"","src":"","width":0,"height":0},"classes":[]},{"id":26362,"url":"https:\/\/sakaba.mghosteur.com\/en\/product\/paulas-choice-omega-complex-cleansing-balm\/","url_meta":{"origin":32016,"position":4},"title":"PAULA&#8217;S CHOICE OMEGA + COMPLEX CLEANSING BALM","author":"admin","date":"November 25, 2022","format":false,"excerpt":"Le Baume Nettoyant Complexe Om\u00e9ga+ de la marque Paula's Choice est un nettoyant triple action pour la peau. Il est formul\u00e9 avec des om\u00e9gas 3, 6 et 9 pour nettoyer, adoucir et apaiser la peau tout en la rin\u00e7ant compl\u00e8tement. Ce produit nettoie en profondeur sans perturber la barri\u00e8re cutan\u00e9e\u2026","rel":"","context":"Similar post","block_context":{"text":"Similar post","link":""},"img":{"alt_text":"","src":"","width":0,"height":0},"classes":[]},{"id":29084,"url":"https:\/\/sakaba.mghosteur.com\/en\/product\/cerave-makeup-removing-cleanser-cloths\/","url_meta":{"origin":32016,"position":5},"title":"CERAVE MAKEUP REMOVING CLEANSER CLOTHS","author":"admin","date":"March 13, 2023","format":false,"excerpt":"Les lingettes nettoyantes d\u00e9maquillantes CeraVe sont un choix pratique et efficace pour tous les types de peau. Elles sont particuli\u00e8rement utiles pour les personnes qui sont souvent en d\u00e9placement ou qui ont peu de temps pour leur routine de soins de la peau. Les lingettes sont douces pour la peau,\u2026","rel":"","context":"Similar post","block_context":{"text":"Similar post","link":""},"img":{"alt_text":"","src":"","width":0,"height":0},"classes":[]}],"_links":{"self":[{"href":"https:\/\/sakaba.mghosteur.com\/en\/wp-json\/wp\/v2\/product\/32016","targetHints":{"allow":["GET"]}}],"collection":[{"href":"https:\/\/sakaba.mghosteur.com\/en\/wp-json\/wp\/v2\/product"}],"about":[{"href":"https:\/\/sakaba.mghosteur.com\/en\/wp-json\/wp\/v2\/types\/product"}],"replies":[{"embeddable":true,"href":"https:\/\/sakaba.mghosteur.com\/en\/wp-json\/wp\/v2\/comments?post=32016"}],"version-history":[{"count":0,"href":"https:\/\/sakaba.mghosteur.com\/en\/wp-json\/wp\/v2\/product\/32016\/revisions"}],"wp:attachment":[{"href":"https:\/\/sakaba.mghosteur.com\/en\/wp-json\/wp\/v2\/media?parent=32016"}],"wp:term":[{"taxonomy":"product_brand","embeddable":true,"href":"https:\/\/sakaba.mghosteur.com\/en\/wp-json\/wp\/v2\/product_brand?post=32016"},{"taxonomy":"product_cat","embeddable":true,"href":"https:\/\/sakaba.mghosteur.com\/en\/wp-json\/wp\/v2\/product_cat?post=32016"},{"taxonomy":"product_tag","embeddable":true,"href":"https:\/\/sakaba.mghosteur.com\/en\/wp-json\/wp\/v2\/product_tag?post=32016"}],"curies":[{"name":"wp","href":"https:\/\/api.w.org\/{rel}","templated":true}]}}