{"id":32018,"date":"2024-05-13T16:28:23","date_gmt":"2024-05-13T16:28:23","guid":{"rendered":"https:\/\/sakaba.mghosteur.com\/?post_type=product&#038;p=32018"},"modified":"2024-08-10T20:33:08","modified_gmt":"2024-08-10T20:33:08","slug":"mielle-avocado-tamanu-anti-friz-stay-straighth-serum-177ml","status":"publish","type":"product","link":"https:\/\/sakaba.mghosteur.com\/en\/product\/mielle-avocado-tamanu-anti-friz-stay-straighth-serum-177ml\/","title":{"rendered":"MIELLE AVOCADO TAMANU ANTI FRIZ STAY STRAIGHTH SERUM 177ML"},"content":{"rendered":"<p><span>Le s\u00e9rum anti-frisottis Stay Straight Avocado &amp; Tamanu scelle la surface des cheveux, prot\u00e8ge de la chaleur et ajoute une couche de protection contre les frisottis, l&#8217;humidit\u00e9 et la r\u00e9version. Pour des styles droits plus doux, plus brillants et durables.<\/span><\/p>\n<ul class=\"product-tabs-container\">\n<li class=\"product-accordion-item\">\n<div class=\"rte\">\n<p><span><strong>Avantages cl\u00e9s:<\/strong><\/span><\/p>\n<\/div>\n<ul>\n<li>\n<div class=\"rte\"><span>2\u00e8me couche de protection pour les styles droits<\/span><\/div>\n<\/li>\n<li>\n<div class=\"rte\"><span>R\u00e9duit les frisottis, scelle les cheveux et ajoute de la brillance<\/span><\/div>\n<\/li>\n<li>\n<div class=\"rte\"><span>Protection thermique \u00e0 450 degr\u00e9s<\/span><\/div>\n<\/li>\n<li>\n<div class=\"rte\"><span>Technologie d&#8217;application \u00e0 froidTM<\/span><\/div>\n<\/li>\n<li>\n<div class=\"rte\"><span>Pour cheveux textur\u00e9s sujets aux frisottis<\/span><\/div>\n<\/li>\n<li>\n<div class=\"rte\"><span>NON NON Silicones, parab\u00e8nes, sulfates, paraffines, huile min\u00e9rale, DEA, tests sur les animaux<\/span><\/div>\n<\/li>\n<\/ul>\n<\/li>\n<\/ul>\n<div class=\"rte\">\n<li><strong><span>Comment <\/span>utiliser<span>? <\/span><\/strong>Conserver au r\u00e9frig\u00e9rateur pour refroidir, appliquer \u00e0 froid avant de coiffer. R\u00e9frig\u00e9ration recommand\u00e9e, NON obligatoire. Bien agiter avant utilisation. Apr\u00e8s avoir appliqu\u00e9 le revitalisant sans rin\u00e7age, s\u00e9chez les cheveux au s\u00e8che-cheveux. Appliquez une quantit\u00e9 de la taille d&#8217;une pi\u00e8ce de dix cents de s\u00e9rum anti-frisottis Stay Straight, frottez doucement les cheveux de la racine \u00e0 la pointe et peignez. Ajustez la quantit\u00e9 en fonction du type de cheveux, de la texture, de la longueur, de la densit\u00e9 et des besoins de lissage. Ne pas en abuser. Proc\u00e9dez au lissage avec un fer plat.<\/li>\n<\/div>","protected":false},"excerpt":{"rendered":"<p>Le s\u00e9rum anti-frisottis Stay Straight Avocado &amp; Tamanu scelle la surface des cheveux, prot\u00e8ge de la chaleur et ajoute une couche de protection contre les frisottis, l&#8217;humidit\u00e9 et la r\u00e9version. Pour des styles droits plus doux, plus brillants et durables. Avantages cl\u00e9s: 2\u00e8me couche de protection pour les styles droits R\u00e9duit les frisottis, scelle les<span class=\"read-more-faq\"><a href=\"https:\/\/sakaba.mghosteur.com\/en\/product\/mielle-avocado-tamanu-anti-friz-stay-straighth-serum-177ml\/\">Read More<\/a><\/span><\/p>","protected":false},"featured_media":0,"comment_status":"open","ping_status":"closed","template":"","meta":[],"product_brand":[916],"product_cat":[284,336],"product_tag":[],"class_list":{"0":"post-32018","1":"product","2":"type-product","3":"status-publish","5":"product_brand-mielle","6":"product_cat-aad-cheveux","7":"product_cat-coiffant-fixant","9":"first","10":"instock","11":"shipping-taxable","12":"product-type-simple"},"jetpack-related-posts":[{"id":32011,"url":"https:\/\/sakaba.mghosteur.com\/en\/product\/mielle-avocado-tamanu-leave-in-conditioner-237ml\/","url_meta":{"origin":32018,"position":0},"title":"MIELLE AVOCADO TAMANU  LEAVE IN CONDITIONER 237ML","author":"admin","date":"May 13, 2024","format":false,"excerpt":"L\u2019apr\u00e8s-shampooing sans rin\u00e7age Avocado & Tamanu Anti-Frizz Slip & Seal lisse la surface des cheveux en offrant un d\u00e9m\u00ealage et un glissement instantan\u00e9s. Scelle les cuticules en place et laisse les cheveux doux et brillants avec une couche de protection contre les frisottis. Avantages cl\u00e9s: 1\u00e8re couche pour la protection\u2026","rel":"","context":"Similar post","block_context":{"text":"Similar post","link":""},"img":{"alt_text":"","src":"","width":0,"height":0},"classes":[]},{"id":32030,"url":"https:\/\/sakaba.mghosteur.com\/en\/product\/mielle-avocado-tamanu-anti-frizz-curl-perfector-340g\/","url_meta":{"origin":32018,"position":1},"title":"MIELLE AVOCADO TAMANU ANTI FRIZZ CURL PERFECTOR 340G","author":"admin","date":"May 13, 2024","format":false,"excerpt":"Avocado & Tamanu Anti-Frizz Curl Perfector lisse et scelle les cheveux pour r\u00e9duire les frisottis et ajoute une couche de protection contre les frisottis tout en offrant une d\u00e9finition des boucles longue dur\u00e9e. Laisse les boucles douces, brillantes et belles. Avantages cl\u00e9s: 2\u00e8me couche de protection pour cheveux boucl\u00e9s R\u00e9duit\u2026","rel":"","context":"Similar post","block_context":{"text":"Similar post","link":""},"img":{"alt_text":"","src":"","width":0,"height":0},"classes":[]},{"id":32025,"url":"https:\/\/sakaba.mghosteur.com\/en\/product\/mielle-avocado-tamanu-anti-frizz-conditioner-355ml\/","url_meta":{"origin":32018,"position":2},"title":"MIELLE AVOCADO TAMANU ANTI FRIZZ CONDITIONER 355ML","author":"admin","date":"May 13, 2024","format":false,"excerpt":"Le revitalisant anti-frisottis Avocado & Tamanu nourrit et lisse la surface des cheveux pour une maniabilit\u00e9 accrue et un d\u00e9m\u00ealage plus facile. Laisse les cheveux plus doux, plus brillants et pr\u00e9par\u00e9s pour un coiffage sans frisottis. Avantages cl\u00e9s: Nourrit et conditionne Aide \u00e0 lisser la surface des cheveux D\u00e9m\u00eale et\u2026","rel":"","context":"Similar post","block_context":{"text":"Similar post","link":""},"img":{"alt_text":"","src":"","width":0,"height":0},"classes":[]},{"id":32034,"url":"https:\/\/sakaba.mghosteur.com\/en\/product\/mielle-avocado-tamanu-anti-frizz-shampoo-355ml\/","url_meta":{"origin":32018,"position":3},"title":"MIELLE AVOCADO TAMANU ANTI FRIZZ SHAMPOO 355ML","author":"admin","date":"May 13, 2024","format":false,"excerpt":"Le shampooing anti-frisottis Avocado & Tamanu r\u00e9g\u00e9n\u00e8re l'hydratation et donne aux cheveux une table rase tout en \u00e9liminant en douceur les r\u00e9sidus des cheveux et du cuir chevelu. Laisse les cheveux doux, lisses et pr\u00e9par\u00e9s pour un coiffage sans frisottis. Avantages cl\u00e9s: Nettoie en douceur R\u00e9g\u00e9n\u00e8re l'humidit\u00e9 Pour cheveux textur\u00e9s\u2026","rel":"","context":"Similar post","block_context":{"text":"Similar post","link":""},"img":{"alt_text":"","src":"","width":0,"height":0},"classes":[]},{"id":25927,"url":"https:\/\/sakaba.mghosteur.com\/en\/product\/carols-daughter-cream-serum-moisturizer\/","url_meta":{"origin":32018,"position":4},"title":"CAROL&#8217;S DAUGHTER CREAM SERUM MOISTURIZER","author":"admin","date":"November 23, 2022","format":false,"excerpt":"La cr\u00e8me hydratante pour cheveux Carol\u2019s Daughter Wash Day Delight \u00e0 l\u2019eau de rose et \u00e0 la glyc\u00e9rine aide \u00e0 pr\u00e9venir les frisottis, \u00e0 d\u00e9m\u00ealer et \u00e0 adoucir. S\u00e9rum hydratant l\u00e9ger pour cheveux boucl\u00e9s m\u00e9lang\u00e9 \u00e0 de l\u2019eau de rose et \u00e0 de la glyc\u00e9rine pour fournir une hydratation et\u2026","rel":"","context":"Similar post","block_context":{"text":"Similar post","link":""},"img":{"alt_text":"","src":"","width":0,"height":0},"classes":[]},{"id":31628,"url":"https:\/\/sakaba.mghosteur.com\/en\/product\/the-inkey-list-hyaluronic-acid-thydrating-hair-tre\/","url_meta":{"origin":32018,"position":5},"title":"THE INKEY LIST HYALURONIC ACID HYDRATING HAIR TREATMENT","author":"admin","date":"May 10, 2024","format":false,"excerpt":"D\u00e9couvrez ce traitement capillaire hydratant \u00e0 l'acide hyaluronique, une solution innovante pour nourrir et revitaliser vos cheveux en profondeur. Formul\u00e9 avec des acides hyaluroniques de poids mol\u00e9culaire haut et bas, ce s\u00e9rum l\u00e9ger est con\u00e7u pour hydrater en profondeur, r\u00e9duire les frisottis et renforcer la r\u00e9sistance de vos cheveux contre\u2026","rel":"","context":"Similar post","block_context":{"text":"Similar post","link":""},"img":{"alt_text":"","src":"","width":0,"height":0},"classes":[]}],"_links":{"self":[{"href":"https:\/\/sakaba.mghosteur.com\/en\/wp-json\/wp\/v2\/product\/32018","targetHints":{"allow":["GET"]}}],"collection":[{"href":"https:\/\/sakaba.mghosteur.com\/en\/wp-json\/wp\/v2\/product"}],"about":[{"href":"https:\/\/sakaba.mghosteur.com\/en\/wp-json\/wp\/v2\/types\/product"}],"replies":[{"embeddable":true,"href":"https:\/\/sakaba.mghosteur.com\/en\/wp-json\/wp\/v2\/comments?post=32018"}],"version-history":[{"count":0,"href":"https:\/\/sakaba.mghosteur.com\/en\/wp-json\/wp\/v2\/product\/32018\/revisions"}],"wp:attachment":[{"href":"https:\/\/sakaba.mghosteur.com\/en\/wp-json\/wp\/v2\/media?parent=32018"}],"wp:term":[{"taxonomy":"product_brand","embeddable":true,"href":"https:\/\/sakaba.mghosteur.com\/en\/wp-json\/wp\/v2\/product_brand?post=32018"},{"taxonomy":"product_cat","embeddable":true,"href":"https:\/\/sakaba.mghosteur.com\/en\/wp-json\/wp\/v2\/product_cat?post=32018"},{"taxonomy":"product_tag","embeddable":true,"href":"https:\/\/sakaba.mghosteur.com\/en\/wp-json\/wp\/v2\/product_tag?post=32018"}],"curies":[{"name":"wp","href":"https:\/\/api.w.org\/{rel}","templated":true}]}}