{"id":32022,"date":"2024-05-13T16:29:36","date_gmt":"2024-05-13T16:29:36","guid":{"rendered":"https:\/\/sakaba.mghosteur.com\/?post_type=product&#038;p=32022"},"modified":"2024-09-01T02:48:49","modified_gmt":"2024-09-01T02:48:49","slug":"olaplex-n9-bond-nourishing-hair-serum","status":"publish","type":"product","link":"https:\/\/sakaba.mghosteur.com\/en\/product\/olaplex-n9-bond-nourishing-hair-serum\/","title":{"rendered":"OLAPLEX No 9 BOND NOURISHING HAIR SERUM"},"content":{"rendered":"<div class=\"p-details__content --wysiwyg\">\n<p>Votre sauveur capillaire.<\/p>\n<p>Le<strong>&nbsp;Bond Protector Nourishing Hair Serum No.9&nbsp;<\/strong>d&#8217;<strong>Olaplex<\/strong>&nbsp;aide<strong>&nbsp;<\/strong>\u00e0 prot\u00e9ger les cheveux des influences quotidiennes. Ce s\u00e9rum capillaire sans silicone offrira une protection parfaite contre la pollution environnementale et les dommages caus\u00e9s par la chaleur jusqu&#8217;\u00e0 232 \u00b0C pendant 48 heures. Bond Building Technology\u2122 aide \u00e0 reconstruire les cheveux ab\u00eem\u00e9s sans les alourdir. De plus, ce soin Leave-In a un effet d\u00e9m\u00ealant et prot\u00e8ge vos cheveux contre l&#8217;\u00e9lectricit\u00e9 statique.<br \/>\nVos cheveux seront ainsi plus brillants et plus lisses.<\/p>\n<p>&nbsp;<\/p>\n<p><strong>Application<\/strong>&nbsp;:<br \/>\nAppliquez le s\u00e9rum sur les cheveux humides et faites-le p\u00e9n\u00e9trer des pointes aux racines. Ensuite, continuez votre coiffage comme d&#8217;habitude.<\/p>\n<\/div>\n<table class=\"p-attributesTable\">\n<tbody>\n<tr>\n<th>Type de Produit:<\/th>\n<td>S\u00e9rum<\/td>\n<\/tr>\n<tr>\n<th>Marque:<\/th>\n<td><a href=\"https:\/\/www.cosmeterie.fr\/olaplex\">Olaplex<\/a><\/td>\n<\/tr>\n<tr>\n<th>Type de Cheveux:<\/th>\n<td>Tous Types de Cheveux<\/td>\n<\/tr>\n<tr>\n<th>Caract\u00e9ristiques:<\/th>\n<td>Sans silicones, Available @ Store<\/td>\n<\/tr>\n<tr>\n<th>Champ d&#8217;application:<\/th>\n<td>Cheveux<\/td>\n<\/tr>\n<\/tbody>\n<\/table>","protected":false},"excerpt":{"rendered":"<p>Votre sauveur capillaire. Le&nbsp;Bond Protector Nourishing Hair Serum No.9&nbsp;d&#8217;Olaplex&nbsp;aide&nbsp;\u00e0 prot\u00e9ger les cheveux des influences quotidiennes. Ce s\u00e9rum capillaire sans silicone offrira une protection parfaite contre la pollution environnementale et les dommages caus\u00e9s par la chaleur jusqu&#8217;\u00e0 232 \u00b0C pendant 48 heures. Bond Building Technology\u2122 aide \u00e0 reconstruire les cheveux ab\u00eem\u00e9s sans les alourdir. De plus,<span class=\"read-more-faq\"><a href=\"https:\/\/sakaba.mghosteur.com\/en\/product\/olaplex-n9-bond-nourishing-hair-serum\/\">Read More<\/a><\/span><\/p>","protected":false},"featured_media":0,"comment_status":"open","ping_status":"closed","template":"","meta":[],"product_brand":[1032],"product_cat":[284,1063],"product_tag":[],"class_list":{"0":"post-32022","1":"product","2":"type-product","3":"status-publish","5":"product_brand-olaplex","6":"product_cat-aad-cheveux","7":"product_cat-traitement-capilaire","9":"first","10":"instock","11":"shipping-taxable","12":"product-type-simple"},"jetpack-related-posts":[{"id":32033,"url":"https:\/\/sakaba.mghosteur.com\/en\/product\/olaplex-intensive-bond-building-hair-treatment-2\/","url_meta":{"origin":32022,"position":0},"title":"OLAPLEX INTENSIVE BOND BUILDING HAIR TREATMENT","author":"admin","date":"May 13, 2024","format":false,"excerpt":"Le traitement capillaire intensif N\u00ba.0, infus\u00e9 de la technologie brevet\u00e9e OLAPLEX Bond Building, est un traitement intense qui renforce l'efficacit\u00e9 du OLAPLEX N\u00ba.3 Hair Perfector pour une r\u00e9paration en profondeur tout en renfor\u00e7ant et en prot\u00e9geant l'int\u00e9grit\u00e9 des cheveux. AVANTAGES Augmente l'efficacit\u00e9 du Perfecteur Capillaire OLAPLEX N\u00ba.3. P\u00e9n\u00e8tre rapidement pour\u2026","rel":"","context":"Similar post","block_context":{"text":"Similar post","link":""},"img":{"alt_text":"","src":"","width":0,"height":0},"classes":[]},{"id":34605,"url":"https:\/\/sakaba.mghosteur.com\/en\/product\/olaplex-intensive-bond-building-hair-treatment-n0\/","url_meta":{"origin":32022,"position":1},"title":"OLAPLEX INTENSIVE BOND BUILDING HAIR TREATMENT No 0","author":"admin","date":"May 29, 2024","format":false,"excerpt":"Le traitement capillaire intensif de renforcement des liaisons Olaplex No.0 est un traitement d'inspiration professionnelle qui pr\u00e9pare les cheveux \u00e0 une r\u00e9paration plus profonde, reconstruit les liaisons capillaires et renforce et prot\u00e8ge l'int\u00e9grit\u00e9 des cheveux. Il s'agit d'un produit sans sulfate, sans parab\u00e8ne et sans cruaut\u00e9. Il est con\u00e7u pour\u2026","rel":"","context":"Similar post","block_context":{"text":"Similar post","link":""},"img":{"alt_text":"","src":"","width":0,"height":0},"classes":[]},{"id":26038,"url":"https:\/\/sakaba.mghosteur.com\/en\/product\/olaplex-bond-maintenance-conditioner\/","url_meta":{"origin":32022,"position":2},"title":"OLAPLEX BOND MAINTENANCE CONDITIONER","author":"admin","date":"November 24, 2022","format":false,"excerpt":"","rel":"","context":"Similar post","block_context":{"text":"Similar post","link":""},"img":{"alt_text":"","src":"","width":0,"height":0},"classes":[]},{"id":26040,"url":"https:\/\/sakaba.mghosteur.com\/en\/product\/olaplex-intensive-bond-building-hair-treatment\/","url_meta":{"origin":32022,"position":3},"title":"OLAPLEX INTENSIVE BOND BUILDING HAIR TREATMENT","author":"admin","date":"November 24, 2022","format":false,"excerpt":"","rel":"","context":"Similar post","block_context":{"text":"Similar post","link":""},"img":{"alt_text":"","src":"","width":0,"height":0},"classes":[]},{"id":26052,"url":"https:\/\/sakaba.mghosteur.com\/en\/product\/olaplex-n8-bond-intense-moisture-mask\/","url_meta":{"origin":32022,"position":4},"title":"OLAPLEX N8 BOND INTENSE MOISTURE MASK","author":"admin","date":"November 24, 2022","format":false,"excerpt":"","rel":"","context":"Similar post","block_context":{"text":"Similar post","link":""},"img":{"alt_text":"","src":"","width":0,"height":0},"classes":[]},{"id":26050,"url":"https:\/\/sakaba.mghosteur.com\/en\/product\/olaplex-n4-bond-maintenance-shampoo\/","url_meta":{"origin":32022,"position":5},"title":"OLAPLEX N4 BOND MAINTENANCE SHAMPOO","author":"admin","date":"November 24, 2022","format":false,"excerpt":"","rel":"","context":"Similar post","block_context":{"text":"Similar post","link":""},"img":{"alt_text":"","src":"","width":0,"height":0},"classes":[]}],"_links":{"self":[{"href":"https:\/\/sakaba.mghosteur.com\/en\/wp-json\/wp\/v2\/product\/32022","targetHints":{"allow":["GET"]}}],"collection":[{"href":"https:\/\/sakaba.mghosteur.com\/en\/wp-json\/wp\/v2\/product"}],"about":[{"href":"https:\/\/sakaba.mghosteur.com\/en\/wp-json\/wp\/v2\/types\/product"}],"replies":[{"embeddable":true,"href":"https:\/\/sakaba.mghosteur.com\/en\/wp-json\/wp\/v2\/comments?post=32022"}],"version-history":[{"count":0,"href":"https:\/\/sakaba.mghosteur.com\/en\/wp-json\/wp\/v2\/product\/32022\/revisions"}],"wp:attachment":[{"href":"https:\/\/sakaba.mghosteur.com\/en\/wp-json\/wp\/v2\/media?parent=32022"}],"wp:term":[{"taxonomy":"product_brand","embeddable":true,"href":"https:\/\/sakaba.mghosteur.com\/en\/wp-json\/wp\/v2\/product_brand?post=32022"},{"taxonomy":"product_cat","embeddable":true,"href":"https:\/\/sakaba.mghosteur.com\/en\/wp-json\/wp\/v2\/product_cat?post=32022"},{"taxonomy":"product_tag","embeddable":true,"href":"https:\/\/sakaba.mghosteur.com\/en\/wp-json\/wp\/v2\/product_tag?post=32022"}],"curies":[{"name":"wp","href":"https:\/\/api.w.org\/{rel}","templated":true}]}}