{"id":32025,"date":"2024-05-13T16:29:38","date_gmt":"2024-05-13T16:29:38","guid":{"rendered":"https:\/\/sakaba.mghosteur.com\/?post_type=product&#038;p=32025"},"modified":"2024-08-10T20:35:14","modified_gmt":"2024-08-10T20:35:14","slug":"mielle-avocado-tamanu-anti-frizz-conditioner-355ml","status":"publish","type":"product","link":"https:\/\/sakaba.mghosteur.com\/en\/product\/mielle-avocado-tamanu-anti-frizz-conditioner-355ml\/","title":{"rendered":"MIELLE AVOCADO TAMANU ANTI FRIZZ CONDITIONER 355ML"},"content":{"rendered":"<ul class=\"product-tabs-container\">\n<li class=\"product-accordion-item\">\n<div class=\"rte\">\n<p><span>Le revitalisant anti-frisottis Avocado &amp; Tamanu nourrit et lisse la surface des cheveux pour une maniabilit\u00e9 accrue et un d\u00e9m\u00ealage plus facile. Laisse les cheveux plus doux, plus brillants et pr\u00e9par\u00e9s pour un coiffage sans frisottis.<\/span><\/p>\n<\/div>\n<\/li>\n<li class=\"product-accordion-item\">\n<div class=\"rte\">\n<p><span><strong>Avantages cl\u00e9s:<\/strong><\/span><\/p>\n<\/div>\n<ul>\n<li>\n<div class=\"rte\"><span>Nourrit et conditionne<\/span><\/div>\n<\/li>\n<li>\n<div class=\"rte\"><span>Aide \u00e0 lisser la surface des cheveux<\/span><\/div>\n<\/li>\n<li>\n<div class=\"rte\"><span>D\u00e9m\u00eale et augmente la maniabilit\u00e9<\/span><\/div>\n<\/li>\n<li>\n<div class=\"rte\"><span>Pour cheveux textur\u00e9s sujets aux frisottis<\/span><\/div>\n<\/li>\n<li>\n<div class=\"rte\"><span>NON NON Silicones, parab\u00e8nes, sulfates, paraffines, huile min\u00e9rale, DEA, tests sur les animaux<\/span><\/div>\n<\/li>\n<\/ul>\n<\/li>\n<\/ul>\n<div class=\"rte\">\n<li><strong><span>Comment <\/span>utiliser<span>?<\/span><\/strong><span style=\"font-family: Futura, sans-serif;font-size: 14px;font-style: normal;font-weight: 400;letter-spacing: normal;text-align: left;text-indent: 0px;text-transform: none;text-decoration: none;float: none\">After shampooing, apply Anti-Frizz Conditioner to damp hair. Gently detangle with wide tooth comb from ends to root for even distribution. Leave on hair for 5 &#8211; 10 minutes. Rinse thoroughly. For the last 5 seconds, rinse with cool water to help close hair cuticles<\/span><\/li>\n<\/div>","protected":false},"excerpt":{"rendered":"<p>Le revitalisant anti-frisottis Avocado &amp; Tamanu nourrit et lisse la surface des cheveux pour une maniabilit\u00e9 accrue et un d\u00e9m\u00ealage plus facile. Laisse les cheveux plus doux, plus brillants et pr\u00e9par\u00e9s pour un coiffage sans frisottis. Avantages cl\u00e9s: Nourrit et conditionne Aide \u00e0 lisser la surface des cheveux D\u00e9m\u00eale et augmente la maniabilit\u00e9 Pour cheveux<span class=\"read-more-faq\"><a href=\"https:\/\/sakaba.mghosteur.com\/en\/product\/mielle-avocado-tamanu-anti-frizz-conditioner-355ml\/\">Read More<\/a><\/span><\/p>","protected":false},"featured_media":0,"comment_status":"open","ping_status":"closed","template":"","meta":[],"product_brand":[916],"product_cat":[284,368],"product_tag":[],"class_list":{"0":"post-32025","1":"product","2":"type-product","3":"status-publish","5":"product_brand-mielle","6":"product_cat-aad-cheveux","7":"product_cat-shampoing-et-apres-shampoing","9":"first","10":"instock","11":"shipping-taxable","12":"product-type-simple"},"jetpack-related-posts":[{"id":32011,"url":"https:\/\/sakaba.mghosteur.com\/en\/product\/mielle-avocado-tamanu-leave-in-conditioner-237ml\/","url_meta":{"origin":32025,"position":0},"title":"MIELLE AVOCADO TAMANU  LEAVE IN CONDITIONER 237ML","author":"admin","date":"May 13, 2024","format":false,"excerpt":"L\u2019apr\u00e8s-shampooing sans rin\u00e7age Avocado & Tamanu Anti-Frizz Slip & Seal lisse la surface des cheveux en offrant un d\u00e9m\u00ealage et un glissement instantan\u00e9s. Scelle les cuticules en place et laisse les cheveux doux et brillants avec une couche de protection contre les frisottis. Avantages cl\u00e9s: 1\u00e8re couche pour la protection\u2026","rel":"","context":"Similar post","block_context":{"text":"Similar post","link":""},"img":{"alt_text":"","src":"","width":0,"height":0},"classes":[]},{"id":32018,"url":"https:\/\/sakaba.mghosteur.com\/en\/product\/mielle-avocado-tamanu-anti-friz-stay-straighth-serum-177ml\/","url_meta":{"origin":32025,"position":1},"title":"MIELLE AVOCADO TAMANU ANTI FRIZ STAY STRAIGHTH SERUM 177ML","author":"admin","date":"May 13, 2024","format":false,"excerpt":"Le s\u00e9rum anti-frisottis Stay Straight Avocado & Tamanu scelle la surface des cheveux, prot\u00e8ge de la chaleur et ajoute une couche de protection contre les frisottis, l'humidit\u00e9 et la r\u00e9version. Pour des styles droits plus doux, plus brillants et durables. Avantages cl\u00e9s: 2\u00e8me couche de protection pour les styles droits\u2026","rel":"","context":"Similar post","block_context":{"text":"Similar post","link":""},"img":{"alt_text":"","src":"","width":0,"height":0},"classes":[]},{"id":32034,"url":"https:\/\/sakaba.mghosteur.com\/en\/product\/mielle-avocado-tamanu-anti-frizz-shampoo-355ml\/","url_meta":{"origin":32025,"position":2},"title":"MIELLE AVOCADO TAMANU ANTI FRIZZ SHAMPOO 355ML","author":"admin","date":"May 13, 2024","format":false,"excerpt":"Le shampooing anti-frisottis Avocado & Tamanu r\u00e9g\u00e9n\u00e8re l'hydratation et donne aux cheveux une table rase tout en \u00e9liminant en douceur les r\u00e9sidus des cheveux et du cuir chevelu. Laisse les cheveux doux, lisses et pr\u00e9par\u00e9s pour un coiffage sans frisottis. Avantages cl\u00e9s: Nettoie en douceur R\u00e9g\u00e9n\u00e8re l'humidit\u00e9 Pour cheveux textur\u00e9s\u2026","rel":"","context":"Similar post","block_context":{"text":"Similar post","link":""},"img":{"alt_text":"","src":"","width":0,"height":0},"classes":[]},{"id":32030,"url":"https:\/\/sakaba.mghosteur.com\/en\/product\/mielle-avocado-tamanu-anti-frizz-curl-perfector-340g\/","url_meta":{"origin":32025,"position":3},"title":"MIELLE AVOCADO TAMANU ANTI FRIZZ CURL PERFECTOR 340G","author":"admin","date":"May 13, 2024","format":false,"excerpt":"Avocado & Tamanu Anti-Frizz Curl Perfector lisse et scelle les cheveux pour r\u00e9duire les frisottis et ajoute une couche de protection contre les frisottis tout en offrant une d\u00e9finition des boucles longue dur\u00e9e. Laisse les boucles douces, brillantes et belles. Avantages cl\u00e9s: 2\u00e8me couche de protection pour cheveux boucl\u00e9s R\u00e9duit\u2026","rel":"","context":"Similar post","block_context":{"text":"Similar post","link":""},"img":{"alt_text":"","src":"","width":0,"height":0},"classes":[]},{"id":32056,"url":"https:\/\/sakaba.mghosteur.com\/en\/product\/mielle-rosemary-mint-strengtening-scalp-hair-quencher\/","url_meta":{"origin":32025,"position":4},"title":"MIELLE ROSEMARY MINT STRENGTENING SCALP HAIR QUENCHER","author":"admin","date":"May 13, 2024","format":false,"excerpt":"La pommade-\u00e0-huile pour le cuir chevelu et les cheveux au romarin et \u00e0 la menthe de Mielle\u00a0est une coiffure revitalisante qui se transforme d'une pommade en une huile. Il d\u00e9salt\u00e8re le cuir chevelu, hydrate les cheveux secs et assoiff\u00e9s et aide \u00e0\u00a0\u00a0prot\u00e9ger du dess\u00e8chement. Cette coiffure lisse les m\u00e8ches rebelles\u2026","rel":"","context":"Similar post","block_context":{"text":"Similar post","link":""},"img":{"alt_text":"","src":"","width":0,"height":0},"classes":[]},{"id":26106,"url":"https:\/\/sakaba.mghosteur.com\/en\/product\/mielle-avocado-moisturizing-hair-milk\/","url_meta":{"origin":32025,"position":5},"title":"MIELLE AVOCADO MOISTURIZING HAIR MILK","author":"admin","date":"November 24, 2022","format":false,"excerpt":"Ce lait capillaire hydratant peut offrir une hydratation importante aux cheveux secs et assoiff\u00e9s. Infus\u00e9 d'un m\u00e9lange d'extraits de plantes et d'ingr\u00e9dients certifi\u00e9s biologiques, vous pouvez enfin respirer en toute tranquillit\u00e9 en sachant que vous avez trouv\u00e9 un produit \u00e0 la fois s\u00fbr et efficace. Utilisez ce produit comme hydratant\u2026","rel":"","context":"Similar post","block_context":{"text":"Similar post","link":""},"img":{"alt_text":"","src":"","width":0,"height":0},"classes":[]}],"_links":{"self":[{"href":"https:\/\/sakaba.mghosteur.com\/en\/wp-json\/wp\/v2\/product\/32025","targetHints":{"allow":["GET"]}}],"collection":[{"href":"https:\/\/sakaba.mghosteur.com\/en\/wp-json\/wp\/v2\/product"}],"about":[{"href":"https:\/\/sakaba.mghosteur.com\/en\/wp-json\/wp\/v2\/types\/product"}],"replies":[{"embeddable":true,"href":"https:\/\/sakaba.mghosteur.com\/en\/wp-json\/wp\/v2\/comments?post=32025"}],"version-history":[{"count":0,"href":"https:\/\/sakaba.mghosteur.com\/en\/wp-json\/wp\/v2\/product\/32025\/revisions"}],"wp:attachment":[{"href":"https:\/\/sakaba.mghosteur.com\/en\/wp-json\/wp\/v2\/media?parent=32025"}],"wp:term":[{"taxonomy":"product_brand","embeddable":true,"href":"https:\/\/sakaba.mghosteur.com\/en\/wp-json\/wp\/v2\/product_brand?post=32025"},{"taxonomy":"product_cat","embeddable":true,"href":"https:\/\/sakaba.mghosteur.com\/en\/wp-json\/wp\/v2\/product_cat?post=32025"},{"taxonomy":"product_tag","embeddable":true,"href":"https:\/\/sakaba.mghosteur.com\/en\/wp-json\/wp\/v2\/product_tag?post=32025"}],"curies":[{"name":"wp","href":"https:\/\/api.w.org\/{rel}","templated":true}]}}