{"id":32033,"date":"2024-05-13T16:31:31","date_gmt":"2024-05-13T16:31:31","guid":{"rendered":"https:\/\/sakaba.mghosteur.com\/?post_type=product&#038;p=32033"},"modified":"2024-09-01T02:46:27","modified_gmt":"2024-09-01T02:46:27","slug":"olaplex-intensive-bond-building-hair-treatment-2","status":"publish","type":"product","link":"https:\/\/sakaba.mghosteur.com\/en\/product\/olaplex-intensive-bond-building-hair-treatment-2\/","title":{"rendered":"OLAPLEX INTENSIVE BOND BUILDING HAIR TREATMENT"},"content":{"rendered":"<p>Le traitement capillaire intensif N\u00ba.0, infus\u00e9 de la technologie brevet\u00e9e OLAPLEX Bond Building, est un traitement intense qui renforce l&#8217;efficacit\u00e9 du OLAPLEX N\u00ba.3 Hair Perfector pour une r\u00e9paration en profondeur tout en renfor\u00e7ant et en prot\u00e9geant l&#8217;int\u00e9grit\u00e9 des cheveux.<\/p>\n<p>AVANTAGES<\/p>\n<ul>\n<li><span>Augmente l&#8217;efficacit\u00e9 du Perfecteur Capillaire OLAPLEX N\u00ba.3.<\/span><\/li>\n<li><span>P\u00e9n\u00e8tre rapidement pour relancer la r\u00e9paration en profondeur dans la m\u00e8che de cheveux.<\/span><\/li>\n<li><span>Renforce et reconstruit les liaisons capillaires.<\/span><\/li>\n<li><span>Prouv\u00e9 scientifiquement : 68 % de r\u00e9paration en plus et des cheveux 3 fois plus forts.*<\/span><\/li>\n<\/ul>\n<div class=\"pdp-above-fold-tabs-wrap\" role=\"tablist\"><button id=\"tab-how-to-use\" class=\"pdp-above-fold-tabs-wrap-btn is-active\" role=\"tab\" aria-controls=\"content-tab-how-to-use\" data-above-fold-button=\"3\"><b><span>COMMENT UTILISER<\/span><\/b><\/button><\/div>\n<div id=\"content-tab-how-to-use\" class=\"pdp-above-fold-tabs-content is-active\" role=\"tabpanel\" aria-labelledby=\"tab-how-to-use\" data-above-fold-content=\"3\">\n<ol>\n<li><span>Appliquer sur cheveux secs, en saturant des racines aux pointes. Les cheveux doivent \u00eatre humides, mais pas d\u00e9goulinants.<\/span><\/li>\n<li><span>Laisser agir 10 minutes. Ne rincez pas.<\/span><\/li>\n<li><span>Appliquez le Hair Perfector N\u00ba.3 directement sur le N\u00ba.0 et laissez agir 10 minutes suppl\u00e9mentaires.<\/span><\/li>\n<li><span>Rincer abondamment. Nettoyer avec le shampooing d&#8217;entretien Bond OLAPLEX N\u00ba.4 et le revitalisant d&#8217;entretien OLAPLEX N\u00ba.5 Bond.<\/span><\/li>\n<\/ol>\n<\/div>","protected":false},"excerpt":{"rendered":"<p>Le traitement capillaire intensif N\u00ba.0, infus\u00e9 de la technologie brevet\u00e9e OLAPLEX Bond Building, est un traitement intense qui renforce l&#8217;efficacit\u00e9 du OLAPLEX N\u00ba.3 Hair Perfector pour une r\u00e9paration en profondeur tout en renfor\u00e7ant et en prot\u00e9geant l&#8217;int\u00e9grit\u00e9 des cheveux. AVANTAGES Augmente l&#8217;efficacit\u00e9 du Perfecteur Capillaire OLAPLEX N\u00ba.3. P\u00e9n\u00e8tre rapidement pour relancer la r\u00e9paration en profondeur<span class=\"read-more-faq\"><a href=\"https:\/\/sakaba.mghosteur.com\/en\/product\/olaplex-intensive-bond-building-hair-treatment-2\/\">Read More<\/a><\/span><\/p>","protected":false},"featured_media":0,"comment_status":"open","ping_status":"closed","template":"","meta":[],"product_brand":[1032],"product_cat":[284,1063],"product_tag":[],"class_list":{"0":"post-32033","1":"product","2":"type-product","3":"status-publish","5":"product_brand-olaplex","6":"product_cat-aad-cheveux","7":"product_cat-traitement-capilaire","9":"first","10":"instock","11":"shipping-taxable","12":"product-type-simple"},"jetpack-related-posts":[{"id":34605,"url":"https:\/\/sakaba.mghosteur.com\/en\/product\/olaplex-intensive-bond-building-hair-treatment-n0\/","url_meta":{"origin":32033,"position":0},"title":"OLAPLEX INTENSIVE BOND BUILDING HAIR TREATMENT No 0","author":"admin","date":"May 29, 2024","format":false,"excerpt":"Le traitement capillaire intensif de renforcement des liaisons Olaplex No.0 est un traitement d'inspiration professionnelle qui pr\u00e9pare les cheveux \u00e0 une r\u00e9paration plus profonde, reconstruit les liaisons capillaires et renforce et prot\u00e8ge l'int\u00e9grit\u00e9 des cheveux. Il s'agit d'un produit sans sulfate, sans parab\u00e8ne et sans cruaut\u00e9. Il est con\u00e7u pour\u2026","rel":"","context":"Similar post","block_context":{"text":"Similar post","link":""},"img":{"alt_text":"","src":"","width":0,"height":0},"classes":[]},{"id":32022,"url":"https:\/\/sakaba.mghosteur.com\/en\/product\/olaplex-n9-bond-nourishing-hair-serum\/","url_meta":{"origin":32033,"position":1},"title":"OLAPLEX No 9 BOND NOURISHING HAIR SERUM","author":"admin","date":"May 13, 2024","format":false,"excerpt":"Votre sauveur capillaire. Le\u00a0Bond Protector Nourishing Hair Serum No.9\u00a0d'Olaplex\u00a0aide\u00a0\u00e0 prot\u00e9ger les cheveux des influences quotidiennes. Ce s\u00e9rum capillaire sans silicone offrira une protection parfaite contre la pollution environnementale et les dommages caus\u00e9s par la chaleur jusqu'\u00e0 232 \u00b0C pendant 48 heures. Bond Building Technology\u2122 aide \u00e0 reconstruire les cheveux ab\u00eem\u00e9s\u2026","rel":"","context":"Similar post","block_context":{"text":"Similar post","link":""},"img":{"alt_text":"","src":"","width":0,"height":0},"classes":[]},{"id":26040,"url":"https:\/\/sakaba.mghosteur.com\/en\/product\/olaplex-intensive-bond-building-hair-treatment\/","url_meta":{"origin":32033,"position":2},"title":"OLAPLEX INTENSIVE BOND BUILDING HAIR TREATMENT","author":"admin","date":"November 24, 2022","format":false,"excerpt":"","rel":"","context":"Similar post","block_context":{"text":"Similar post","link":""},"img":{"alt_text":"","src":"","width":0,"height":0},"classes":[]},{"id":26052,"url":"https:\/\/sakaba.mghosteur.com\/en\/product\/olaplex-n8-bond-intense-moisture-mask\/","url_meta":{"origin":32033,"position":3},"title":"OLAPLEX N8 BOND INTENSE MOISTURE MASK","author":"admin","date":"November 24, 2022","format":false,"excerpt":"","rel":"","context":"Similar post","block_context":{"text":"Similar post","link":""},"img":{"alt_text":"","src":"","width":0,"height":0},"classes":[]},{"id":26038,"url":"https:\/\/sakaba.mghosteur.com\/en\/product\/olaplex-bond-maintenance-conditioner\/","url_meta":{"origin":32033,"position":4},"title":"OLAPLEX BOND MAINTENANCE CONDITIONER","author":"admin","date":"November 24, 2022","format":false,"excerpt":"","rel":"","context":"Similar post","block_context":{"text":"Similar post","link":""},"img":{"alt_text":"","src":"","width":0,"height":0},"classes":[]},{"id":26050,"url":"https:\/\/sakaba.mghosteur.com\/en\/product\/olaplex-n4-bond-maintenance-shampoo\/","url_meta":{"origin":32033,"position":5},"title":"OLAPLEX N4 BOND MAINTENANCE SHAMPOO","author":"admin","date":"November 24, 2022","format":false,"excerpt":"","rel":"","context":"Similar post","block_context":{"text":"Similar post","link":""},"img":{"alt_text":"","src":"","width":0,"height":0},"classes":[]}],"_links":{"self":[{"href":"https:\/\/sakaba.mghosteur.com\/en\/wp-json\/wp\/v2\/product\/32033","targetHints":{"allow":["GET"]}}],"collection":[{"href":"https:\/\/sakaba.mghosteur.com\/en\/wp-json\/wp\/v2\/product"}],"about":[{"href":"https:\/\/sakaba.mghosteur.com\/en\/wp-json\/wp\/v2\/types\/product"}],"replies":[{"embeddable":true,"href":"https:\/\/sakaba.mghosteur.com\/en\/wp-json\/wp\/v2\/comments?post=32033"}],"version-history":[{"count":0,"href":"https:\/\/sakaba.mghosteur.com\/en\/wp-json\/wp\/v2\/product\/32033\/revisions"}],"wp:attachment":[{"href":"https:\/\/sakaba.mghosteur.com\/en\/wp-json\/wp\/v2\/media?parent=32033"}],"wp:term":[{"taxonomy":"product_brand","embeddable":true,"href":"https:\/\/sakaba.mghosteur.com\/en\/wp-json\/wp\/v2\/product_brand?post=32033"},{"taxonomy":"product_cat","embeddable":true,"href":"https:\/\/sakaba.mghosteur.com\/en\/wp-json\/wp\/v2\/product_cat?post=32033"},{"taxonomy":"product_tag","embeddable":true,"href":"https:\/\/sakaba.mghosteur.com\/en\/wp-json\/wp\/v2\/product_tag?post=32033"}],"curies":[{"name":"wp","href":"https:\/\/api.w.org\/{rel}","templated":true}]}}