{"id":32034,"date":"2024-05-13T16:31:23","date_gmt":"2024-05-13T16:31:23","guid":{"rendered":"https:\/\/sakaba.mghosteur.com\/?post_type=product&#038;p=32034"},"modified":"2024-08-10T20:51:49","modified_gmt":"2024-08-10T20:51:49","slug":"mielle-avocado-tamanu-anti-frizz-shampoo-355ml","status":"publish","type":"product","link":"https:\/\/sakaba.mghosteur.com\/en\/product\/mielle-avocado-tamanu-anti-frizz-shampoo-355ml\/","title":{"rendered":"MIELLE AVOCADO TAMANU ANTI FRIZZ SHAMPOO 355ML"},"content":{"rendered":"<div class=\"rte\">\n<li><span>Le shampooing anti-frisottis Avocado &amp; Tamanu r\u00e9g\u00e9n\u00e8re l&#8217;hydratation et donne aux cheveux une table rase tout en \u00e9liminant en douceur les r\u00e9sidus des cheveux et du cuir chevelu. Laisse les cheveux doux, lisses et pr\u00e9par\u00e9s pour un coiffage sans frisottis.<\/span><\/li>\n<\/div>\n<ul class=\"product-tabs-container\">\n<li class=\"product-accordion-item\">\n<div class=\"rte\">\n<p><span><strong>Avantages cl\u00e9s:<\/strong><\/span><\/p>\n<\/div>\n<ul>\n<li>\n<div class=\"rte\"><span>Nettoie en douceur<\/span><\/div>\n<\/li>\n<li>\n<div class=\"rte\"><span>R\u00e9g\u00e9n\u00e8re l&#8217;humidit\u00e9<\/span><\/div>\n<\/li>\n<li>\n<div class=\"rte\"><span>Pour cheveux textur\u00e9s sujets aux frisottis<\/span><\/div>\n<\/li>\n<li>\n<div class=\"rte\"><span>Aucun silicones, parab\u00e8nes, sulfates, paraffines, huile min\u00e9rale, DEA, tests sur les animaux<\/span><\/div>\n<\/li>\n<\/ul>\n<\/li>\n<\/ul>\n<div class=\"rte\">\n<li><strong><span>Comment <\/span>utiliser<span>?<\/span><\/strong>Appliquez le shampooing sur cheveux mouill\u00e9s et faites mousser. Rincez abondamment et r\u00e9p\u00e9tez le shampooing si n\u00e9cessaire. Appliquez ensuite l&#8217;apr\u00e8s-shampooing anti-frisottis MIELLE Avocado &amp; Tamanu.<\/li>\n<\/div>","protected":false},"excerpt":{"rendered":"<p>Le shampooing anti-frisottis Avocado &amp; Tamanu r\u00e9g\u00e9n\u00e8re l&#8217;hydratation et donne aux cheveux une table rase tout en \u00e9liminant en douceur les r\u00e9sidus des cheveux et du cuir chevelu. Laisse les cheveux doux, lisses et pr\u00e9par\u00e9s pour un coiffage sans frisottis. Avantages cl\u00e9s: Nettoie en douceur R\u00e9g\u00e9n\u00e8re l&#8217;humidit\u00e9 Pour cheveux textur\u00e9s sujets aux frisottis Aucun silicones,<span class=\"read-more-faq\"><a href=\"https:\/\/sakaba.mghosteur.com\/en\/product\/mielle-avocado-tamanu-anti-frizz-shampoo-355ml\/\">Read More<\/a><\/span><\/p>","protected":false},"featured_media":0,"comment_status":"open","ping_status":"closed","template":"","meta":[],"product_brand":[916],"product_cat":[284,368],"product_tag":[],"class_list":{"0":"post-32034","1":"product","2":"type-product","3":"status-publish","5":"product_brand-mielle","6":"product_cat-aad-cheveux","7":"product_cat-shampoing-et-apres-shampoing","9":"first","10":"instock","11":"shipping-taxable","12":"product-type-simple"},"jetpack-related-posts":[{"id":32011,"url":"https:\/\/sakaba.mghosteur.com\/en\/product\/mielle-avocado-tamanu-leave-in-conditioner-237ml\/","url_meta":{"origin":32034,"position":0},"title":"MIELLE AVOCADO TAMANU  LEAVE IN CONDITIONER 237ML","author":"admin","date":"May 13, 2024","format":false,"excerpt":"L\u2019apr\u00e8s-shampooing sans rin\u00e7age Avocado & Tamanu Anti-Frizz Slip & Seal lisse la surface des cheveux en offrant un d\u00e9m\u00ealage et un glissement instantan\u00e9s. Scelle les cuticules en place et laisse les cheveux doux et brillants avec une couche de protection contre les frisottis. Avantages cl\u00e9s: 1\u00e8re couche pour la protection\u2026","rel":"","context":"Similar post","block_context":{"text":"Similar post","link":""},"img":{"alt_text":"","src":"","width":0,"height":0},"classes":[]},{"id":32025,"url":"https:\/\/sakaba.mghosteur.com\/en\/product\/mielle-avocado-tamanu-anti-frizz-conditioner-355ml\/","url_meta":{"origin":32034,"position":1},"title":"MIELLE AVOCADO TAMANU ANTI FRIZZ CONDITIONER 355ML","author":"admin","date":"May 13, 2024","format":false,"excerpt":"Le revitalisant anti-frisottis Avocado & Tamanu nourrit et lisse la surface des cheveux pour une maniabilit\u00e9 accrue et un d\u00e9m\u00ealage plus facile. Laisse les cheveux plus doux, plus brillants et pr\u00e9par\u00e9s pour un coiffage sans frisottis. Avantages cl\u00e9s: Nourrit et conditionne Aide \u00e0 lisser la surface des cheveux D\u00e9m\u00eale et\u2026","rel":"","context":"Similar post","block_context":{"text":"Similar post","link":""},"img":{"alt_text":"","src":"","width":0,"height":0},"classes":[]},{"id":32030,"url":"https:\/\/sakaba.mghosteur.com\/en\/product\/mielle-avocado-tamanu-anti-frizz-curl-perfector-340g\/","url_meta":{"origin":32034,"position":2},"title":"MIELLE AVOCADO TAMANU ANTI FRIZZ CURL PERFECTOR 340G","author":"admin","date":"May 13, 2024","format":false,"excerpt":"Avocado & Tamanu Anti-Frizz Curl Perfector lisse et scelle les cheveux pour r\u00e9duire les frisottis et ajoute une couche de protection contre les frisottis tout en offrant une d\u00e9finition des boucles longue dur\u00e9e. Laisse les boucles douces, brillantes et belles. Avantages cl\u00e9s: 2\u00e8me couche de protection pour cheveux boucl\u00e9s R\u00e9duit\u2026","rel":"","context":"Similar post","block_context":{"text":"Similar post","link":""},"img":{"alt_text":"","src":"","width":0,"height":0},"classes":[]},{"id":32018,"url":"https:\/\/sakaba.mghosteur.com\/en\/product\/mielle-avocado-tamanu-anti-friz-stay-straighth-serum-177ml\/","url_meta":{"origin":32034,"position":3},"title":"MIELLE AVOCADO TAMANU ANTI FRIZ STAY STRAIGHTH SERUM 177ML","author":"admin","date":"May 13, 2024","format":false,"excerpt":"Le s\u00e9rum anti-frisottis Stay Straight Avocado & Tamanu scelle la surface des cheveux, prot\u00e8ge de la chaleur et ajoute une couche de protection contre les frisottis, l'humidit\u00e9 et la r\u00e9version. Pour des styles droits plus doux, plus brillants et durables. Avantages cl\u00e9s: 2\u00e8me couche de protection pour les styles droits\u2026","rel":"","context":"Similar post","block_context":{"text":"Similar post","link":""},"img":{"alt_text":"","src":"","width":0,"height":0},"classes":[]},{"id":36008,"url":"https:\/\/sakaba.mghosteur.com\/en\/product\/mielle-rice-water-aloe-vera-deep-conditioner-227g\/","url_meta":{"origin":32034,"position":4},"title":"MIELLE RICE WATER &amp; ALOE VERA DEEP CONDITIONER 227G","author":"admin","date":"August 11, 2024","format":false,"excerpt":"Description Donnez \u00e0 vos cheveux secs ou ab\u00eem\u00e9s un coup de pouce avec de l'eau de riz, du yuzu et de l'aloe vera. Ces ingr\u00e9dients aident \u00e0 r\u00e9duire les pointes fourchues, les frisottis et les cassures. Hydratez et prot\u00e9gez vos cheveux en ajoutant des nutriments \u00e0 chaque m\u00e8che pour des\u2026","rel":"","context":"Similar post","block_context":{"text":"Similar post","link":""},"img":{"alt_text":"","src":"","width":0,"height":0},"classes":[]},{"id":26092,"url":"https:\/\/sakaba.mghosteur.com\/en\/product\/mielle-babassu-mint-deep-conditioner\/","url_meta":{"origin":32034,"position":5},"title":"MIELLE BABASSU &amp; MINT DEEP CONDITIONER","author":"admin","date":"November 24, 2022","format":false,"excerpt":"Le revitalisant en profondeur \u00e0 base de prot\u00e9ines et d'hydratation \u00e0 l'huile de babassu et \u00e0 la menthe restaurera les cheveux secs et ab\u00eem\u00e9s. Ce fruit de palmier originaire d'Amazonie est riche en st\u00e9rols et en tocoph\u00e9rols, qui sont sains pour les cheveux et le cuir chevelu. Enrichi en acides\u2026","rel":"","context":"Similar post","block_context":{"text":"Similar post","link":""},"img":{"alt_text":"","src":"","width":0,"height":0},"classes":[]}],"_links":{"self":[{"href":"https:\/\/sakaba.mghosteur.com\/en\/wp-json\/wp\/v2\/product\/32034","targetHints":{"allow":["GET"]}}],"collection":[{"href":"https:\/\/sakaba.mghosteur.com\/en\/wp-json\/wp\/v2\/product"}],"about":[{"href":"https:\/\/sakaba.mghosteur.com\/en\/wp-json\/wp\/v2\/types\/product"}],"replies":[{"embeddable":true,"href":"https:\/\/sakaba.mghosteur.com\/en\/wp-json\/wp\/v2\/comments?post=32034"}],"version-history":[{"count":0,"href":"https:\/\/sakaba.mghosteur.com\/en\/wp-json\/wp\/v2\/product\/32034\/revisions"}],"wp:attachment":[{"href":"https:\/\/sakaba.mghosteur.com\/en\/wp-json\/wp\/v2\/media?parent=32034"}],"wp:term":[{"taxonomy":"product_brand","embeddable":true,"href":"https:\/\/sakaba.mghosteur.com\/en\/wp-json\/wp\/v2\/product_brand?post=32034"},{"taxonomy":"product_cat","embeddable":true,"href":"https:\/\/sakaba.mghosteur.com\/en\/wp-json\/wp\/v2\/product_cat?post=32034"},{"taxonomy":"product_tag","embeddable":true,"href":"https:\/\/sakaba.mghosteur.com\/en\/wp-json\/wp\/v2\/product_tag?post=32034"}],"curies":[{"name":"wp","href":"https:\/\/api.w.org\/{rel}","templated":true}]}}