{"id":32042,"date":"2024-05-13T16:33:16","date_gmt":"2024-05-13T16:33:16","guid":{"rendered":"https:\/\/sakaba.mghosteur.com\/?post_type=product&#038;p=32042"},"modified":"2024-08-10T21:47:13","modified_gmt":"2024-08-10T21:47:13","slug":"mielle-rosemary-mint-blend-conditionner","status":"publish","type":"product","link":"https:\/\/sakaba.mghosteur.com\/en\/product\/mielle-rosemary-mint-blend-conditionner\/","title":{"rendered":"MIELLE ROSEMARY MINT BLEND CONDITIONNER"},"content":{"rendered":"<ul class=\"product-tabs-container\">\n<li class=\"product-accordion-item\"><span>Le revitalisant fortifiant au romarin et \u00e0 la menthe offre l\u2019\u00e9quilibre parfait entre force et hydratation pour am\u00e9liorer l\u2019\u00e9tat g\u00e9n\u00e9ral des cheveux et du cuir chevelu. Adoucit et d\u00e9m\u00eale instantan\u00e9ment pour une maniabilit\u00e9 accrue. Soutient des cheveux plus longs et plus sains.<\/span><\/li>\n<\/ul>\n<li><span><strong>Avantages cl\u00e9s:<\/strong><\/span><\/li>\n<ul class=\"product-tabs-container\">\n<li class=\"product-accordion-item\">\n<ul>\n<li>\n<div class=\"rte\"><span>De l&#8217;huile fortifiante pour le cuir chevelu et les cheveux la plus vendue<\/span><\/div>\n<\/li>\n<li>\n<div class=\"rte\"><span>Fournit l\u2019\u00e9quilibre parfait entre force et humidit\u00e9<\/span><\/div>\n<\/li>\n<li>\n<div class=\"rte\"><span>Infus\u00e9 de biotine et offre une brillance incroyable<\/span><\/div>\n<\/li>\n<li>\n<div class=\"rte\"><span>Adoucit et d\u00e9m\u00eale instantan\u00e9ment<\/span><\/div>\n<\/li>\n<li>\n<div class=\"rte\"><span>Soutient des cheveux plus longs et plus sains<\/span><\/div>\n<\/li>\n<li>\n<div class=\"rte\"><span>Aucun parab\u00e8nes, sulfates, paraffines, huile min\u00e9rale, DEA, tests sur les animaux<\/span><\/div>\n<\/li>\n<\/ul>\n<\/li>\n<\/ul>\n<p>Comment<span> <\/span>utiliser<span>?<\/span><\/p>\n<p>Apr\u00e8s avoir utilis\u00e9 le shampooing au romarin et \u00e0 la menthe, appliquez l&#8217;apr\u00e8s-shampooing fortifiant au romarin et \u00e0 la menthe sur les cheveux humides. D\u00e9m\u00ealez d\u00e9licatement les cheveux avec un peigne \u00e0 dents larges, des pointes aux racines, pour une r\u00e9partition uniforme. Laissez poser 5 \u00e0 10 minutes. Rincez abondamment. Appliquez ensuite l&#8217;apr\u00e8s-shampooing fortifiant sans rin\u00e7age au romarin et \u00e0 la menthe.<\/p>","protected":false},"excerpt":{"rendered":"<p>Le revitalisant fortifiant au romarin et \u00e0 la menthe offre l\u2019\u00e9quilibre parfait entre force et hydratation pour am\u00e9liorer l\u2019\u00e9tat g\u00e9n\u00e9ral des cheveux et du cuir chevelu. Adoucit et d\u00e9m\u00eale instantan\u00e9ment pour une maniabilit\u00e9 accrue. Soutient des cheveux plus longs et plus sains. Avantages cl\u00e9s: De l&#8217;huile fortifiante pour le cuir chevelu et les cheveux la<span class=\"read-more-faq\"><a href=\"https:\/\/sakaba.mghosteur.com\/en\/product\/mielle-rosemary-mint-blend-conditionner\/\">Read More<\/a><\/span><\/p>","protected":false},"featured_media":0,"comment_status":"open","ping_status":"closed","template":"","meta":[],"product_brand":[916],"product_cat":[284,368],"product_tag":[],"class_list":{"0":"post-32042","1":"product","2":"type-product","3":"status-publish","5":"product_brand-mielle","6":"product_cat-aad-cheveux","7":"product_cat-shampoing-et-apres-shampoing","9":"first","10":"instock","11":"shipping-taxable","12":"product-type-simple"},"jetpack-related-posts":[{"id":32056,"url":"https:\/\/sakaba.mghosteur.com\/en\/product\/mielle-rosemary-mint-strengtening-scalp-hair-quencher\/","url_meta":{"origin":32042,"position":0},"title":"MIELLE ROSEMARY MINT STRENGTENING SCALP HAIR QUENCHER","author":"admin","date":"May 13, 2024","format":false,"excerpt":"La pommade-\u00e0-huile pour le cuir chevelu et les cheveux au romarin et \u00e0 la menthe de Mielle\u00a0est une coiffure revitalisante qui se transforme d'une pommade en une huile. Il d\u00e9salt\u00e8re le cuir chevelu, hydrate les cheveux secs et assoiff\u00e9s et aide \u00e0\u00a0\u00a0prot\u00e9ger du dess\u00e8chement. Cette coiffure lisse les m\u00e8ches rebelles\u2026","rel":"","context":"Similar post","block_context":{"text":"Similar post","link":""},"img":{"alt_text":"","src":"","width":0,"height":0},"classes":[]},{"id":25925,"url":"https:\/\/sakaba.mghosteur.com\/en\/product\/carols-daughter-wash-day-delight-jelly-to-cream-conditioner\/","url_meta":{"origin":32042,"position":1},"title":"CAROL&#8217;S DAUGHTER WASH DAY DELIGHT JELLY TO CREAM CONDITIONER","author":"admin","date":"November 23, 2022","format":false,"excerpt":"L'apr\u00e8s-shampoing Wash Day Delight a une formule unique de gel\u00e9e en cr\u00e8me qui est m\u00e9lang\u00e9e \u00e0 de l'alo\u00e8s et de la glyc\u00e9rine, un ingr\u00e9dient d'origine naturelle qui absorbe l'humidit\u00e9 dans les cheveux. La technologie anti-n\u0153uds donne \u00e0 cet apr\u00e8s-shampoing une consistance facile \u00e0 \u00e9taler qui offre un glissement parfait, de\u2026","rel":"","context":"Similar post","block_context":{"text":"Similar post","link":""},"img":{"alt_text":"","src":"","width":0,"height":0},"classes":[]},{"id":33975,"url":"https:\/\/sakaba.mghosteur.com\/en\/product\/carol-s-daughter-7-oil-blend-hair-scalp-oil\/","url_meta":{"origin":32042,"position":2},"title":"CAROL\u2019S DAUGHTER 7 OIL BLEND HAIR &amp; SCALP OIL","author":"admin","date":"May 24, 2024","format":false,"excerpt":"Offrez \u00e0 vos cheveux secs et fragiles un traitement de d\u00e9esse avec l'huile pour cuir chevelu et cheveux Goddess Strength de Carol's Daughter. Compos\u00e9e d'un m\u00e9lange de 7 huiles, dont de l'huile de ricin et de l'huile de cumin noir, cette formule hydrate en douceur le cuir chevelu et les\u2026","rel":"","context":"Similar post","block_context":{"text":"Similar post","link":""},"img":{"alt_text":"","src":"","width":0,"height":0},"classes":[]},{"id":31683,"url":"https:\/\/sakaba.mghosteur.com\/en\/product\/sulfur8-medicated-light-formula-anti-dandruff\/","url_meta":{"origin":32042,"position":3},"title":"SULFUR8 MEDICATED LIGHT FORMULA ANTI DANDRUFF","author":"admin","date":"May 10, 2024","format":false,"excerpt":"Shampooing m\u00e9dicamenteux et revitalisant du cuir chevelu Sulfur 8. Sa formule l\u00e9g\u00e8re au soufre-8 offre une hydratation et un adoucissement aux cheveux secs et au cuir chevelu, sans les alourdir. Cette solution embellit les cheveux tout en les rendant plus faciles \u00e0 coiffer et en ajoutant de la brillance. Adapt\u00e9\u2026","rel":"","context":"Similar post","block_context":{"text":"Similar post","link":""},"img":{"alt_text":"","src":"","width":0,"height":0},"classes":[]},{"id":36014,"url":"https:\/\/sakaba.mghosteur.com\/en\/product\/mielle-rosemary-mint-strengtening-scalp-edge-cleansing-oil-118ml\/","url_meta":{"origin":32042,"position":4},"title":"MIELLE ROSEMARY MINT STRENGTENING SCALP &amp; EDGE CLEANSING OIL 118ML","author":"admin","date":"August 11, 2024","format":false,"excerpt":"Description Enrichi en biotine, favorise des cheveux plus longs et plus sains L\u00e9ger Pas besoin d'eau \u00c9limine les r\u00e9sidus du produit Parfaite pour retirer le gel des bords Soins des cheveux et du cuir chevelu Cette formule d'huile nettoyante non grasse et sans rin\u00e7age, optimis\u00e9e par le romarin, la menthe,\u2026","rel":"","context":"Similar post","block_context":{"text":"Similar post","link":""},"img":{"alt_text":"","src":"","width":0,"height":0},"classes":[]},{"id":27266,"url":"https:\/\/sakaba.mghosteur.com\/en\/product\/the-inkey-list-caffeine-stimulating\/","url_meta":{"origin":32042,"position":5},"title":"THE INKEY LIST CAFFEINE STIMULATING","author":"admin","date":"November 29, 2022","format":false,"excerpt":"Le traitement du cuir chevelu stimulant \u00e0 la caf\u00e9ine de la marque The Inkey List est un produit de soin de nuit innovant qui aide \u00e0 revitaliser et \u00e0 renforcer votre cuir chevelu pour favoriser une croissance saine des cheveux. Ce traitement contient de la poudre de caf\u00e9ine et un\u2026","rel":"","context":"Similar post","block_context":{"text":"Similar post","link":""},"img":{"alt_text":"","src":"","width":0,"height":0},"classes":[]}],"_links":{"self":[{"href":"https:\/\/sakaba.mghosteur.com\/en\/wp-json\/wp\/v2\/product\/32042","targetHints":{"allow":["GET"]}}],"collection":[{"href":"https:\/\/sakaba.mghosteur.com\/en\/wp-json\/wp\/v2\/product"}],"about":[{"href":"https:\/\/sakaba.mghosteur.com\/en\/wp-json\/wp\/v2\/types\/product"}],"replies":[{"embeddable":true,"href":"https:\/\/sakaba.mghosteur.com\/en\/wp-json\/wp\/v2\/comments?post=32042"}],"version-history":[{"count":0,"href":"https:\/\/sakaba.mghosteur.com\/en\/wp-json\/wp\/v2\/product\/32042\/revisions"}],"wp:attachment":[{"href":"https:\/\/sakaba.mghosteur.com\/en\/wp-json\/wp\/v2\/media?parent=32042"}],"wp:term":[{"taxonomy":"product_brand","embeddable":true,"href":"https:\/\/sakaba.mghosteur.com\/en\/wp-json\/wp\/v2\/product_brand?post=32042"},{"taxonomy":"product_cat","embeddable":true,"href":"https:\/\/sakaba.mghosteur.com\/en\/wp-json\/wp\/v2\/product_cat?post=32042"},{"taxonomy":"product_tag","embeddable":true,"href":"https:\/\/sakaba.mghosteur.com\/en\/wp-json\/wp\/v2\/product_tag?post=32042"}],"curies":[{"name":"wp","href":"https:\/\/api.w.org\/{rel}","templated":true}]}}