{"id":32043,"date":"2024-05-13T16:33:23","date_gmt":"2024-05-13T16:33:23","guid":{"rendered":"https:\/\/sakaba.mghosteur.com\/?post_type=product&#038;p=32043"},"modified":"2024-08-09T01:48:20","modified_gmt":"2024-08-09T01:48:20","slug":"victoria-secret-melon-drench","status":"publish","type":"product","link":"https:\/\/sakaba.mghosteur.com\/en\/product\/victoria-secret-melon-drench\/","title":{"rendered":"Victoria Secret MELON DRENCH"},"content":{"rendered":"<p>Laissez-vous enivrer par ce parfum juteux, fruit\u00e9 et accrocheur qui vous emportera vers un paradis ensoleill\u00e9. Note de rhum coco, de chair de melon et d\u2019\u00e9corce de mangue.<\/p>\n<ul>\n<li>Type : solaire et sensuel<\/li>\n<li>Notes : chair de melon, copeaux de noix de coco, cl\u00e9mentine<\/li>\n<\/ul>\n<p>Brillez dans un nuage radieux de vanille miell\u00e9e, d\u2019ambre dor\u00e9 et d\u2019amande grill\u00e9e.<\/p>\n<p>Contenance: 250 ml<\/p>","protected":false},"excerpt":{"rendered":"<p>Laissez-vous enivrer par ce parfum juteux, fruit\u00e9 et accrocheur qui vous emportera vers un paradis ensoleill\u00e9. Note de rhum coco, de chair de melon et d\u2019\u00e9corce de mangue. Type : solaire et sensuel Notes : chair de melon, copeaux de noix de coco, cl\u00e9mentine Brillez dans un nuage radieux de vanille miell\u00e9e, d\u2019ambre dor\u00e9 et<span class=\"read-more-faq\"><a href=\"https:\/\/sakaba.mghosteur.com\/en\/product\/victoria-secret-melon-drench\/\">Read More<\/a><\/span><\/p>","protected":false},"featured_media":0,"comment_status":"open","ping_status":"closed","template":"","meta":[],"product_brand":[1008],"product_cat":[283,376],"product_tag":[],"class_list":{"0":"post-32043","1":"product","2":"type-product","3":"status-publish","5":"product_brand-victoria-secret","6":"product_cat-aah-parfums","7":"product_cat-victoria-secret","9":"first","10":"instock","11":"shipping-taxable","12":"product-type-simple"},"jetpack-related-posts":[{"id":32050,"url":"https:\/\/sakaba.mghosteur.com\/en\/product\/victoria-secret-pineapple-high\/","url_meta":{"origin":32043,"position":0},"title":"Victoria Secret PINEAPPLE HIGH","author":"admin","date":"May 13, 2024","format":false,"excerpt":"Impr\u00e9gnez-vous-en, buvez-le. Les fruits juteux ajoutent une touche percutante aux escapades ensoleill\u00e9es. Avec des notes de rhum coco, de chair de melon et d'\u00e9corce de mangue. Amplifiez avec la lotion parfum\u00e9e assortie. Choisissez parmi: ANANAS HAUT Tranche d'ananas. Le kiwi fond. Rush de rhum vanille. Style de parfum\u00a0: Fruit\u00e9 Chaud\u2026","rel":"","context":"Similar post","block_context":{"text":"Similar post","link":""},"img":{"alt_text":"","src":"","width":0,"height":0},"classes":[]},{"id":34618,"url":"https:\/\/sakaba.mghosteur.com\/en\/product\/fenty-plush-puddin-kalahari-melon\/","url_meta":{"origin":32043,"position":1},"title":"FENTY PLUSH PUDDIN  KALAHARI MELON","author":"admin","date":"May 29, 2024","format":false,"excerpt":"Cette texture moelleuse, semblable \u00e0 du pudding, enrobe les l\u00e8vres d'une hydratation suraliment\u00e9e pour une moue plus lisse, plus ferme et plus pulpeuse. Description: Hydrate et nourrit instantan\u00e9ment, et offre une hydratation longue dur\u00e9e jour et nuit Lisse la texture et r\u00e9duit l'apparence des rides et ridules en seulement 1\u2026","rel":"","context":"Similar post","block_context":{"text":"Similar post","link":""},"img":{"alt_text":"","src":"","width":0,"height":0},"classes":[]},{"id":34621,"url":"https:\/\/sakaba.mghosteur.com\/en\/product\/fenty-plush-puddin-melon-masque-reparateur-levres\/","url_meta":{"origin":32043,"position":2},"title":"FENTY PLUSH PUDDIN&#8217; MELON MASQUE REPARATEUR LEVRES","author":"admin","date":"May 29, 2024","format":false,"excerpt":"Cette texture moelleuse, semblable \u00e0 du pudding, enrobe les l\u00e8vres d'une hydratation suraliment\u00e9e pour une moue plus lisse, plus ferme et plus pulpeuse. Description: Hydrate et nourrit instantan\u00e9ment, et offre une hydratation longue dur\u00e9e jour et nuit Lisse la texture et r\u00e9duit l'apparence des rides et ridules en seulement 1\u2026","rel":"","context":"Similar post","block_context":{"text":"Similar post","link":""},"img":{"alt_text":"","src":"","width":0,"height":0},"classes":[]},{"id":34652,"url":"https:\/\/sakaba.mghosteur.com\/en\/product\/fenty-skin-melon-treat-hydrating-stengrethening-lip-oil\/","url_meta":{"origin":32043,"position":3},"title":"FENTY SKIN MELON TREAT HYDRATING + STENGRETHENING LIP OIL","author":"admin","date":"May 30, 2024","format":false,"excerpt":"Votre barri\u00e8re d'hydratation est la premi\u00e8re ligne de d\u00e9fense de vos l\u00e8vres contre les \u00e9l\u00e9ments. Gardez-la forte et elle restera plus hydrat\u00e9e, plus lisse et sans squames. Cette huile pour les l\u00e8vres ultra-hydratante et non collante est transparente et maintient la barri\u00e8re d'hydratation des l\u00e8vres sous contr\u00f4le Hydrate et renforce\u2026","rel":"","context":"Similar post","block_context":{"text":"Similar post","link":""},"img":{"alt_text":"","src":"","width":0,"height":0},"classes":[]},{"id":26621,"url":"https:\/\/sakaba.mghosteur.com\/en\/product\/fenty-skin-hydra-vizor\/","url_meta":{"origin":32043,"position":4},"title":"FENTY SKIN HYDRA VIZOR","author":"admin","date":"November 28, 2022","format":false,"excerpt":"D\u00e9couvrez le HYDRA VIZOR INVISIBLE MOISTURIZER BROAD SPECTRUM SPF 30 SUNSCREEN WITH NIACINAMIDE + KALAHARI MELON de la marque FENTY, une cr\u00e8me hydratante l\u00e9g\u00e8re avec une protection solaire puissante. Cette cr\u00e8me invisible SPF 30 ne laisse aucune trace blanche sur tous les types de peaux. Elle hydrate intens\u00e9ment votre peau\u2026","rel":"","context":"Similar post","block_context":{"text":"Similar post","link":""},"img":{"alt_text":"","src":"","width":0,"height":0},"classes":[]},{"id":34649,"url":"https:\/\/sakaba.mghosteur.com\/en\/product\/fenty-skin-cocoa-cleansr-soothing-all-over\/","url_meta":{"origin":32043,"position":5},"title":"FENTY SKIN COCOA CLEANS&#8217;R SOOTHING ALL-OVER","author":"admin","date":"May 30, 2024","format":false,"excerpt":"Dites adieu \u00e0 votre peau cendr\u00e9e avec ce savon nourrissant pour le visage et le corps. Les vibrations tropicales se lib\u00e8rent tandis que la mousse moelleuse et d\u00e9cadente cr\u00e9e une exp\u00e9rience sous la douche ultra-sensorielle qui impr\u00e8gne votre salle de bain d'un parfum inspir\u00e9 de la plage. Description Assez doux\u2026","rel":"","context":"Similar post","block_context":{"text":"Similar post","link":""},"img":{"alt_text":"","src":"","width":0,"height":0},"classes":[]}],"_links":{"self":[{"href":"https:\/\/sakaba.mghosteur.com\/en\/wp-json\/wp\/v2\/product\/32043","targetHints":{"allow":["GET"]}}],"collection":[{"href":"https:\/\/sakaba.mghosteur.com\/en\/wp-json\/wp\/v2\/product"}],"about":[{"href":"https:\/\/sakaba.mghosteur.com\/en\/wp-json\/wp\/v2\/types\/product"}],"replies":[{"embeddable":true,"href":"https:\/\/sakaba.mghosteur.com\/en\/wp-json\/wp\/v2\/comments?post=32043"}],"version-history":[{"count":0,"href":"https:\/\/sakaba.mghosteur.com\/en\/wp-json\/wp\/v2\/product\/32043\/revisions"}],"wp:attachment":[{"href":"https:\/\/sakaba.mghosteur.com\/en\/wp-json\/wp\/v2\/media?parent=32043"}],"wp:term":[{"taxonomy":"product_brand","embeddable":true,"href":"https:\/\/sakaba.mghosteur.com\/en\/wp-json\/wp\/v2\/product_brand?post=32043"},{"taxonomy":"product_cat","embeddable":true,"href":"https:\/\/sakaba.mghosteur.com\/en\/wp-json\/wp\/v2\/product_cat?post=32043"},{"taxonomy":"product_tag","embeddable":true,"href":"https:\/\/sakaba.mghosteur.com\/en\/wp-json\/wp\/v2\/product_tag?post=32043"}],"curies":[{"name":"wp","href":"https:\/\/api.w.org\/{rel}","templated":true}]}}