{"id":32048,"date":"2024-05-13T16:34:26","date_gmt":"2024-05-13T16:34:26","guid":{"rendered":"https:\/\/sakaba.mghosteur.com\/?post_type=product&#038;p=32048"},"modified":"2024-08-10T21:50:25","modified_gmt":"2024-08-10T21:50:25","slug":"mielle-rosemary-mint-blend-leave-in-conditionner","status":"publish","type":"product","link":"https:\/\/sakaba.mghosteur.com\/en\/product\/mielle-rosemary-mint-blend-leave-in-conditionner\/","title":{"rendered":"MIELLE ROSEMARY MINT BLEND LEAVE IN CONDITIONER"},"content":{"rendered":"<li><span>Infus\u00e9 de biotine et de romarin, ce sans rin\u00e7age hydrate tout en prot\u00e9geant et en hydratant.<\/span><\/li>\n<div class=\"rte\">\n<li><span><strong>Avantages cl\u00e9s:<\/strong><\/span><\/li>\n<\/div>\n<ul class=\"product-tabs-container\">\n<li class=\"product-accordion-item\">\n<ul>\n<li>\n<div class=\"rte\"><span>Infus\u00e9 de biotine<\/span><\/div>\n<\/li>\n<li>\n<div class=\"rte\"><span>Brillance incroyable<\/span><\/div>\n<\/li>\n<li>\n<div class=\"rte\"><span>Retient l&#8217;humidit\u00e9<\/span><\/div>\n<\/li>\n<\/ul>\n<\/li>\n<\/ul>\n<p><span><\/span><\/p>\n<p><span>Comment <\/span>utiliser<span>?<\/span><\/p>\n<p>Appliquez une quantit\u00e9 g\u00e9n\u00e9reuse sur les cheveux s\u00e9par\u00e9s. Travaillez le produit avec l&#8217;outil de d\u00e9m\u00ealage de votre choix. Ne rincez pas le produit, laissez agir<\/p>","protected":false},"excerpt":{"rendered":"<p>Infus\u00e9 de biotine et de romarin, ce sans rin\u00e7age hydrate tout en prot\u00e9geant et en hydratant. Avantages cl\u00e9s: Infus\u00e9 de biotine Brillance incroyable Retient l&#8217;humidit\u00e9 Comment utiliser? Appliquez une quantit\u00e9 g\u00e9n\u00e9reuse sur les cheveux s\u00e9par\u00e9s. Travaillez le produit avec l&#8217;outil de d\u00e9m\u00ealage de votre choix. Ne rincez pas le produit, laissez agir<\/p>","protected":false},"featured_media":0,"comment_status":"open","ping_status":"closed","template":"","meta":[],"product_brand":[916],"product_cat":[284,368],"product_tag":[],"class_list":{"0":"post-32048","1":"product","2":"type-product","3":"status-publish","5":"product_brand-mielle","6":"product_cat-aad-cheveux","7":"product_cat-shampoing-et-apres-shampoing","9":"first","10":"instock","11":"shipping-taxable","12":"product-type-simple"},"jetpack-related-posts":[{"id":33409,"url":"https:\/\/sakaba.mghosteur.com\/en\/product\/sctch-porter-hydrate-nourish-beard-conditioner\/","url_meta":{"origin":32048,"position":0},"title":"SCOTCH PORTER HYDRATE &amp; NOURISH BEARD CONDITIONER","author":"admin","date":"May 21, 2024","format":false,"excerpt":"Scotch Porter Hydrate & Nourish Beard Conditioner is a sulfate-free, paraben-free, organic, and cruelty-free conditioner that is designed to hydrate and nourish beards while strengthening facial hair.\u00a0It contains coconut, biotin, and shea butter.\u00a0The conditioner is gentle on the skin and uses natural ingredients like biotin liposome and marshmallow root to\u2026","rel":"","context":"Similar post","block_context":{"text":"Similar post","link":""},"img":{"alt_text":"","src":"","width":0,"height":0},"classes":[]},{"id":32042,"url":"https:\/\/sakaba.mghosteur.com\/en\/product\/mielle-rosemary-mint-blend-conditionner\/","url_meta":{"origin":32048,"position":1},"title":"MIELLE ROSEMARY MINT BLEND CONDITIONNER","author":"admin","date":"May 13, 2024","format":false,"excerpt":"Le revitalisant fortifiant au romarin et \u00e0 la menthe offre l\u2019\u00e9quilibre parfait entre force et hydratation pour am\u00e9liorer l\u2019\u00e9tat g\u00e9n\u00e9ral des cheveux et du cuir chevelu. Adoucit et d\u00e9m\u00eale instantan\u00e9ment pour une maniabilit\u00e9 accrue. Soutient des cheveux plus longs et plus sains. Avantages cl\u00e9s: De l'huile fortifiante pour le cuir\u2026","rel":"","context":"Similar post","block_context":{"text":"Similar post","link":""},"img":{"alt_text":"","src":"","width":0,"height":0},"classes":[]},{"id":30002,"url":"https:\/\/sakaba.mghosteur.com\/en\/product\/super-collagen-vitamin-c-biotin-360-tablets\/","url_meta":{"origin":32048,"position":2},"title":"SUPER COLLAGEN +VITAMIN C &amp; BIOTIN 360 TABLETS","author":"admin","date":"May 1, 2023","format":false,"excerpt":"D\u00e9couvrez le Super Collag\u00e8ne de NeoCell, un compl\u00e9ment alimentaire contenant 360 comprim\u00e9s de collag\u00e8ne, vitamine C et biotine. Ce produit vous aide \u00e0 minimiser les rides et ridules en am\u00e9liorant l'\u00e9lasticit\u00e9 de votre peau et en retenant l'humidit\u00e9 dans celle-ci. De plus, il renforce et nourrit vos ligaments, tendons, articulations\u2026","rel":"","context":"Similar post","block_context":{"text":"Similar post","link":""},"img":{"alt_text":"","src":"","width":0,"height":0},"classes":[]},{"id":29413,"url":"https:\/\/sakaba.mghosteur.com\/en\/product\/paula-choice-water-infusing-moisturizer\/","url_meta":{"origin":32048,"position":3},"title":"PAULA CHOICE WATER-INFUSING MOISTURIZER","author":"admin","date":"April 4, 2023","format":false,"excerpt":"D\u00e9couvrez l'hydratant aux \u00e9lectrolytes infusant d'eau de la marque Paula's Choice, un produit qui permet de r\u00e9hydrater votre peau en profondeur pour un r\u00e9sultat durable et un aspect ros\u00e9 et repulp\u00e9 instantan\u00e9. Gr\u00e2ce \u00e0 sa formule rafra\u00eechissante et l\u00e9g\u00e8re, cet hydratant recharge votre peau en \u00e9lectrolytes essentiels tels que le\u2026","rel":"","context":"Similar post","block_context":{"text":"Similar post","link":""},"img":{"alt_text":"","src":"","width":0,"height":0},"classes":[]},{"id":31886,"url":"https:\/\/sakaba.mghosteur.com\/en\/product\/super-collagen-vitamin-c-biotin-90t\/","url_meta":{"origin":32048,"position":4},"title":"SUPER COLLAGEN + VITAMIN C &amp; BIOTIN 90T","author":"admin","date":"May 10, 2024","format":false,"excerpt":"Les comprim\u00e9s NeoCell Super Collagen sont formul\u00e9s pour soutenir votre beaut\u00e9 radieuse de l'int\u00e9rieur, favoriser la sant\u00e9 des articulations et soutenir les cheveux, la peau et les ongles (1). Avec du collag\u00e8ne nourri \u00e0 l'herbe de types 1 et 3, ces capsules de collag\u00e8ne donnent \u00e0 votre corps les \u00e9l\u00e9ments\u2026","rel":"","context":"Similar post","block_context":{"text":"Similar post","link":""},"img":{"alt_text":"","src":"","width":0,"height":0},"classes":[]},{"id":29991,"url":"https:\/\/sakaba.mghosteur.com\/en\/product\/neocell-super-collagen-vitamin-biotin-c-type-1-3-180-tablets\/","url_meta":{"origin":32048,"position":5},"title":"NeoCell Super Collagen + Vitamin Biotin C Type 1 &amp; 3 &#8211; 180 tablets","author":"admin","date":"May 1, 2023","format":false,"excerpt":"Le Super Collag\u00e8ne + Vitamine C & Biotine de NeoCell est une formule pratique pour nourrir votre peau en profondeur. Ce compl\u00e9ment alimentaire contient du collag\u00e8ne de types 1 et 3 pour stimuler la production de collag\u00e8ne et favoriser une peau jeune et belle. La vitamine C fournit \u00e9galement un\u2026","rel":"","context":"Similar post","block_context":{"text":"Similar post","link":""},"img":{"alt_text":"","src":"","width":0,"height":0},"classes":[]}],"_links":{"self":[{"href":"https:\/\/sakaba.mghosteur.com\/en\/wp-json\/wp\/v2\/product\/32048","targetHints":{"allow":["GET"]}}],"collection":[{"href":"https:\/\/sakaba.mghosteur.com\/en\/wp-json\/wp\/v2\/product"}],"about":[{"href":"https:\/\/sakaba.mghosteur.com\/en\/wp-json\/wp\/v2\/types\/product"}],"replies":[{"embeddable":true,"href":"https:\/\/sakaba.mghosteur.com\/en\/wp-json\/wp\/v2\/comments?post=32048"}],"version-history":[{"count":0,"href":"https:\/\/sakaba.mghosteur.com\/en\/wp-json\/wp\/v2\/product\/32048\/revisions"}],"wp:attachment":[{"href":"https:\/\/sakaba.mghosteur.com\/en\/wp-json\/wp\/v2\/media?parent=32048"}],"wp:term":[{"taxonomy":"product_brand","embeddable":true,"href":"https:\/\/sakaba.mghosteur.com\/en\/wp-json\/wp\/v2\/product_brand?post=32048"},{"taxonomy":"product_cat","embeddable":true,"href":"https:\/\/sakaba.mghosteur.com\/en\/wp-json\/wp\/v2\/product_cat?post=32048"},{"taxonomy":"product_tag","embeddable":true,"href":"https:\/\/sakaba.mghosteur.com\/en\/wp-json\/wp\/v2\/product_tag?post=32048"}],"curies":[{"name":"wp","href":"https:\/\/api.w.org\/{rel}","templated":true}]}}