{"id":32050,"date":"2024-05-13T16:34:16","date_gmt":"2024-05-13T16:34:16","guid":{"rendered":"https:\/\/sakaba.mghosteur.com\/?post_type=product&#038;p=32050"},"modified":"2024-08-09T01:48:53","modified_gmt":"2024-08-09T01:48:53","slug":"victoria-secret-pineapple-high","status":"publish","type":"product","link":"https:\/\/sakaba.mghosteur.com\/en\/product\/victoria-secret-pineapple-high\/","title":{"rendered":"Victoria Secret PINEAPPLE HIGH"},"content":{"rendered":"<p><span>Impr\u00e9gnez-vous-en, buvez-le. Les fruits juteux ajoutent une touche percutante aux escapades ensoleill\u00e9es. Avec des notes de rhum coco, de chair de melon et d&#8217;\u00e9corce de mangue. Amplifiez avec la lotion parfum\u00e9e assortie.<\/span><\/p>\n<p><span>Choisissez parmi:<\/span><\/p>\n<p><span>ANANAS HAUT<\/span><br \/>\n<span>Tranche d&#8217;ananas. Le kiwi fond. Rush de rhum vanille.<\/span><br \/>\n<span>Style de parfum\u00a0: Fruit\u00e9 Chaud<\/span><\/p>\n<p><span>MELON DRENCH<\/span><br \/>\n<span>Chair de melon. Vagues de noix de coco. Goutte \u00e0 goutte de cl\u00e9mentine brillante.<\/span><br \/>\n<span>Style de parfum : Solaire Chaud<\/span><\/p>\n<p><span>BLACKBERRY BITE<\/span><br \/>\n<span>M\u00fbre humide. Ambre glac\u00e9. Trempez le lotus dans l&#8217;eau.<\/span><br \/>\n<span>Style de parfum\u00a0: Fruit\u00e9 Frais<\/span><\/p>\n<p><span>MANGO SMASH<\/span><br \/>\n<span>Pelure de mangue. Hibiscus \u00e0 pointes. Une nectarine juteuse \u00e9clate.<\/span><br \/>\n<span>Style de parfum\u00a0: Floral Fruit\u00e9<\/span><\/p>","protected":false},"excerpt":{"rendered":"<p>Impr\u00e9gnez-vous-en, buvez-le. Les fruits juteux ajoutent une touche percutante aux escapades ensoleill\u00e9es. Avec des notes de rhum coco, de chair de melon et d&#8217;\u00e9corce de mangue. Amplifiez avec la lotion parfum\u00e9e assortie. Choisissez parmi: ANANAS HAUT Tranche d&#8217;ananas. Le kiwi fond. Rush de rhum vanille. Style de parfum\u00a0: Fruit\u00e9 Chaud MELON DRENCH Chair de melon.<span class=\"read-more-faq\"><a href=\"https:\/\/sakaba.mghosteur.com\/en\/product\/victoria-secret-pineapple-high\/\">Read More<\/a><\/span><\/p>","protected":false},"featured_media":0,"comment_status":"open","ping_status":"closed","template":"","meta":[],"product_brand":[1008],"product_cat":[283,376],"product_tag":[],"class_list":{"0":"post-32050","1":"product","2":"type-product","3":"status-publish","5":"product_brand-victoria-secret","6":"product_cat-aah-parfums","7":"product_cat-victoria-secret","9":"first","10":"instock","11":"shipping-taxable","12":"product-type-simple"},"jetpack-related-posts":[{"id":32043,"url":"https:\/\/sakaba.mghosteur.com\/en\/product\/victoria-secret-melon-drench\/","url_meta":{"origin":32050,"position":0},"title":"Victoria Secret MELON DRENCH","author":"admin","date":"May 13, 2024","format":false,"excerpt":"Laissez-vous enivrer par ce parfum juteux, fruit\u00e9 et accrocheur qui vous emportera vers un paradis ensoleill\u00e9. Note de rhum coco, de chair de melon et d\u2019\u00e9corce de mangue. Type : solaire et sensuel Notes : chair de melon, copeaux de noix de coco, cl\u00e9mentine Brillez dans un nuage radieux de\u2026","rel":"","context":"Similar post","block_context":{"text":"Similar post","link":""},"img":{"alt_text":"","src":"","width":0,"height":0},"classes":[]},{"id":32486,"url":"https:\/\/sakaba.mghosteur.com\/en\/product\/sol-janeiro-rio-radiance-240ml\/","url_meta":{"origin":32050,"position":1},"title":"SOL JANEIRO RIO RADIANCE 240ML","author":"admin","date":"May 14, 2024","format":false,"excerpt":"D\u00e9couvrez le Sol Janeiro Rio Radiance, une brume parfum\u00e9e en \u00e9dition limit\u00e9e (240 ml) qui capture l'essence de la vie br\u00e9silienne, sans le co\u00fbt du billet d'avion. Plongez-vous dans une ambiance ensoleill\u00e9e avec chaque vaporisation, rappelant les journ\u00e9es de plage, les soir\u00e9es festives et l'odeur de la cr\u00e8me solaire. Ce\u2026","rel":"","context":"Similar post","block_context":{"text":"Similar post","link":""},"img":{"alt_text":"","src":"","width":0,"height":0},"classes":[]},{"id":32468,"url":"https:\/\/sakaba.mghosteur.com\/en\/product\/sol-janeiro-brazilian-rio-radiance-90ml\/","url_meta":{"origin":32050,"position":2},"title":"SOL JANEIRO BRAZILIAN RIO RADIANCE 90ML","author":"admin","date":"May 14, 2024","format":false,"excerpt":"D\u00e9couvrez le Sol Janeiro Rio Radiance, une brume parfum\u00e9e en \u00e9dition limit\u00e9e (90 ml) qui capture l'essence de la vie br\u00e9silienne, sans le co\u00fbt du billet d'avion. Plongez-vous dans une ambiance ensoleill\u00e9e avec chaque vaporisation, rappelant les journ\u00e9es de plage, les soir\u00e9es festives et l'odeur de la cr\u00e8me solaire. Ce\u2026","rel":"","context":"Similar post","block_context":{"text":"Similar post","link":""},"img":{"alt_text":"","src":"","width":0,"height":0},"classes":[]},{"id":33039,"url":"https:\/\/sakaba.mghosteur.com\/en\/product\/dove-exfoliant-body-polish-mango\/","url_meta":{"origin":32050,"position":3},"title":"DOVE EXFOLIANT BODY POLISH MANGO","author":"admin","date":"May 17, 2024","format":false,"excerpt":"Un gommage corporel au parfum de mangue tropicale qui r\u00e9v\u00e8le votre \u00e9clat naturel en exfoliant mod\u00e9r\u00e9ment la peau. Le gommage corporel utilise une exfoliation mod\u00e9r\u00e9e pour \u00e9liminer la peau terne \u2022 Formul\u00e9 avec des nettoyants sans sulfate d'origine naturelle \u2022 Parfum de mangue juteuse et d'amande cr\u00e9meuse \u2022 Avec \u00bc\u2026","rel":"","context":"Similar post","block_context":{"text":"Similar post","link":""},"img":{"alt_text":"","src":"","width":0,"height":0},"classes":[]},{"id":24246,"url":"https:\/\/sakaba.mghosteur.com\/en\/product\/victoria-secret-exfolianting-body-scrub\/","url_meta":{"origin":32050,"position":4},"title":"VICTORIA SECRET EXFOLIATING BODY SCRUB COCONUT MILK &amp; ROSE","author":"admin","date":"November 9, 2022","format":false,"excerpt":"Un nouveau genre de rituel corporel quotidien. R\u00e9v\u00e9lez une peau lisse et douce avec ce gommage au sucre riche. \u00c9limine la peau s\u00e8che gr\u00e2ce \u00e0 la poudre de coquille de noix exfoliante. Sentez-vous calme avec le parfum du lait de coco et de la rose. C'est une v\u00e9ritable tranquillit\u00e9. Fait\u2026","rel":"","context":"Similar post","block_context":{"text":"Similar post","link":""},"img":{"alt_text":"","src":"","width":0,"height":0},"classes":[]},{"id":34652,"url":"https:\/\/sakaba.mghosteur.com\/en\/product\/fenty-skin-melon-treat-hydrating-stengrethening-lip-oil\/","url_meta":{"origin":32050,"position":5},"title":"FENTY SKIN MELON TREAT HYDRATING + STENGRETHENING LIP OIL","author":"admin","date":"May 30, 2024","format":false,"excerpt":"Votre barri\u00e8re d'hydratation est la premi\u00e8re ligne de d\u00e9fense de vos l\u00e8vres contre les \u00e9l\u00e9ments. Gardez-la forte et elle restera plus hydrat\u00e9e, plus lisse et sans squames. Cette huile pour les l\u00e8vres ultra-hydratante et non collante est transparente et maintient la barri\u00e8re d'hydratation des l\u00e8vres sous contr\u00f4le Hydrate et renforce\u2026","rel":"","context":"Similar post","block_context":{"text":"Similar post","link":""},"img":{"alt_text":"","src":"","width":0,"height":0},"classes":[]}],"_links":{"self":[{"href":"https:\/\/sakaba.mghosteur.com\/en\/wp-json\/wp\/v2\/product\/32050","targetHints":{"allow":["GET"]}}],"collection":[{"href":"https:\/\/sakaba.mghosteur.com\/en\/wp-json\/wp\/v2\/product"}],"about":[{"href":"https:\/\/sakaba.mghosteur.com\/en\/wp-json\/wp\/v2\/types\/product"}],"replies":[{"embeddable":true,"href":"https:\/\/sakaba.mghosteur.com\/en\/wp-json\/wp\/v2\/comments?post=32050"}],"version-history":[{"count":0,"href":"https:\/\/sakaba.mghosteur.com\/en\/wp-json\/wp\/v2\/product\/32050\/revisions"}],"wp:attachment":[{"href":"https:\/\/sakaba.mghosteur.com\/en\/wp-json\/wp\/v2\/media?parent=32050"}],"wp:term":[{"taxonomy":"product_brand","embeddable":true,"href":"https:\/\/sakaba.mghosteur.com\/en\/wp-json\/wp\/v2\/product_brand?post=32050"},{"taxonomy":"product_cat","embeddable":true,"href":"https:\/\/sakaba.mghosteur.com\/en\/wp-json\/wp\/v2\/product_cat?post=32050"},{"taxonomy":"product_tag","embeddable":true,"href":"https:\/\/sakaba.mghosteur.com\/en\/wp-json\/wp\/v2\/product_tag?post=32050"}],"curies":[{"name":"wp","href":"https:\/\/api.w.org\/{rel}","templated":true}]}}