{"id":32055,"date":"2024-05-13T16:35:04","date_gmt":"2024-05-13T16:35:04","guid":{"rendered":"https:\/\/sakaba.mghosteur.com\/?post_type=product&#038;p=32055"},"modified":"2024-08-09T01:39:20","modified_gmt":"2024-08-09T01:39:20","slug":"victoria-secret-almond-blossom-oat-milk","status":"publish","type":"product","link":"https:\/\/sakaba.mghosteur.com\/en\/product\/victoria-secret-almond-blossom-oat-milk\/","title":{"rendered":"VICTORIA SECRET ALMOND BLOSSOM OAT MILK"},"content":{"rendered":"<p>La Brume parfum\u00e9e corps Natural Beauty Almond Blossom &amp; Oat Milk est le nouveau rituel beaut\u00e9 pour votre corps. R\u00e9veillez vos sens avec notre brume parfum\u00e9e rafra\u00eechissante. Vaporisez-en une touche pour vous mettre de bonne humeur et sentir bon de la t\u00eate aux pieds. Laissez-vous envo\u00fbter par l&#8217;odeur du lait d&#8217;avoine et de la fleur d&#8217;amandier. Un moment de qui\u00e9tude. Fait partie des produits corps de la collection Natural Beauty inspir\u00e9e de la nature pour une peau douce \u00e0 l\u2019aspect sain. Bienfaits parfum\u00e9s. Des formules somptueuses et efficaces. Inspiration botanique, transformation quotidienne.<\/p>\n<ul>\n<li>Type de parfum : Floral et sensuel<\/li>\n<li>Pour optimiser les bienfaits de ce produit, associez-le au lait parfum\u00e9 hydratant corps, au gommage exfoliant pour le corps et \u00e0 la cr\u00e8me nettoyante hydratante pour le corps de la collection Natural beauty.<\/li>\n<li>250 ml\/8,4 fl ozLa Brume parfum\u00e9e corps Natural Beauty Almond Blossom &amp; Oat Milk est le nouveau rituel beaut\u00e9 pour votre corps. R\u00e9veillez vos sens avec notre brume parfum\u00e9e rafra\u00eechissante. Vaporisez-en une touche pour vous mettre de bonne humeur et sentir bon de la t\u00eate aux pieds. Laissez-vous envo\u00fbter par l&#8217;odeur du lait d&#8217;avoine et de la fleur d&#8217;amandier. Un moment de qui\u00e9tude. Fait partie des produits corps de la collection Natural Beauty inspir\u00e9e de la nature pour une peau douce \u00e0 l\u2019aspect sain. Bienfaits parfum\u00e9s. Des formules somptueuses et efficaces. Inspiration botanique, transformation quotidienne.\n<ul>\n<li>Type de parfum : Floral et sensuel<\/li>\n<li>Pour optimiser les bienfaits de ce produit, associez-le au lait parfum\u00e9 hydratant corps, au gommage exfoliant pour le corps et \u00e0 la cr\u00e8me nettoyante hydratante pour le corps de la collection Natural beauty.<\/li>\n<li>250 ml\/8,4 fl oz<\/li>\n<\/ul>\n<\/li>\n<\/ul>","protected":false},"excerpt":{"rendered":"<p>La Brume parfum\u00e9e corps Natural Beauty Almond Blossom &amp; Oat Milk est le nouveau rituel beaut\u00e9 pour votre corps. R\u00e9veillez vos sens avec notre brume parfum\u00e9e rafra\u00eechissante. Vaporisez-en une touche pour vous mettre de bonne humeur et sentir bon de la t\u00eate aux pieds. Laissez-vous envo\u00fbter par l&#8217;odeur du lait d&#8217;avoine et de la fleur<span class=\"read-more-faq\"><a href=\"https:\/\/sakaba.mghosteur.com\/en\/product\/victoria-secret-almond-blossom-oat-milk\/\">Read More<\/a><\/span><\/p>","protected":false},"featured_media":0,"comment_status":"open","ping_status":"closed","template":"","meta":[],"product_brand":[1008],"product_cat":[283,376],"product_tag":[],"class_list":{"0":"post-32055","1":"product","2":"type-product","3":"status-publish","5":"product_brand-victoria-secret","6":"product_cat-aah-parfums","7":"product_cat-victoria-secret","9":"first","10":"instock","11":"shipping-taxable","12":"product-type-simple"},"jetpack-related-posts":[{"id":24246,"url":"https:\/\/sakaba.mghosteur.com\/en\/product\/victoria-secret-exfolianting-body-scrub\/","url_meta":{"origin":32055,"position":0},"title":"VICTORIA SECRET EXFOLIATING BODY SCRUB COCONUT MILK &amp; ROSE","author":"admin","date":"November 9, 2022","format":false,"excerpt":"Un nouveau genre de rituel corporel quotidien. R\u00e9v\u00e9lez une peau lisse et douce avec ce gommage au sucre riche. \u00c9limine la peau s\u00e8che gr\u00e2ce \u00e0 la poudre de coquille de noix exfoliante. Sentez-vous calme avec le parfum du lait de coco et de la rose. C'est une v\u00e9ritable tranquillit\u00e9. Fait\u2026","rel":"","context":"Similar post","block_context":{"text":"Similar post","link":""},"img":{"alt_text":"","src":"","width":0,"height":0},"classes":[]},{"id":24136,"url":"https:\/\/sakaba.mghosteur.com\/en\/product\/jergens-original-scent-cherry-almond\/","url_meta":{"origin":32055,"position":1},"title":"JERGENS ORIGINAL SCENT CHERRY ALMOND 21,0 fl oz","author":"admin","date":"November 9, 2022","format":false,"excerpt":"D\u00e9couvrez la lotion hydratante Cerise Amande de Jergens, un soin parfait pour les peaux normales \u00e0 s\u00e8ches qui cherchent \u00e0 retrouver une hydratation optimale. Cette lotion aide \u00e0 soulager la peau s\u00e8che et \u00e0 restaurer la luminosit\u00e9 de la peau. Le parfum embl\u00e9matique de Jergens Cherry Almond laissera votre peau\u2026","rel":"","context":"Similar post","block_context":{"text":"Similar post","link":""},"img":{"alt_text":"","src":"","width":0,"height":0},"classes":[]},{"id":32411,"url":"https:\/\/sakaba.mghosteur.com\/en\/product\/sol-janeiro-beija-flor-jet-set\/","url_meta":{"origin":32055,"position":2},"title":"SOL JANEIRO BEIJA FLOR JET SET","author":"admin","date":"May 14, 2024","format":false,"excerpt":"Ce coffret propose une s\u00e9lection soigneusement choisie de produits de soin, id\u00e9aux pour chouchouter votre peau. Il comprend : Gel Douche R\u00e9g\u00e9n\u00e9rant Beija Flor (90ml) : Offrez \u00e0 votre peau une exp\u00e9rience revitalisante avec ce gel douche. Sa formule cr\u00e9meuse se transforme en une mousse onctueuse, laissant votre peau hydrat\u00e9e\u2026","rel":"","context":"Similar post","block_context":{"text":"Similar post","link":""},"img":{"alt_text":"","src":"","width":0,"height":0},"classes":[]},{"id":29620,"url":"https:\/\/sakaba.mghosteur.com\/en\/product\/nuxe-trousse-collection-prodigieuse\/","url_meta":{"origin":32055,"position":3},"title":"Nuxe Trousse Collection Prodigieuse","author":"admin","date":"April 11, 2023","format":false,"excerpt":"D\u00e9couvrez la Trousse Collection Prodigieuse de Nuxe, un indispensable pour prendre soin de votre peau et de vos cheveux. Cette trousse contient trois produits de la c\u00e9l\u00e8bre marque Nuxe : L'Huile Prodigieuse\u00ae de 100ml : une huile s\u00e8che multi-usage pour nourrir et adoucir la peau et les cheveux. Le Prodigieux\u00ae\u2026","rel":"","context":"Similar post","block_context":{"text":"Similar post","link":""},"img":{"alt_text":"","src":"","width":0,"height":0},"classes":[]},{"id":32426,"url":"https:\/\/sakaba.mghosteur.com\/en\/product\/sol-janeiro-bom-dia-bright-jet-set\/","url_meta":{"origin":32055,"position":4},"title":"SOL JANEIRO BOM DIA BRIGHT JET SET","author":"admin","date":"May 14, 2024","format":false,"excerpt":"Ce coffret renferme: Une cr\u00e8me Brazilian Bom Dia Bright de 50 ml Un gel douche Bom Dia Bright Clarifying aux AHA BHA de 90 ml Une brume parfum\u00e9e pour le corps Brazilian Crush Cheirosa de 30 ml Lib\u00e9r\u00e9 des sulfates de sodium et du sodium laureth sulfate, exempt de parab\u00e8nes,\u2026","rel":"","context":"Similar post","block_context":{"text":"Similar post","link":""},"img":{"alt_text":"","src":"","width":0,"height":0},"classes":[]},{"id":32474,"url":"https:\/\/sakaba.mghosteur.com\/en\/product\/sol-janeiro-bum-bum-summer-jet-set\/","url_meta":{"origin":32055,"position":5},"title":"SOL JANEIRO BUM BUM SUMMER JET SET","author":"admin","date":"May 14, 2024","format":false,"excerpt":"D\u00e9couvrez d\u00e8s maintenant le parfum embl\u00e9matique de cette marque avec ce coffret. Voyager peut certainement affecter votre peau, mais avec l'ajout du Bum Bum Jet Set de Sol De Janeiro dans votre valise, vous pouvez \u00eatre s\u00fbr que tous vos produits de soin pr\u00e9f\u00e9r\u00e9s seront \u00e0 port\u00e9e de main cette\u2026","rel":"","context":"Similar post","block_context":{"text":"Similar post","link":""},"img":{"alt_text":"","src":"","width":0,"height":0},"classes":[]}],"_links":{"self":[{"href":"https:\/\/sakaba.mghosteur.com\/en\/wp-json\/wp\/v2\/product\/32055","targetHints":{"allow":["GET"]}}],"collection":[{"href":"https:\/\/sakaba.mghosteur.com\/en\/wp-json\/wp\/v2\/product"}],"about":[{"href":"https:\/\/sakaba.mghosteur.com\/en\/wp-json\/wp\/v2\/types\/product"}],"replies":[{"embeddable":true,"href":"https:\/\/sakaba.mghosteur.com\/en\/wp-json\/wp\/v2\/comments?post=32055"}],"version-history":[{"count":0,"href":"https:\/\/sakaba.mghosteur.com\/en\/wp-json\/wp\/v2\/product\/32055\/revisions"}],"wp:attachment":[{"href":"https:\/\/sakaba.mghosteur.com\/en\/wp-json\/wp\/v2\/media?parent=32055"}],"wp:term":[{"taxonomy":"product_brand","embeddable":true,"href":"https:\/\/sakaba.mghosteur.com\/en\/wp-json\/wp\/v2\/product_brand?post=32055"},{"taxonomy":"product_cat","embeddable":true,"href":"https:\/\/sakaba.mghosteur.com\/en\/wp-json\/wp\/v2\/product_cat?post=32055"},{"taxonomy":"product_tag","embeddable":true,"href":"https:\/\/sakaba.mghosteur.com\/en\/wp-json\/wp\/v2\/product_tag?post=32055"}],"curies":[{"name":"wp","href":"https:\/\/api.w.org\/{rel}","templated":true}]}}