{"id":32056,"date":"2024-05-13T16:35:22","date_gmt":"2024-05-13T16:35:22","guid":{"rendered":"https:\/\/sakaba.mghosteur.com\/?post_type=product&#038;p=32056"},"modified":"2024-05-23T12:25:47","modified_gmt":"2024-05-23T12:25:47","slug":"mielle-rosemary-mint-strengtening-scalp-hair-quencher","status":"publish","type":"product","link":"https:\/\/sakaba.mghosteur.com\/en\/product\/mielle-rosemary-mint-strengtening-scalp-hair-quencher\/","title":{"rendered":"MIELLE ROSEMARY MINT STRENGTENING SCALP HAIR QUENCHER"},"content":{"rendered":"<p><b><span>La pommade-\u00e0-huile pour le cuir chevelu et les cheveux au romarin et \u00e0 la menthe de Mielle\u00a0<\/span><\/b><span style=\"font-weight: 400;\"><span>est une coiffure revitalisante qui se transforme d&#8217;une pommade en une huile. Il d\u00e9salt\u00e8re le cuir chevelu, hydrate les cheveux secs et assoiff\u00e9s et aide \u00e0\u00a0\u00a0<\/span><\/span><span style=\"font-weight: 400;\"><span>prot\u00e9ger du dess\u00e8chement. Cette coiffure lisse les m\u00e8ches rebelles et ajoute de la brillance pour des cheveux doux et faciles \u00e0 coiffer. Pour les styles boucl\u00e9s, liss\u00e9s thermiquement et protecteurs.<\/span><\/span><\/p>\n<p><strong><span>Avantages cl\u00e9s:<\/span><\/strong><\/p>\n<ul>\n<li><span>Se transforme de pommade en huile&#8230; facile \u00e0 appliquer sur les cheveux<\/span><\/li>\n<li><span>Ajoute de l&#8217;humidit\u00e9 et prot\u00e8ge contre la s\u00e9cheresse<\/span><\/li>\n<li><span>Augmente la douceur et la maniabilit\u00e9<\/span><\/li>\n<li><span>Ajoute de la brillance aux cheveux ternes et lisse les cheveux rebelles<\/span><\/li>\n<li><span>Conditionne et nourrit<\/span><\/li>\n<li><span>Soutient des cheveux plus longs et plus sains<\/span><\/li>\n<li><span>SANS parab\u00e8nes, sulfates, paraffines, huile min\u00e9rale ou DEA<\/span><\/li>\n<\/ul>\n<p><strong><span>5 onces | Id\u00e9al pour les cheveux boucl\u00e9s, liss\u00e9s thermiquement et protecteurs.<\/span><\/strong><\/p>","protected":false},"excerpt":{"rendered":"<p>La pommade-\u00e0-huile pour le cuir chevelu et les cheveux au romarin et \u00e0 la menthe de Mielle\u00a0est une coiffure revitalisante qui se transforme d&#8217;une pommade en une huile. Il d\u00e9salt\u00e8re le cuir chevelu, hydrate les cheveux secs et assoiff\u00e9s et aide \u00e0\u00a0\u00a0prot\u00e9ger du dess\u00e8chement. Cette coiffure lisse les m\u00e8ches rebelles et ajoute de la brillance<span class=\"read-more-faq\"><a href=\"https:\/\/sakaba.mghosteur.com\/en\/product\/mielle-rosemary-mint-strengtening-scalp-hair-quencher\/\">Read More<\/a><\/span><\/p>","protected":false},"featured_media":0,"comment_status":"open","ping_status":"closed","template":"","meta":[],"product_brand":[916],"product_cat":[284,368,1063],"product_tag":[],"class_list":{"0":"post-32056","1":"product","2":"type-product","3":"status-publish","5":"product_brand-mielle","6":"product_cat-aad-cheveux","7":"product_cat-shampoing-et-apres-shampoing","8":"product_cat-traitement-capilaire","10":"first","11":"instock","12":"shipping-taxable","13":"product-type-simple"},"jetpack-related-posts":[{"id":26134,"url":"https:\/\/sakaba.mghosteur.com\/en\/product\/sunny-kle-extra-dark-hair-food-pomade\/","url_meta":{"origin":32056,"position":0},"title":"SUNNY ISLE EXTRA DARK HAIR FOOD POMADE","author":"admin","date":"November 24, 2022","format":false,"excerpt":"La pommade capillaire Sunny Isle Extra Dark Jamaican Black Castor Oil est une pommade 100 % naturelle qui peut hydrater le cuir chevelu sec, pr\u00e9venir la casse des cheveux et lutter contre les pellicules. Elle convient \u00e9galement aux cheveux naturels ou en transition et peut ajouter de la d\u00e9finition et\u2026","rel":"","context":"Similar post","block_context":{"text":"Similar post","link":""},"img":{"alt_text":"","src":"","width":0,"height":0},"classes":[]},{"id":35998,"url":"https:\/\/sakaba.mghosteur.com\/en\/product\/mielle-rice-water-collection-shine-mist-118ml\/","url_meta":{"origin":32056,"position":1},"title":"MIELLE RICE WATER COLLECTION SHINE MIST 118ML","author":"admin","date":"August 11, 2024","format":false,"excerpt":"Id\u00e9al pour r\u00e9hydrater et rafra\u00eechir les boucles. L'eau de riz et le yuzu sont la combinaison parfaite pour plus de brillance et d'hydratation.\u00a0\u00a0Cette brume l\u00e9g\u00e8re ajoute non seulement de la brillance, mais hydrate \u00e9galement et aide \u00e0 pr\u00e9venir les m\u00e8ches rebelles. Comment utiliser Appliquer sur cheveux humides ou secs, coiffer\u2026","rel":"","context":"Similar post","block_context":{"text":"Similar post","link":""},"img":{"alt_text":"","src":"","width":0,"height":0},"classes":[]},{"id":29704,"url":"https:\/\/sakaba.mghosteur.com\/en\/product\/palmers-length-retention-hair-scalp-oil\/","url_meta":{"origin":32056,"position":2},"title":"PALMERS LENGTH RETENTION HAIR + SCALP OIL","author":"admin","date":"April 14, 2023","format":false,"excerpt":"D\u00e9couvrez l'huile de r\u00e9tention des cheveux et du cuir chevelu Palmer's, une solution nourrissante pour vos cheveux. Cette huile est con\u00e7ue pour tous les types de boucles et textures de cheveux, et est assez douce pour un usage quotidien. Enrichie d'ingr\u00e9dients naturels, cette huile hydrate et ajoute une brillance durable\u2026","rel":"","context":"Similar post","block_context":{"text":"Similar post","link":""},"img":{"alt_text":"","src":"","width":0,"height":0},"classes":[]},{"id":32042,"url":"https:\/\/sakaba.mghosteur.com\/en\/product\/mielle-rosemary-mint-blend-conditionner\/","url_meta":{"origin":32056,"position":3},"title":"MIELLE ROSEMARY MINT BLEND CONDITIONNER","author":"admin","date":"May 13, 2024","format":false,"excerpt":"Le revitalisant fortifiant au romarin et \u00e0 la menthe offre l\u2019\u00e9quilibre parfait entre force et hydratation pour am\u00e9liorer l\u2019\u00e9tat g\u00e9n\u00e9ral des cheveux et du cuir chevelu. Adoucit et d\u00e9m\u00eale instantan\u00e9ment pour une maniabilit\u00e9 accrue. Soutient des cheveux plus longs et plus sains. Avantages cl\u00e9s: De l'huile fortifiante pour le cuir\u2026","rel":"","context":"Similar post","block_context":{"text":"Similar post","link":""},"img":{"alt_text":"","src":"","width":0,"height":0},"classes":[]},{"id":26092,"url":"https:\/\/sakaba.mghosteur.com\/en\/product\/mielle-babassu-mint-deep-conditioner\/","url_meta":{"origin":32056,"position":4},"title":"MIELLE BABASSU &amp; MINT DEEP CONDITIONER","author":"admin","date":"November 24, 2022","format":false,"excerpt":"Le revitalisant en profondeur \u00e0 base de prot\u00e9ines et d'hydratation \u00e0 l'huile de babassu et \u00e0 la menthe restaurera les cheveux secs et ab\u00eem\u00e9s. Ce fruit de palmier originaire d'Amazonie est riche en st\u00e9rols et en tocoph\u00e9rols, qui sont sains pour les cheveux et le cuir chevelu. Enrichi en acides\u2026","rel":"","context":"Similar post","block_context":{"text":"Similar post","link":""},"img":{"alt_text":"","src":"","width":0,"height":0},"classes":[]},{"id":31683,"url":"https:\/\/sakaba.mghosteur.com\/en\/product\/sulfur8-medicated-light-formula-anti-dandruff\/","url_meta":{"origin":32056,"position":5},"title":"SULFUR8 MEDICATED LIGHT FORMULA ANTI DANDRUFF","author":"admin","date":"May 10, 2024","format":false,"excerpt":"Shampooing m\u00e9dicamenteux et revitalisant du cuir chevelu Sulfur 8. Sa formule l\u00e9g\u00e8re au soufre-8 offre une hydratation et un adoucissement aux cheveux secs et au cuir chevelu, sans les alourdir. Cette solution embellit les cheveux tout en les rendant plus faciles \u00e0 coiffer et en ajoutant de la brillance. Adapt\u00e9\u2026","rel":"","context":"Similar post","block_context":{"text":"Similar post","link":""},"img":{"alt_text":"","src":"","width":0,"height":0},"classes":[]}],"_links":{"self":[{"href":"https:\/\/sakaba.mghosteur.com\/en\/wp-json\/wp\/v2\/product\/32056","targetHints":{"allow":["GET"]}}],"collection":[{"href":"https:\/\/sakaba.mghosteur.com\/en\/wp-json\/wp\/v2\/product"}],"about":[{"href":"https:\/\/sakaba.mghosteur.com\/en\/wp-json\/wp\/v2\/types\/product"}],"replies":[{"embeddable":true,"href":"https:\/\/sakaba.mghosteur.com\/en\/wp-json\/wp\/v2\/comments?post=32056"}],"version-history":[{"count":0,"href":"https:\/\/sakaba.mghosteur.com\/en\/wp-json\/wp\/v2\/product\/32056\/revisions"}],"wp:attachment":[{"href":"https:\/\/sakaba.mghosteur.com\/en\/wp-json\/wp\/v2\/media?parent=32056"}],"wp:term":[{"taxonomy":"product_brand","embeddable":true,"href":"https:\/\/sakaba.mghosteur.com\/en\/wp-json\/wp\/v2\/product_brand?post=32056"},{"taxonomy":"product_cat","embeddable":true,"href":"https:\/\/sakaba.mghosteur.com\/en\/wp-json\/wp\/v2\/product_cat?post=32056"},{"taxonomy":"product_tag","embeddable":true,"href":"https:\/\/sakaba.mghosteur.com\/en\/wp-json\/wp\/v2\/product_tag?post=32056"}],"curies":[{"name":"wp","href":"https:\/\/api.w.org\/{rel}","templated":true}]}}