{"id":32059,"date":"2024-05-13T16:36:41","date_gmt":"2024-05-13T16:36:41","guid":{"rendered":"https:\/\/sakaba.mghosteur.com\/?post_type=product&#038;p=32059"},"modified":"2024-09-01T03:59:20","modified_gmt":"2024-09-01T03:59:20","slug":"sephora-mascara-01-ultra-black-size-up","status":"publish","type":"product","link":"https:\/\/sakaba.mghosteur.com\/en\/product\/sephora-mascara-01-ultra-black-size-up\/","title":{"rendered":"SEPHORA MASCARA 01 ULTRA BLACK SIZE UP"},"content":{"rendered":"<h2 class=\"default\">Description du produit<\/h2>\n<div id=\"productDescription\" class=\"a-section a-spacing-small\">\n<p>Ce mascara Sephora Collection offre un volume instantan\u00e9 extra large et allonge et bouclera les cils pour des r\u00e9sultats spectaculaires en un seul geste. Quel type de maquillage ressemble \u00e0 un maquillage quotidien. Les cils ne peuvent jamais \u00eatre trop grands : plus de volume, veuillez vous donner des cils surdimensionn\u00e9s en un tour de main : + 180 % de volume en seulement quelques couches (1). Appliquez quelques couches pour obtenir un volume extr\u00eame gr\u00e2ce \u00e0 sa texture ultra constructible et passez des cils L \u00e0 XXL en quelques secondes. Les + : la formule vegan (2) longue tenue est enrichie en microbilles volumisantes et s&#8217;applique avec un pinceau sablier pour un volume instantan\u00e9. Les fibres plus courtes au milieu embrassent la couleur sur les cils pour un volume ultra noir intense. Des fibres plus longues aux extr\u00e9mit\u00e9s r\u00e9partissent la formule de la racine \u00e0 la pointe pour des cils plus longs, courb\u00e9s et pleins.<\/p>\n<\/div>","protected":false},"excerpt":{"rendered":"<p>Description du produit Ce mascara Sephora Collection offre un volume instantan\u00e9 extra large et allonge et bouclera les cils pour des r\u00e9sultats spectaculaires en un seul geste. Quel type de maquillage ressemble \u00e0 un maquillage quotidien. Les cils ne peuvent jamais \u00eatre trop grands : plus de volume, veuillez vous donner des cils surdimensionn\u00e9s en<span class=\"read-more-faq\"><a href=\"https:\/\/sakaba.mghosteur.com\/en\/product\/sephora-mascara-01-ultra-black-size-up\/\">Read More<\/a><\/span><\/p>","protected":false},"featured_media":0,"comment_status":"open","ping_status":"closed","template":"","meta":[],"product_brand":[966],"product_cat":[289,297],"product_tag":[],"class_list":{"0":"post-32059","1":"product","2":"type-product","3":"status-publish","5":"product_brand-sephora","6":"product_cat-aaa-maquillage","7":"product_cat-yeux","9":"first","10":"instock","11":"shipping-taxable","12":"product-type-simple"},"jetpack-related-posts":[{"id":34487,"url":"https:\/\/sakaba.mghosteur.com\/en\/product\/fenty-beauty-mascara-volumateur-hella-thicc\/","url_meta":{"origin":32059,"position":0},"title":"FENTY BEAUTY MASCARA VOLUMATEUR HELLA THICC","author":"admin","date":"May 29, 2024","format":false,"excerpt":"Obtenez des cils \u00e9pais et rehauss\u00e9s avec ce mascara longue tenue. La formule noire ultra-cr\u00e9meuse est dot\u00e9e d'une brosse qui recouvre chaque cil pour un effet extravagant.","rel":"","context":"Similar post","block_context":{"text":"Similar post","link":""},"img":{"alt_text":"","src":"","width":0,"height":0},"classes":[]},{"id":33531,"url":"https:\/\/sakaba.mghosteur.com\/en\/product\/cala-3d-faux-mink-pixie\/","url_meta":{"origin":32059,"position":1},"title":"CALA 3D FAUX MINK PIXIE","author":"admin","date":"May 22, 2024","format":false,"excerpt":"Ajoutez une profondeur de volume subtile \u00e0 n'importe quel regard avec ces faux cils 3D en vison l\u00e9gers. Le motif crois\u00e9 unique imite la formation de vos cils naturels, vous laissant avec une finition sans effort.","rel":"","context":"Similar post","block_context":{"text":"Similar post","link":""},"img":{"alt_text":"","src":"","width":0,"height":0},"classes":[]},{"id":24285,"url":"https:\/\/sakaba.mghosteur.com\/en\/product\/the-ordinary-hair-care-multi-peptide-serum\/","url_meta":{"origin":32059,"position":2},"title":"THE ORDINARY LASH AND BROW SERUM","author":"admin","date":"November 9, 2022","format":false,"excerpt":"Obtenez des cils et des sourcils plus \u00e9pais et plus sains avec le s\u00e9rum multi-peptide pour les cils et les sourcils de The Ordinary. Cette formule l\u00e9g\u00e8re et non grasse contient 11 ingr\u00e9dients actifs, dont quatre complexes peptidiques et une s\u00e9rie d'extraits naturels, pour aider \u00e0 nourrir et \u00e0 prot\u00e9ger\u2026","rel":"","context":"Similar post","block_context":{"text":"Similar post","link":""},"img":{"alt_text":"","src":"","width":0,"height":0},"classes":[]},{"id":24505,"url":"https:\/\/sakaba.mghosteur.com\/en\/product\/la-colors-drama-x-volume-mascara\/","url_meta":{"origin":32059,"position":3},"title":"LA Colors Drama X Volume Mascara","author":"admin","date":"November 10, 2022","format":false,"excerpt":"","rel":"","context":"Similar post","block_context":{"text":"Similar post","link":""},"img":{"alt_text":"","src":"","width":0,"height":0},"classes":[]},{"id":31636,"url":"https:\/\/sakaba.mghosteur.com\/en\/product\/the-inkey-list-tripeptide-plumpling-lip-balm\/","url_meta":{"origin":32059,"position":4},"title":"THE INKEY LIST TRIPEPTIDE PLUMPLING LIP BALM","author":"admin","date":"May 10, 2024","format":false,"excerpt":"Baume \u00e0 L\u00e8vres Repulpant Tripeptide \u2013 Teinte Roseamide ou du r\u00e9tinol. Cliniquement prouv\u00e9 pour repulper les l\u00e8vres jusqu'\u00e0 40 % en 4 semaines*, ce baume \u00e0 l\u00e8vres repulpant tripeptide viral et prim\u00e9 est de retour dans une nouvelle teinte rose \u00e0 l\u00e8vres modulable et universellement flatteuse pour redonner du volume\u2026","rel":"","context":"Similar post","block_context":{"text":"Similar post","link":""},"img":{"alt_text":"","src":"","width":0,"height":0},"classes":[]},{"id":29063,"url":"https:\/\/sakaba.mghosteur.com\/en\/product\/hydrating-makeup-removing-plant-based-wipes\/","url_meta":{"origin":32059,"position":5},"title":"HYDRATING MAKEUP REMOVING PLANT BASED WIPES","author":"admin","date":"March 13, 2023","format":false,"excerpt":"Les lingettes d\u00e9maquillantes hydratantes \u00e0 base de plantes de CeraVe sont une solution efficace pour nettoyer la peau en \u00e9liminant le maquillage, la salet\u00e9 et l'huile. D\u00e9velopp\u00e9es avec des dermatologues, ces lingettes d\u00e9maquillantes sont douces mais efficaces pour enlever le mascara, m\u00eame s'il est imperm\u00e9able. Elles emprisonnent l'hydratation pour laisser\u2026","rel":"","context":"Similar post","block_context":{"text":"Similar post","link":""},"img":{"alt_text":"","src":"","width":0,"height":0},"classes":[]}],"_links":{"self":[{"href":"https:\/\/sakaba.mghosteur.com\/en\/wp-json\/wp\/v2\/product\/32059","targetHints":{"allow":["GET"]}}],"collection":[{"href":"https:\/\/sakaba.mghosteur.com\/en\/wp-json\/wp\/v2\/product"}],"about":[{"href":"https:\/\/sakaba.mghosteur.com\/en\/wp-json\/wp\/v2\/types\/product"}],"replies":[{"embeddable":true,"href":"https:\/\/sakaba.mghosteur.com\/en\/wp-json\/wp\/v2\/comments?post=32059"}],"version-history":[{"count":0,"href":"https:\/\/sakaba.mghosteur.com\/en\/wp-json\/wp\/v2\/product\/32059\/revisions"}],"wp:attachment":[{"href":"https:\/\/sakaba.mghosteur.com\/en\/wp-json\/wp\/v2\/media?parent=32059"}],"wp:term":[{"taxonomy":"product_brand","embeddable":true,"href":"https:\/\/sakaba.mghosteur.com\/en\/wp-json\/wp\/v2\/product_brand?post=32059"},{"taxonomy":"product_cat","embeddable":true,"href":"https:\/\/sakaba.mghosteur.com\/en\/wp-json\/wp\/v2\/product_cat?post=32059"},{"taxonomy":"product_tag","embeddable":true,"href":"https:\/\/sakaba.mghosteur.com\/en\/wp-json\/wp\/v2\/product_tag?post=32059"}],"curies":[{"name":"wp","href":"https:\/\/api.w.org\/{rel}","templated":true}]}}