{"id":32063,"date":"2024-05-13T16:37:15","date_gmt":"2024-05-13T16:37:15","guid":{"rendered":"https:\/\/sakaba.mghosteur.com\/?post_type=product&#038;p=32063"},"modified":"2024-08-08T03:44:02","modified_gmt":"2024-08-08T03:44:02","slug":"naturium-phyto-glow-lip-mask-15g","status":"publish","type":"product","link":"https:\/\/sakaba.mghosteur.com\/en\/product\/naturium-phyto-glow-lip-mask-15g\/","title":{"rendered":"NATURIUM PHYTO GLOW LIP MASK 15g"},"content":{"rendered":"<p>Ce masque pour les l\u00e8vres intens\u00e9ment hydratant offre une hydratation essentielle pour restaurer et reconstituer les l\u00e8vres. Formul\u00e9 avec du beurre de karit\u00e9, de l&#8217;huile d&#8217;avocat et de l&#8217;huile de jojoba, ce soin nourrissant apaise pour des l\u00e8vres d&#8217;apparence plus saine.<\/p>\n<p><strong class=\"heading\"><span>AVANTAGES<\/span><\/strong><\/p>\n<div class=\"body\">\n<p>Revitalise et nourrit les l\u00e8vres en profondeur.<br \/>\nLaisse les l\u00e8vres douces, souples et lisses.<\/p>\n<p><strong class=\"heading\"><span>COMMENT UTILISER<\/span><\/strong><\/p>\n<div class=\"body\">\n<p><span>Appliquer tout au long de la journ\u00e9e ou utiliser comme traitement sans rin\u00e7age pendant la nuit.<\/span><\/p>\n<\/div>\n<\/div>","protected":false},"excerpt":{"rendered":"<p>Ce masque pour les l\u00e8vres intens\u00e9ment hydratant offre une hydratation essentielle pour restaurer et reconstituer les l\u00e8vres. Formul\u00e9 avec du beurre de karit\u00e9, de l&#8217;huile d&#8217;avocat et de l&#8217;huile de jojoba, ce soin nourrissant apaise pour des l\u00e8vres d&#8217;apparence plus saine. AVANTAGES Revitalise et nourrit les l\u00e8vres en profondeur. Laisse les l\u00e8vres douces, souples et<span class=\"read-more-faq\"><a href=\"https:\/\/sakaba.mghosteur.com\/en\/product\/naturium-phyto-glow-lip-mask-15g\/\">Read More<\/a><\/span><\/p>","protected":false},"featured_media":0,"comment_status":"open","ping_status":"closed","template":"","meta":[],"product_brand":[927],"product_cat":[1054,451],"product_tag":[],"class_list":{"0":"post-32063","1":"product","2":"type-product","3":"status-publish","5":"product_brand-naturium","6":"product_cat-soins-des-levres","7":"product_cat-aab-soin-du-visage","9":"first","10":"instock","11":"shipping-taxable","12":"product-type-simple"},"jetpack-related-posts":[{"id":29555,"url":"https:\/\/sakaba.mghosteur.com\/en\/product\/fenty-cherry-treat\/","url_meta":{"origin":32063,"position":0},"title":"FENTY CHERRY TREAT","author":"admin","date":"April 7, 2023","format":false,"excerpt":"D\u00e9couvrez CHERRY TREAT de la marque FENTY ! Offrez \u00e0 vos l\u00e8vres une barri\u00e8re d'hydratation renforc\u00e9e gr\u00e2ce \u00e0 ce merveilleux produit. Vos l\u00e8vres sont votre premi\u00e8re ligne de d\u00e9fense contre les \u00e9l\u00e9ments ext\u00e9rieurs, alors gardez-les hydrat\u00e9es, douces et sans pellicules. Cette huile \u00e0 l\u00e8vres ultra-hydratante et non collante nourrit vos\u2026","rel":"","context":"Similar post","block_context":{"text":"Similar post","link":""},"img":{"alt_text":"","src":"","width":0,"height":0},"classes":[]},{"id":34652,"url":"https:\/\/sakaba.mghosteur.com\/en\/product\/fenty-skin-melon-treat-hydrating-stengrethening-lip-oil\/","url_meta":{"origin":32063,"position":1},"title":"FENTY SKIN MELON TREAT HYDRATING + STENGRETHENING LIP OIL","author":"admin","date":"May 30, 2024","format":false,"excerpt":"Votre barri\u00e8re d'hydratation est la premi\u00e8re ligne de d\u00e9fense de vos l\u00e8vres contre les \u00e9l\u00e9ments. Gardez-la forte et elle restera plus hydrat\u00e9e, plus lisse et sans squames. Cette huile pour les l\u00e8vres ultra-hydratante et non collante est transparente et maintient la barri\u00e8re d'hydratation des l\u00e8vres sous contr\u00f4le Hydrate et renforce\u2026","rel":"","context":"Similar post","block_context":{"text":"Similar post","link":""},"img":{"alt_text":"","src":"","width":0,"height":0},"classes":[]},{"id":24832,"url":"https:\/\/sakaba.mghosteur.com\/en\/product\/eos-100-natural-shea-lip-balm-vanilla-bean\/","url_meta":{"origin":32063,"position":2},"title":"EOS 100% Natural Shea Lip Balm Vanilla Bean","author":"admin","date":"November 11, 2022","format":false,"excerpt":"Le Baume \u00e0 L\u00e8vres B\u00e2ton Vanille de la marque EOS est un produit de beaut\u00e9 naturel et biologique qui hydrate et nourrit vos l\u00e8vres tout en leur offrant une saveur de vanille douce, riche et cr\u00e9meuse. Ce baume \u00e0 l\u00e8vres est compos\u00e9 d'ingr\u00e9dients de qualit\u00e9 sup\u00e9rieure, tels que l'huile de\u2026","rel":"","context":"Similar post","block_context":{"text":"Similar post","link":""},"img":{"alt_text":"","src":"","width":0,"height":0},"classes":[]},{"id":34219,"url":"https:\/\/sakaba.mghosteur.com\/en\/product\/fresh-rose-petal-soft-lip-cream\/","url_meta":{"origin":32063,"position":3},"title":"FRESH ROSE PETAL SOFT LIP CREAM","author":"admin","date":"May 27, 2024","format":false,"excerpt":"Hydratez vos l\u00e8vres avec la cr\u00e8me pour les l\u00e8vres hydratante en profondeur Rose Petal-Soft de Fresh. Cette formule soyeuse est enrichie en huile de fleur de rose nourrissante pour offrir jusqu'\u00e0 24 heures d'hydratation. Contribuant \u00e0 soulager les l\u00e8vres s\u00e8ches ou gerc\u00e9es, la cr\u00e8me revitalise pour favoriser une texture lisse\u2026","rel":"","context":"Similar post","block_context":{"text":"Similar post","link":""},"img":{"alt_text":"","src":"","width":0,"height":0},"classes":[]},{"id":31495,"url":"https:\/\/sakaba.mghosteur.com\/en\/product\/laneige-lip-sleeping-mask-gummy-bear\/","url_meta":{"origin":32063,"position":4},"title":"LANEIGE LIP SLEEPING MASK GUMMY BEAR","author":"admin","date":"May 10, 2024","format":false,"excerpt":"D\u00e9couvrez le masque de nuit nourrissant pour les l\u00e8vres. Ce produit de Laneige vous promet des l\u00e8vres douces d\u00e8s le r\u00e9veil, aussi d\u00e9licates que la peau d'un b\u00e9b\u00e9. Il agit comme un baume nourrissant, assurant une hydratation maximale tout en \u00e9liminant les peaux mortes. Enrichi d'un m\u00e9lange de vitamine C\u2026","rel":"","context":"Similar post","block_context":{"text":"Similar post","link":""},"img":{"alt_text":"","src":"","width":0,"height":0},"classes":[]},{"id":31478,"url":"https:\/\/sakaba.mghosteur.com\/en\/product\/laneige-lip-sleeping-mask-berry\/","url_meta":{"origin":32063,"position":5},"title":"LANEIGE LIP SLEEPING MASK BERRY","author":"admin","date":"May 10, 2024","format":false,"excerpt":"D\u00e9couvrez ce masque de sommeil pour les l\u00e8vres, sp\u00e9cialement con\u00e7u pour les l\u00e8vres gerc\u00e9es et dess\u00e9ch\u00e9es. Offrant une texture soyeuse et lisse, ce masque agit pendant la nuit pour r\u00e9v\u00e9ler des l\u00e8vres douces et fermes au r\u00e9veil. Enrichi en beurre de karit\u00e9 et en un complexe Berry Mix, ce masque\u2026","rel":"","context":"Similar post","block_context":{"text":"Similar post","link":""},"img":{"alt_text":"","src":"","width":0,"height":0},"classes":[]}],"_links":{"self":[{"href":"https:\/\/sakaba.mghosteur.com\/en\/wp-json\/wp\/v2\/product\/32063","targetHints":{"allow":["GET"]}}],"collection":[{"href":"https:\/\/sakaba.mghosteur.com\/en\/wp-json\/wp\/v2\/product"}],"about":[{"href":"https:\/\/sakaba.mghosteur.com\/en\/wp-json\/wp\/v2\/types\/product"}],"replies":[{"embeddable":true,"href":"https:\/\/sakaba.mghosteur.com\/en\/wp-json\/wp\/v2\/comments?post=32063"}],"version-history":[{"count":0,"href":"https:\/\/sakaba.mghosteur.com\/en\/wp-json\/wp\/v2\/product\/32063\/revisions"}],"wp:attachment":[{"href":"https:\/\/sakaba.mghosteur.com\/en\/wp-json\/wp\/v2\/media?parent=32063"}],"wp:term":[{"taxonomy":"product_brand","embeddable":true,"href":"https:\/\/sakaba.mghosteur.com\/en\/wp-json\/wp\/v2\/product_brand?post=32063"},{"taxonomy":"product_cat","embeddable":true,"href":"https:\/\/sakaba.mghosteur.com\/en\/wp-json\/wp\/v2\/product_cat?post=32063"},{"taxonomy":"product_tag","embeddable":true,"href":"https:\/\/sakaba.mghosteur.com\/en\/wp-json\/wp\/v2\/product_tag?post=32063"}],"curies":[{"name":"wp","href":"https:\/\/api.w.org\/{rel}","templated":true}]}}