{"id":32068,"date":"2024-05-13T16:39:02","date_gmt":"2024-05-13T16:39:02","guid":{"rendered":"https:\/\/sakaba.mghosteur.com\/?post_type=product&#038;p=32068"},"modified":"2024-09-01T13:26:09","modified_gmt":"2024-09-01T13:26:09","slug":"naturium-skin-renewing-retinol-body-lotion","status":"publish","type":"product","link":"https:\/\/sakaba.mghosteur.com\/en\/product\/naturium-skin-renewing-retinol-body-lotion\/","title":{"rendered":"NATURIUM SKIN RENEWING RETINOL BODY LOTION"},"content":{"rendered":"","protected":false},"excerpt":{"rendered":"","protected":false},"featured_media":0,"comment_status":"open","ping_status":"closed","template":"","meta":[],"product_brand":[927],"product_cat":[1095,385,447,1061],"product_tag":[],"class_list":{"0":"post-32068","1":"product","2":"type-product","3":"status-publish","5":"product_brand-naturium","6":"product_cat-anti-age","7":"product_cat-anti-vergetures","8":"product_cat-aac-bain-et-corps","9":"product_cat-lait-huile_corporelle","11":"first","12":"instock","13":"shipping-taxable","14":"product-type-simple"},"jetpack-related-posts":[{"id":32076,"url":"https:\/\/sakaba.mghosteur.com\/en\/product\/naturium-skin-renewing-retinol-body-lotion-414ml\/","url_meta":{"origin":32068,"position":0},"title":"NATURIUM SKIN RENEWING RETINOL BODY LOTION 414ML","author":"admin","date":"May 13, 2024","format":false,"excerpt":"La lotion corporelle au r\u00e9tinol favorise le renouvellement cutan\u00e9, am\u00e9liorant la texture, le teint et la fermet\u00e9 de la peau. Formul\u00e9e avec un complexe de r\u00e9tinol pur stabilis\u00e9 encapsul\u00e9 et de l'allanto\u00efne apaisante pour la peau, cette lotion laisse la peau douce, souple et nourrie tout en r\u00e9duisant les rougeurs\u2026","rel":"","context":"Similar post","block_context":{"text":"Similar post","link":""},"img":{"alt_text":"","src":"","width":0,"height":0},"classes":[]},{"id":23957,"url":"https:\/\/sakaba.mghosteur.com\/en\/product\/cerave-skin-renewing-retinol-serum\/","url_meta":{"origin":32068,"position":1},"title":"CERAVE SKIN RENEWING RETINOL SERUM","author":"admin","date":"November 9, 2022","format":false,"excerpt":"Le s\u00e9rum r\u00e9g\u00e9n\u00e9rant au r\u00e9tinol pour la peau douce de CeraVe est un excellent choix pour votre routine de soins anti-\u00e2ge. Ce s\u00e9rum est sp\u00e9cialement formul\u00e9 pour am\u00e9liorer l'apparence des ridules et des rides, de la texture et de l'\u00e9clat de votre peau. En utilisant ce s\u00e9rum, vous pourrez b\u00e9n\u00e9ficier\u2026","rel":"","context":"Similar post","block_context":{"text":"Similar post","link":""},"img":{"alt_text":"","src":"","width":0,"height":0},"classes":[]},{"id":31942,"url":"https:\/\/sakaba.mghosteur.com\/en\/product\/cerave-skin-renewing-day-with-sunscreen-broad-spectrum-spf-30-2\/","url_meta":{"origin":32068,"position":2},"title":"CERAVE SKIN RENEWING DAY WITH SUNSCREEN BROAD SPECTRUM SPF  30","author":"admin","date":"May 13, 2024","format":false,"excerpt":"Cr\u00e8me de jour r\u00e9g\u00e9n\u00e9ratrice CeraVe est une cr\u00e8me hydratante non com\u00e9dog\u00e8ne encapsul\u00e9e dans du r\u00e9tinol qui combat les rides et les ridules sans provoquer d'irritation. Elle offre \u00e9galement une protection SPF. La protection UVA et UVB est \u00e9galement assur\u00e9e par le large spectre SPF 30.","rel":"","context":"Similar post","block_context":{"text":"Similar post","link":""},"img":{"alt_text":"","src":"","width":0,"height":0},"classes":[]},{"id":29100,"url":"https:\/\/sakaba.mghosteur.com\/en\/product\/cerave-skin-renewing-day-with-sunscreen-broad-spectrum-spf-30\/","url_meta":{"origin":32068,"position":3},"title":"CERAVE SKIN RENEWING DAY WITH SUNSCREEN BROAD SPECTRUM SPF 30","author":"admin","date":"March 14, 2023","format":false,"excerpt":"La Cr\u00e8me de Jour R\u00e9g\u00e9n\u00e9rante pour la Peau CeraVe est une cr\u00e8me hydratante anti-\u00e2ge contenant du r\u00e9tinol encapsul\u00e9 qui r\u00e9duit l'apparence des rides et des ridules sans causer d'irritation. Cette cr\u00e8me de jour SPF 30 \u00e0 large spectre offre une protection contre les rayons UVA et UVB, pr\u00e9venant ainsi les\u2026","rel":"","context":"Similar post","block_context":{"text":"Similar post","link":""},"img":{"alt_text":"","src":"","width":0,"height":0},"classes":[]},{"id":30456,"url":"https:\/\/sakaba.mghosteur.com\/en\/product\/golg-bond-retinol-overnight-body-face\/","url_meta":{"origin":32068,"position":4},"title":"GOLG BOND RETINOL OVERNIGHT BODY &#038; FACE","author":"admin","date":"May 11, 2023","format":false,"excerpt":"D\u00e9couvrez la lotion de nuit pour le corps et le visage au r\u00e9tinol Gold Bond Age Renew, qui r\u00e9v\u00e8le une peau plus lisse et d'apparence plus jeune pendant la nuit. Cette lotion riche et nourrissante est dot\u00e9e d'un puissant complexe de r\u00e9tinol et de peptides qui exfolie pour soutenir le\u2026","rel":"","context":"Similar post","block_context":{"text":"Similar post","link":""},"img":{"alt_text":"","src":"","width":0,"height":0},"classes":[]},{"id":28000,"url":"https:\/\/sakaba.mghosteur.com\/en\/product\/pca-skin-retinol-solutions-acne-intensive\/","url_meta":{"origin":32068,"position":5},"title":"PCA SKIN RETINOL SOLUTIONS ACNE INTENSIVE","author":"admin","date":"November 29, 2022","format":false,"excerpt":"","rel":"","context":"Similar post","block_context":{"text":"Similar post","link":""},"img":{"alt_text":"","src":"","width":0,"height":0},"classes":[]}],"_links":{"self":[{"href":"https:\/\/sakaba.mghosteur.com\/en\/wp-json\/wp\/v2\/product\/32068","targetHints":{"allow":["GET"]}}],"collection":[{"href":"https:\/\/sakaba.mghosteur.com\/en\/wp-json\/wp\/v2\/product"}],"about":[{"href":"https:\/\/sakaba.mghosteur.com\/en\/wp-json\/wp\/v2\/types\/product"}],"replies":[{"embeddable":true,"href":"https:\/\/sakaba.mghosteur.com\/en\/wp-json\/wp\/v2\/comments?post=32068"}],"version-history":[{"count":0,"href":"https:\/\/sakaba.mghosteur.com\/en\/wp-json\/wp\/v2\/product\/32068\/revisions"}],"wp:attachment":[{"href":"https:\/\/sakaba.mghosteur.com\/en\/wp-json\/wp\/v2\/media?parent=32068"}],"wp:term":[{"taxonomy":"product_brand","embeddable":true,"href":"https:\/\/sakaba.mghosteur.com\/en\/wp-json\/wp\/v2\/product_brand?post=32068"},{"taxonomy":"product_cat","embeddable":true,"href":"https:\/\/sakaba.mghosteur.com\/en\/wp-json\/wp\/v2\/product_cat?post=32068"},{"taxonomy":"product_tag","embeddable":true,"href":"https:\/\/sakaba.mghosteur.com\/en\/wp-json\/wp\/v2\/product_tag?post=32068"}],"curies":[{"name":"wp","href":"https:\/\/api.w.org\/{rel}","templated":true}]}}