{"id":32076,"date":"2024-05-13T16:39:59","date_gmt":"2024-05-13T16:39:59","guid":{"rendered":"https:\/\/sakaba.mghosteur.com\/?post_type=product&#038;p=32076"},"modified":"2024-09-01T13:27:11","modified_gmt":"2024-09-01T13:27:11","slug":"naturium-skin-renewing-retinol-body-lotion-414ml","status":"publish","type":"product","link":"https:\/\/sakaba.mghosteur.com\/en\/product\/naturium-skin-renewing-retinol-body-lotion-414ml\/","title":{"rendered":"NATURIUM SKIN RENEWING RETINOL BODY LOTION 414ML"},"content":{"rendered":"<p>La lotion corporelle au r\u00e9tinol favorise le renouvellement cutan\u00e9, am\u00e9liorant la texture, le teint et la fermet\u00e9 de la peau. Formul\u00e9e avec un complexe de r\u00e9tinol pur stabilis\u00e9 encapsul\u00e9 et de l&#8217;allanto\u00efne apaisante pour la peau, cette lotion laisse la peau douce, souple et nourrie tout en r\u00e9duisant les rougeurs et les irritations visibles.<\/p>","protected":false},"excerpt":{"rendered":"<p>La lotion corporelle au r\u00e9tinol favorise le renouvellement cutan\u00e9, am\u00e9liorant la texture, le teint et la fermet\u00e9 de la peau. Formul\u00e9e avec un complexe de r\u00e9tinol pur stabilis\u00e9 encapsul\u00e9 et de l&#8217;allanto\u00efne apaisante pour la peau, cette lotion laisse la peau douce, souple et nourrie tout en r\u00e9duisant les rougeurs et les irritations visibles.<\/p>","protected":false},"featured_media":0,"comment_status":"open","ping_status":"closed","template":"","meta":[],"product_brand":[927],"product_cat":[1095,385,447,1061],"product_tag":[],"class_list":{"0":"post-32076","1":"product","2":"type-product","3":"status-publish","5":"product_brand-naturium","6":"product_cat-anti-age","7":"product_cat-anti-vergetures","8":"product_cat-aac-bain-et-corps","9":"product_cat-lait-huile_corporelle","11":"first","12":"instock","13":"shipping-taxable","14":"product-type-simple"},"jetpack-related-posts":[{"id":30456,"url":"https:\/\/sakaba.mghosteur.com\/en\/product\/golg-bond-retinol-overnight-body-face\/","url_meta":{"origin":32076,"position":0},"title":"GOLG BOND RETINOL OVERNIGHT BODY &#038; FACE","author":"admin","date":"May 11, 2023","format":false,"excerpt":"D\u00e9couvrez la lotion de nuit pour le corps et le visage au r\u00e9tinol Gold Bond Age Renew, qui r\u00e9v\u00e8le une peau plus lisse et d'apparence plus jeune pendant la nuit. Cette lotion riche et nourrissante est dot\u00e9e d'un puissant complexe de r\u00e9tinol et de peptides qui exfolie pour soutenir le\u2026","rel":"","context":"Similar post","block_context":{"text":"Similar post","link":""},"img":{"alt_text":"","src":"","width":0,"height":0},"classes":[]},{"id":26883,"url":"https:\/\/sakaba.mghosteur.com\/en\/product\/paula-choice-0-3-retinol-2-bakuchiol-treatment\/","url_meta":{"origin":32076,"position":1},"title":"PAULA CHOICE 0.3% RETINOL +2% BAKUCHIOL TREATMENT","author":"admin","date":"November 28, 2022","format":false,"excerpt":"Le Traitement 0,3 % r\u00e9tinol + 2 % bakuchiol de la marque Paula's Choice est un produit de soin de la peau qui cible les signes du vieillissement tels que les ridules, les rides profondes, les pores dilat\u00e9s et la perte de fermet\u00e9. La formule contient du r\u00e9tinol \u00e0 0,3\u2026","rel":"","context":"Similar post","block_context":{"text":"Similar post","link":""},"img":{"alt_text":"","src":"","width":0,"height":0},"classes":[]},{"id":26865,"url":"https:\/\/sakaba.mghosteur.com\/en\/product\/paula-choice-1retinol-booster\/","url_meta":{"origin":32076,"position":2},"title":"PAULA CHOICE 1%RETINOL BOOSTER","author":"admin","date":"November 28, 2022","format":false,"excerpt":"Le Booster de R\u00e9tinol 1% de Paula's Choice est un concentr\u00e9 l\u00e9ger qui aide \u00e0 am\u00e9liorer l'apparence de votre peau en uniformisant le teint, en r\u00e9duisant l'apparence des rides et en cr\u00e9ant un teint plus lisse et plus \u00e9clatant. La formule pure de r\u00e9tinol est lib\u00e9r\u00e9e lentement pour une efficacit\u00e9\u2026","rel":"","context":"Similar post","block_context":{"text":"Similar post","link":""},"img":{"alt_text":"","src":"","width":0,"height":0},"classes":[]},{"id":56099,"url":"https:\/\/sakaba.mghosteur.com\/en\/product\/advanced-clinicals-retinol-advanced-firming-cream\/","url_meta":{"origin":32076,"position":3},"title":"Advanced Clinicals Retinol Advanced Firming Cream","author":"Sope DIA","date":"January 2, 2026","format":false,"excerpt":"ADVANCED CLINICAL \u2013 RETINOL CREAM est infus\u00e9e d\u2019aloe vera, de camomille, de glyc\u00e9rine et de th\u00e9 vert. Ces composants agissent tous ensemble pour raffermir efficacement la peau et r\u00e9duire l\u2019apparence de la peau endommag\u00e9e par le soleil, des rides, des ridules et de la peau cr\u00e9pue. Aloe Vera prot\u00e8ge contre\u2026","rel":"","context":"Similar post","block_context":{"text":"Similar post","link":""},"img":{"alt_text":"","src":"","width":0,"height":0},"classes":[]},{"id":31538,"url":"https:\/\/sakaba.mghosteur.com\/en\/product\/vaseline-gluta-hya-flawless-glow-serum-in-lotion-200ml\/","url_meta":{"origin":32076,"position":4},"title":"VASELINE GLUTA HYA FLAWLESS GLOW SERUM IN LOTION  200ml","author":"admin","date":"May 10, 2024","format":false,"excerpt":"VASELINE GLUTA-HYA SERUM BURST LOTION FLAWLESS BRIGHT D\u00e9tails: Propuls\u00e9 par la technologie GlutaGlow, qui est 10 fois plus puissante que la vitamine C+. Le 10X Pro-R\u00e9tinol* est r\u00e9put\u00e9 pour son aide \u00e0 exfolier les cellules mortes de la peau, favorisant ainsi une peau unifi\u00e9e. Avantages: La technologie GlutaGlow, 10 fois\u2026","rel":"","context":"Similar post","block_context":{"text":"Similar post","link":""},"img":{"alt_text":"","src":"","width":0,"height":0},"classes":[]},{"id":31373,"url":"https:\/\/sakaba.mghosteur.com\/en\/product\/paulas-choice-intensive-wrinkle-repair-retinol-serum\/","url_meta":{"origin":32076,"position":5},"title":"PAULA&#8217;S CHOICE INTENSIVE WRINKLE REPAIR RETINOL SERUM","author":"admin","date":"May 10, 2024","format":false,"excerpt":"S\u00e9rum Anti-\u00c2ge au R\u00e9tinol Pour celles et ceux qui cherchent \u00e0 pr\u00e9server la jeunesse de leur peau tout en att\u00e9nuant les signes visibles du temps, le S\u00e9rum Anti-\u00c2ge au R\u00e9tinol est un alli\u00e9 pr\u00e9cieux. Con\u00e7u pour tous les types de peau, il r\u00e9pond aux besoins de ceux souhaitant lutter contre\u2026","rel":"","context":"Similar post","block_context":{"text":"Similar post","link":""},"img":{"alt_text":"","src":"","width":0,"height":0},"classes":[]}],"_links":{"self":[{"href":"https:\/\/sakaba.mghosteur.com\/en\/wp-json\/wp\/v2\/product\/32076","targetHints":{"allow":["GET"]}}],"collection":[{"href":"https:\/\/sakaba.mghosteur.com\/en\/wp-json\/wp\/v2\/product"}],"about":[{"href":"https:\/\/sakaba.mghosteur.com\/en\/wp-json\/wp\/v2\/types\/product"}],"replies":[{"embeddable":true,"href":"https:\/\/sakaba.mghosteur.com\/en\/wp-json\/wp\/v2\/comments?post=32076"}],"version-history":[{"count":0,"href":"https:\/\/sakaba.mghosteur.com\/en\/wp-json\/wp\/v2\/product\/32076\/revisions"}],"wp:attachment":[{"href":"https:\/\/sakaba.mghosteur.com\/en\/wp-json\/wp\/v2\/media?parent=32076"}],"wp:term":[{"taxonomy":"product_brand","embeddable":true,"href":"https:\/\/sakaba.mghosteur.com\/en\/wp-json\/wp\/v2\/product_brand?post=32076"},{"taxonomy":"product_cat","embeddable":true,"href":"https:\/\/sakaba.mghosteur.com\/en\/wp-json\/wp\/v2\/product_cat?post=32076"},{"taxonomy":"product_tag","embeddable":true,"href":"https:\/\/sakaba.mghosteur.com\/en\/wp-json\/wp\/v2\/product_tag?post=32076"}],"curies":[{"name":"wp","href":"https:\/\/api.w.org\/{rel}","templated":true}]}}