{"id":32080,"date":"2024-05-13T16:41:11","date_gmt":"2024-05-13T16:41:11","guid":{"rendered":"https:\/\/sakaba.mghosteur.com\/?post_type=product&#038;p=32080"},"modified":"2024-09-01T13:30:41","modified_gmt":"2024-09-01T13:30:41","slug":"naturium-the-energizer-mandelic-acid-body-wash-500ml","status":"publish","type":"product","link":"https:\/\/sakaba.mghosteur.com\/en\/product\/naturium-the-energizer-mandelic-acid-body-wash-500ml\/","title":{"rendered":"NATURIUM THE ENERGIZER MANDELIC ACID BODY WASH 500ml"},"content":{"rendered":"<p>Le gel douche \u00e9nergisant rafra\u00eechit au contact, revigore et nettoie la peau en profondeur. Formul\u00e9 avec de la canne \u00e0 sucre ferment\u00e9e et de l&#8217;acide mand\u00e9lique, un AHA doux mais efficace, ce nettoyant rafra\u00eechissant aide \u00e0 neutraliser et \u00e0 combattre les odeurs corporelles. De plus, les extraits aromatiques d&#8217;agrumes et d&#8217;herbes procurent une explosion d&#8217;\u00e9nergie pour un rafra\u00eechissement ultime apr\u00e8s le nettoyage.<\/p>","protected":false},"excerpt":{"rendered":"<p>Le gel douche \u00e9nergisant rafra\u00eechit au contact, revigore et nettoie la peau en profondeur. Formul\u00e9 avec de la canne \u00e0 sucre ferment\u00e9e et de l&#8217;acide mand\u00e9lique, un AHA doux mais efficace, ce nettoyant rafra\u00eechissant aide \u00e0 neutraliser et \u00e0 combattre les odeurs corporelles. De plus, les extraits aromatiques d&#8217;agrumes et d&#8217;herbes procurent une explosion d&#8217;\u00e9nergie<span class=\"read-more-faq\"><a href=\"https:\/\/sakaba.mghosteur.com\/en\/product\/naturium-the-energizer-mandelic-acid-body-wash-500ml\/\">Read More<\/a><\/span><\/p>","protected":false},"featured_media":0,"comment_status":"open","ping_status":"closed","template":"","meta":[],"product_brand":[927],"product_cat":[358,447],"product_tag":[],"class_list":{"0":"post-32080","1":"product","2":"type-product","3":"status-publish","5":"product_brand-naturium","6":"product_cat-bain-douche","7":"product_cat-aac-bain-et-corps","9":"first","10":"instock","11":"shipping-taxable","12":"product-type-simple"},"jetpack-related-posts":[{"id":30254,"url":"https:\/\/sakaba.mghosteur.com\/en\/product\/hydro-boost-exfolianting-cleanser\/","url_meta":{"origin":32080,"position":0},"title":"HYDRO BOOST EXFOLIATING CLEANSER","author":"admin","date":"May 5, 2023","format":false,"excerpt":"Le gel-cr\u00e8me exfoliant nettoyant quotidien Hydro Boost avec acide hyaluronique de Neutrogena est le choix parfait pour une peau instantan\u00e9ment douce et rafra\u00eechie. Sa formule l\u00e9g\u00e8re \u00e9limine efficacement la salet\u00e9, l'huile et les cellules mortes de la peau, tout en stimulant l'hydratation gr\u00e2ce \u00e0 l'acide hyaluronique, un ingr\u00e9dient cliniquement prouv\u00e9\u2026","rel":"","context":"Similar post","block_context":{"text":"Similar post","link":""},"img":{"alt_text":"","src":"","width":0,"height":0},"classes":[]},{"id":30293,"url":"https:\/\/sakaba.mghosteur.com\/en\/product\/beauty-of-joseon-green-plum-refreshing-cleanser\/","url_meta":{"origin":32080,"position":1},"title":"BEAUTY OF JOSEON Green Plum Refreshing Cleanser","author":"admin","date":"May 8, 2023","format":false,"excerpt":"D\u00e9couvrez le Nettoyant Rafra\u00eechissant \u00e0 la Prune Verte de la marque Beauty of Joseon, un nettoyant pour le visage \u00e0 base d'ingr\u00e9dients naturels du Hanbang. Sa formule hypoallerg\u00e9nique l\u00e9g\u00e8rement acide aide \u00e0 nettoyer votre peau sans endommager sa barri\u00e8re cutan\u00e9e naturelle, tandis que sa formule gel humide ne dess\u00e8che pas\u2026","rel":"","context":"Similar post","block_context":{"text":"Similar post","link":""},"img":{"alt_text":"","src":"","width":0,"height":0},"classes":[]},{"id":27599,"url":"https:\/\/sakaba.mghosteur.com\/en\/product\/gentle-hydrating-cleanser\/","url_meta":{"origin":32080,"position":2},"title":"GENTLE HYDRATING CLEANSER","author":"admin","date":"November 29, 2022","format":false,"excerpt":"Le Nettoyant Doux Hydratant de la marque HadaLabo est un nettoyant moussant riche et cr\u00e9meux qui nettoie en douceur et emprisonne l'hydratation essentielle pour une peau rafra\u00eechie et soyeuse. Sa formule s\u00fbre et douce d\u00e9riv\u00e9e d'acides amin\u00e9s naturels \u00e9limine efficacement la salet\u00e9, le s\u00e9bum et les impuret\u00e9s de la peau\u2026","rel":"","context":"Similar post","block_context":{"text":"Similar post","link":""},"img":{"alt_text":"","src":"","width":0,"height":0},"classes":[]},{"id":29153,"url":"https:\/\/sakaba.mghosteur.com\/en\/product\/the-inkey-list-hyaluronic-acid-100-ml\/","url_meta":{"origin":32080,"position":3},"title":"THE INKEY LIST HYALURONIC ACID 100 ML","author":"admin","date":"March 15, 2023","format":false,"excerpt":"La solution contre l'acn\u00e9 de la marque The Inkey List est un nettoyant hydratant en profondeur sp\u00e9cialement formul\u00e9 pour une peau douce, lisse et saine. Ce produit a \u00e9t\u00e9 test\u00e9 dermatologiquement pour offrir une efficacit\u00e9 optimale contre l'acn\u00e9. La formule l\u00e9g\u00e8rement moussante du nettoyant est enrichie en acide hyaluronique pour\u2026","rel":"","context":"Similar post","block_context":{"text":"Similar post","link":""},"img":{"alt_text":"","src":"","width":0,"height":0},"classes":[]},{"id":30429,"url":"https:\/\/sakaba.mghosteur.com\/en\/product\/refreshingly-clear-facial-wash\/","url_meta":{"origin":32080,"position":4},"title":"REFRESHINGLY CLEAR FACIAL WASH","author":"admin","date":"May 10, 2023","format":false,"excerpt":"D\u00e9couvrez le nettoyant pour le visage NEUTROGENA Rafra\u00eechissant et clair au pamplemousse rose et \u00e0 la vitamine C, un nettoyant quotidien vivifiant pour le visage d\u00e9velopp\u00e9 avec des dermatologues. Sp\u00e9cialement con\u00e7u pour les peaux sujettes aux imperfections, ce gel nettoyant nettoie en douceur pour aider \u00e0 pr\u00e9venir les imperfections, sans\u2026","rel":"","context":"Similar post","block_context":{"text":"Similar post","link":""},"img":{"alt_text":"","src":"","width":0,"height":0},"classes":[]},{"id":31934,"url":"https:\/\/sakaba.mghosteur.com\/en\/product\/cerave-acne-control-cleanser-473ml\/","url_meta":{"origin":32080,"position":5},"title":"CERAVE ACNE CONTROL CLEANSER 473ML","author":"admin","date":"May 13, 2024","format":false,"excerpt":"Le nettoyant visage anti-acn\u00e9 de CeraVe est formul\u00e9 avec 2 % d'acide salicylique pour \u00e9liminer l'acn\u00e9 et r\u00e9duire les points noirs. L'argile purifiante aide \u00e0 am\u00e9liorer l'apparence des pores gr\u00e2ce \u00e0 une technologie d'absorption d'huile. Dans une texture gel-mousse rafra\u00eechissante, ce traitement contre l'acn\u00e9 nettoie la peau et cible les\u2026","rel":"","context":"Similar post","block_context":{"text":"Similar post","link":""},"img":{"alt_text":"","src":"","width":0,"height":0},"classes":[]}],"_links":{"self":[{"href":"https:\/\/sakaba.mghosteur.com\/en\/wp-json\/wp\/v2\/product\/32080","targetHints":{"allow":["GET"]}}],"collection":[{"href":"https:\/\/sakaba.mghosteur.com\/en\/wp-json\/wp\/v2\/product"}],"about":[{"href":"https:\/\/sakaba.mghosteur.com\/en\/wp-json\/wp\/v2\/types\/product"}],"replies":[{"embeddable":true,"href":"https:\/\/sakaba.mghosteur.com\/en\/wp-json\/wp\/v2\/comments?post=32080"}],"version-history":[{"count":0,"href":"https:\/\/sakaba.mghosteur.com\/en\/wp-json\/wp\/v2\/product\/32080\/revisions"}],"wp:attachment":[{"href":"https:\/\/sakaba.mghosteur.com\/en\/wp-json\/wp\/v2\/media?parent=32080"}],"wp:term":[{"taxonomy":"product_brand","embeddable":true,"href":"https:\/\/sakaba.mghosteur.com\/en\/wp-json\/wp\/v2\/product_brand?post=32080"},{"taxonomy":"product_cat","embeddable":true,"href":"https:\/\/sakaba.mghosteur.com\/en\/wp-json\/wp\/v2\/product_cat?post=32080"},{"taxonomy":"product_tag","embeddable":true,"href":"https:\/\/sakaba.mghosteur.com\/en\/wp-json\/wp\/v2\/product_tag?post=32080"}],"curies":[{"name":"wp","href":"https:\/\/api.w.org\/{rel}","templated":true}]}}