{"id":32093,"date":"2024-05-13T16:42:56","date_gmt":"2024-05-13T16:42:56","guid":{"rendered":"https:\/\/sakaba.mghosteur.com\/?post_type=product&#038;p=32093"},"modified":"2024-08-07T18:35:53","modified_gmt":"2024-08-07T18:35:53","slug":"by-wishtrend-vitamin-a-mazing","status":"publish","type":"product","link":"https:\/\/sakaba.mghosteur.com\/en\/product\/by-wishtrend-vitamin-a-mazing\/","title":{"rendered":"BY WISHTREND VITAMIN A-MAZING"},"content":{"rendered":"<p>La cr\u00e8me de nuit Vitamin A-mazing Bakuchiol de Wishtrend est une cr\u00e8me de nuit tout-en-un qui contient de la vitamine A pour nourrir la peau, du r\u00e9tinal pour r\u00e9duire les irritations cutan\u00e9es et du bakuchiol pour am\u00e9liorer l&#8217;\u00e9lasticit\u00e9 de la peau et l&#8217;apparence de la peau terne. Elle convient \u00e0 tous les types de peau, en particulier les peaux matures, textur\u00e9es et \u00e0 tendance acn\u00e9ique.<\/p>","protected":false},"excerpt":{"rendered":"<p>La cr\u00e8me de nuit Vitamin A-mazing Bakuchiol de Wishtrend est une cr\u00e8me de nuit tout-en-un qui contient de la vitamine A pour nourrir la peau, du r\u00e9tinal pour r\u00e9duire les irritations cutan\u00e9es et du bakuchiol pour am\u00e9liorer l&#8217;\u00e9lasticit\u00e9 de la peau et l&#8217;apparence de la peau terne. Elle convient \u00e0 tous les types de peau,<span class=\"read-more-faq\"><a href=\"https:\/\/sakaba.mghosteur.com\/en\/product\/by-wishtrend-vitamin-a-mazing\/\">Read More<\/a><\/span><\/p>","protected":false},"featured_media":0,"comment_status":"open","ping_status":"closed","template":"","meta":[],"product_brand":[1034],"product_cat":[1095,293,1018,451,334],"product_tag":[],"class_list":{"0":"post-32093","1":"product","2":"type-product","3":"status-publish","5":"product_brand-bywishtrend","6":"product_cat-anti-age","7":"product_cat-anti-taches","8":"product_cat-aai-produis-coreens","9":"product_cat-aab-soin-du-visage","10":"product_cat-traitement-serum","12":"first","13":"instock","14":"shipping-taxable","15":"product-type-simple"},"jetpack-related-posts":[{"id":31758,"url":"https:\/\/sakaba.mghosteur.com\/en\/product\/byoma-moisturing-rich-cream\/","url_meta":{"origin":32093,"position":0},"title":"BYOMA MOISTURING RICH CREAM","author":"admin","date":"May 10, 2024","format":false,"excerpt":"CR\u00c8ME RICHE HYDRATANTE HYDRATER ET RESTAURER 50 ML\/1,69 FL.OZ Cette cr\u00e8me riche et profond\u00e9ment hydratante fond sur la peau pour une hydratation intense et une am\u00e9lioration de la texture cutan\u00e9e, offrant des r\u00e9sultats repulp\u00e9s et souples ainsi qu'une barri\u00e8re cutan\u00e9e plus forte. Le complexe tri-c\u00e9ramide, compos\u00e9 de c\u00e9ramides, de cholest\u00e9rol\u2026","rel":"","context":"Similar post","block_context":{"text":"Similar post","link":""},"img":{"alt_text":"","src":"","width":0,"height":0},"classes":[]},{"id":29174,"url":"https:\/\/sakaba.mghosteur.com\/en\/product\/the-inkey-list-bakuchiol\/","url_meta":{"origin":32093,"position":1},"title":"THE INKEY LIST BAKUCHIOL","author":"admin","date":"March 20, 2023","format":false,"excerpt":"D\u00e9couvrez le Bakuchiol Hydratant de la marque The Inkey List, un produit naturel qui aide \u00e0 r\u00e9duire l'apparence des rides et ridules tout en uniformisant le teint de votre peau. Ce produit est formul\u00e9 avec du bakuchiol, une alternative naturelle au r\u00e9tinol, qui est d'origine v\u00e9g\u00e9tale et poss\u00e8de des propri\u00e9t\u00e9s\u2026","rel":"","context":"Similar post","block_context":{"text":"Similar post","link":""},"img":{"alt_text":"","src":"","width":0,"height":0},"classes":[]},{"id":27254,"url":"https:\/\/sakaba.mghosteur.com\/en\/product\/good-molecules-bakuchiol-oil-blend-for-only-skin\/","url_meta":{"origin":32093,"position":2},"title":"GOOD MOLECULES BAKUCHIOL OIL BLEND FOR ONLY SKIN","author":"admin","date":"November 29, 2022","format":false,"excerpt":"Le produit propos\u00e9 est le m\u00e9lange d'huiles de Bakuchiol pour peaux grasses de Good Molecules. Cette huile pour le visage est con\u00e7ue pour aider \u00e0 raffermir et \u00e0 tonifier la peau tout en offrant une hydratation nourrissante. Le m\u00e9lange est l\u00e9ger et \u00e0 absorption rapide, ce qui le rend id\u00e9al\u2026","rel":"","context":"Similar post","block_context":{"text":"Similar post","link":""},"img":{"alt_text":"","src":"","width":0,"height":0},"classes":[]},{"id":27289,"url":"https:\/\/sakaba.mghosteur.com\/en\/product\/good-molecules-bakuchiol-oil-blend-for-dry-skin\/","url_meta":{"origin":32093,"position":3},"title":"GOOD MOLECULES BAKUCHIOL OIL BLEND FOR DRY SKIN","author":"admin","date":"November 29, 2022","format":false,"excerpt":"Ce produit est id\u00e9al pour ceux et celles qui cherchent \u00e0 hydrater leur peau s\u00e8che tout en luttant contre les signes de vieillissement. Le m\u00e9lange d'huiles de bakuchiol de Good Molecules p\u00e9n\u00e8tre en profondeur dans la peau pour lui redonner son \u00e9lasticit\u00e9 et sa fermet\u00e9 naturelle, tout en l'hydratant instantan\u00e9ment\u2026","rel":"","context":"Similar post","block_context":{"text":"Similar post","link":""},"img":{"alt_text":"","src":"","width":0,"height":0},"classes":[]},{"id":56189,"url":"https:\/\/sakaba.mghosteur.com\/en\/product\/deep-cera-bakuchiol-plumping-serum\/","url_meta":{"origin":32093,"position":4},"title":"Deep Cera Bakuchiol Plumping Serum","author":"Sope DIA","date":"January 2, 2026","format":false,"excerpt":"ALTERNATIVE NATURELLE AU R\u00c9TINOL\u00a0: D\u00e9couvrez le pouvoir du bakuchiol, une alternative naturelle au r\u00e9tinol. Formul\u00e9 avec 5\u00a0000\u00a0ppm de bakuchiol, ce s\u00e9rum stimule la production de collag\u00e8ne pour une peau plus lisse et plus ferme. SANS IRRITATION\u00a0: Apaisez et prenez soin de votre peau avec le s\u00e9rum au bakuchiol, qui offre\u2026","rel":"","context":"Similar post","block_context":{"text":"Similar post","link":""},"img":{"alt_text":"","src":"","width":0,"height":0},"classes":[]},{"id":26883,"url":"https:\/\/sakaba.mghosteur.com\/en\/product\/paula-choice-0-3-retinol-2-bakuchiol-treatment\/","url_meta":{"origin":32093,"position":5},"title":"PAULA CHOICE 0.3% RETINOL +2% BAKUCHIOL TREATMENT","author":"admin","date":"November 28, 2022","format":false,"excerpt":"Le Traitement 0,3 % r\u00e9tinol + 2 % bakuchiol de la marque Paula's Choice est un produit de soin de la peau qui cible les signes du vieillissement tels que les ridules, les rides profondes, les pores dilat\u00e9s et la perte de fermet\u00e9. La formule contient du r\u00e9tinol \u00e0 0,3\u2026","rel":"","context":"Similar post","block_context":{"text":"Similar post","link":""},"img":{"alt_text":"","src":"","width":0,"height":0},"classes":[]}],"_links":{"self":[{"href":"https:\/\/sakaba.mghosteur.com\/en\/wp-json\/wp\/v2\/product\/32093","targetHints":{"allow":["GET"]}}],"collection":[{"href":"https:\/\/sakaba.mghosteur.com\/en\/wp-json\/wp\/v2\/product"}],"about":[{"href":"https:\/\/sakaba.mghosteur.com\/en\/wp-json\/wp\/v2\/types\/product"}],"replies":[{"embeddable":true,"href":"https:\/\/sakaba.mghosteur.com\/en\/wp-json\/wp\/v2\/comments?post=32093"}],"version-history":[{"count":0,"href":"https:\/\/sakaba.mghosteur.com\/en\/wp-json\/wp\/v2\/product\/32093\/revisions"}],"wp:attachment":[{"href":"https:\/\/sakaba.mghosteur.com\/en\/wp-json\/wp\/v2\/media?parent=32093"}],"wp:term":[{"taxonomy":"product_brand","embeddable":true,"href":"https:\/\/sakaba.mghosteur.com\/en\/wp-json\/wp\/v2\/product_brand?post=32093"},{"taxonomy":"product_cat","embeddable":true,"href":"https:\/\/sakaba.mghosteur.com\/en\/wp-json\/wp\/v2\/product_cat?post=32093"},{"taxonomy":"product_tag","embeddable":true,"href":"https:\/\/sakaba.mghosteur.com\/en\/wp-json\/wp\/v2\/product_tag?post=32093"}],"curies":[{"name":"wp","href":"https:\/\/api.w.org\/{rel}","templated":true}]}}