{"id":32096,"date":"2024-05-13T16:43:30","date_gmt":"2024-05-13T16:43:30","guid":{"rendered":"https:\/\/sakaba.mghosteur.com\/?post_type=product&#038;p=32096"},"modified":"2024-09-01T13:28:30","modified_gmt":"2024-09-01T13:28:30","slug":"naturium-the-booster-hyaluronic-acid-body-wash-500ml","status":"publish","type":"product","link":"https:\/\/sakaba.mghosteur.com\/en\/product\/naturium-the-booster-hyaluronic-acid-body-wash-500ml\/","title":{"rendered":"NATURIUM THE BOOSTER HYALURONIC ACID BODY WASH 500ml"},"content":{"rendered":"<p>Le gel nettoyant ultra-hydratant pour le corps stimule l&#8217;hydratation pour aider \u00e0 r\u00e9duire la s\u00e9cheresse et l&#8217;irritation pour une peau d&#8217;apparence plus saine. Formul\u00e9 avec de l&#8217;acide hyaluronique hydrolys\u00e9 et sept poids mol\u00e9culaires d&#8217;hyaluronate de sodium, ce gel nettoyant riche procure une hydratation essentielle. De plus, 30 % de glyc\u00e9rine, du b\u00eata-glucane d&#8217;avoine et des vitamines B5 et B12 apaisent, r\u00e9g\u00e9n\u00e8rent et nourrissent pour une apparence plus jeune<\/p>","protected":false},"excerpt":{"rendered":"<p>Le gel nettoyant ultra-hydratant pour le corps stimule l&#8217;hydratation pour aider \u00e0 r\u00e9duire la s\u00e9cheresse et l&#8217;irritation pour une peau d&#8217;apparence plus saine. Formul\u00e9 avec de l&#8217;acide hyaluronique hydrolys\u00e9 et sept poids mol\u00e9culaires d&#8217;hyaluronate de sodium, ce gel nettoyant riche procure une hydratation essentielle. De plus, 30 % de glyc\u00e9rine, du b\u00eata-glucane d&#8217;avoine et des<span class=\"read-more-faq\"><a href=\"https:\/\/sakaba.mghosteur.com\/en\/product\/naturium-the-booster-hyaluronic-acid-body-wash-500ml\/\">Read More<\/a><\/span><\/p>","protected":false},"featured_media":0,"comment_status":"open","ping_status":"closed","template":"","meta":[],"product_brand":[927],"product_cat":[1095,358,447,388],"product_tag":[],"class_list":{"0":"post-32096","1":"product","2":"type-product","3":"status-publish","5":"product_brand-naturium","6":"product_cat-anti-age","7":"product_cat-bain-douche","8":"product_cat-aac-bain-et-corps","9":"product_cat-peaux-seches","11":"first","12":"instock","13":"shipping-taxable","14":"product-type-simple"},"jetpack-related-posts":[{"id":23934,"url":"https:\/\/sakaba.mghosteur.com\/en\/product\/cerave-acne-control-gel-2-salicylic-acid\/","url_meta":{"origin":32096,"position":0},"title":"CERAVE : ACNE CONTROL GEL 2% SALICYLIC ACID","author":"admin","date":"November 9, 2022","format":false,"excerpt":"Le gel anti-acn\u00e9 hydratant CeraVe Acne Control Gel est la solution compl\u00e8te pour traiter l'acn\u00e9 et pr\u00e9venir les \u00e9ruptions cutan\u00e9es futures. Avec sa formule l\u00e9g\u00e8re et non ass\u00e9chante, il est parfait pour une utilisation quotidienne et convient \u00e0 tous les types de peau, m\u00eame les plus sensibles. Enrichi en acides\u2026","rel":"","context":"Similar post","block_context":{"text":"Similar post","link":""},"img":{"alt_text":"","src":"","width":0,"height":0},"classes":[]},{"id":24177,"url":"https:\/\/sakaba.mghosteur.com\/en\/product\/cerave-sa-body-wash-for-rough-and-bumpy-skin\/","url_meta":{"origin":32096,"position":1},"title":"CERAVE SA BODY WASH FOR ROUGH AND BUMPY SKIN","author":"admin","date":"November 9, 2022","format":false,"excerpt":"Le nettoyant pour le corps CeraVe SA est sp\u00e9cialement con\u00e7u pour les peaux rugueuses et bossel\u00e9es. Il utilise une combinaison d'acide salicylique, de c\u00e9ramides, d'acide hyaluronique et de niacinamide pour nettoyer et exfolier en douceur tout en offrant une hydratation optimale. L'acide salicylique est un exfoliant doux qui aide \u00e0\u2026","rel":"","context":"Similar post","block_context":{"text":"Similar post","link":""},"img":{"alt_text":"","src":"","width":0,"height":0},"classes":[]},{"id":31780,"url":"https:\/\/sakaba.mghosteur.com\/en\/product\/olay-ceramide-gel-de-douche-591ml\/","url_meta":{"origin":32096,"position":2},"title":"OLAY CERAMIDE GEL DE DOUCHE 591ML","author":"admin","date":"May 10, 2024","format":false,"excerpt":"R\u00e9v\u00e9lez une peau belle et saine avec le nettoyant pour le corps nettoyant et fortifiant Olay avec complexe de c\u00e9ramides et de vitamine B3. Cette formule avanc\u00e9e hydrate en profondeur pour aider \u00e0 renforcer la barri\u00e8re d'hydratation de votre peau et la laisser douce et r\u00e9g\u00e9n\u00e9r\u00e9e. Gr\u00e2ce \u00e0 la technologie\u2026","rel":"","context":"Similar post","block_context":{"text":"Similar post","link":""},"img":{"alt_text":"","src":"","width":0,"height":0},"classes":[]},{"id":29456,"url":"https:\/\/sakaba.mghosteur.com\/en\/product\/cosrx-hyaluronic-acid-hydra-power-essence\/","url_meta":{"origin":32096,"position":3},"title":"COSRX HYALURONIC ACID HYDRA POWER ESSENCE","author":"admin","date":"April 4, 2023","format":false,"excerpt":"D\u00e9couvrez l'Acide hyaluronique Hydra Power Essence de la marque COSRX, une formule hautement concentr\u00e9e en acide hyaluronique qui hydrate votre peau en profondeur et lui donne une apparence repulp\u00e9e et jeune. Cette essence en gel sans huile retient l'humidit\u00e9 dans votre peau pour une hydratation longue dur\u00e9e. Sa liste d'ingr\u00e9dients\u2026","rel":"","context":"Similar post","block_context":{"text":"Similar post","link":""},"img":{"alt_text":"","src":"","width":0,"height":0},"classes":[]},{"id":23930,"url":"https:\/\/sakaba.mghosteur.com\/en\/product\/cerave-hydrating-body-wash\/","url_meta":{"origin":32096,"position":4},"title":"CERAVE HYDRATING BODY WASH","author":"admin","date":"November 9, 2022","format":false,"excerpt":"Le gel douche hydratant CeraVe est parfait pour ceux qui recherchent un nettoyant pour le corps doux et hydratant. Cette formule nettoyante moussante est con\u00e7ue pour les peaux normales \u00e0 s\u00e8ches et aide \u00e0 \u00e9liminer la salet\u00e9 et les impuret\u00e9s sans dess\u00e9cher la peau. Au lieu de cela, il contient\u2026","rel":"","context":"Similar post","block_context":{"text":"Similar post","link":""},"img":{"alt_text":"","src":"","width":0,"height":0},"classes":[]},{"id":29966,"url":"https:\/\/sakaba.mghosteur.com\/en\/product\/hada-labo-tokyo-skin-plumping-gel-cream-with-super-hyaluronic-acid-collagen\/","url_meta":{"origin":32096,"position":5},"title":"Hada Labo Tokyo Skin Plumping Gel Cream with Super Hyaluronic Acid &#038; Collagen","author":"admin","date":"April 29, 2023","format":false,"excerpt":"D\u00e9couvrez le traitement de nuit anti-\u00e2ge Hada Labo Tokyo pour une peau hydrat\u00e9e, r\u00e9par\u00e9e et raffermie pendant votre sommeil. Ce gel-cr\u00e8me repulpant pour la peau est formul\u00e9 avec des ingr\u00e9dients cl\u00e9s tels que l'acide super hyaluronique (TM), le complexe de peptides de soja, le collag\u00e8ne et le ch\u00e8vrefeuille japonais. Cette\u2026","rel":"","context":"Similar post","block_context":{"text":"Similar post","link":""},"img":{"alt_text":"","src":"","width":0,"height":0},"classes":[]}],"_links":{"self":[{"href":"https:\/\/sakaba.mghosteur.com\/en\/wp-json\/wp\/v2\/product\/32096","targetHints":{"allow":["GET"]}}],"collection":[{"href":"https:\/\/sakaba.mghosteur.com\/en\/wp-json\/wp\/v2\/product"}],"about":[{"href":"https:\/\/sakaba.mghosteur.com\/en\/wp-json\/wp\/v2\/types\/product"}],"replies":[{"embeddable":true,"href":"https:\/\/sakaba.mghosteur.com\/en\/wp-json\/wp\/v2\/comments?post=32096"}],"version-history":[{"count":0,"href":"https:\/\/sakaba.mghosteur.com\/en\/wp-json\/wp\/v2\/product\/32096\/revisions"}],"wp:attachment":[{"href":"https:\/\/sakaba.mghosteur.com\/en\/wp-json\/wp\/v2\/media?parent=32096"}],"wp:term":[{"taxonomy":"product_brand","embeddable":true,"href":"https:\/\/sakaba.mghosteur.com\/en\/wp-json\/wp\/v2\/product_brand?post=32096"},{"taxonomy":"product_cat","embeddable":true,"href":"https:\/\/sakaba.mghosteur.com\/en\/wp-json\/wp\/v2\/product_cat?post=32096"},{"taxonomy":"product_tag","embeddable":true,"href":"https:\/\/sakaba.mghosteur.com\/en\/wp-json\/wp\/v2\/product_tag?post=32096"}],"curies":[{"name":"wp","href":"https:\/\/api.w.org\/{rel}","templated":true}]}}