{"id":32099,"date":"2024-05-13T16:43:45","date_gmt":"2024-05-13T16:43:45","guid":{"rendered":"https:\/\/sakaba.mghosteur.com\/?post_type=product&#038;p=32099"},"modified":"2024-08-08T03:33:27","modified_gmt":"2024-08-08T03:33:27","slug":"matrigen-ss-collagen-reverse-volume-pack","status":"publish","type":"product","link":"https:\/\/sakaba.mghosteur.com\/en\/product\/matrigen-ss-collagen-reverse-volume-pack\/","title":{"rendered":"MATRIGEN SS COLLAGEN REVERSE VOLUME PACK"},"content":{"rendered":"","protected":false},"excerpt":{"rendered":"","protected":false},"featured_media":0,"comment_status":"open","ping_status":"closed","template":"","meta":[],"product_brand":[1035],"product_cat":[451,334],"product_tag":[],"class_list":{"0":"post-32099","1":"product","2":"type-product","3":"status-publish","5":"product_brand-matrigen","6":"product_cat-aab-soin-du-visage","7":"product_cat-traitement-serum","9":"first","10":"instock","11":"shipping-taxable","12":"product-type-simple"},"jetpack-related-posts":[{"id":32930,"url":"https:\/\/sakaba.mghosteur.com\/en\/product\/pixi-botanical-collagen-tonic-100ml\/","url_meta":{"origin":32099,"position":0},"title":"PIXI BOTANICAL COLLAGEN TONIC 100ML","author":"admin","date":"May 16, 2024","format":false,"excerpt":"Pixi Botanical Collagen Tonic est un tonique volumateur qui aide \u00e0 lisser les ridules et \u00e0 am\u00e9liorer la texture in\u00e9gale de la peau. Il est formul\u00e9 avec du collag\u00e8ne d'acacia et des peptides pour aider \u00e0 promouvoir un teint d'apparence jeune. Il est sans alcool, sans cruaut\u00e9 et convient \u00e0\u2026","rel":"","context":"Similar post","block_context":{"text":"Similar post","link":""},"img":{"alt_text":"","src":"","width":0,"height":0},"classes":[]},{"id":32939,"url":"https:\/\/sakaba.mghosteur.com\/en\/product\/pixi-skintreats-collagen-tonic-250ml\/","url_meta":{"origin":32099,"position":1},"title":"PIXI SKIN TREATS COLLAGEN TONIC 250ML","author":"admin","date":"May 16, 2024","format":false,"excerpt":"Pixi Botanical Collagen Tonic est un tonique volumateur qui aide \u00e0 lisser les ridules et \u00e0 am\u00e9liorer la texture in\u00e9gale de la peau. Il est formul\u00e9 avec du collag\u00e8ne d'acacia et des peptides pour aider \u00e0 promouvoir un teint d'apparence jeune. Il est sans alcool, sans cruaut\u00e9 et convient \u00e0\u2026","rel":"","context":"Similar post","block_context":{"text":"Similar post","link":""},"img":{"alt_text":"","src":"","width":0,"height":0},"classes":[]},{"id":25107,"url":"https:\/\/sakaba.mghosteur.com\/en\/product\/nature-made-diabetes-health-pack\/","url_meta":{"origin":32099,"position":2},"title":"NATURE MADE DIABETES HEALTH PACK","author":"admin","date":"November 11, 2022","format":false,"excerpt":"","rel":"","context":"Similar post","block_context":{"text":"Similar post","link":""},"img":{"alt_text":"","src":"","width":0,"height":0},"classes":[]},{"id":30175,"url":"https:\/\/sakaba.mghosteur.com\/en\/product\/vital-proteins-collagene-a-boire-complement-alimentaire-peptides-de-collagene-hydrolyses-non-aromatise\/","url_meta":{"origin":32099,"position":3},"title":"Vital Proteins, Collag\u00e8ne \u00e0 boire, Compl\u00e9ment Alimentaire, Peptides de Collag\u00e8ne Hydrolys\u00e9s, Non Aromatis\u00e9","author":"admin","date":"May 3, 2023","format":false,"excerpt":"Qu'est-ce que le collag\u00e8ne ? Le collag\u00e8ne est la prot\u00e9ine la plus pr\u00e9sente dans le corps, il contribue \u00e0 maintenir l'\u00e9lasticit\u00e9 de la peau, \u00e0 r\u00e9duire les signes de fatigue li\u00e9s \u00e0 l'\u00e2ge, \u00e0 fortifier les cheveux. Notre synth\u00e8se de collag\u00e8ne diminue avec l'\u00e2ge, c'est pourquoi il est important d'ajouter\u2026","rel":"","context":"Similar post","block_context":{"text":"Similar post","link":""},"img":{"alt_text":"","src":"","width":0,"height":0},"classes":[]},{"id":29997,"url":"https:\/\/sakaba.mghosteur.com\/en\/product\/neocell-super-collagen-type-1-3-powder\/","url_meta":{"origin":32099,"position":4},"title":"NeoCell Super Collagen Type 1 &amp; 3 Powder","author":"admin","date":"May 1, 2023","format":false,"excerpt":"D\u00e9couvrez notre Poudre de Peptides de Super Collag\u00e8ne NeoCell, pr\u00e9f\u00e9r\u00e9e de nos clients pour son efficacit\u00e9 \u00e0 faire ressortir votre \u00e9clat int\u00e9rieur. Avec 10 grammes de collag\u00e8ne de types 1 et 3 facilement absorb\u00e9 et hydrolys\u00e9, notre poudre favorise une peau, des cheveux et des ongles sains et radieux. Notre\u2026","rel":"","context":"Similar post","block_context":{"text":"Similar post","link":""},"img":{"alt_text":"","src":"","width":0,"height":0},"classes":[]},{"id":29978,"url":"https:\/\/sakaba.mghosteur.com\/en\/product\/neocell-collagen-beauty-soft-chews\/","url_meta":{"origin":32099,"position":5},"title":"NEOCELL COLLAGEN BEAUTY SOFT CHEWS","author":"admin","date":"May 1, 2023","format":false,"excerpt":"D\u00e9couvrez les Collag\u00e8ne Beaut\u00e9 Soft Chews de NeoCell, une solution pratique pour prendre soin de votre beaut\u00e9 o\u00f9 que vous soyez. Ces p\u00e2tes \u00e0 m\u00e2cher d\u00e9licieuses au go\u00fbt de punch aux fruits contiennent des peptides de collag\u00e8ne de types 1 et 3 pour soutenir la sant\u00e9 de votre peau, ainsi\u2026","rel":"","context":"Similar post","block_context":{"text":"Similar post","link":""},"img":{"alt_text":"","src":"","width":0,"height":0},"classes":[]}],"_links":{"self":[{"href":"https:\/\/sakaba.mghosteur.com\/en\/wp-json\/wp\/v2\/product\/32099","targetHints":{"allow":["GET"]}}],"collection":[{"href":"https:\/\/sakaba.mghosteur.com\/en\/wp-json\/wp\/v2\/product"}],"about":[{"href":"https:\/\/sakaba.mghosteur.com\/en\/wp-json\/wp\/v2\/types\/product"}],"replies":[{"embeddable":true,"href":"https:\/\/sakaba.mghosteur.com\/en\/wp-json\/wp\/v2\/comments?post=32099"}],"version-history":[{"count":0,"href":"https:\/\/sakaba.mghosteur.com\/en\/wp-json\/wp\/v2\/product\/32099\/revisions"}],"wp:attachment":[{"href":"https:\/\/sakaba.mghosteur.com\/en\/wp-json\/wp\/v2\/media?parent=32099"}],"wp:term":[{"taxonomy":"product_brand","embeddable":true,"href":"https:\/\/sakaba.mghosteur.com\/en\/wp-json\/wp\/v2\/product_brand?post=32099"},{"taxonomy":"product_cat","embeddable":true,"href":"https:\/\/sakaba.mghosteur.com\/en\/wp-json\/wp\/v2\/product_cat?post=32099"},{"taxonomy":"product_tag","embeddable":true,"href":"https:\/\/sakaba.mghosteur.com\/en\/wp-json\/wp\/v2\/product_tag?post=32099"}],"curies":[{"name":"wp","href":"https:\/\/api.w.org\/{rel}","templated":true}]}}