{"id":32103,"date":"2024-05-13T16:44:55","date_gmt":"2024-05-13T16:44:55","guid":{"rendered":"https:\/\/sakaba.mghosteur.com\/?post_type=product&#038;p=32103"},"modified":"2024-09-01T13:41:30","modified_gmt":"2024-09-01T13:41:30","slug":"naturium-vitamine-c-complex-cleanser-210ml","status":"publish","type":"product","link":"https:\/\/sakaba.mghosteur.com\/en\/product\/naturium-vitamine-c-complex-cleanser-210ml\/","title":{"rendered":"NATURIUM VITAMINE C COMPLEX CLEANSER 210ML"},"content":{"rendered":"<p>Le nettoyant complexe \u00e0 la vitamine C est formul\u00e9 avec deux formes de vitamine C, l&#8217;acide phytique et les enzymes de fruits, dont la papa\u00efne et la brom\u00e9la\u00efne, qui exfolient en douceur pour \u00e9claircir instantan\u00e9ment la peau. Ce gel nettoyant agit \u00e9galement pour dissoudre le maquillage, le s\u00e9bum, la salet\u00e9 et les impuret\u00e9s, laissant la peau propre, douce et rafra\u00eechie.<\/p>\n<p>Utilisation<\/p>\n<p>Appliquer quelques doses sur la peau s\u00e8che ou humide et masser pour \u00e9mulsionner. Rincer abondamment. Pour un masque rapide, laisser poser cinq minutes avant de rincer. Porter une protection solaire pendant la journ\u00e9e. Il est conseill\u00e9 de faire un test cutan\u00e9 avant utilisation.<\/p>","protected":false},"excerpt":{"rendered":"<p>Le nettoyant complexe \u00e0 la vitamine C est formul\u00e9 avec deux formes de vitamine C, l&#8217;acide phytique et les enzymes de fruits, dont la papa\u00efne et la brom\u00e9la\u00efne, qui exfolient en douceur pour \u00e9claircir instantan\u00e9ment la peau. Ce gel nettoyant agit \u00e9galement pour dissoudre le maquillage, le s\u00e9bum, la salet\u00e9 et les impuret\u00e9s, laissant la<span class=\"read-more-faq\"><a href=\"https:\/\/sakaba.mghosteur.com\/en\/product\/naturium-vitamine-c-complex-cleanser-210ml\/\">Read More<\/a><\/span><\/p>","protected":false},"featured_media":0,"comment_status":"open","ping_status":"closed","template":"","meta":[],"product_brand":[927],"product_cat":[293,324,291,451],"product_tag":[],"class_list":{"0":"post-32103","1":"product","2":"type-product","3":"status-publish","5":"product_brand-naturium","6":"product_cat-anti-taches","7":"product_cat-demaquillant-nettoyant","8":"product_cat-eclaircissant","9":"product_cat-aab-soin-du-visage","11":"first","12":"instock","13":"shipping-taxable","14":"product-type-simple"},"jetpack-related-posts":[{"id":31796,"url":"https:\/\/sakaba.mghosteur.com\/en\/product\/olay-collagen-peptide-gel-de-douche-591ml\/","url_meta":{"origin":32103,"position":0},"title":"OLAY COLLAGEN PEPTIDE GEL DE DOUCHE 591ML","author":"admin","date":"May 10, 2024","format":false,"excerpt":"Le nettoyant pour le corps Olay Collagen Peptide est un nettoyant pour le corps suraliment\u00e9 en collag\u00e8ne et en complexe de vitamine B3 pour laisser la peau plus ferme et plus jeune avec une utilisation continue. Il se rince proprement sans laisser de sensation grasse et enduite.","rel":"","context":"Similar post","block_context":{"text":"Similar post","link":""},"img":{"alt_text":"","src":"","width":0,"height":0},"classes":[]},{"id":26951,"url":"https:\/\/sakaba.mghosteur.com\/en\/product\/facetheory-vitamin-c-cream-cleanser\/","url_meta":{"origin":32103,"position":1},"title":"FACETHEORY Vitamin C Cream Cleanser C1","author":"admin","date":"November 28, 2022","format":false,"excerpt":"D\u00e9couvrez la Cr\u00e8me Nettoyante \u00e0 la Vitamine C C1 de FACETHEORY, une formule douce mais efficace pour \u00e9liminer les impuret\u00e9s et les d\u00e9bris qui obstruent les pores de votre peau. La vitamine C stabilis\u00e9e neutralise les radicaux libres et prot\u00e8ge votre peau contre les dommages environnementaux futurs, tandis que la\u2026","rel":"","context":"Similar post","block_context":{"text":"Similar post","link":""},"img":{"alt_text":"","src":"","width":0,"height":0},"classes":[]},{"id":26362,"url":"https:\/\/sakaba.mghosteur.com\/en\/product\/paulas-choice-omega-complex-cleansing-balm\/","url_meta":{"origin":32103,"position":2},"title":"PAULA&#8217;S CHOICE OMEGA + COMPLEX CLEANSING BALM","author":"admin","date":"November 25, 2022","format":false,"excerpt":"Le Baume Nettoyant Complexe Om\u00e9ga+ de la marque Paula's Choice est un nettoyant triple action pour la peau. Il est formul\u00e9 avec des om\u00e9gas 3, 6 et 9 pour nettoyer, adoucir et apaiser la peau tout en la rin\u00e7ant compl\u00e8tement. Ce produit nettoie en profondeur sans perturber la barri\u00e8re cutan\u00e9e\u2026","rel":"","context":"Similar post","block_context":{"text":"Similar post","link":""},"img":{"alt_text":"","src":"","width":0,"height":0},"classes":[]},{"id":31865,"url":"https:\/\/sakaba.mghosteur.com\/en\/product\/olay-vitamin-c-lait-de-corps\/","url_meta":{"origin":32103,"position":3},"title":"OLAY VITAMIN C LAIT DE CORPS","author":"admin","date":"May 10, 2024","format":false,"excerpt":"Qui ne voudrait pas d\u2019un teint plus \u00e9clatant ? Illuminez votre peau terne avec la lotion revitalisante et hydratante pour les mains et le corps d\u2019Olay. Cette lotion hydratante a une formule riche en nutriments \u00e9labor\u00e9e avec de la vitamine C et notre complexe de vitamine B3 et a \u00e9t\u00e9\u2026","rel":"","context":"Similar post","block_context":{"text":"Similar post","link":""},"img":{"alt_text":"","src":"","width":0,"height":0},"classes":[]},{"id":31780,"url":"https:\/\/sakaba.mghosteur.com\/en\/product\/olay-ceramide-gel-de-douche-591ml\/","url_meta":{"origin":32103,"position":4},"title":"OLAY CERAMIDE GEL DE DOUCHE 591ML","author":"admin","date":"May 10, 2024","format":false,"excerpt":"R\u00e9v\u00e9lez une peau belle et saine avec le nettoyant pour le corps nettoyant et fortifiant Olay avec complexe de c\u00e9ramides et de vitamine B3. Cette formule avanc\u00e9e hydrate en profondeur pour aider \u00e0 renforcer la barri\u00e8re d'hydratation de votre peau et la laisser douce et r\u00e9g\u00e9n\u00e9r\u00e9e. Gr\u00e2ce \u00e0 la technologie\u2026","rel":"","context":"Similar post","block_context":{"text":"Similar post","link":""},"img":{"alt_text":"","src":"","width":0,"height":0},"classes":[]},{"id":24397,"url":"https:\/\/sakaba.mghosteur.com\/en\/product\/palmers-skin-therapy-cleansing-oil-face\/","url_meta":{"origin":32103,"position":5},"title":"PALMERS SKIN THERAPY CLEANSING OIL FACE","author":"admin","date":"November 10, 2022","format":false,"excerpt":"Introducing Skin Therapy Huile Nettoyante Visage by Palmer's - une huile nettoyante douce pour le visage qui nettoie en profondeur votre peau sans la d\u00e9caper. Cette huile est con\u00e7ue pour enlever efficacement le maquillage, le maquillage des yeux et les impuret\u00e9s, tout en \u00e9tant non-com\u00e9dog\u00e8ne et n'obstrue pas les pores.\u2026","rel":"","context":"Similar post","block_context":{"text":"Similar post","link":""},"img":{"alt_text":"","src":"","width":0,"height":0},"classes":[]}],"_links":{"self":[{"href":"https:\/\/sakaba.mghosteur.com\/en\/wp-json\/wp\/v2\/product\/32103","targetHints":{"allow":["GET"]}}],"collection":[{"href":"https:\/\/sakaba.mghosteur.com\/en\/wp-json\/wp\/v2\/product"}],"about":[{"href":"https:\/\/sakaba.mghosteur.com\/en\/wp-json\/wp\/v2\/types\/product"}],"replies":[{"embeddable":true,"href":"https:\/\/sakaba.mghosteur.com\/en\/wp-json\/wp\/v2\/comments?post=32103"}],"version-history":[{"count":0,"href":"https:\/\/sakaba.mghosteur.com\/en\/wp-json\/wp\/v2\/product\/32103\/revisions"}],"wp:attachment":[{"href":"https:\/\/sakaba.mghosteur.com\/en\/wp-json\/wp\/v2\/media?parent=32103"}],"wp:term":[{"taxonomy":"product_brand","embeddable":true,"href":"https:\/\/sakaba.mghosteur.com\/en\/wp-json\/wp\/v2\/product_brand?post=32103"},{"taxonomy":"product_cat","embeddable":true,"href":"https:\/\/sakaba.mghosteur.com\/en\/wp-json\/wp\/v2\/product_cat?post=32103"},{"taxonomy":"product_tag","embeddable":true,"href":"https:\/\/sakaba.mghosteur.com\/en\/wp-json\/wp\/v2\/product_tag?post=32103"}],"curies":[{"name":"wp","href":"https:\/\/api.w.org\/{rel}","templated":true}]}}