{"id":32105,"date":"2024-05-13T16:44:38","date_gmt":"2024-05-13T16:44:38","guid":{"rendered":"https:\/\/sakaba.mghosteur.com\/?post_type=product&#038;p=32105"},"modified":"2024-05-13T16:44:39","modified_gmt":"2024-05-13T16:44:39","slug":"tothes-black-tothelash-lash-care-tubing-mascara","status":"publish","type":"product","link":"https:\/\/sakaba.mghosteur.com\/en\/product\/tothes-black-tothelash-lash-care-tubing-mascara\/","title":{"rendered":"TOTHES BLACK TOTHELASH LASH CARE TUBING MASCARA"},"content":{"rendered":"","protected":false},"excerpt":{"rendered":"","protected":false},"featured_media":0,"comment_status":"open","ping_status":"closed","template":"","meta":[],"product_brand":[1036],"product_cat":[377],"product_tag":[],"class_list":{"0":"post-32105","1":"product","2":"type-product","3":"status-publish","5":"product_brand-tothelash","6":"product_cat-bath-body-works","8":"first","9":"instock","10":"shipping-taxable","11":"product-type-simple"},"jetpack-related-posts":[{"id":24508,"url":"https:\/\/sakaba.mghosteur.com\/en\/product\/la-colors-drama-lash-mascara\/","url_meta":{"origin":32105,"position":0},"title":"LA Colors Drama Lash Mascara","author":"admin","date":"November 10, 2022","format":false,"excerpt":"","rel":"","context":"Similar post","block_context":{"text":"Similar post","link":""},"img":{"alt_text":"","src":"","width":0,"height":0},"classes":[]},{"id":24511,"url":"https:\/\/sakaba.mghosteur.com\/en\/product\/la-colors-mega-dramati-lash-mascara\/","url_meta":{"origin":32105,"position":1},"title":"LA Colors MEGA Dramati Lash Mascara","author":"admin","date":"November 10, 2022","format":false,"excerpt":"","rel":"","context":"Similar post","block_context":{"text":"Similar post","link":""},"img":{"alt_text":"","src":"","width":0,"height":0},"classes":[]},{"id":24368,"url":"https:\/\/sakaba.mghosteur.com\/en\/product\/kiss-black-lash-glue-and-eyeliner-in-one\/","url_meta":{"origin":32105,"position":2},"title":"KISS BLACK LASH GLUE AND EYELINER IN ONE","author":"admin","date":"November 10, 2022","format":false,"excerpt":"","rel":"","context":"Similar post","block_context":{"text":"Similar post","link":""},"img":{"alt_text":"","src":"","width":0,"height":0},"classes":[]},{"id":24371,"url":"https:\/\/sakaba.mghosteur.com\/en\/product\/kiss-lash-couture-matte-black-faux-mink-collection\/","url_meta":{"origin":32105,"position":3},"title":"KISS LASH COUTURE MATTE BLACK FAUX MINK COLLECTION","author":"admin","date":"November 10, 2022","format":false,"excerpt":"","rel":"","context":"Similar post","block_context":{"text":"Similar post","link":""},"img":{"alt_text":"","src":"","width":0,"height":0},"classes":[]},{"id":32059,"url":"https:\/\/sakaba.mghosteur.com\/en\/product\/sephora-mascara-01-ultra-black-size-up\/","url_meta":{"origin":32105,"position":4},"title":"SEPHORA MASCARA 01 ULTRA BLACK SIZE UP","author":"admin","date":"May 13, 2024","format":false,"excerpt":"Description du produit Ce mascara Sephora Collection offre un volume instantan\u00e9 extra large et allonge et bouclera les cils pour des r\u00e9sultats spectaculaires en un seul geste. Quel type de maquillage ressemble \u00e0 un maquillage quotidien. Les cils ne peuvent jamais \u00eatre trop grands : plus de volume, veuillez vous\u2026","rel":"","context":"Similar post","block_context":{"text":"Similar post","link":""},"img":{"alt_text":"","src":"","width":0,"height":0},"classes":[]},{"id":24363,"url":"https:\/\/sakaba.mghosteur.com\/en\/product\/duo-line-it-lash-it-2in-1-eyeliner-lash-adhesive\/","url_meta":{"origin":32105,"position":5},"title":"DUO LINE IT LASH IT 2IN 1 EYELINER &#038; LASH ADHESIVE","author":"admin","date":"November 10, 2022","format":false,"excerpt":"","rel":"","context":"Similar post","block_context":{"text":"Similar post","link":""},"img":{"alt_text":"","src":"","width":0,"height":0},"classes":[]}],"_links":{"self":[{"href":"https:\/\/sakaba.mghosteur.com\/en\/wp-json\/wp\/v2\/product\/32105","targetHints":{"allow":["GET"]}}],"collection":[{"href":"https:\/\/sakaba.mghosteur.com\/en\/wp-json\/wp\/v2\/product"}],"about":[{"href":"https:\/\/sakaba.mghosteur.com\/en\/wp-json\/wp\/v2\/types\/product"}],"replies":[{"embeddable":true,"href":"https:\/\/sakaba.mghosteur.com\/en\/wp-json\/wp\/v2\/comments?post=32105"}],"version-history":[{"count":0,"href":"https:\/\/sakaba.mghosteur.com\/en\/wp-json\/wp\/v2\/product\/32105\/revisions"}],"wp:attachment":[{"href":"https:\/\/sakaba.mghosteur.com\/en\/wp-json\/wp\/v2\/media?parent=32105"}],"wp:term":[{"taxonomy":"product_brand","embeddable":true,"href":"https:\/\/sakaba.mghosteur.com\/en\/wp-json\/wp\/v2\/product_brand?post=32105"},{"taxonomy":"product_cat","embeddable":true,"href":"https:\/\/sakaba.mghosteur.com\/en\/wp-json\/wp\/v2\/product_cat?post=32105"},{"taxonomy":"product_tag","embeddable":true,"href":"https:\/\/sakaba.mghosteur.com\/en\/wp-json\/wp\/v2\/product_tag?post=32105"}],"curies":[{"name":"wp","href":"https:\/\/api.w.org\/{rel}","templated":true}]}}