{"id":32114,"date":"2024-05-13T16:47:34","date_gmt":"2024-05-13T16:47:34","guid":{"rendered":"https:\/\/sakaba.mghosteur.com\/?post_type=product&#038;p=32114"},"modified":"2024-05-13T16:47:34","modified_gmt":"2024-05-13T16:47:34","slug":"nature-bounty-hair-skin-nails-120-gummies-2500mg","status":"publish","type":"product","link":"https:\/\/sakaba.mghosteur.com\/en\/product\/nature-bounty-hair-skin-nails-120-gummies-2500mg\/","title":{"rendered":"Nature Bounty Hair Skin Nails 120 GUMMIES 2500MG"},"content":{"rendered":"","protected":false},"excerpt":{"rendered":"","protected":false},"featured_media":0,"comment_status":"open","ping_status":"closed","template":"","meta":[],"product_brand":[925],"product_cat":[377],"product_tag":[],"class_list":{"0":"post-32114","1":"product","2":"type-product","3":"status-publish","5":"product_brand-nature-bounty","6":"product_cat-bath-body-works","8":"first","9":"instock","10":"shipping-taxable","11":"product-type-simple"},"jetpack-related-posts":[{"id":25153,"url":"https:\/\/sakaba.mghosteur.com\/en\/product\/nature-bounty-hair-skin-nails-gummies\/","url_meta":{"origin":32114,"position":0},"title":"Nature Bounty Hair Skin &#038; Nails Gummies","author":"admin","date":"November 11, 2022","format":false,"excerpt":"","rel":"","context":"Similar post","block_context":{"text":"Similar post","link":""},"img":{"alt_text":"","src":"","width":0,"height":0},"classes":[]},{"id":25112,"url":"https:\/\/sakaba.mghosteur.com\/en\/product\/nature-bounty-hair-skin-nails-gummies-2-500mcg\/","url_meta":{"origin":32114,"position":1},"title":"NATURE BOUNTY HAIR SKIN &#038;NAILS GUMMIES 2500MCG","author":"admin","date":"November 11, 2022","format":false,"excerpt":"","rel":"","context":"Similar post","block_context":{"text":"Similar post","link":""},"img":{"alt_text":"","src":"","width":0,"height":0},"classes":[]},{"id":25118,"url":"https:\/\/sakaba.mghosteur.com\/en\/product\/nature-bounty-hair-skin-nails-gummies-220\/","url_meta":{"origin":32114,"position":2},"title":"NATURE BOUNTY HAIR SKIN &#038;NAILS 230 GUMMIES","author":"admin","date":"November 11, 2022","format":false,"excerpt":"","rel":"","context":"Similar post","block_context":{"text":"Similar post","link":""},"img":{"alt_text":"","src":"","width":0,"height":0},"classes":[]},{"id":29792,"url":"https:\/\/sakaba.mghosteur.com\/en\/product\/solgar-skin-nails-hair\/","url_meta":{"origin":32114,"position":3},"title":"SOLGAR SKIN NAILS &#038; HAIR","author":"admin","date":"April 25, 2023","format":false,"excerpt":"D\u00e9couvrez les comprim\u00e9s Peau, Ongles & Cheveux de la marque Solgar, con\u00e7us pour aider \u00e0 maintenir une peau jeune et \u00e9clatante, des cheveux brillants et des ongles sains. Cette formule unique est sp\u00e9cialement con\u00e7ue pour pr\u00e9server votre beaut\u00e9 naturelle de l'int\u00e9rieur en augmentant la production de collag\u00e8ne et de k\u00e9ratine.\u2026","rel":"","context":"Similar post","block_context":{"text":"Similar post","link":""},"img":{"alt_text":"","src":"","width":0,"height":0},"classes":[]},{"id":32109,"url":"https:\/\/sakaba.mghosteur.com\/en\/product\/nature-bounty-zinc-50mg-200tb\/","url_meta":{"origin":32114,"position":4},"title":"NATURE BOUNTY ZINC 50MG 200TB","author":"admin","date":"May 13, 2024","format":false,"excerpt":"","rel":"","context":"Similar post","block_context":{"text":"Similar post","link":""},"img":{"alt_text":"","src":"","width":0,"height":0},"classes":[]},{"id":25198,"url":"https:\/\/sakaba.mghosteur.com\/en\/product\/nature-bounty-d3-250mcg\/","url_meta":{"origin":32114,"position":5},"title":"Nature Bounty D3 250MCG","author":"admin","date":"November 14, 2022","format":false,"excerpt":"","rel":"","context":"Similar post","block_context":{"text":"Similar post","link":""},"img":{"alt_text":"","src":"","width":0,"height":0},"classes":[]}],"_links":{"self":[{"href":"https:\/\/sakaba.mghosteur.com\/en\/wp-json\/wp\/v2\/product\/32114","targetHints":{"allow":["GET"]}}],"collection":[{"href":"https:\/\/sakaba.mghosteur.com\/en\/wp-json\/wp\/v2\/product"}],"about":[{"href":"https:\/\/sakaba.mghosteur.com\/en\/wp-json\/wp\/v2\/types\/product"}],"replies":[{"embeddable":true,"href":"https:\/\/sakaba.mghosteur.com\/en\/wp-json\/wp\/v2\/comments?post=32114"}],"version-history":[{"count":0,"href":"https:\/\/sakaba.mghosteur.com\/en\/wp-json\/wp\/v2\/product\/32114\/revisions"}],"wp:attachment":[{"href":"https:\/\/sakaba.mghosteur.com\/en\/wp-json\/wp\/v2\/media?parent=32114"}],"wp:term":[{"taxonomy":"product_brand","embeddable":true,"href":"https:\/\/sakaba.mghosteur.com\/en\/wp-json\/wp\/v2\/product_brand?post=32114"},{"taxonomy":"product_cat","embeddable":true,"href":"https:\/\/sakaba.mghosteur.com\/en\/wp-json\/wp\/v2\/product_cat?post=32114"},{"taxonomy":"product_tag","embeddable":true,"href":"https:\/\/sakaba.mghosteur.com\/en\/wp-json\/wp\/v2\/product_tag?post=32114"}],"curies":[{"name":"wp","href":"https:\/\/api.w.org\/{rel}","templated":true}]}}