{"id":32117,"date":"2024-05-13T16:47:10","date_gmt":"2024-05-13T16:47:10","guid":{"rendered":"https:\/\/sakaba.mghosteur.com\/?post_type=product&#038;p=32117"},"modified":"2024-05-13T16:47:10","modified_gmt":"2024-05-13T16:47:10","slug":"shea-sugar-scrub-moonlight-glow","status":"publish","type":"product","link":"https:\/\/sakaba.mghosteur.com\/en\/product\/shea-sugar-scrub-moonlight-glow\/","title":{"rendered":"SHEA SUGAR SCRUB MOONLIGHT GLOW"},"content":{"rendered":"","protected":false},"excerpt":{"rendered":"","protected":false},"featured_media":0,"comment_status":"open","ping_status":"closed","template":"","meta":[],"product_brand":[995],"product_cat":[377],"product_tag":[],"class_list":{"0":"post-32117","1":"product","2":"type-product","3":"status-publish","5":"product_brand-tree-hut","6":"product_cat-bath-body-works","8":"first","9":"instock","10":"shipping-taxable","11":"product-type-simple"},"jetpack-related-posts":[{"id":26908,"url":"https:\/\/sakaba.mghosteur.com\/en\/product\/shea-sugar-scrub-watermelon\/","url_meta":{"origin":32117,"position":0},"title":"SHEA SUGAR SCRUB WATERMELON","author":"admin","date":"November 28, 2022","format":false,"excerpt":"","rel":"","context":"Similar post","block_context":{"text":"Similar post","link":""},"img":{"alt_text":"","src":"","width":0,"height":0},"classes":[]},{"id":26936,"url":"https:\/\/sakaba.mghosteur.com\/en\/product\/shea-sugar-scrub-cotton-candy\/","url_meta":{"origin":32117,"position":1},"title":"SHEA SUGAR SCRUB COTTON CANDY","author":"admin","date":"November 28, 2022","format":false,"excerpt":"","rel":"","context":"Similar post","block_context":{"text":"Similar post","link":""},"img":{"alt_text":"","src":"","width":0,"height":0},"classes":[]},{"id":32121,"url":"https:\/\/sakaba.mghosteur.com\/en\/product\/shea-sugar-scrub-pineapple\/","url_meta":{"origin":32117,"position":2},"title":"SHEA SUGAR SCRUB PINEAPPLE","author":"admin","date":"May 13, 2024","format":false,"excerpt":"","rel":"","context":"Similar post","block_context":{"text":"Similar post","link":""},"img":{"alt_text":"","src":"","width":0,"height":0},"classes":[]},{"id":32126,"url":"https:\/\/sakaba.mghosteur.com\/en\/product\/shea-sugar-scrub-vanilla\/","url_meta":{"origin":32117,"position":3},"title":"SHEA SUGAR SCRUB VANILLA","author":"admin","date":"May 13, 2024","format":false,"excerpt":"","rel":"","context":"Similar post","block_context":{"text":"Similar post","link":""},"img":{"alt_text":"","src":"","width":0,"height":0},"classes":[]},{"id":26477,"url":"https:\/\/sakaba.mghosteur.com\/en\/product\/tree-hut-tropic-glow-firming-sugar-scrub\/","url_meta":{"origin":32117,"position":4},"title":"TREE HUT TROPIC GLOW FIRMING SUGAR SCRUB","author":"admin","date":"November 25, 2022","format":false,"excerpt":"Gr\u00e2ce au sucre, qui exfolie la peau, associ\u00e9 aux propri\u00e9t\u00e9s nourrissantes du beurre de karit\u00e9, ce gommage nourrit la peau tout en l'exfoliant. De plus, la formule contient un m\u00e9lange d'huiles naturelles qui revitalisent et adoucissent la peau. En cons\u00e9quence, ce produit d\u00e9voile une peau plus lisse, plus douce et\u2026","rel":"","context":"Similar post","block_context":{"text":"Similar post","link":""},"img":{"alt_text":"","src":"","width":0,"height":0},"classes":[]},{"id":56232,"url":"https:\/\/sakaba.mghosteur.com\/en\/product\/tree-hut-vitamin-c-shea-sugar-scrub\/","url_meta":{"origin":32117,"position":5},"title":"Tree Hut Vitamin C Shea Sugar Scrub","author":"Sope DIA","date":"January 3, 2026","format":false,"excerpt":"Le gommage exfoliant pour le corps \u00e9limine la peau terne et s\u00e8che pour r\u00e9v\u00e9ler une peau \u00e9clatante, douce et lisse. Il nourrit en profondeur et \u00e9quilibre l\u2019hydratation de la peau pour aider \u00e0 restaurer l\u2019\u00e9clat naturel de la peau.","rel":"","context":"Similar post","block_context":{"text":"Similar post","link":""},"img":{"alt_text":"","src":"","width":0,"height":0},"classes":[]}],"_links":{"self":[{"href":"https:\/\/sakaba.mghosteur.com\/en\/wp-json\/wp\/v2\/product\/32117","targetHints":{"allow":["GET"]}}],"collection":[{"href":"https:\/\/sakaba.mghosteur.com\/en\/wp-json\/wp\/v2\/product"}],"about":[{"href":"https:\/\/sakaba.mghosteur.com\/en\/wp-json\/wp\/v2\/types\/product"}],"replies":[{"embeddable":true,"href":"https:\/\/sakaba.mghosteur.com\/en\/wp-json\/wp\/v2\/comments?post=32117"}],"version-history":[{"count":0,"href":"https:\/\/sakaba.mghosteur.com\/en\/wp-json\/wp\/v2\/product\/32117\/revisions"}],"wp:attachment":[{"href":"https:\/\/sakaba.mghosteur.com\/en\/wp-json\/wp\/v2\/media?parent=32117"}],"wp:term":[{"taxonomy":"product_brand","embeddable":true,"href":"https:\/\/sakaba.mghosteur.com\/en\/wp-json\/wp\/v2\/product_brand?post=32117"},{"taxonomy":"product_cat","embeddable":true,"href":"https:\/\/sakaba.mghosteur.com\/en\/wp-json\/wp\/v2\/product_cat?post=32117"},{"taxonomy":"product_tag","embeddable":true,"href":"https:\/\/sakaba.mghosteur.com\/en\/wp-json\/wp\/v2\/product_tag?post=32117"}],"curies":[{"name":"wp","href":"https:\/\/api.w.org\/{rel}","templated":true}]}}