{"id":32121,"date":"2024-05-13T16:48:07","date_gmt":"2024-05-13T16:48:07","guid":{"rendered":"https:\/\/sakaba.mghosteur.com\/?post_type=product&#038;p=32121"},"modified":"2024-05-13T16:48:07","modified_gmt":"2024-05-13T16:48:07","slug":"shea-sugar-scrub-pineapple","status":"publish","type":"product","link":"https:\/\/sakaba.mghosteur.com\/en\/product\/shea-sugar-scrub-pineapple\/","title":{"rendered":"SHEA SUGAR SCRUB PINEAPPLE"},"content":{"rendered":"","protected":false},"excerpt":{"rendered":"","protected":false},"featured_media":0,"comment_status":"open","ping_status":"closed","template":"","meta":[],"product_brand":[995],"product_cat":[377],"product_tag":[],"class_list":{"0":"post-32121","1":"product","2":"type-product","3":"status-publish","5":"product_brand-tree-hut","6":"product_cat-bath-body-works","8":"first","9":"instock","10":"shipping-taxable","11":"product-type-simple"},"jetpack-related-posts":[{"id":26908,"url":"https:\/\/sakaba.mghosteur.com\/en\/product\/shea-sugar-scrub-watermelon\/","url_meta":{"origin":32121,"position":0},"title":"SHEA SUGAR SCRUB WATERMELON","author":"admin","date":"November 28, 2022","format":false,"excerpt":"","rel":"","context":"Similar post","block_context":{"text":"Similar post","link":""},"img":{"alt_text":"","src":"","width":0,"height":0},"classes":[]},{"id":26936,"url":"https:\/\/sakaba.mghosteur.com\/en\/product\/shea-sugar-scrub-cotton-candy\/","url_meta":{"origin":32121,"position":1},"title":"SHEA SUGAR SCRUB COTTON CANDY","author":"admin","date":"November 28, 2022","format":false,"excerpt":"","rel":"","context":"Similar post","block_context":{"text":"Similar post","link":""},"img":{"alt_text":"","src":"","width":0,"height":0},"classes":[]},{"id":32126,"url":"https:\/\/sakaba.mghosteur.com\/en\/product\/shea-sugar-scrub-vanilla\/","url_meta":{"origin":32121,"position":2},"title":"SHEA SUGAR SCRUB VANILLA","author":"admin","date":"May 13, 2024","format":false,"excerpt":"","rel":"","context":"Similar post","block_context":{"text":"Similar post","link":""},"img":{"alt_text":"","src":"","width":0,"height":0},"classes":[]},{"id":32117,"url":"https:\/\/sakaba.mghosteur.com\/en\/product\/shea-sugar-scrub-moonlight-glow\/","url_meta":{"origin":32121,"position":3},"title":"SHEA SUGAR SCRUB MOONLIGHT GLOW","author":"admin","date":"May 13, 2024","format":false,"excerpt":"","rel":"","context":"Similar post","block_context":{"text":"Similar post","link":""},"img":{"alt_text":"","src":"","width":0,"height":0},"classes":[]},{"id":56232,"url":"https:\/\/sakaba.mghosteur.com\/en\/product\/tree-hut-vitamin-c-shea-sugar-scrub\/","url_meta":{"origin":32121,"position":4},"title":"Tree Hut Vitamin C Shea Sugar Scrub","author":"Sope DIA","date":"January 3, 2026","format":false,"excerpt":"Le gommage exfoliant pour le corps \u00e9limine la peau terne et s\u00e8che pour r\u00e9v\u00e9ler une peau \u00e9clatante, douce et lisse. Il nourrit en profondeur et \u00e9quilibre l\u2019hydratation de la peau pour aider \u00e0 restaurer l\u2019\u00e9clat naturel de la peau.","rel":"","context":"Similar post","block_context":{"text":"Similar post","link":""},"img":{"alt_text":"","src":"","width":0,"height":0},"classes":[]},{"id":26453,"url":"https:\/\/sakaba.mghosteur.com\/en\/product\/tree-hut-strawberry-shea-sugar-scrub\/","url_meta":{"origin":32121,"position":5},"title":"TREE HUT STRAWBERRY SHEA SUGAR SCRUB","author":"admin","date":"November 25, 2022","format":false,"excerpt":"Le gommage au sucre et \u00e0 la fraise Tree Hut est un gommage corporel qui utilise du sucre, du beurre de karit\u00e9, du BHA, de la fraise et des huiles naturelles pour nourrir et \u00e9quilibrer l'hydratation de la peau. Il est biologique, sans cruaut\u00e9 et sans alcool.","rel":"","context":"Similar post","block_context":{"text":"Similar post","link":""},"img":{"alt_text":"","src":"","width":0,"height":0},"classes":[]}],"_links":{"self":[{"href":"https:\/\/sakaba.mghosteur.com\/en\/wp-json\/wp\/v2\/product\/32121","targetHints":{"allow":["GET"]}}],"collection":[{"href":"https:\/\/sakaba.mghosteur.com\/en\/wp-json\/wp\/v2\/product"}],"about":[{"href":"https:\/\/sakaba.mghosteur.com\/en\/wp-json\/wp\/v2\/types\/product"}],"replies":[{"embeddable":true,"href":"https:\/\/sakaba.mghosteur.com\/en\/wp-json\/wp\/v2\/comments?post=32121"}],"version-history":[{"count":0,"href":"https:\/\/sakaba.mghosteur.com\/en\/wp-json\/wp\/v2\/product\/32121\/revisions"}],"wp:attachment":[{"href":"https:\/\/sakaba.mghosteur.com\/en\/wp-json\/wp\/v2\/media?parent=32121"}],"wp:term":[{"taxonomy":"product_brand","embeddable":true,"href":"https:\/\/sakaba.mghosteur.com\/en\/wp-json\/wp\/v2\/product_brand?post=32121"},{"taxonomy":"product_cat","embeddable":true,"href":"https:\/\/sakaba.mghosteur.com\/en\/wp-json\/wp\/v2\/product_cat?post=32121"},{"taxonomy":"product_tag","embeddable":true,"href":"https:\/\/sakaba.mghosteur.com\/en\/wp-json\/wp\/v2\/product_tag?post=32121"}],"curies":[{"name":"wp","href":"https:\/\/api.w.org\/{rel}","templated":true}]}}