{"id":32123,"date":"2024-05-13T16:48:38","date_gmt":"2024-05-13T16:48:38","guid":{"rendered":"https:\/\/sakaba.mghosteur.com\/?post_type=product&#038;p=32123"},"modified":"2024-05-13T16:48:56","modified_gmt":"2024-05-13T16:48:56","slug":"mediheal-67mm-square-pad-hygiene-tweezers-150ml","status":"publish","type":"product","link":"https:\/\/sakaba.mghosteur.com\/en\/product\/mediheal-67mm-square-pad-hygiene-tweezers-150ml\/","title":{"rendered":"MEDIHEAL 67MM SQUARE PAD HYGIENE TWEEZERS 150ml"},"content":{"rendered":"","protected":false},"excerpt":{"rendered":"","protected":false},"featured_media":0,"comment_status":"open","ping_status":"closed","template":"","meta":[],"product_brand":[1037],"product_cat":[377],"product_tag":[],"class_list":{"0":"post-32123","1":"product","2":"type-product","3":"status-publish","5":"product_brand-mediheal","6":"product_cat-bath-body-works","8":"first","9":"instock","10":"shipping-taxable","11":"product-type-simple"},"jetpack-related-posts":[{"id":32129,"url":"https:\/\/sakaba.mghosteur.com\/en\/product\/mediheal-retinol-collagen-lifting-pad-day-night\/","url_meta":{"origin":32123,"position":0},"title":"MEDIHEAL RETINOL COLLAGEN LIFTING PAD DAY &amp; NIGHT","author":"admin","date":"May 13, 2024","format":false,"excerpt":"","rel":"","context":"Similar post","block_context":{"text":"Similar post","link":""},"img":{"alt_text":"","src":"","width":0,"height":0},"classes":[]},{"id":56206,"url":"https:\/\/sakaba.mghosteur.com\/en\/product\/mediheal-watermide-moisture-pad\/","url_meta":{"origin":32123,"position":1},"title":"Mediheal Watermide Moisture Pad","author":"Sope DIA","date":"January 2, 2026","format":false,"excerpt":"Tampons de toner quotidiens jour et nuit pour une r\u00e9paration rapide de la peau Fournit la solution de beaut\u00e9 adapt\u00e9e \u00e0 vos types de peau et \u00e0 vos pr\u00e9occupations. Taille (67 mm) pour couvrir une large zone. Coins arrondis pour un ajustement parfait sur la peau. 2 en 1 ;\u2026","rel":"","context":"Similar post","block_context":{"text":"Similar post","link":""},"img":{"alt_text":"","src":"","width":0,"height":0},"classes":[]},{"id":26589,"url":"https:\/\/sakaba.mghosteur.com\/en\/product\/gluta-c-body-lotion-150ml\/","url_meta":{"origin":32123,"position":2},"title":"GLUTA C BODY LOTION 150ML","author":"admin","date":"November 28, 2022","format":false,"excerpt":"","rel":"","context":"Similar post","block_context":{"text":"Similar post","link":""},"img":{"alt_text":"","src":"","width":0,"height":0},"classes":[]},{"id":34872,"url":"https:\/\/sakaba.mghosteur.com\/en\/product\/glow-recipe-watermelon-glow-p-h-a-b-h-a-pore-150ml\/","url_meta":{"origin":32123,"position":3},"title":"GLOW RECIPE WATERMELON GLOW P H A + B H A PORE 150ml","author":"admin","date":"June 3, 2024","format":false,"excerpt":"","rel":"","context":"Similar post","block_context":{"text":"Similar post","link":""},"img":{"alt_text":"","src":"","width":0,"height":0},"classes":[]},{"id":31843,"url":"https:\/\/sakaba.mghosteur.com\/en\/product\/anua-heartleaf-quercetinol-pore-deep-cleansing-foam-150ml\/","url_meta":{"origin":32123,"position":4},"title":"ANUA HEARTLEAF QUERCETINOL PORE DEEP CLEANSING FOAM 150ML","author":"admin","date":"May 10, 2024","format":false,"excerpt":"Une mousse nettoyante formul\u00e9e avec de l'extrait de Heartleaf, con\u00e7ue pour nettoyer en profondeur les pores et exfolier en douceur les cellules mortes de la peau.","rel":"","context":"Similar post","block_context":{"text":"Similar post","link":""},"img":{"alt_text":"","src":"","width":0,"height":0},"classes":[]},{"id":29859,"url":"https:\/\/sakaba.mghosteur.com\/en\/product\/kojie-san-skin-lightening-foaming-face-wash-with-hydromoist-150ml\/","url_meta":{"origin":32123,"position":5},"title":"Kojie San Skin Lightening Foaming Face Wash With Hydromoist 150ml","author":"admin","date":"April 26, 2023","format":false,"excerpt":"D\u00e9couvrez le Kojie San Skin Lightening Foaming Face Wash With Hydromoist de 150ml, un produit de beaut\u00e9 de qualit\u00e9 qui nettoie en douceur le visage tout en le rendant plus lumineux. Ce nettoyant pour le visage \u00e0 la mousse l\u00e9g\u00e8re et a\u00e9r\u00e9e nettoie en douceur et \u00e9limine les impuret\u00e9s, la\u2026","rel":"","context":"Similar post","block_context":{"text":"Similar post","link":""},"img":{"alt_text":"","src":"","width":0,"height":0},"classes":[]}],"_links":{"self":[{"href":"https:\/\/sakaba.mghosteur.com\/en\/wp-json\/wp\/v2\/product\/32123","targetHints":{"allow":["GET"]}}],"collection":[{"href":"https:\/\/sakaba.mghosteur.com\/en\/wp-json\/wp\/v2\/product"}],"about":[{"href":"https:\/\/sakaba.mghosteur.com\/en\/wp-json\/wp\/v2\/types\/product"}],"replies":[{"embeddable":true,"href":"https:\/\/sakaba.mghosteur.com\/en\/wp-json\/wp\/v2\/comments?post=32123"}],"version-history":[{"count":0,"href":"https:\/\/sakaba.mghosteur.com\/en\/wp-json\/wp\/v2\/product\/32123\/revisions"}],"wp:attachment":[{"href":"https:\/\/sakaba.mghosteur.com\/en\/wp-json\/wp\/v2\/media?parent=32123"}],"wp:term":[{"taxonomy":"product_brand","embeddable":true,"href":"https:\/\/sakaba.mghosteur.com\/en\/wp-json\/wp\/v2\/product_brand?post=32123"},{"taxonomy":"product_cat","embeddable":true,"href":"https:\/\/sakaba.mghosteur.com\/en\/wp-json\/wp\/v2\/product_cat?post=32123"},{"taxonomy":"product_tag","embeddable":true,"href":"https:\/\/sakaba.mghosteur.com\/en\/wp-json\/wp\/v2\/product_tag?post=32123"}],"curies":[{"name":"wp","href":"https:\/\/api.w.org\/{rel}","templated":true}]}}