{"id":32129,"date":"2024-05-13T16:50:53","date_gmt":"2024-05-13T16:50:53","guid":{"rendered":"https:\/\/sakaba.mghosteur.com\/?post_type=product&#038;p=32129"},"modified":"2024-08-08T03:33:59","modified_gmt":"2024-08-08T03:33:59","slug":"mediheal-retinol-collagen-lifting-pad-day-night","status":"publish","type":"product","link":"https:\/\/sakaba.mghosteur.com\/en\/product\/mediheal-retinol-collagen-lifting-pad-day-night\/","title":{"rendered":"MEDIHEAL RETINOL COLLAGEN LIFTING PAD DAY &amp; NIGHT"},"content":{"rendered":"","protected":false},"excerpt":{"rendered":"","protected":false},"featured_media":0,"comment_status":"open","ping_status":"closed","template":"","meta":[],"product_brand":[1037],"product_cat":[1095,1018,451,334],"product_tag":[],"class_list":{"0":"post-32129","1":"product","2":"type-product","3":"status-publish","5":"product_brand-mediheal","6":"product_cat-anti-age","7":"product_cat-aai-produis-coreens","8":"product_cat-aab-soin-du-visage","9":"product_cat-traitement-serum","11":"first","12":"instock","13":"shipping-taxable","14":"product-type-simple"},"jetpack-related-posts":[{"id":32123,"url":"https:\/\/sakaba.mghosteur.com\/en\/product\/mediheal-67mm-square-pad-hygiene-tweezers-150ml\/","url_meta":{"origin":32129,"position":0},"title":"MEDIHEAL 67MM SQUARE PAD HYGIENE TWEEZERS 150ml","author":"admin","date":"May 13, 2024","format":false,"excerpt":"","rel":"","context":"Similar post","block_context":{"text":"Similar post","link":""},"img":{"alt_text":"","src":"","width":0,"height":0},"classes":[]},{"id":56206,"url":"https:\/\/sakaba.mghosteur.com\/en\/product\/mediheal-watermide-moisture-pad\/","url_meta":{"origin":32129,"position":1},"title":"Mediheal Watermide Moisture Pad","author":"Sope DIA","date":"January 2, 2026","format":false,"excerpt":"Tampons de toner quotidiens jour et nuit pour une r\u00e9paration rapide de la peau Fournit la solution de beaut\u00e9 adapt\u00e9e \u00e0 vos types de peau et \u00e0 vos pr\u00e9occupations. Taille (67 mm) pour couvrir une large zone. Coins arrondis pour un ajustement parfait sur la peau. 2 en 1 ;\u2026","rel":"","context":"Similar post","block_context":{"text":"Similar post","link":""},"img":{"alt_text":"","src":"","width":0,"height":0},"classes":[]},{"id":31993,"url":"https:\/\/sakaba.mghosteur.com\/en\/product\/good-molecules-1-retinol-night-oil\/","url_meta":{"origin":32129,"position":2},"title":"GOOD MOLECULES 1% RETINOL NIGHT OIL","author":"admin","date":"May 13, 2024","format":false,"excerpt":"","rel":"","context":"Similar post","block_context":{"text":"Similar post","link":""},"img":{"alt_text":"","src":"","width":0,"height":0},"classes":[]},{"id":27766,"url":"https:\/\/sakaba.mghosteur.com\/en\/product\/advanced-retinol-1-5-complex-night-concentrate\/","url_meta":{"origin":32129,"position":3},"title":"ADVANCED RETINOL 1.5% COMPLEX NIGHT CONCENTRATE","author":"admin","date":"November 29, 2022","format":false,"excerpt":"","rel":"","context":"Similar post","block_context":{"text":"Similar post","link":""},"img":{"alt_text":"","src":"","width":0,"height":0},"classes":[]},{"id":26728,"url":"https:\/\/sakaba.mghosteur.com\/en\/product\/olay-regenerist-retinol-24-night-serum-max-vitamin-b3\/","url_meta":{"origin":32129,"position":4},"title":"OLAY Regenerist Retinol 24 Night Serum Max Vitamin B3+","author":"admin","date":"November 28, 2022","format":false,"excerpt":"","rel":"","context":"Similar post","block_context":{"text":"Similar post","link":""},"img":{"alt_text":"","src":"","width":0,"height":0},"classes":[]},{"id":25338,"url":"https:\/\/sakaba.mghosteur.com\/en\/product\/e-l-f-day-to-night-lipstick-duo\/","url_meta":{"origin":32129,"position":5},"title":"e.l.f Day To Night Lipstick Duo","author":"admin","date":"November 14, 2022","format":false,"excerpt":"","rel":"","context":"Similar post","block_context":{"text":"Similar post","link":""},"img":{"alt_text":"","src":"","width":0,"height":0},"classes":[]}],"_links":{"self":[{"href":"https:\/\/sakaba.mghosteur.com\/en\/wp-json\/wp\/v2\/product\/32129","targetHints":{"allow":["GET"]}}],"collection":[{"href":"https:\/\/sakaba.mghosteur.com\/en\/wp-json\/wp\/v2\/product"}],"about":[{"href":"https:\/\/sakaba.mghosteur.com\/en\/wp-json\/wp\/v2\/types\/product"}],"replies":[{"embeddable":true,"href":"https:\/\/sakaba.mghosteur.com\/en\/wp-json\/wp\/v2\/comments?post=32129"}],"version-history":[{"count":0,"href":"https:\/\/sakaba.mghosteur.com\/en\/wp-json\/wp\/v2\/product\/32129\/revisions"}],"wp:attachment":[{"href":"https:\/\/sakaba.mghosteur.com\/en\/wp-json\/wp\/v2\/media?parent=32129"}],"wp:term":[{"taxonomy":"product_brand","embeddable":true,"href":"https:\/\/sakaba.mghosteur.com\/en\/wp-json\/wp\/v2\/product_brand?post=32129"},{"taxonomy":"product_cat","embeddable":true,"href":"https:\/\/sakaba.mghosteur.com\/en\/wp-json\/wp\/v2\/product_cat?post=32129"},{"taxonomy":"product_tag","embeddable":true,"href":"https:\/\/sakaba.mghosteur.com\/en\/wp-json\/wp\/v2\/product_tag?post=32129"}],"curies":[{"name":"wp","href":"https:\/\/api.w.org\/{rel}","templated":true}]}}