{"id":32133,"date":"2024-05-13T16:50:29","date_gmt":"2024-05-13T16:50:29","guid":{"rendered":"https:\/\/sakaba.mghosteur.com\/?post_type=product&#038;p=32133"},"modified":"2024-08-13T18:25:29","modified_gmt":"2024-08-13T18:25:29","slug":"tree-hut-candy-cane-lip-butter-nourish-renew","status":"publish","type":"product","link":"https:\/\/sakaba.mghosteur.com\/en\/product\/tree-hut-candy-cane-lip-butter-nourish-renew\/","title":{"rendered":"TREE HUT CANDY CANE LIP BUTTER NOURISH RENEW"},"content":{"rendered":"<p>Prenez soin de vos l\u00e8vres avec le beurre \u00e0 l\u00e8vres Sugarlips au parfum classique des f\u00eates de Candy Cane ! La formule apaisante unique est compos\u00e9e d&#8217;un m\u00e9lange de beurre de karit\u00e9, d&#8217;huile de rose musqu\u00e9e et d&#8217;extrait de chinaberry pour nourrir et apaiser les l\u00e8vres s\u00e8ches et gerc\u00e9es. Le beurre soyeux et lisse cr\u00e9e une barri\u00e8re protectrice pour aider \u00e0 retenir l&#8217;humidit\u00e9.<\/p>","protected":false},"excerpt":{"rendered":"<p>Prenez soin de vos l\u00e8vres avec le beurre \u00e0 l\u00e8vres Sugarlips au parfum classique des f\u00eates de Candy Cane ! La formule apaisante unique est compos\u00e9e d&#8217;un m\u00e9lange de beurre de karit\u00e9, d&#8217;huile de rose musqu\u00e9e et d&#8217;extrait de chinaberry pour nourrir et apaiser les l\u00e8vres s\u00e8ches et gerc\u00e9es. Le beurre soyeux et lisse cr\u00e9e<span class=\"read-more-faq\"><a href=\"https:\/\/sakaba.mghosteur.com\/en\/product\/tree-hut-candy-cane-lip-butter-nourish-renew\/\">Read More<\/a><\/span><\/p>","protected":false},"featured_media":0,"comment_status":"open","ping_status":"closed","template":"","meta":[],"product_brand":[995],"product_cat":[1054,451],"product_tag":[],"class_list":{"0":"post-32133","1":"product","2":"type-product","3":"status-publish","5":"product_brand-tree-hut","6":"product_cat-soins-des-levres","7":"product_cat-aab-soin-du-visage","9":"first","10":"instock","11":"shipping-taxable","12":"product-type-simple"},"jetpack-related-posts":[{"id":31512,"url":"https:\/\/sakaba.mghosteur.com\/en\/product\/laneige-lip-sleeping-mask-sweet-candy\/","url_meta":{"origin":32133,"position":0},"title":"LANEIGE LIP SLEEPING MASK SWEET CANDY","author":"admin","date":"May 10, 2024","format":false,"excerpt":"D\u00e9couvrez ce masque de sommeil pour les l\u00e8vres, un essentiel pris\u00e9 par les passionn\u00e9s de beaut\u00e9. Sp\u00e9cialement con\u00e7u pour un soin intensif des l\u00e8vres, ce produit embl\u00e9matique est enrichi d'un complexe nourrissant \u00e0 base de petits fruits, de graines de Murumuru et de beurre de karit\u00e9. Offrant une hydratation profonde\u2026","rel":"","context":"Similar post","block_context":{"text":"Similar post","link":""},"img":{"alt_text":"","src":"","width":0,"height":0},"classes":[]},{"id":25393,"url":"https:\/\/sakaba.mghosteur.com\/en\/product\/vaseline-lip-therapy-cocoa-butter-glowing-lips6\/","url_meta":{"origin":32133,"position":1},"title":"VASELINE LIP THERAPY COCOA BUTTER MINI","author":"admin","date":"November 14, 2022","format":false,"excerpt":"D\u00e9couvrez Vaseline\u00ae Lip Therapy\u00ae Cocoa Butter Mini pour des l\u00e8vres douces, plus lisses et plus saines. Cette formule non collante et parfum\u00e9e au beurre de cacao aide \u00e0 apaiser et \u00e0 soigner les l\u00e8vres s\u00e8ches en emprisonnant l'humidit\u00e9 pour leur donner une apparence visiblement saine. Avec du beurre de cacao\u2026","rel":"","context":"Similar post","block_context":{"text":"Similar post","link":""},"img":{"alt_text":"","src":"","width":0,"height":0},"classes":[]},{"id":32637,"url":"https:\/\/sakaba.mghosteur.com\/en\/product\/carmex-classique-lip-balm-medicated-10g-tube\/","url_meta":{"origin":32133,"position":2},"title":"Carmex Classique lip balm medicated 10G TUBE","author":"admin","date":"May 15, 2024","format":false,"excerpt":"Baume \u00e0 l\u00e8vres m\u00e9dicamenteux Carmet Classic est un baume protecteur pour apaiser et prot\u00e9ger les l\u00e8vres s\u00e8ches et gerc\u00e9es. Il contient du beurre de cacao, du camphre et du menthol et procure une sensation de fra\u00eecheur. Il peut \u00eatre utilis\u00e9 par tous les temps et est conditionn\u00e9 dans des tubes\u2026","rel":"","context":"Similar post","block_context":{"text":"Similar post","link":""},"img":{"alt_text":"","src":"","width":0,"height":0},"classes":[]},{"id":32143,"url":"https:\/\/sakaba.mghosteur.com\/en\/product\/tree-hut-candy-whipped-shea-body-butter\/","url_meta":{"origin":32133,"position":3},"title":"TREE HUT CANDY WHIPPED SHEA BODY BUTTER","author":"admin","date":"May 13, 2024","format":false,"excerpt":"Le beurre corporel fouett\u00e9 \u00e0 la canne en sucre de Tree Hut est le soin parfait pour la peau apr\u00e8s le bain ou comme rafra\u00eechisseur de peau. Le parfum classique des f\u00eates de Candy Cane laissera votre peau douce, hydrat\u00e9e et sentant incroyablement bon ! Les beurres corporels fouett\u00e9s Tree\u2026","rel":"","context":"Similar post","block_context":{"text":"Similar post","link":""},"img":{"alt_text":"","src":"","width":0,"height":0},"classes":[]},{"id":37135,"url":"https:\/\/sakaba.mghosteur.com\/en\/product\/lip-sleeping-mask-candy-cane-sucre-d-orge\/","url_meta":{"origin":32133,"position":4},"title":"LIP SLEEPING MASK CANDY CANE SUCRE D ORGE","author":"admin","date":"October 9, 2024","format":false,"excerpt":"","rel":"","context":"Similar post","block_context":{"text":"Similar post","link":""},"img":{"alt_text":"","src":"","width":0,"height":0},"classes":[]},{"id":33249,"url":"https:\/\/sakaba.mghosteur.com\/en\/product\/eos-100-natural-shea-lip-balm-pomegranate-raspberry\/","url_meta":{"origin":32133,"position":5},"title":"EOS 100% Natural Shea Lip Balm Pomegranate Raspberry","author":"admin","date":"May 20, 2024","format":false,"excerpt":"Le go\u00fbt de grenade et de framboise a le go\u00fbt de grenade p\u00e9tillante et de framboise acidul\u00e9e et juteuse. Notre baume \u00e0 l\u00e8vres certifi\u00e9 biologique par l'USDA et recommand\u00e9 par les dermatologues est formul\u00e9 pour les peaux sensibles et fabriqu\u00e9 avec du beurre de karit\u00e9 apaisant, de l'huile de coco\u2026","rel":"","context":"Similar post","block_context":{"text":"Similar post","link":""},"img":{"alt_text":"","src":"","width":0,"height":0},"classes":[]}],"_links":{"self":[{"href":"https:\/\/sakaba.mghosteur.com\/en\/wp-json\/wp\/v2\/product\/32133","targetHints":{"allow":["GET"]}}],"collection":[{"href":"https:\/\/sakaba.mghosteur.com\/en\/wp-json\/wp\/v2\/product"}],"about":[{"href":"https:\/\/sakaba.mghosteur.com\/en\/wp-json\/wp\/v2\/types\/product"}],"replies":[{"embeddable":true,"href":"https:\/\/sakaba.mghosteur.com\/en\/wp-json\/wp\/v2\/comments?post=32133"}],"version-history":[{"count":0,"href":"https:\/\/sakaba.mghosteur.com\/en\/wp-json\/wp\/v2\/product\/32133\/revisions"}],"wp:attachment":[{"href":"https:\/\/sakaba.mghosteur.com\/en\/wp-json\/wp\/v2\/media?parent=32133"}],"wp:term":[{"taxonomy":"product_brand","embeddable":true,"href":"https:\/\/sakaba.mghosteur.com\/en\/wp-json\/wp\/v2\/product_brand?post=32133"},{"taxonomy":"product_cat","embeddable":true,"href":"https:\/\/sakaba.mghosteur.com\/en\/wp-json\/wp\/v2\/product_cat?post=32133"},{"taxonomy":"product_tag","embeddable":true,"href":"https:\/\/sakaba.mghosteur.com\/en\/wp-json\/wp\/v2\/product_tag?post=32133"}],"curies":[{"name":"wp","href":"https:\/\/api.w.org\/{rel}","templated":true}]}}