{"id":32139,"date":"2024-05-13T16:51:43","date_gmt":"2024-05-13T16:51:43","guid":{"rendered":"https:\/\/sakaba.mghosteur.com\/?post_type=product&#038;p=32139"},"modified":"2024-05-13T16:51:43","modified_gmt":"2024-05-13T16:51:43","slug":"derm-all-facial-dermal-care-mask-35g-x-04sheets","status":"publish","type":"product","link":"https:\/\/sakaba.mghosteur.com\/en\/product\/derm-all-facial-dermal-care-mask-35g-x-04sheets\/","title":{"rendered":"DERM ALL FACIAL DERMAL CARE MASK 35g x 04sheets"},"content":{"rendered":"","protected":false},"excerpt":{"rendered":"","protected":false},"featured_media":0,"comment_status":"open","ping_status":"closed","template":"","meta":[],"product_brand":[1038],"product_cat":[377],"product_tag":[],"class_list":{"0":"post-32139","1":"product","2":"type-product","3":"status-publish","5":"product_brand-derm-all","6":"product_cat-bath-body-works","8":"first","9":"instock","10":"shipping-taxable","11":"product-type-simple"},"jetpack-related-posts":[{"id":32145,"url":"https:\/\/sakaba.mghosteur.com\/en\/product\/derm-all-facial-dermal-care-mask-35g-x-10sheets\/","url_meta":{"origin":32139,"position":0},"title":"DERM ALL FACIAL DERMAL CARE MASK 35g x 10sheets","author":"admin","date":"May 13, 2024","format":false,"excerpt":"","rel":"","context":"Similar post","block_context":{"text":"Similar post","link":""},"img":{"alt_text":"","src":"","width":0,"height":0},"classes":[]},{"id":27600,"url":"https:\/\/sakaba.mghosteur.com\/en\/product\/dermactin-ts-pore-refine-peel-off-facial-mask\/","url_meta":{"origin":32139,"position":1},"title":"Dermactin-TS Pore refine + peel off facial mask","author":"admin","date":"November 29, 2022","format":false,"excerpt":"","rel":"","context":"Similar post","block_context":{"text":"Similar post","link":""},"img":{"alt_text":"","src":"","width":0,"height":0},"classes":[]},{"id":29755,"url":"https:\/\/sakaba.mghosteur.com\/en\/product\/skin-success-sheet-mask-1-single\/","url_meta":{"origin":32139,"position":2},"title":"SKIN SUCCESS SHEET  MASK 1 SINGLE","author":"admin","date":"April 19, 2023","format":false,"excerpt":"Le Palmer's Skin Success Glow Radiance Sheet Mask est un masque facial infus\u00e9 d'ingr\u00e9dients naturels pour vous offrir une peau lumineuse et \u00e9clatante. Ce masque contient des ingr\u00e9dients perfecteurs de teint qui aident \u00e0 \u00e9quilibrer le teint de votre peau et \u00e0 am\u00e9liorer son apparence. Il est con\u00e7u pour donner\u2026","rel":"","context":"Similar post","block_context":{"text":"Similar post","link":""},"img":{"alt_text":"","src":"","width":0,"height":0},"classes":[]},{"id":24577,"url":"https:\/\/sakaba.mghosteur.com\/en\/product\/clean-clear-night-relaxing-detox-clay-mask\/","url_meta":{"origin":32139,"position":3},"title":"CLEAN &amp; CLEAR NIGHT RELAXING DETOX CLAY MASK","author":"admin","date":"November 10, 2022","format":false,"excerpt":"Le masque d'argile d\u00e9toxifiant relaxant Clean & Clear Night est un masque facial qui utilise deux argiles min\u00e9rales, la bentonite et le kaolin, pour d\u00e9toxifier la peau avant le coucher. Il est sans huile et \u00e9limine la salet\u00e9, le s\u00e9bum et les impuret\u00e9s de la peau. Le masque convient \u00e0\u2026","rel":"","context":"Similar post","block_context":{"text":"Similar post","link":""},"img":{"alt_text":"","src":"","width":0,"height":0},"classes":[]},{"id":26596,"url":"https:\/\/sakaba.mghosteur.com\/en\/product\/clinique-all-about-clean-liquid-facial-soap-mild-peau\/","url_meta":{"origin":32139,"position":4},"title":"Clinique All About Clean Liquid Facial Soap Mild- Peau","author":"admin","date":"November 28, 2022","format":false,"excerpt":"","rel":"","context":"Similar post","block_context":{"text":"Similar post","link":""},"img":{"alt_text":"","src":"","width":0,"height":0},"classes":[]},{"id":30296,"url":"https:\/\/sakaba.mghosteur.com\/en\/product\/beauty-of-joseon-red-bean-refreshing-pore-mask\/","url_meta":{"origin":32139,"position":5},"title":"BEAUTY OF JOSEON RED BEAN REFRESHING PORE MASK","author":"admin","date":"May 8, 2023","format":false,"excerpt":"D\u00e9couvrez le Masque rafra\u00eechissant pour les pores aux haricots rouges de la marque Beauty of Joseon. Ce masque est con\u00e7u pour prendre soin de vos pores en \u00e9liminant les cellules mortes de la peau, en lavant le s\u00e9bum et les d\u00e9chets accumul\u00e9s et en abaissant la temp\u00e9rature de la peau.\u2026","rel":"","context":"Similar post","block_context":{"text":"Similar post","link":""},"img":{"alt_text":"","src":"","width":0,"height":0},"classes":[]}],"_links":{"self":[{"href":"https:\/\/sakaba.mghosteur.com\/en\/wp-json\/wp\/v2\/product\/32139","targetHints":{"allow":["GET"]}}],"collection":[{"href":"https:\/\/sakaba.mghosteur.com\/en\/wp-json\/wp\/v2\/product"}],"about":[{"href":"https:\/\/sakaba.mghosteur.com\/en\/wp-json\/wp\/v2\/types\/product"}],"replies":[{"embeddable":true,"href":"https:\/\/sakaba.mghosteur.com\/en\/wp-json\/wp\/v2\/comments?post=32139"}],"version-history":[{"count":0,"href":"https:\/\/sakaba.mghosteur.com\/en\/wp-json\/wp\/v2\/product\/32139\/revisions"}],"wp:attachment":[{"href":"https:\/\/sakaba.mghosteur.com\/en\/wp-json\/wp\/v2\/media?parent=32139"}],"wp:term":[{"taxonomy":"product_brand","embeddable":true,"href":"https:\/\/sakaba.mghosteur.com\/en\/wp-json\/wp\/v2\/product_brand?post=32139"},{"taxonomy":"product_cat","embeddable":true,"href":"https:\/\/sakaba.mghosteur.com\/en\/wp-json\/wp\/v2\/product_cat?post=32139"},{"taxonomy":"product_tag","embeddable":true,"href":"https:\/\/sakaba.mghosteur.com\/en\/wp-json\/wp\/v2\/product_tag?post=32139"}],"curies":[{"name":"wp","href":"https:\/\/api.w.org\/{rel}","templated":true}]}}