{"id":32143,"date":"2024-05-13T16:52:26","date_gmt":"2024-05-13T16:52:26","guid":{"rendered":"https:\/\/sakaba.mghosteur.com\/?post_type=product&#038;p=32143"},"modified":"2024-08-13T17:46:52","modified_gmt":"2024-08-13T17:46:52","slug":"tree-hut-candy-whipped-shea-body-butter","status":"publish","type":"product","link":"https:\/\/sakaba.mghosteur.com\/en\/product\/tree-hut-candy-whipped-shea-body-butter\/","title":{"rendered":"TREE HUT CANDY WHIPPED SHEA BODY BUTTER"},"content":{"rendered":"<p>Le beurre corporel fouett\u00e9 \u00e0 la canne en sucre de Tree Hut est le soin parfait pour la peau apr\u00e8s le bain ou comme rafra\u00eechisseur de peau. Le parfum classique des f\u00eates de Candy Cane laissera votre peau douce, hydrat\u00e9e et sentant incroyablement bon ! Les beurres corporels fouett\u00e9s Tree Hut sont sans paraben, v\u00e9g\u00e9taliens, sans sulfate, sans alcool, ne contiennent aucun donneur de formald\u00e9hyde et ont un parfum longue dur\u00e9e dans une formule fouett\u00e9e non grasse.<\/p>","protected":false},"excerpt":{"rendered":"<p>Le beurre corporel fouett\u00e9 \u00e0 la canne en sucre de Tree Hut est le soin parfait pour la peau apr\u00e8s le bain ou comme rafra\u00eechisseur de peau. Le parfum classique des f\u00eates de Candy Cane laissera votre peau douce, hydrat\u00e9e et sentant incroyablement bon ! Les beurres corporels fouett\u00e9s Tree Hut sont sans paraben, v\u00e9g\u00e9taliens,<span class=\"read-more-faq\"><a href=\"https:\/\/sakaba.mghosteur.com\/en\/product\/tree-hut-candy-whipped-shea-body-butter\/\">Read More<\/a><\/span><\/p>","protected":false},"featured_media":0,"comment_status":"open","ping_status":"closed","template":"","meta":[],"product_brand":[995],"product_cat":[447,1061],"product_tag":[],"class_list":{"0":"post-32143","1":"product","2":"type-product","3":"status-publish","5":"product_brand-tree-hut","6":"product_cat-aac-bain-et-corps","7":"product_cat-lait-huile_corporelle","9":"first","10":"instock","11":"shipping-taxable","12":"product-type-simple"},"jetpack-related-posts":[{"id":32195,"url":"https:\/\/sakaba.mghosteur.com\/en\/product\/tree-hut-whippep-shea-boby-butter-watermelon\/","url_meta":{"origin":32143,"position":0},"title":"TREE HUT WHIPPEP BOBY BUTTER WATERMELON","author":"admin","date":"May 13, 2024","format":false,"excerpt":"Imaginez une peau lisse et hydrat\u00e9e sans le poids des beurres corporels traditionnels. Le beurre corporel de karit\u00e9 fouett\u00e9 \u00e0 la past\u00e8que Tree Hut est le soin parfait pour la peau apr\u00e8s le bain ou comme rafra\u00eechisseur de peau. Il laissera votre peau douce et avec une odeur incroyable !\u2026","rel":"","context":"Similar post","block_context":{"text":"Similar post","link":""},"img":{"alt_text":"","src":"","width":0,"height":0},"classes":[]},{"id":32149,"url":"https:\/\/sakaba.mghosteur.com\/en\/product\/tree-hut-coco-colada-whipped-shea-body-butter\/","url_meta":{"origin":32143,"position":1},"title":"TREE HUT COCO COLADA WHIPPED SHEA BODY BUTTER","author":"admin","date":"May 13, 2024","format":false,"excerpt":"Redonnez \u00e0 votre peau sa forme hydrat\u00e9e sans la sensation lourde des beurres corporels traditionnels. Notre formule l\u00e9g\u00e8re et a\u00e9r\u00e9e glisse sur la peau sans l\u00e9siner sur l'hydratation. Le beurre corporel fouett\u00e9 Coco Colada est le soin parfait pour la peau apr\u00e8s le bain ou comme rafra\u00eechisseur de peau. Le\u2026","rel":"","context":"Similar post","block_context":{"text":"Similar post","link":""},"img":{"alt_text":"","src":"","width":0,"height":0},"classes":[]},{"id":32171,"url":"https:\/\/sakaba.mghosteur.com\/en\/product\/tree-hut-maroccan-rose-whipped-shea-butter\/","url_meta":{"origin":32143,"position":2},"title":"TREE HUT MOROCCAN ROSE WHIPPED SHEA BUTTER","author":"admin","date":"May 13, 2024","format":false,"excerpt":"Redonnez \u00e0 votre peau sa forme hydrat\u00e9e sans la sensation lourde des beurres corporels traditionnels. Notre formule l\u00e9g\u00e8re et a\u00e9r\u00e9e glisse sur la peau sans l\u00e9siner sur l'hydratation. Le beurre corporel fouett\u00e9 \u00e0 la rose marocaine est le soin parfait pour la peau apr\u00e8s le bain ou comme rafra\u00eechisseur de\u2026","rel":"","context":"Similar post","block_context":{"text":"Similar post","link":""},"img":{"alt_text":"","src":"","width":0,"height":0},"classes":[]},{"id":32192,"url":"https:\/\/sakaba.mghosteur.com\/en\/product\/tree-hut-whippep-shea-boby-butter-vanilla\/","url_meta":{"origin":32143,"position":3},"title":"TREE HUT WHIPPEP BODY BUTTER VANILLA","author":"admin","date":"May 13, 2024","format":false,"excerpt":"Le beurre corporel fouett\u00e9 \u00e0 la vanille de Tree Hut est le soin id\u00e9al pour la peau apr\u00e8s le bain ou comme rafra\u00eechissement. Le parfum cr\u00e9meux et classique de la vanille laissera votre peau douce, hydrat\u00e9e et avec une odeur incroyable !","rel":"","context":"Similar post","block_context":{"text":"Similar post","link":""},"img":{"alt_text":"","src":"","width":0,"height":0},"classes":[]},{"id":32112,"url":"https:\/\/sakaba.mghosteur.com\/en\/product\/shea-sugar-scrub-candy-cane\/","url_meta":{"origin":32143,"position":4},"title":"TREE HUT SHEA SUGAR SCRUB CANDY CANE","author":"admin","date":"May 13, 2024","format":false,"excerpt":"Le gommage corporel au sucre de karit\u00e9 et \u00e0 la canne \u00e0 sucre de Tree Hut est un exfoliant corporel qui utilise du sucre, du beurre de karit\u00e9, de la menthe poivr\u00e9e, de la vanille et six huiles naturelles pour nourrir et \u00e9quilibrer l'hydratation de la peau. Il est con\u00e7u\u2026","rel":"","context":"Similar post","block_context":{"text":"Similar post","link":""},"img":{"alt_text":"","src":"","width":0,"height":0},"classes":[]},{"id":26474,"url":"https:\/\/sakaba.mghosteur.com\/en\/product\/tree-hut-tropical-glow-firming-whipped-shea-body-butter\/","url_meta":{"origin":32143,"position":5},"title":"TREE HUT TROPICAL GLOW FIRMING WHIPPED SHEA BODY BUTTER","author":"admin","date":"November 25, 2022","format":false,"excerpt":"Un beurre corporel aromatis\u00e9. Offrez \u00e0 votre peau l'hydratation qu'elle m\u00e9rite en optant pour le beurre corporel fouett\u00e9 \u00e0 la past\u00e8que de Tree Hut. A\u00e9r\u00e9 et l\u00e9ger, ce beurre corporel p\u00e9n\u00e8tre rapidement dans la peau pour la nourrir en profondeur, am\u00e9liorer son \u00e9lasticit\u00e9, l'adoucir, retenir l'humidit\u00e9, offrir une exfoliation douce\u2026","rel":"","context":"Similar post","block_context":{"text":"Similar post","link":""},"img":{"alt_text":"","src":"","width":0,"height":0},"classes":[]}],"_links":{"self":[{"href":"https:\/\/sakaba.mghosteur.com\/en\/wp-json\/wp\/v2\/product\/32143","targetHints":{"allow":["GET"]}}],"collection":[{"href":"https:\/\/sakaba.mghosteur.com\/en\/wp-json\/wp\/v2\/product"}],"about":[{"href":"https:\/\/sakaba.mghosteur.com\/en\/wp-json\/wp\/v2\/types\/product"}],"replies":[{"embeddable":true,"href":"https:\/\/sakaba.mghosteur.com\/en\/wp-json\/wp\/v2\/comments?post=32143"}],"version-history":[{"count":0,"href":"https:\/\/sakaba.mghosteur.com\/en\/wp-json\/wp\/v2\/product\/32143\/revisions"}],"wp:attachment":[{"href":"https:\/\/sakaba.mghosteur.com\/en\/wp-json\/wp\/v2\/media?parent=32143"}],"wp:term":[{"taxonomy":"product_brand","embeddable":true,"href":"https:\/\/sakaba.mghosteur.com\/en\/wp-json\/wp\/v2\/product_brand?post=32143"},{"taxonomy":"product_cat","embeddable":true,"href":"https:\/\/sakaba.mghosteur.com\/en\/wp-json\/wp\/v2\/product_cat?post=32143"},{"taxonomy":"product_tag","embeddable":true,"href":"https:\/\/sakaba.mghosteur.com\/en\/wp-json\/wp\/v2\/product_tag?post=32143"}],"curies":[{"name":"wp","href":"https:\/\/api.w.org\/{rel}","templated":true}]}}