{"id":32156,"date":"2024-05-13T16:55:57","date_gmt":"2024-05-13T16:55:57","guid":{"rendered":"https:\/\/sakaba.mghosteur.com\/?post_type=product&#038;p=32156"},"modified":"2024-08-13T18:37:29","modified_gmt":"2024-08-13T18:37:29","slug":"tree-hut-gel-de-douche-coco-colada-radiant-refresh","status":"publish","type":"product","link":"https:\/\/sakaba.mghosteur.com\/en\/product\/tree-hut-gel-de-douche-coco-colada-radiant-refresh\/","title":{"rendered":"TREE HUT GEL DE DOUCHE COCO COLADA"},"content":{"rendered":"<p>Rafra\u00eechissez votre routine de douche avec le gel nettoyant moussant Tree Hut au parfum estival et lumineux de Coco Colada. Enveloppez votre corps d&#8217;une mousse luxueuse qui nourrit la peau et laisse un parfum longue dur\u00e9e. Les produits nettoyants Tree Hut sont infus\u00e9s de complexe d&#8217;huiles hydratantes, riche en huiles d&#8217;avocat, de kiwi et d&#8217;orange riches en antioxydants, pour que vous quittiez la douche avec une sensation de fra\u00eecheur et d&#8217;\u00e9clat.<\/p>","protected":false},"excerpt":{"rendered":"<p>Rafra\u00eechissez votre routine de douche avec le gel nettoyant moussant Tree Hut au parfum estival et lumineux de Coco Colada. Enveloppez votre corps d&#8217;une mousse luxueuse qui nourrit la peau et laisse un parfum longue dur\u00e9e. Les produits nettoyants Tree Hut sont infus\u00e9s de complexe d&#8217;huiles hydratantes, riche en huiles d&#8217;avocat, de kiwi et d&#8217;orange<span class=\"read-more-faq\"><a href=\"https:\/\/sakaba.mghosteur.com\/en\/product\/tree-hut-gel-de-douche-coco-colada-radiant-refresh\/\">Read More<\/a><\/span><\/p>","protected":false},"featured_media":0,"comment_status":"open","ping_status":"closed","template":"","meta":[],"product_brand":[995],"product_cat":[358,447],"product_tag":[],"class_list":{"0":"post-32156","1":"product","2":"type-product","3":"status-publish","5":"product_brand-tree-hut","6":"product_cat-bain-douche","7":"product_cat-aac-bain-et-corps","9":"first","10":"instock","11":"shipping-taxable","12":"product-type-simple"},"jetpack-related-posts":[{"id":32162,"url":"https:\/\/sakaba.mghosteur.com\/en\/product\/tree-hut-gel-de-douche-vitamine-c-brighten-tone\/","url_meta":{"origin":32156,"position":0},"title":"TREE HUT GEL DE DOUCHE VITAMINE C BRIGHTEN + TONE","author":"admin","date":"May 13, 2024","format":false,"excerpt":"Rafra\u00eechissez votre routine de douche avec le gel nettoyant moussant Tree Hut au parfum \u00e9clatant de vitamine C. Enveloppez votre corps d'une mousse luxueuse qui nourrit la peau et laisse un parfum longue dur\u00e9e. Les produits nettoyants Tree Hut sont infus\u00e9s de complexe d'huiles hydratantes, riche en huiles d'avocat, de\u2026","rel":"","context":"Similar post","block_context":{"text":"Similar post","link":""},"img":{"alt_text":"","src":"","width":0,"height":0},"classes":[]},{"id":32165,"url":"https:\/\/sakaba.mghosteur.com\/en\/product\/tree-hut-gel-de-douche-watermelon-hydrate-glow\/","url_meta":{"origin":32156,"position":1},"title":"TREE HUT GEL DE DOUCHE WATERMELON HYDRATE + GLOW","author":"admin","date":"May 13, 2024","format":false,"excerpt":"Rafra\u00eechissez votre routine de douche avec le gel nettoyant moussant Tree Hut au parfum rafra\u00eechissant de past\u00e8que. Enveloppez votre corps d'une mousse luxueuse qui nourrit la peau et laisse un parfum longue dur\u00e9e. Les produits nettoyants Tree Hut sont infus\u00e9s de complexe d'huiles hydratantes, riche en huiles d'avocat, de kiwi\u2026","rel":"","context":"Similar post","block_context":{"text":"Similar post","link":""},"img":{"alt_text":"","src":"","width":0,"height":0},"classes":[]},{"id":32159,"url":"https:\/\/sakaba.mghosteur.com\/en\/product\/tree-hut-gel-de-douche-moroccan-rose-pamper-indulge\/","url_meta":{"origin":32156,"position":2},"title":"TREE HUT GEL DE DOUCHE MOROCCAN ROSE","author":"admin","date":"May 13, 2024","format":false,"excerpt":"Rafra\u00eechissez votre routine de douche avec le gel nettoyant moussant Tree Hut au parfum succulent de rose marocaine. Enveloppez votre corps d'une mousse luxueuse qui nourrit la peau et laisse un parfum longue dur\u00e9e. Les produits nettoyants Tree Hut sont infus\u00e9s de complexe d'huiles hydratantes, riche en huiles d'avocat, de\u2026","rel":"","context":"Similar post","block_context":{"text":"Similar post","link":""},"img":{"alt_text":"","src":"","width":0,"height":0},"classes":[]},{"id":32186,"url":"https:\/\/sakaba.mghosteur.com\/en\/product\/tree-hut-vanilla-faoming-gel-wash-soothe-renew\/","url_meta":{"origin":32156,"position":3},"title":"TREE HUT VANILLA FAOMING GEL WASH SOOTHE + RENEW","author":"admin","date":"May 13, 2024","format":false,"excerpt":"Adoucissez votre routine de douche avec le parfum chaleureux de la vanille ! La formule gel juteuse se transforme en une mousse luxueuse qui chouchoute la peau, la laissant douce, propre et hydrat\u00e9e. Les produits nettoyants Tree Hut sont infus\u00e9s d'un complexe d'huiles hydratantes, contenant des huiles d'avocat, de kiwi\u2026","rel":"","context":"Similar post","block_context":{"text":"Similar post","link":""},"img":{"alt_text":"","src":"","width":0,"height":0},"classes":[]},{"id":32153,"url":"https:\/\/sakaba.mghosteur.com\/en\/product\/tree-hut-gel-de-douche-candy-cany\/","url_meta":{"origin":32156,"position":4},"title":"TREE HUT GEL DE DOUCHE CANDY CANE","author":"admin","date":"May 13, 2024","format":false,"excerpt":"Rafra\u00eechissez votre routine de douche avec le Gel Moussant de Tree Hut au parfum classique des f\u00eates de Candy Cane. Impr\u00e9gnez votre corps d'une mousse luxueuse qui nourrit la peau et laisse un parfum durable.","rel":"","context":"Similar post","block_context":{"text":"Similar post","link":""},"img":{"alt_text":"","src":"","width":0,"height":0},"classes":[]},{"id":32149,"url":"https:\/\/sakaba.mghosteur.com\/en\/product\/tree-hut-coco-colada-whipped-shea-body-butter\/","url_meta":{"origin":32156,"position":5},"title":"TREE HUT COCO COLADA WHIPPED SHEA BODY BUTTER","author":"admin","date":"May 13, 2024","format":false,"excerpt":"Redonnez \u00e0 votre peau sa forme hydrat\u00e9e sans la sensation lourde des beurres corporels traditionnels. Notre formule l\u00e9g\u00e8re et a\u00e9r\u00e9e glisse sur la peau sans l\u00e9siner sur l'hydratation. Le beurre corporel fouett\u00e9 Coco Colada est le soin parfait pour la peau apr\u00e8s le bain ou comme rafra\u00eechisseur de peau. Le\u2026","rel":"","context":"Similar post","block_context":{"text":"Similar post","link":""},"img":{"alt_text":"","src":"","width":0,"height":0},"classes":[]}],"_links":{"self":[{"href":"https:\/\/sakaba.mghosteur.com\/en\/wp-json\/wp\/v2\/product\/32156","targetHints":{"allow":["GET"]}}],"collection":[{"href":"https:\/\/sakaba.mghosteur.com\/en\/wp-json\/wp\/v2\/product"}],"about":[{"href":"https:\/\/sakaba.mghosteur.com\/en\/wp-json\/wp\/v2\/types\/product"}],"replies":[{"embeddable":true,"href":"https:\/\/sakaba.mghosteur.com\/en\/wp-json\/wp\/v2\/comments?post=32156"}],"version-history":[{"count":0,"href":"https:\/\/sakaba.mghosteur.com\/en\/wp-json\/wp\/v2\/product\/32156\/revisions"}],"wp:attachment":[{"href":"https:\/\/sakaba.mghosteur.com\/en\/wp-json\/wp\/v2\/media?parent=32156"}],"wp:term":[{"taxonomy":"product_brand","embeddable":true,"href":"https:\/\/sakaba.mghosteur.com\/en\/wp-json\/wp\/v2\/product_brand?post=32156"},{"taxonomy":"product_cat","embeddable":true,"href":"https:\/\/sakaba.mghosteur.com\/en\/wp-json\/wp\/v2\/product_cat?post=32156"},{"taxonomy":"product_tag","embeddable":true,"href":"https:\/\/sakaba.mghosteur.com\/en\/wp-json\/wp\/v2\/product_tag?post=32156"}],"curies":[{"name":"wp","href":"https:\/\/api.w.org\/{rel}","templated":true}]}}