{"id":32165,"date":"2024-05-13T16:58:57","date_gmt":"2024-05-13T16:58:57","guid":{"rendered":"https:\/\/sakaba.mghosteur.com\/?post_type=product&#038;p=32165"},"modified":"2024-08-13T18:33:32","modified_gmt":"2024-08-13T18:33:32","slug":"tree-hut-gel-de-douche-watermelon-hydrate-glow","status":"publish","type":"product","link":"https:\/\/sakaba.mghosteur.com\/en\/product\/tree-hut-gel-de-douche-watermelon-hydrate-glow\/","title":{"rendered":"TREE HUT GEL DE DOUCHE WATERMELON HYDRATE + GLOW"},"content":{"rendered":"<p>Rafra\u00eechissez votre routine de douche avec le gel nettoyant moussant Tree Hut au parfum rafra\u00eechissant de past\u00e8que. Enveloppez votre corps d&#8217;une mousse luxueuse qui nourrit la peau et laisse un parfum longue dur\u00e9e. Les produits nettoyants Tree Hut sont infus\u00e9s de complexe d&#8217;huiles hydratantes, riche en huiles d&#8217;avocat, de kiwi et d&#8217;orange riches en antioxydants, pour que vous quittiez la douche avec une sensation de fra\u00eecheur et d&#8217;\u00e9clat.<\/p>","protected":false},"excerpt":{"rendered":"<p>Rafra\u00eechissez votre routine de douche avec le gel nettoyant moussant Tree Hut au parfum rafra\u00eechissant de past\u00e8que. Enveloppez votre corps d&#8217;une mousse luxueuse qui nourrit la peau et laisse un parfum longue dur\u00e9e. Les produits nettoyants Tree Hut sont infus\u00e9s de complexe d&#8217;huiles hydratantes, riche en huiles d&#8217;avocat, de kiwi et d&#8217;orange riches en antioxydants,<span class=\"read-more-faq\"><a href=\"https:\/\/sakaba.mghosteur.com\/en\/product\/tree-hut-gel-de-douche-watermelon-hydrate-glow\/\">Read More<\/a><\/span><\/p>","protected":false},"featured_media":0,"comment_status":"open","ping_status":"closed","template":"","meta":[],"product_brand":[995],"product_cat":[358,447],"product_tag":[],"class_list":{"0":"post-32165","1":"product","2":"type-product","3":"status-publish","5":"product_brand-tree-hut","6":"product_cat-bain-douche","7":"product_cat-aac-bain-et-corps","9":"first","10":"instock","11":"shipping-taxable","12":"product-type-simple"},"jetpack-related-posts":[{"id":32162,"url":"https:\/\/sakaba.mghosteur.com\/en\/product\/tree-hut-gel-de-douche-vitamine-c-brighten-tone\/","url_meta":{"origin":32165,"position":0},"title":"TREE HUT GEL DE DOUCHE VITAMINE C BRIGHTEN + TONE","author":"admin","date":"May 13, 2024","format":false,"excerpt":"Rafra\u00eechissez votre routine de douche avec le gel nettoyant moussant Tree Hut au parfum \u00e9clatant de vitamine C. Enveloppez votre corps d'une mousse luxueuse qui nourrit la peau et laisse un parfum longue dur\u00e9e. Les produits nettoyants Tree Hut sont infus\u00e9s de complexe d'huiles hydratantes, riche en huiles d'avocat, de\u2026","rel":"","context":"Similar post","block_context":{"text":"Similar post","link":""},"img":{"alt_text":"","src":"","width":0,"height":0},"classes":[]},{"id":32156,"url":"https:\/\/sakaba.mghosteur.com\/en\/product\/tree-hut-gel-de-douche-coco-colada-radiant-refresh\/","url_meta":{"origin":32165,"position":1},"title":"TREE HUT GEL DE DOUCHE COCO COLADA","author":"admin","date":"May 13, 2024","format":false,"excerpt":"Rafra\u00eechissez votre routine de douche avec le gel nettoyant moussant Tree Hut au parfum estival et lumineux de Coco Colada. Enveloppez votre corps d'une mousse luxueuse qui nourrit la peau et laisse un parfum longue dur\u00e9e. Les produits nettoyants Tree Hut sont infus\u00e9s de complexe d'huiles hydratantes, riche en huiles\u2026","rel":"","context":"Similar post","block_context":{"text":"Similar post","link":""},"img":{"alt_text":"","src":"","width":0,"height":0},"classes":[]},{"id":32159,"url":"https:\/\/sakaba.mghosteur.com\/en\/product\/tree-hut-gel-de-douche-moroccan-rose-pamper-indulge\/","url_meta":{"origin":32165,"position":2},"title":"TREE HUT GEL DE DOUCHE MOROCCAN ROSE","author":"admin","date":"May 13, 2024","format":false,"excerpt":"Rafra\u00eechissez votre routine de douche avec le gel nettoyant moussant Tree Hut au parfum succulent de rose marocaine. Enveloppez votre corps d'une mousse luxueuse qui nourrit la peau et laisse un parfum longue dur\u00e9e. Les produits nettoyants Tree Hut sont infus\u00e9s de complexe d'huiles hydratantes, riche en huiles d'avocat, de\u2026","rel":"","context":"Similar post","block_context":{"text":"Similar post","link":""},"img":{"alt_text":"","src":"","width":0,"height":0},"classes":[]},{"id":32186,"url":"https:\/\/sakaba.mghosteur.com\/en\/product\/tree-hut-vanilla-faoming-gel-wash-soothe-renew\/","url_meta":{"origin":32165,"position":3},"title":"TREE HUT VANILLA FAOMING GEL WASH SOOTHE + RENEW","author":"admin","date":"May 13, 2024","format":false,"excerpt":"Adoucissez votre routine de douche avec le parfum chaleureux de la vanille ! La formule gel juteuse se transforme en une mousse luxueuse qui chouchoute la peau, la laissant douce, propre et hydrat\u00e9e. Les produits nettoyants Tree Hut sont infus\u00e9s d'un complexe d'huiles hydratantes, contenant des huiles d'avocat, de kiwi\u2026","rel":"","context":"Similar post","block_context":{"text":"Similar post","link":""},"img":{"alt_text":"","src":"","width":0,"height":0},"classes":[]},{"id":32153,"url":"https:\/\/sakaba.mghosteur.com\/en\/product\/tree-hut-gel-de-douche-candy-cany\/","url_meta":{"origin":32165,"position":4},"title":"TREE HUT GEL DE DOUCHE CANDY CANE","author":"admin","date":"May 13, 2024","format":false,"excerpt":"Rafra\u00eechissez votre routine de douche avec le Gel Moussant de Tree Hut au parfum classique des f\u00eates de Candy Cane. Impr\u00e9gnez votre corps d'une mousse luxueuse qui nourrit la peau et laisse un parfum durable.","rel":"","context":"Similar post","block_context":{"text":"Similar post","link":""},"img":{"alt_text":"","src":"","width":0,"height":0},"classes":[]},{"id":56221,"url":"https:\/\/sakaba.mghosteur.com\/en\/product\/tree-hut-tangerine-shea-sugar-scrub\/","url_meta":{"origin":32165,"position":5},"title":"Tree Hut Tangerine Shea Sugar Scrub","author":"Sope DIA","date":"January 3, 2026","format":false,"excerpt":"PARFUMS EXCEPTIONNELS : Un plaisir hesp\u00e9rid\u00e9 aux notes de mandarine juteuse, de pamplemousse et d'orange, avec une touche de bois de santal. R\u00c9V\u00c9LEZ UNE PEAU \u00c9CLATANTE\u00a0: Appliquez une quantit\u00e9 g\u00e9n\u00e9reuse de gommage corporel Tree Hut sur peau humide ou s\u00e8che. Massez en mouvements circulaires pour une application uniforme et une\u2026","rel":"","context":"Similar post","block_context":{"text":"Similar post","link":""},"img":{"alt_text":"","src":"","width":0,"height":0},"classes":[]}],"_links":{"self":[{"href":"https:\/\/sakaba.mghosteur.com\/en\/wp-json\/wp\/v2\/product\/32165","targetHints":{"allow":["GET"]}}],"collection":[{"href":"https:\/\/sakaba.mghosteur.com\/en\/wp-json\/wp\/v2\/product"}],"about":[{"href":"https:\/\/sakaba.mghosteur.com\/en\/wp-json\/wp\/v2\/types\/product"}],"replies":[{"embeddable":true,"href":"https:\/\/sakaba.mghosteur.com\/en\/wp-json\/wp\/v2\/comments?post=32165"}],"version-history":[{"count":0,"href":"https:\/\/sakaba.mghosteur.com\/en\/wp-json\/wp\/v2\/product\/32165\/revisions"}],"wp:attachment":[{"href":"https:\/\/sakaba.mghosteur.com\/en\/wp-json\/wp\/v2\/media?parent=32165"}],"wp:term":[{"taxonomy":"product_brand","embeddable":true,"href":"https:\/\/sakaba.mghosteur.com\/en\/wp-json\/wp\/v2\/product_brand?post=32165"},{"taxonomy":"product_cat","embeddable":true,"href":"https:\/\/sakaba.mghosteur.com\/en\/wp-json\/wp\/v2\/product_cat?post=32165"},{"taxonomy":"product_tag","embeddable":true,"href":"https:\/\/sakaba.mghosteur.com\/en\/wp-json\/wp\/v2\/product_tag?post=32165"}],"curies":[{"name":"wp","href":"https:\/\/api.w.org\/{rel}","templated":true}]}}