{"id":32168,"date":"2024-05-13T17:00:03","date_gmt":"2024-05-13T17:00:03","guid":{"rendered":"https:\/\/sakaba.mghosteur.com\/?post_type=product&#038;p=32168"},"modified":"2024-08-13T18:10:02","modified_gmt":"2024-08-13T18:10:02","slug":"tree-hut-iced-coffee-she-sugar","status":"publish","type":"product","link":"https:\/\/sakaba.mghosteur.com\/en\/product\/tree-hut-iced-coffee-she-sugar\/","title":{"rendered":"TREE HUT ICED COFFEE SHE SUGAR"},"content":{"rendered":"","protected":false},"excerpt":{"rendered":"","protected":false},"featured_media":0,"comment_status":"open","ping_status":"closed","template":"","meta":[],"product_brand":[995],"product_cat":[358,447],"product_tag":[],"class_list":{"0":"post-32168","1":"product","2":"type-product","3":"status-publish","5":"product_brand-tree-hut","6":"product_cat-bain-douche","7":"product_cat-aac-bain-et-corps","9":"first","10":"instock","11":"shipping-taxable","12":"product-type-simple"},"jetpack-related-posts":[{"id":56232,"url":"https:\/\/sakaba.mghosteur.com\/en\/product\/tree-hut-vitamin-c-shea-sugar-scrub\/","url_meta":{"origin":32168,"position":0},"title":"Tree Hut Vitamin C Shea Sugar Scrub","author":"Sope DIA","date":"January 3, 2026","format":false,"excerpt":"Le gommage exfoliant pour le corps \u00e9limine la peau terne et s\u00e8che pour r\u00e9v\u00e9ler une peau \u00e9clatante, douce et lisse. Il nourrit en profondeur et \u00e9quilibre l\u2019hydratation de la peau pour aider \u00e0 restaurer l\u2019\u00e9clat naturel de la peau.","rel":"","context":"Similar post","block_context":{"text":"Similar post","link":""},"img":{"alt_text":"","src":"","width":0,"height":0},"classes":[]},{"id":26453,"url":"https:\/\/sakaba.mghosteur.com\/en\/product\/tree-hut-strawberry-shea-sugar-scrub\/","url_meta":{"origin":32168,"position":1},"title":"TREE HUT STRAWBERRY SHEA SUGAR SCRUB","author":"admin","date":"November 25, 2022","format":false,"excerpt":"Le gommage au sucre et \u00e0 la fraise Tree Hut est un gommage corporel qui utilise du sucre, du beurre de karit\u00e9, du BHA, de la fraise et des huiles naturelles pour nourrir et \u00e9quilibrer l'hydratation de la peau. Il est biologique, sans cruaut\u00e9 et sans alcool.","rel":"","context":"Similar post","block_context":{"text":"Similar post","link":""},"img":{"alt_text":"","src":"","width":0,"height":0},"classes":[]},{"id":32112,"url":"https:\/\/sakaba.mghosteur.com\/en\/product\/shea-sugar-scrub-candy-cane\/","url_meta":{"origin":32168,"position":2},"title":"TREE HUT SHEA SUGAR SCRUB CANDY CANE","author":"admin","date":"May 13, 2024","format":false,"excerpt":"Le gommage corporel au sucre de karit\u00e9 et \u00e0 la canne \u00e0 sucre de Tree Hut est un exfoliant corporel qui utilise du sucre, du beurre de karit\u00e9, de la menthe poivr\u00e9e, de la vanille et six huiles naturelles pour nourrir et \u00e9quilibrer l'hydratation de la peau. Il est con\u00e7u\u2026","rel":"","context":"Similar post","block_context":{"text":"Similar post","link":""},"img":{"alt_text":"","src":"","width":0,"height":0},"classes":[]},{"id":56226,"url":"https:\/\/sakaba.mghosteur.com\/en\/product\/tree-hut-tropical-mango-shea-sugar-scrub\/","url_meta":{"origin":32168,"position":3},"title":"Tree Hut Tropical Mango Shea Sugar Scrub","author":"Sope DIA","date":"January 3, 2026","format":false,"excerpt":"BEURRE DE KARIT\u00c9 100 % PUR ET NATUREL - Soin hydratant de qualit\u00e9 sup\u00e9rieure qui adoucit et lisse merveilleusement les peaux s\u00e8ches et gerc\u00e9es. HUILE DE GRAINES DE CARTHAME, HUILE D'AVOCAT, HUILE D'AMANDE DOUCE, HUILE DE GRAINES DE MACADAMIA, HUILE D'ORANGE - Des soins cutan\u00e9s exceptionnels qui pr\u00e9viennent le dess\u00e8chement\u2026","rel":"","context":"Similar post","block_context":{"text":"Similar post","link":""},"img":{"alt_text":"","src":"","width":0,"height":0},"classes":[]},{"id":56218,"url":"https:\/\/sakaba.mghosteur.com\/en\/product\/tree-hut-moroccan-rose-shea-sugar-scrub\/","url_meta":{"origin":32168,"position":4},"title":"Tree Hut Moroccan Rose Shea Sugar Scrub","author":"Sope DIA","date":"January 3, 2026","format":false,"excerpt":"BEURRE DE KARIT\u00c9 100 % PUR ET NATUREL - Soin hydratant de qualit\u00e9 sup\u00e9rieure qui adoucit et lisse merveilleusement les peaux s\u00e8ches et gerc\u00e9es. HUILE DE GRAINES DE CARTHAME, HUILE D'AVOCAT, HUILE D'AMANDE DOUCE, HUILE DE GRAINES DE MACADAMIA, HUILE D'ORANGE - Des soins cutan\u00e9s exceptionnels qui pr\u00e9viennent le dess\u00e8chement\u2026","rel":"","context":"Similar post","block_context":{"text":"Similar post","link":""},"img":{"alt_text":"","src":"","width":0,"height":0},"classes":[]},{"id":32121,"url":"https:\/\/sakaba.mghosteur.com\/en\/product\/shea-sugar-scrub-pineapple\/","url_meta":{"origin":32168,"position":5},"title":"SHEA SUGAR SCRUB PINEAPPLE","author":"admin","date":"May 13, 2024","format":false,"excerpt":"","rel":"","context":"Similar post","block_context":{"text":"Similar post","link":""},"img":{"alt_text":"","src":"","width":0,"height":0},"classes":[]}],"_links":{"self":[{"href":"https:\/\/sakaba.mghosteur.com\/en\/wp-json\/wp\/v2\/product\/32168","targetHints":{"allow":["GET"]}}],"collection":[{"href":"https:\/\/sakaba.mghosteur.com\/en\/wp-json\/wp\/v2\/product"}],"about":[{"href":"https:\/\/sakaba.mghosteur.com\/en\/wp-json\/wp\/v2\/types\/product"}],"replies":[{"embeddable":true,"href":"https:\/\/sakaba.mghosteur.com\/en\/wp-json\/wp\/v2\/comments?post=32168"}],"version-history":[{"count":0,"href":"https:\/\/sakaba.mghosteur.com\/en\/wp-json\/wp\/v2\/product\/32168\/revisions"}],"wp:attachment":[{"href":"https:\/\/sakaba.mghosteur.com\/en\/wp-json\/wp\/v2\/media?parent=32168"}],"wp:term":[{"taxonomy":"product_brand","embeddable":true,"href":"https:\/\/sakaba.mghosteur.com\/en\/wp-json\/wp\/v2\/product_brand?post=32168"},{"taxonomy":"product_cat","embeddable":true,"href":"https:\/\/sakaba.mghosteur.com\/en\/wp-json\/wp\/v2\/product_cat?post=32168"},{"taxonomy":"product_tag","embeddable":true,"href":"https:\/\/sakaba.mghosteur.com\/en\/wp-json\/wp\/v2\/product_tag?post=32168"}],"curies":[{"name":"wp","href":"https:\/\/api.w.org\/{rel}","templated":true}]}}