{"id":32171,"date":"2024-05-13T17:01:38","date_gmt":"2024-05-13T17:01:38","guid":{"rendered":"https:\/\/sakaba.mghosteur.com\/?post_type=product&#038;p=32171"},"modified":"2024-08-13T18:11:11","modified_gmt":"2024-08-13T18:11:11","slug":"tree-hut-maroccan-rose-whipped-shea-butter","status":"publish","type":"product","link":"https:\/\/sakaba.mghosteur.com\/en\/product\/tree-hut-maroccan-rose-whipped-shea-butter\/","title":{"rendered":"TREE HUT MOROCCAN ROSE WHIPPED SHEA BUTTER"},"content":{"rendered":"<p>Redonnez \u00e0 votre peau sa forme hydrat\u00e9e sans la sensation lourde des beurres corporels traditionnels. Notre formule l\u00e9g\u00e8re et a\u00e9r\u00e9e glisse sur la peau sans l\u00e9siner sur l&#8217;hydratation. Le beurre corporel fouett\u00e9 \u00e0 la rose marocaine est le soin parfait pour la peau apr\u00e8s le bain ou comme rafra\u00eechisseur de peau. Le parfum succulent de la rose marocaine laissera votre peau douce, hydrat\u00e9e et odorante<\/p>","protected":false},"excerpt":{"rendered":"<p>Redonnez \u00e0 votre peau sa forme hydrat\u00e9e sans la sensation lourde des beurres corporels traditionnels. Notre formule l\u00e9g\u00e8re et a\u00e9r\u00e9e glisse sur la peau sans l\u00e9siner sur l&#8217;hydratation. Le beurre corporel fouett\u00e9 \u00e0 la rose marocaine est le soin parfait pour la peau apr\u00e8s le bain ou comme rafra\u00eechisseur de peau. Le parfum succulent de<span class=\"read-more-faq\"><a href=\"https:\/\/sakaba.mghosteur.com\/en\/product\/tree-hut-maroccan-rose-whipped-shea-butter\/\">Read More<\/a><\/span><\/p>","protected":false},"featured_media":0,"comment_status":"open","ping_status":"closed","template":"","meta":[],"product_brand":[995],"product_cat":[447,1061],"product_tag":[],"class_list":{"0":"post-32171","1":"product","2":"type-product","3":"status-publish","5":"product_brand-tree-hut","6":"product_cat-aac-bain-et-corps","7":"product_cat-lait-huile_corporelle","9":"first","10":"instock","11":"shipping-taxable","12":"product-type-simple"},"jetpack-related-posts":[{"id":32189,"url":"https:\/\/sakaba.mghosteur.com\/en\/product\/tree-hut-vitamine-c-whipped-shea-body-butter\/","url_meta":{"origin":32171,"position":0},"title":"TREE HUT VITAMINE C WHIPPED SHEA BODY BUTTER","author":"admin","date":"May 13, 2024","format":false,"excerpt":"Profitez d'une peau parfaitement hydrat\u00e9e avec\u00a0le beurre corporel de karit\u00e9 de Tree Hut. Ce beurre de formule l\u00e9g\u00e8re p\u00e9n\u00e8tre rapidement dans la peau sans laisser de sensation grasse. Fournit une hydratation longue dur\u00e9e qui laisse la peau douce, lisse et lumineuse, c'est le soin parfait apr\u00e8s le bain ou pour\u2026","rel":"","context":"Similar post","block_context":{"text":"Similar post","link":""},"img":{"alt_text":"","src":"","width":0,"height":0},"classes":[]},{"id":32149,"url":"https:\/\/sakaba.mghosteur.com\/en\/product\/tree-hut-coco-colada-whipped-shea-body-butter\/","url_meta":{"origin":32171,"position":1},"title":"TREE HUT COCO COLADA WHIPPED SHEA BODY BUTTER","author":"admin","date":"May 13, 2024","format":false,"excerpt":"Redonnez \u00e0 votre peau sa forme hydrat\u00e9e sans la sensation lourde des beurres corporels traditionnels. Notre formule l\u00e9g\u00e8re et a\u00e9r\u00e9e glisse sur la peau sans l\u00e9siner sur l'hydratation. Le beurre corporel fouett\u00e9 Coco Colada est le soin parfait pour la peau apr\u00e8s le bain ou comme rafra\u00eechisseur de peau. Le\u2026","rel":"","context":"Similar post","block_context":{"text":"Similar post","link":""},"img":{"alt_text":"","src":"","width":0,"height":0},"classes":[]},{"id":29936,"url":"https:\/\/sakaba.mghosteur.com\/en\/product\/vaseline-intensive-care-cocoa-body-butter\/","url_meta":{"origin":32171,"position":2},"title":"VASELINE INTENSIVE CARE COCOA BODY BUTTER","author":"admin","date":"April 28, 2023","format":false,"excerpt":"La lotion pour le corps Vaseline Intensive Care Cocoa Body Butter est une formule riche \u00e0 base de beurre de cacao et de beurre de karit\u00e9, combin\u00e9e \u00e0 un m\u00e9lange sp\u00e9cial de micro-gouttelettes de gel\u00e9e de vaseline et d'humectants pour hydrater et aider \u00e0 gu\u00e9rir la peau s\u00e8che. Cette cr\u00e8me\u2026","rel":"","context":"Similar post","block_context":{"text":"Similar post","link":""},"img":{"alt_text":"","src":"","width":0,"height":0},"classes":[]},{"id":56218,"url":"https:\/\/sakaba.mghosteur.com\/en\/product\/tree-hut-moroccan-rose-shea-sugar-scrub\/","url_meta":{"origin":32171,"position":3},"title":"Tree Hut Moroccan Rose Shea Sugar Scrub","author":"Sope DIA","date":"January 3, 2026","format":false,"excerpt":"BEURRE DE KARIT\u00c9 100 % PUR ET NATUREL - Soin hydratant de qualit\u00e9 sup\u00e9rieure qui adoucit et lisse merveilleusement les peaux s\u00e8ches et gerc\u00e9es. HUILE DE GRAINES DE CARTHAME, HUILE D'AVOCAT, HUILE D'AMANDE DOUCE, HUILE DE GRAINES DE MACADAMIA, HUILE D'ORANGE - Des soins cutan\u00e9s exceptionnels qui pr\u00e9viennent le dess\u00e8chement\u2026","rel":"","context":"Similar post","block_context":{"text":"Similar post","link":""},"img":{"alt_text":"","src":"","width":0,"height":0},"classes":[]},{"id":56235,"url":"https:\/\/sakaba.mghosteur.com\/en\/product\/watermelon-whipped-shea-body-butter\/","url_meta":{"origin":32171,"position":4},"title":"Watermelon Whipped Shea Body Butter","author":"Sope DIA","date":"January 3, 2026","format":false,"excerpt":"Redonnez \u00e0 votre peau toute son hydratation sans la sensation grasse des beurres corporels traditionnels. Notre formule l\u00e9g\u00e8re et a\u00e9rienne glisse sur la peau tout en l'hydratant intens\u00e9ment. Le Beurre Corporel Fouett\u00e9 \u00e0 la Past\u00e8que est le soin id\u00e9al apr\u00e8s le bain ou pour rafra\u00eechir votre peau. Son parfum rafra\u00eechissant\u2026","rel":"","context":"Similar post","block_context":{"text":"Similar post","link":""},"img":{"alt_text":"","src":"","width":0,"height":0},"classes":[]},{"id":32195,"url":"https:\/\/sakaba.mghosteur.com\/en\/product\/tree-hut-whippep-shea-boby-butter-watermelon\/","url_meta":{"origin":32171,"position":5},"title":"TREE HUT WHIPPEP BOBY BUTTER WATERMELON","author":"admin","date":"May 13, 2024","format":false,"excerpt":"Imaginez une peau lisse et hydrat\u00e9e sans le poids des beurres corporels traditionnels. Le beurre corporel de karit\u00e9 fouett\u00e9 \u00e0 la past\u00e8que Tree Hut est le soin parfait pour la peau apr\u00e8s le bain ou comme rafra\u00eechisseur de peau. Il laissera votre peau douce et avec une odeur incroyable !\u2026","rel":"","context":"Similar post","block_context":{"text":"Similar post","link":""},"img":{"alt_text":"","src":"","width":0,"height":0},"classes":[]}],"_links":{"self":[{"href":"https:\/\/sakaba.mghosteur.com\/en\/wp-json\/wp\/v2\/product\/32171","targetHints":{"allow":["GET"]}}],"collection":[{"href":"https:\/\/sakaba.mghosteur.com\/en\/wp-json\/wp\/v2\/product"}],"about":[{"href":"https:\/\/sakaba.mghosteur.com\/en\/wp-json\/wp\/v2\/types\/product"}],"replies":[{"embeddable":true,"href":"https:\/\/sakaba.mghosteur.com\/en\/wp-json\/wp\/v2\/comments?post=32171"}],"version-history":[{"count":0,"href":"https:\/\/sakaba.mghosteur.com\/en\/wp-json\/wp\/v2\/product\/32171\/revisions"}],"wp:attachment":[{"href":"https:\/\/sakaba.mghosteur.com\/en\/wp-json\/wp\/v2\/media?parent=32171"}],"wp:term":[{"taxonomy":"product_brand","embeddable":true,"href":"https:\/\/sakaba.mghosteur.com\/en\/wp-json\/wp\/v2\/product_brand?post=32171"},{"taxonomy":"product_cat","embeddable":true,"href":"https:\/\/sakaba.mghosteur.com\/en\/wp-json\/wp\/v2\/product_cat?post=32171"},{"taxonomy":"product_tag","embeddable":true,"href":"https:\/\/sakaba.mghosteur.com\/en\/wp-json\/wp\/v2\/product_tag?post=32171"}],"curies":[{"name":"wp","href":"https:\/\/api.w.org\/{rel}","templated":true}]}}