{"id":32174,"date":"2024-05-13T17:02:56","date_gmt":"2024-05-13T17:02:56","guid":{"rendered":"https:\/\/sakaba.mghosteur.com\/?post_type=product&#038;p=32174"},"modified":"2024-08-13T18:40:28","modified_gmt":"2024-08-13T18:40:28","slug":"tree-hut-moisturizing-shave-oil-tropic-glow","status":"publish","type":"product","link":"https:\/\/sakaba.mghosteur.com\/en\/product\/tree-hut-moisturizing-shave-oil-tropic-glow\/","title":{"rendered":"TREE HUT MOISTURIZING SHAVE OIL TROPIC GLOW"},"content":{"rendered":"<p>Dites \u00ab adieu \u00bb aux poils de trois jours, aux entailles et aux bosses et dites \u00ab bonjour \u00bb \u00e0 une belle peau ! Obtenez un rasage de pr\u00e8s avec l&#8217;huile de rasage hydratante Tree Hut Bare au parfum chaud et estival de Tropic Glow.<\/p>","protected":false},"excerpt":{"rendered":"<p>Dites \u00ab adieu \u00bb aux poils de trois jours, aux entailles et aux bosses et dites \u00ab bonjour \u00bb \u00e0 une belle peau ! Obtenez un rasage de pr\u00e8s avec l&#8217;huile de rasage hydratante Tree Hut Bare au parfum chaud et estival de Tropic Glow.<\/p>","protected":false},"featured_media":0,"comment_status":"open","ping_status":"closed","template":"","meta":[],"product_brand":[995],"product_cat":[447,1062],"product_tag":[],"class_list":{"0":"post-32174","1":"product","2":"type-product","3":"status-publish","5":"product_brand-tree-hut","6":"product_cat-aac-bain-et-corps","7":"product_cat-epilation","9":"first","10":"instock","11":"shipping-taxable","12":"product-type-simple"},"jetpack-related-posts":[{"id":26477,"url":"https:\/\/sakaba.mghosteur.com\/en\/product\/tree-hut-tropic-glow-firming-sugar-scrub\/","url_meta":{"origin":32174,"position":0},"title":"TREE HUT TROPIC GLOW FIRMING SUGAR SCRUB","author":"admin","date":"November 25, 2022","format":false,"excerpt":"Gr\u00e2ce au sucre, qui exfolie la peau, associ\u00e9 aux propri\u00e9t\u00e9s nourrissantes du beurre de karit\u00e9, ce gommage nourrit la peau tout en l'exfoliant. De plus, la formule contient un m\u00e9lange d'huiles naturelles qui revitalisent et adoucissent la peau. En cons\u00e9quence, ce produit d\u00e9voile une peau plus lisse, plus douce et\u2026","rel":"","context":"Similar post","block_context":{"text":"Similar post","link":""},"img":{"alt_text":"","src":"","width":0,"height":0},"classes":[]},{"id":32177,"url":"https:\/\/sakaba.mghosteur.com\/en\/product\/tree-hut-moisturizing-shave-oil-vanilla\/","url_meta":{"origin":32174,"position":1},"title":"TREE HUT MOISTURIZING SHAVE OIL VANILLA","author":"admin","date":"May 13, 2024","format":false,"excerpt":"Dites \u00ab adieu \u00bb aux poils de barbe, aux entailles et aux bosses et dites \u00ab bonjour \u00bb \u00e0 une belle peau ! Obtenez votre rasage de plus pr\u00e8s avec l'huile de rasage hydratante Tree Hut Bare au parfum cr\u00e9meux et classique de vanille.","rel":"","context":"Similar post","block_context":{"text":"Similar post","link":""},"img":{"alt_text":"","src":"","width":0,"height":0},"classes":[]},{"id":32183,"url":"https:\/\/sakaba.mghosteur.com\/en\/product\/tree-hut-moisturizing-shave-oil-watermelon\/","url_meta":{"origin":32174,"position":2},"title":"TREE HUT MOISTURIZING SHAVE OIL WATERMELON","author":"admin","date":"May 13, 2024","format":false,"excerpt":"Dites \u00ab adieu \u00bb aux poils de barbe, aux entailles et aux bosses et dites \u00ab bonjour \u00bb \u00e0 une belle peau ! Obtenez votre rasage de plus pr\u00e8s avec l'huile de rasage hydratante Tree Hut Bare au parfum d\u00e9salt\u00e9rant de past\u00e8que.","rel":"","context":"Similar post","block_context":{"text":"Similar post","link":""},"img":{"alt_text":"","src":"","width":0,"height":0},"classes":[]},{"id":32136,"url":"https:\/\/sakaba.mghosteur.com\/en\/product\/tree-hut-candy-cane-moisturizing-shave-oil\/","url_meta":{"origin":32174,"position":3},"title":"TREE HUT CANDY CANE MOISTURIZING SHAVE OIL","author":"admin","date":"May 13, 2024","format":false,"excerpt":"Dites adieu au chaume. les entailles et les bosses et dites bonjour \u00e0 une belle peau ! Obtenez votre rasage de plus pr\u00e8s avec l'huile de rasage hydratante Tree Hut Bare au parfum de vacances classique de Candy Cane.","rel":"","context":"Similar post","block_context":{"text":"Similar post","link":""},"img":{"alt_text":"","src":"","width":0,"height":0},"classes":[]},{"id":56221,"url":"https:\/\/sakaba.mghosteur.com\/en\/product\/tree-hut-tangerine-shea-sugar-scrub\/","url_meta":{"origin":32174,"position":4},"title":"Tree Hut Tangerine Shea Sugar Scrub","author":"Sope DIA","date":"January 3, 2026","format":false,"excerpt":"PARFUMS EXCEPTIONNELS : Un plaisir hesp\u00e9rid\u00e9 aux notes de mandarine juteuse, de pamplemousse et d'orange, avec une touche de bois de santal. R\u00c9V\u00c9LEZ UNE PEAU \u00c9CLATANTE\u00a0: Appliquez une quantit\u00e9 g\u00e9n\u00e9reuse de gommage corporel Tree Hut sur peau humide ou s\u00e8che. Massez en mouvements circulaires pour une application uniforme et une\u2026","rel":"","context":"Similar post","block_context":{"text":"Similar post","link":""},"img":{"alt_text":"","src":"","width":0,"height":0},"classes":[]},{"id":32165,"url":"https:\/\/sakaba.mghosteur.com\/en\/product\/tree-hut-gel-de-douche-watermelon-hydrate-glow\/","url_meta":{"origin":32174,"position":5},"title":"TREE HUT GEL DE DOUCHE WATERMELON HYDRATE + GLOW","author":"admin","date":"May 13, 2024","format":false,"excerpt":"Rafra\u00eechissez votre routine de douche avec le gel nettoyant moussant Tree Hut au parfum rafra\u00eechissant de past\u00e8que. Enveloppez votre corps d'une mousse luxueuse qui nourrit la peau et laisse un parfum longue dur\u00e9e. Les produits nettoyants Tree Hut sont infus\u00e9s de complexe d'huiles hydratantes, riche en huiles d'avocat, de kiwi\u2026","rel":"","context":"Similar post","block_context":{"text":"Similar post","link":""},"img":{"alt_text":"","src":"","width":0,"height":0},"classes":[]}],"_links":{"self":[{"href":"https:\/\/sakaba.mghosteur.com\/en\/wp-json\/wp\/v2\/product\/32174","targetHints":{"allow":["GET"]}}],"collection":[{"href":"https:\/\/sakaba.mghosteur.com\/en\/wp-json\/wp\/v2\/product"}],"about":[{"href":"https:\/\/sakaba.mghosteur.com\/en\/wp-json\/wp\/v2\/types\/product"}],"replies":[{"embeddable":true,"href":"https:\/\/sakaba.mghosteur.com\/en\/wp-json\/wp\/v2\/comments?post=32174"}],"version-history":[{"count":0,"href":"https:\/\/sakaba.mghosteur.com\/en\/wp-json\/wp\/v2\/product\/32174\/revisions"}],"wp:attachment":[{"href":"https:\/\/sakaba.mghosteur.com\/en\/wp-json\/wp\/v2\/media?parent=32174"}],"wp:term":[{"taxonomy":"product_brand","embeddable":true,"href":"https:\/\/sakaba.mghosteur.com\/en\/wp-json\/wp\/v2\/product_brand?post=32174"},{"taxonomy":"product_cat","embeddable":true,"href":"https:\/\/sakaba.mghosteur.com\/en\/wp-json\/wp\/v2\/product_cat?post=32174"},{"taxonomy":"product_tag","embeddable":true,"href":"https:\/\/sakaba.mghosteur.com\/en\/wp-json\/wp\/v2\/product_tag?post=32174"}],"curies":[{"name":"wp","href":"https:\/\/api.w.org\/{rel}","templated":true}]}}