{"id":32186,"date":"2024-05-13T17:07:06","date_gmt":"2024-05-13T17:07:06","guid":{"rendered":"https:\/\/sakaba.mghosteur.com\/?post_type=product&#038;p=32186"},"modified":"2024-08-13T18:31:47","modified_gmt":"2024-08-13T18:31:47","slug":"tree-hut-vanilla-faoming-gel-wash-soothe-renew","status":"publish","type":"product","link":"https:\/\/sakaba.mghosteur.com\/en\/product\/tree-hut-vanilla-faoming-gel-wash-soothe-renew\/","title":{"rendered":"TREE HUT VANILLA FAOMING GEL WASH SOOTHE + RENEW"},"content":{"rendered":"<p>Adoucissez votre routine de douche avec le parfum chaleureux de la vanille ! La formule gel juteuse se transforme en une mousse luxueuse qui chouchoute la peau, la laissant douce, propre et hydrat\u00e9e. Les produits nettoyants Tree Hut sont infus\u00e9s d&#8217;un complexe d&#8217;huiles hydratantes, contenant des huiles d&#8217;avocat, de kiwi et d&#8217;orange riches en antioxydants pour un \u00e9clat rafra\u00eechissant ultime.<\/p>","protected":false},"excerpt":{"rendered":"<p>Adoucissez votre routine de douche avec le parfum chaleureux de la vanille ! La formule gel juteuse se transforme en une mousse luxueuse qui chouchoute la peau, la laissant douce, propre et hydrat\u00e9e. Les produits nettoyants Tree Hut sont infus\u00e9s d&#8217;un complexe d&#8217;huiles hydratantes, contenant des huiles d&#8217;avocat, de kiwi et d&#8217;orange riches en antioxydants<span class=\"read-more-faq\"><a href=\"https:\/\/sakaba.mghosteur.com\/en\/product\/tree-hut-vanilla-faoming-gel-wash-soothe-renew\/\">Read More<\/a><\/span><\/p>","protected":false},"featured_media":0,"comment_status":"open","ping_status":"closed","template":"","meta":[],"product_brand":[995],"product_cat":[358,447],"product_tag":[],"class_list":{"0":"post-32186","1":"product","2":"type-product","3":"status-publish","5":"product_brand-tree-hut","6":"product_cat-bain-douche","7":"product_cat-aac-bain-et-corps","9":"first","10":"instock","11":"shipping-taxable","12":"product-type-simple"},"jetpack-related-posts":[{"id":32192,"url":"https:\/\/sakaba.mghosteur.com\/en\/product\/tree-hut-whippep-shea-boby-butter-vanilla\/","url_meta":{"origin":32186,"position":0},"title":"TREE HUT WHIPPEP BODY BUTTER VANILLA","author":"admin","date":"May 13, 2024","format":false,"excerpt":"Le beurre corporel fouett\u00e9 \u00e0 la vanille de Tree Hut est le soin id\u00e9al pour la peau apr\u00e8s le bain ou comme rafra\u00eechissement. Le parfum cr\u00e9meux et classique de la vanille laissera votre peau douce, hydrat\u00e9e et avec une odeur incroyable !","rel":"","context":"Similar post","block_context":{"text":"Similar post","link":""},"img":{"alt_text":"","src":"","width":0,"height":0},"classes":[]},{"id":32177,"url":"https:\/\/sakaba.mghosteur.com\/en\/product\/tree-hut-moisturizing-shave-oil-vanilla\/","url_meta":{"origin":32186,"position":1},"title":"TREE HUT MOISTURIZING SHAVE OIL VANILLA","author":"admin","date":"May 13, 2024","format":false,"excerpt":"Dites \u00ab adieu \u00bb aux poils de barbe, aux entailles et aux bosses et dites \u00ab bonjour \u00bb \u00e0 une belle peau ! Obtenez votre rasage de plus pr\u00e8s avec l'huile de rasage hydratante Tree Hut Bare au parfum cr\u00e9meux et classique de vanille.","rel":"","context":"Similar post","block_context":{"text":"Similar post","link":""},"img":{"alt_text":"","src":"","width":0,"height":0},"classes":[]},{"id":32162,"url":"https:\/\/sakaba.mghosteur.com\/en\/product\/tree-hut-gel-de-douche-vitamine-c-brighten-tone\/","url_meta":{"origin":32186,"position":2},"title":"TREE HUT GEL DE DOUCHE VITAMINE C BRIGHTEN + TONE","author":"admin","date":"May 13, 2024","format":false,"excerpt":"Rafra\u00eechissez votre routine de douche avec le gel nettoyant moussant Tree Hut au parfum \u00e9clatant de vitamine C. Enveloppez votre corps d'une mousse luxueuse qui nourrit la peau et laisse un parfum longue dur\u00e9e. Les produits nettoyants Tree Hut sont infus\u00e9s de complexe d'huiles hydratantes, riche en huiles d'avocat, de\u2026","rel":"","context":"Similar post","block_context":{"text":"Similar post","link":""},"img":{"alt_text":"","src":"","width":0,"height":0},"classes":[]},{"id":32165,"url":"https:\/\/sakaba.mghosteur.com\/en\/product\/tree-hut-gel-de-douche-watermelon-hydrate-glow\/","url_meta":{"origin":32186,"position":3},"title":"TREE HUT GEL DE DOUCHE WATERMELON HYDRATE + GLOW","author":"admin","date":"May 13, 2024","format":false,"excerpt":"Rafra\u00eechissez votre routine de douche avec le gel nettoyant moussant Tree Hut au parfum rafra\u00eechissant de past\u00e8que. Enveloppez votre corps d'une mousse luxueuse qui nourrit la peau et laisse un parfum longue dur\u00e9e. Les produits nettoyants Tree Hut sont infus\u00e9s de complexe d'huiles hydratantes, riche en huiles d'avocat, de kiwi\u2026","rel":"","context":"Similar post","block_context":{"text":"Similar post","link":""},"img":{"alt_text":"","src":"","width":0,"height":0},"classes":[]},{"id":32156,"url":"https:\/\/sakaba.mghosteur.com\/en\/product\/tree-hut-gel-de-douche-coco-colada-radiant-refresh\/","url_meta":{"origin":32186,"position":4},"title":"TREE HUT GEL DE DOUCHE COCO COLADA","author":"admin","date":"May 13, 2024","format":false,"excerpt":"Rafra\u00eechissez votre routine de douche avec le gel nettoyant moussant Tree Hut au parfum estival et lumineux de Coco Colada. Enveloppez votre corps d'une mousse luxueuse qui nourrit la peau et laisse un parfum longue dur\u00e9e. Les produits nettoyants Tree Hut sont infus\u00e9s de complexe d'huiles hydratantes, riche en huiles\u2026","rel":"","context":"Similar post","block_context":{"text":"Similar post","link":""},"img":{"alt_text":"","src":"","width":0,"height":0},"classes":[]},{"id":32159,"url":"https:\/\/sakaba.mghosteur.com\/en\/product\/tree-hut-gel-de-douche-moroccan-rose-pamper-indulge\/","url_meta":{"origin":32186,"position":5},"title":"TREE HUT GEL DE DOUCHE MOROCCAN ROSE","author":"admin","date":"May 13, 2024","format":false,"excerpt":"Rafra\u00eechissez votre routine de douche avec le gel nettoyant moussant Tree Hut au parfum succulent de rose marocaine. Enveloppez votre corps d'une mousse luxueuse qui nourrit la peau et laisse un parfum longue dur\u00e9e. Les produits nettoyants Tree Hut sont infus\u00e9s de complexe d'huiles hydratantes, riche en huiles d'avocat, de\u2026","rel":"","context":"Similar post","block_context":{"text":"Similar post","link":""},"img":{"alt_text":"","src":"","width":0,"height":0},"classes":[]}],"_links":{"self":[{"href":"https:\/\/sakaba.mghosteur.com\/en\/wp-json\/wp\/v2\/product\/32186","targetHints":{"allow":["GET"]}}],"collection":[{"href":"https:\/\/sakaba.mghosteur.com\/en\/wp-json\/wp\/v2\/product"}],"about":[{"href":"https:\/\/sakaba.mghosteur.com\/en\/wp-json\/wp\/v2\/types\/product"}],"replies":[{"embeddable":true,"href":"https:\/\/sakaba.mghosteur.com\/en\/wp-json\/wp\/v2\/comments?post=32186"}],"version-history":[{"count":0,"href":"https:\/\/sakaba.mghosteur.com\/en\/wp-json\/wp\/v2\/product\/32186\/revisions"}],"wp:attachment":[{"href":"https:\/\/sakaba.mghosteur.com\/en\/wp-json\/wp\/v2\/media?parent=32186"}],"wp:term":[{"taxonomy":"product_brand","embeddable":true,"href":"https:\/\/sakaba.mghosteur.com\/en\/wp-json\/wp\/v2\/product_brand?post=32186"},{"taxonomy":"product_cat","embeddable":true,"href":"https:\/\/sakaba.mghosteur.com\/en\/wp-json\/wp\/v2\/product_cat?post=32186"},{"taxonomy":"product_tag","embeddable":true,"href":"https:\/\/sakaba.mghosteur.com\/en\/wp-json\/wp\/v2\/product_tag?post=32186"}],"curies":[{"name":"wp","href":"https:\/\/api.w.org\/{rel}","templated":true}]}}