{"id":32189,"date":"2024-05-13T17:07:54","date_gmt":"2024-05-13T17:07:54","guid":{"rendered":"https:\/\/sakaba.mghosteur.com\/?post_type=product&#038;p=32189"},"modified":"2024-08-13T11:55:33","modified_gmt":"2024-08-13T11:55:33","slug":"tree-hut-vitamine-c-whipped-shea-body-butter","status":"publish","type":"product","link":"https:\/\/sakaba.mghosteur.com\/en\/product\/tree-hut-vitamine-c-whipped-shea-body-butter\/","title":{"rendered":"TREE HUT VITAMINE C WHIPPED SHEA BODY BUTTER"},"content":{"rendered":"<p><span>Profitez d&#8217;une peau parfaitement hydrat\u00e9e avec\u00a0<\/span><strong><span>le beurre corporel de karit\u00e9 de Tree Hut.<\/span><\/strong><\/p>\n<p><span>Ce beurre de formule l\u00e9g\u00e8re p\u00e9n\u00e8tre rapidement dans la peau sans laisser de sensation grasse.<\/span><\/p>\n<p><span>Fournit une hydratation longue dur\u00e9e qui laisse la peau douce, lisse et lumineuse, c&#8217;est le soin parfait apr\u00e8s le bain ou pour rafra\u00eechir la peau.<\/span><\/p>\n<p><span>Laissez un soup\u00e7on d&#8217;agrumes brillants avec une touche florale avec des notes cl\u00e9s de pamplemousse rose, de jasmin et de nectar de p\u00eache.<\/span><\/p>\n<p><span>Sans gluten, sans sulfate et sans paraben.<\/span><\/p>","protected":false},"excerpt":{"rendered":"<p>Profitez d&#8217;une peau parfaitement hydrat\u00e9e avec\u00a0le beurre corporel de karit\u00e9 de Tree Hut. Ce beurre de formule l\u00e9g\u00e8re p\u00e9n\u00e8tre rapidement dans la peau sans laisser de sensation grasse. Fournit une hydratation longue dur\u00e9e qui laisse la peau douce, lisse et lumineuse, c&#8217;est le soin parfait apr\u00e8s le bain ou pour rafra\u00eechir la peau. Laissez un<span class=\"read-more-faq\"><a href=\"https:\/\/sakaba.mghosteur.com\/en\/product\/tree-hut-vitamine-c-whipped-shea-body-butter\/\">Read More<\/a><\/span><\/p>","protected":false},"featured_media":0,"comment_status":"open","ping_status":"closed","template":"","meta":[],"product_brand":[995],"product_cat":[447,1061],"product_tag":[],"class_list":{"0":"post-32189","1":"product","2":"type-product","3":"status-publish","5":"product_brand-tree-hut","6":"product_cat-aac-bain-et-corps","7":"product_cat-lait-huile_corporelle","9":"first","10":"instock","11":"shipping-taxable","12":"product-type-simple"},"jetpack-related-posts":[{"id":32195,"url":"https:\/\/sakaba.mghosteur.com\/en\/product\/tree-hut-whippep-shea-boby-butter-watermelon\/","url_meta":{"origin":32189,"position":0},"title":"TREE HUT WHIPPEP BOBY BUTTER WATERMELON","author":"admin","date":"May 13, 2024","format":false,"excerpt":"Imaginez une peau lisse et hydrat\u00e9e sans le poids des beurres corporels traditionnels. Le beurre corporel de karit\u00e9 fouett\u00e9 \u00e0 la past\u00e8que Tree Hut est le soin parfait pour la peau apr\u00e8s le bain ou comme rafra\u00eechisseur de peau. Il laissera votre peau douce et avec une odeur incroyable !\u2026","rel":"","context":"Similar post","block_context":{"text":"Similar post","link":""},"img":{"alt_text":"","src":"","width":0,"height":0},"classes":[]},{"id":56238,"url":"https:\/\/sakaba.mghosteur.com\/en\/product\/tree-hut-vanilla-whipped-shea-body-butter\/","url_meta":{"origin":32189,"position":1},"title":"Tree Hut Vanilla Whipped Shea Body Butter","author":"Sope DIA","date":"January 3, 2026","format":false,"excerpt":"BEURRE CORPOREL \u00c0 LA VANILLE : Ce beurre corporel fouett\u00e9 hydrate durablement la peau et la laisse douce, lisse et \u00e9clatante. Son parfum chaud et onctueux m\u00eale des notes de vanille onctueuse, de bois de santal et de cr\u00e8me de coco. INGR\u00c9DIENTS BIENFAISANTS POUR LA PEAU\u00a0: Formul\u00e9 \u00e0 base de\u2026","rel":"","context":"Similar post","block_context":{"text":"Similar post","link":""},"img":{"alt_text":"","src":"","width":0,"height":0},"classes":[]},{"id":32149,"url":"https:\/\/sakaba.mghosteur.com\/en\/product\/tree-hut-coco-colada-whipped-shea-body-butter\/","url_meta":{"origin":32189,"position":2},"title":"TREE HUT COCO COLADA WHIPPED SHEA BODY BUTTER","author":"admin","date":"May 13, 2024","format":false,"excerpt":"Redonnez \u00e0 votre peau sa forme hydrat\u00e9e sans la sensation lourde des beurres corporels traditionnels. Notre formule l\u00e9g\u00e8re et a\u00e9r\u00e9e glisse sur la peau sans l\u00e9siner sur l'hydratation. Le beurre corporel fouett\u00e9 Coco Colada est le soin parfait pour la peau apr\u00e8s le bain ou comme rafra\u00eechisseur de peau. Le\u2026","rel":"","context":"Similar post","block_context":{"text":"Similar post","link":""},"img":{"alt_text":"","src":"","width":0,"height":0},"classes":[]},{"id":32171,"url":"https:\/\/sakaba.mghosteur.com\/en\/product\/tree-hut-maroccan-rose-whipped-shea-butter\/","url_meta":{"origin":32189,"position":3},"title":"TREE HUT MOROCCAN ROSE WHIPPED SHEA BUTTER","author":"admin","date":"May 13, 2024","format":false,"excerpt":"Redonnez \u00e0 votre peau sa forme hydrat\u00e9e sans la sensation lourde des beurres corporels traditionnels. Notre formule l\u00e9g\u00e8re et a\u00e9r\u00e9e glisse sur la peau sans l\u00e9siner sur l'hydratation. Le beurre corporel fouett\u00e9 \u00e0 la rose marocaine est le soin parfait pour la peau apr\u00e8s le bain ou comme rafra\u00eechisseur de\u2026","rel":"","context":"Similar post","block_context":{"text":"Similar post","link":""},"img":{"alt_text":"","src":"","width":0,"height":0},"classes":[]},{"id":32143,"url":"https:\/\/sakaba.mghosteur.com\/en\/product\/tree-hut-candy-whipped-shea-body-butter\/","url_meta":{"origin":32189,"position":4},"title":"TREE HUT CANDY WHIPPED SHEA BODY BUTTER","author":"admin","date":"May 13, 2024","format":false,"excerpt":"Le beurre corporel fouett\u00e9 \u00e0 la canne en sucre de Tree Hut est le soin parfait pour la peau apr\u00e8s le bain ou comme rafra\u00eechisseur de peau. Le parfum classique des f\u00eates de Candy Cane laissera votre peau douce, hydrat\u00e9e et sentant incroyablement bon ! Les beurres corporels fouett\u00e9s Tree\u2026","rel":"","context":"Similar post","block_context":{"text":"Similar post","link":""},"img":{"alt_text":"","src":"","width":0,"height":0},"classes":[]},{"id":32192,"url":"https:\/\/sakaba.mghosteur.com\/en\/product\/tree-hut-whippep-shea-boby-butter-vanilla\/","url_meta":{"origin":32189,"position":5},"title":"TREE HUT WHIPPEP BODY BUTTER VANILLA","author":"admin","date":"May 13, 2024","format":false,"excerpt":"Le beurre corporel fouett\u00e9 \u00e0 la vanille de Tree Hut est le soin id\u00e9al pour la peau apr\u00e8s le bain ou comme rafra\u00eechissement. Le parfum cr\u00e9meux et classique de la vanille laissera votre peau douce, hydrat\u00e9e et avec une odeur incroyable !","rel":"","context":"Similar post","block_context":{"text":"Similar post","link":""},"img":{"alt_text":"","src":"","width":0,"height":0},"classes":[]}],"_links":{"self":[{"href":"https:\/\/sakaba.mghosteur.com\/en\/wp-json\/wp\/v2\/product\/32189","targetHints":{"allow":["GET"]}}],"collection":[{"href":"https:\/\/sakaba.mghosteur.com\/en\/wp-json\/wp\/v2\/product"}],"about":[{"href":"https:\/\/sakaba.mghosteur.com\/en\/wp-json\/wp\/v2\/types\/product"}],"replies":[{"embeddable":true,"href":"https:\/\/sakaba.mghosteur.com\/en\/wp-json\/wp\/v2\/comments?post=32189"}],"version-history":[{"count":0,"href":"https:\/\/sakaba.mghosteur.com\/en\/wp-json\/wp\/v2\/product\/32189\/revisions"}],"wp:attachment":[{"href":"https:\/\/sakaba.mghosteur.com\/en\/wp-json\/wp\/v2\/media?parent=32189"}],"wp:term":[{"taxonomy":"product_brand","embeddable":true,"href":"https:\/\/sakaba.mghosteur.com\/en\/wp-json\/wp\/v2\/product_brand?post=32189"},{"taxonomy":"product_cat","embeddable":true,"href":"https:\/\/sakaba.mghosteur.com\/en\/wp-json\/wp\/v2\/product_cat?post=32189"},{"taxonomy":"product_tag","embeddable":true,"href":"https:\/\/sakaba.mghosteur.com\/en\/wp-json\/wp\/v2\/product_tag?post=32189"}],"curies":[{"name":"wp","href":"https:\/\/api.w.org\/{rel}","templated":true}]}}