{"id":32192,"date":"2024-05-13T17:08:47","date_gmt":"2024-05-13T17:08:47","guid":{"rendered":"https:\/\/sakaba.mghosteur.com\/?post_type=product&#038;p=32192"},"modified":"2024-08-13T18:48:37","modified_gmt":"2024-08-13T18:48:37","slug":"tree-hut-whippep-shea-boby-butter-vanilla","status":"publish","type":"product","link":"https:\/\/sakaba.mghosteur.com\/en\/product\/tree-hut-whippep-shea-boby-butter-vanilla\/","title":{"rendered":"TREE HUT WHIPPEP BODY BUTTER VANILLA"},"content":{"rendered":"<p>Le beurre corporel fouett\u00e9 \u00e0 la vanille de Tree Hut est le soin id\u00e9al pour la peau apr\u00e8s le bain ou comme rafra\u00eechissement. Le parfum cr\u00e9meux et classique de la vanille laissera votre peau douce, hydrat\u00e9e et avec une odeur incroyable !<\/p>","protected":false},"excerpt":{"rendered":"<p>Le beurre corporel fouett\u00e9 \u00e0 la vanille de Tree Hut est le soin id\u00e9al pour la peau apr\u00e8s le bain ou comme rafra\u00eechissement. Le parfum cr\u00e9meux et classique de la vanille laissera votre peau douce, hydrat\u00e9e et avec une odeur incroyable !<\/p>","protected":false},"featured_media":0,"comment_status":"open","ping_status":"closed","template":"","meta":[],"product_brand":[995],"product_cat":[447,1061],"product_tag":[],"class_list":{"0":"post-32192","1":"product","2":"type-product","3":"status-publish","5":"product_brand-tree-hut","6":"product_cat-aac-bain-et-corps","7":"product_cat-lait-huile_corporelle","9":"first","10":"instock","11":"shipping-taxable","12":"product-type-simple"},"jetpack-related-posts":[{"id":32177,"url":"https:\/\/sakaba.mghosteur.com\/en\/product\/tree-hut-moisturizing-shave-oil-vanilla\/","url_meta":{"origin":32192,"position":0},"title":"TREE HUT MOISTURIZING SHAVE OIL VANILLA","author":"admin","date":"May 13, 2024","format":false,"excerpt":"Dites \u00ab adieu \u00bb aux poils de barbe, aux entailles et aux bosses et dites \u00ab bonjour \u00bb \u00e0 une belle peau ! Obtenez votre rasage de plus pr\u00e8s avec l'huile de rasage hydratante Tree Hut Bare au parfum cr\u00e9meux et classique de vanille.","rel":"","context":"Similar post","block_context":{"text":"Similar post","link":""},"img":{"alt_text":"","src":"","width":0,"height":0},"classes":[]},{"id":56238,"url":"https:\/\/sakaba.mghosteur.com\/en\/product\/tree-hut-vanilla-whipped-shea-body-butter\/","url_meta":{"origin":32192,"position":1},"title":"Tree Hut Vanilla Whipped Shea Body Butter","author":"Sope DIA","date":"January 3, 2026","format":false,"excerpt":"BEURRE CORPOREL \u00c0 LA VANILLE : Ce beurre corporel fouett\u00e9 hydrate durablement la peau et la laisse douce, lisse et \u00e9clatante. Son parfum chaud et onctueux m\u00eale des notes de vanille onctueuse, de bois de santal et de cr\u00e8me de coco. INGR\u00c9DIENTS BIENFAISANTS POUR LA PEAU\u00a0: Formul\u00e9 \u00e0 base de\u2026","rel":"","context":"Similar post","block_context":{"text":"Similar post","link":""},"img":{"alt_text":"","src":"","width":0,"height":0},"classes":[]},{"id":32186,"url":"https:\/\/sakaba.mghosteur.com\/en\/product\/tree-hut-vanilla-faoming-gel-wash-soothe-renew\/","url_meta":{"origin":32192,"position":2},"title":"TREE HUT VANILLA FAOMING GEL WASH SOOTHE + RENEW","author":"admin","date":"May 13, 2024","format":false,"excerpt":"Adoucissez votre routine de douche avec le parfum chaleureux de la vanille ! La formule gel juteuse se transforme en une mousse luxueuse qui chouchoute la peau, la laissant douce, propre et hydrat\u00e9e. Les produits nettoyants Tree Hut sont infus\u00e9s d'un complexe d'huiles hydratantes, contenant des huiles d'avocat, de kiwi\u2026","rel":"","context":"Similar post","block_context":{"text":"Similar post","link":""},"img":{"alt_text":"","src":"","width":0,"height":0},"classes":[]},{"id":56229,"url":"https:\/\/sakaba.mghosteur.com\/en\/product\/tree-hut-vanilla-shea-sugar-scrub\/","url_meta":{"origin":32192,"position":3},"title":"Tree Hut Vanilla Shea Sugar Scrub","author":"Sope DIA","date":"January 3, 2026","format":false,"excerpt":"GOMMAGE AU SUCRE ET \u00c0 LA VANILLE : La marque de gommage corporel n\u00b0 1 aux \u00c9tats-Unis\u00a0 exfolie en douceur pour \u00e9liminer les cellules mortes et r\u00e9v\u00e9ler une peau douce et lisse. Laissez-vous envo\u00fbter par le parfum onctueux de la vanille cr\u00e9meuse, rehauss\u00e9 de notes chaudes de santal et de\u2026","rel":"","context":"Similar post","block_context":{"text":"Similar post","link":""},"img":{"alt_text":"","src":"","width":0,"height":0},"classes":[]},{"id":32112,"url":"https:\/\/sakaba.mghosteur.com\/en\/product\/shea-sugar-scrub-candy-cane\/","url_meta":{"origin":32192,"position":4},"title":"TREE HUT SHEA SUGAR SCRUB CANDY CANE","author":"admin","date":"May 13, 2024","format":false,"excerpt":"Le gommage corporel au sucre de karit\u00e9 et \u00e0 la canne \u00e0 sucre de Tree Hut est un exfoliant corporel qui utilise du sucre, du beurre de karit\u00e9, de la menthe poivr\u00e9e, de la vanille et six huiles naturelles pour nourrir et \u00e9quilibrer l'hydratation de la peau. Il est con\u00e7u\u2026","rel":"","context":"Similar post","block_context":{"text":"Similar post","link":""},"img":{"alt_text":"","src":"","width":0,"height":0},"classes":[]},{"id":32126,"url":"https:\/\/sakaba.mghosteur.com\/en\/product\/shea-sugar-scrub-vanilla\/","url_meta":{"origin":32192,"position":5},"title":"SHEA SUGAR SCRUB VANILLA","author":"admin","date":"May 13, 2024","format":false,"excerpt":"","rel":"","context":"Similar post","block_context":{"text":"Similar post","link":""},"img":{"alt_text":"","src":"","width":0,"height":0},"classes":[]}],"_links":{"self":[{"href":"https:\/\/sakaba.mghosteur.com\/en\/wp-json\/wp\/v2\/product\/32192","targetHints":{"allow":["GET"]}}],"collection":[{"href":"https:\/\/sakaba.mghosteur.com\/en\/wp-json\/wp\/v2\/product"}],"about":[{"href":"https:\/\/sakaba.mghosteur.com\/en\/wp-json\/wp\/v2\/types\/product"}],"replies":[{"embeddable":true,"href":"https:\/\/sakaba.mghosteur.com\/en\/wp-json\/wp\/v2\/comments?post=32192"}],"version-history":[{"count":0,"href":"https:\/\/sakaba.mghosteur.com\/en\/wp-json\/wp\/v2\/product\/32192\/revisions"}],"wp:attachment":[{"href":"https:\/\/sakaba.mghosteur.com\/en\/wp-json\/wp\/v2\/media?parent=32192"}],"wp:term":[{"taxonomy":"product_brand","embeddable":true,"href":"https:\/\/sakaba.mghosteur.com\/en\/wp-json\/wp\/v2\/product_brand?post=32192"},{"taxonomy":"product_cat","embeddable":true,"href":"https:\/\/sakaba.mghosteur.com\/en\/wp-json\/wp\/v2\/product_cat?post=32192"},{"taxonomy":"product_tag","embeddable":true,"href":"https:\/\/sakaba.mghosteur.com\/en\/wp-json\/wp\/v2\/product_tag?post=32192"}],"curies":[{"name":"wp","href":"https:\/\/api.w.org\/{rel}","templated":true}]}}