{"id":32195,"date":"2024-05-13T17:09:41","date_gmt":"2024-05-13T17:09:41","guid":{"rendered":"https:\/\/sakaba.mghosteur.com\/?post_type=product&#038;p=32195"},"modified":"2024-08-13T18:17:27","modified_gmt":"2024-08-13T18:17:27","slug":"tree-hut-whippep-shea-boby-butter-watermelon","status":"publish","type":"product","link":"https:\/\/sakaba.mghosteur.com\/en\/product\/tree-hut-whippep-shea-boby-butter-watermelon\/","title":{"rendered":"TREE HUT WHIPPEP BOBY BUTTER WATERMELON"},"content":{"rendered":"<p>Imaginez une peau lisse et hydrat\u00e9e sans le poids des beurres corporels traditionnels. Le beurre corporel de karit\u00e9 fouett\u00e9 \u00e0 la past\u00e8que Tree Hut est le soin parfait pour la peau apr\u00e8s le bain ou comme rafra\u00eechisseur de peau. Il laissera votre peau douce et avec une odeur incroyable ! Fabriqu\u00e9 avec des ingr\u00e9dients riches comme la past\u00e8que, le collag\u00e8ne v\u00e9g\u00e9talien et le beurre de karit\u00e9 fouett\u00e9 et cr\u00e9meux pour aider \u00e0 raviver et nourrir la peau. Cet hydratant quotidien luxueux pr\u00e9sente une formule l\u00e9g\u00e8re, a\u00e9r\u00e9e et fouett\u00e9e qui glisse et p\u00e9n\u00e8tre rapidement dans la peau avec une sensation non grasse. Il offre une hydratation sup\u00e9rieure et durable pour laisser la peau douce, lisse et \u00e9clatante. La past\u00e8que est connue comme un humectant naturel qui aide \u00e0 pr\u00e9venir la perte d\u2019humidit\u00e9 et procure une exfoliation douce mais efficace. Le collag\u00e8ne v\u00e9g\u00e9talien est connu pour aider \u00e0 donner une apparence lisse et jeune \u00e0 la peau. Le beurre de karit\u00e9 naturel est connu pour hydrater, nourrir et adoucir en profondeur la peau s\u00e8che tout en aidant \u00e0 favoriser son \u00e9lasticit\u00e9. Le beurre corporel de karit\u00e9 fouett\u00e9 \u00e0 la past\u00e8que Tree Hut est sans parab\u00e8ne, v\u00e9g\u00e9talien, sans sulfate, sans alcool, ne contient aucun donneur de formald\u00e9hyde, a un parfum longue dur\u00e9e dans une formule fouett\u00e9e non grasse.<\/p>","protected":false},"excerpt":{"rendered":"<p>Imaginez une peau lisse et hydrat\u00e9e sans le poids des beurres corporels traditionnels. Le beurre corporel de karit\u00e9 fouett\u00e9 \u00e0 la past\u00e8que Tree Hut est le soin parfait pour la peau apr\u00e8s le bain ou comme rafra\u00eechisseur de peau. Il laissera votre peau douce et avec une odeur incroyable ! Fabriqu\u00e9 avec des ingr\u00e9dients riches<span class=\"read-more-faq\"><a href=\"https:\/\/sakaba.mghosteur.com\/en\/product\/tree-hut-whippep-shea-boby-butter-watermelon\/\">Read More<\/a><\/span><\/p>","protected":false},"featured_media":0,"comment_status":"open","ping_status":"closed","template":"","meta":[],"product_brand":[995],"product_cat":[447,1061],"product_tag":[],"class_list":{"0":"post-32195","1":"product","2":"type-product","3":"status-publish","5":"product_brand-tree-hut","6":"product_cat-aac-bain-et-corps","7":"product_cat-lait-huile_corporelle","9":"first","10":"instock","11":"shipping-taxable","12":"product-type-simple"},"jetpack-related-posts":[{"id":26474,"url":"https:\/\/sakaba.mghosteur.com\/en\/product\/tree-hut-tropical-glow-firming-whipped-shea-body-butter\/","url_meta":{"origin":32195,"position":0},"title":"TREE HUT TROPICAL GLOW FIRMING WHIPPED SHEA BODY BUTTER","author":"admin","date":"November 25, 2022","format":false,"excerpt":"Un beurre corporel aromatis\u00e9. Offrez \u00e0 votre peau l'hydratation qu'elle m\u00e9rite en optant pour le beurre corporel fouett\u00e9 \u00e0 la past\u00e8que de Tree Hut. A\u00e9r\u00e9 et l\u00e9ger, ce beurre corporel p\u00e9n\u00e8tre rapidement dans la peau pour la nourrir en profondeur, am\u00e9liorer son \u00e9lasticit\u00e9, l'adoucir, retenir l'humidit\u00e9, offrir une exfoliation douce\u2026","rel":"","context":"Similar post","block_context":{"text":"Similar post","link":""},"img":{"alt_text":"","src":"","width":0,"height":0},"classes":[]},{"id":56235,"url":"https:\/\/sakaba.mghosteur.com\/en\/product\/watermelon-whipped-shea-body-butter\/","url_meta":{"origin":32195,"position":1},"title":"Watermelon Whipped Shea Body Butter","author":"Sope DIA","date":"January 3, 2026","format":false,"excerpt":"Redonnez \u00e0 votre peau toute son hydratation sans la sensation grasse des beurres corporels traditionnels. Notre formule l\u00e9g\u00e8re et a\u00e9rienne glisse sur la peau tout en l'hydratant intens\u00e9ment. Le Beurre Corporel Fouett\u00e9 \u00e0 la Past\u00e8que est le soin id\u00e9al apr\u00e8s le bain ou pour rafra\u00eechir votre peau. Son parfum rafra\u00eechissant\u2026","rel":"","context":"Similar post","block_context":{"text":"Similar post","link":""},"img":{"alt_text":"","src":"","width":0,"height":0},"classes":[]},{"id":56238,"url":"https:\/\/sakaba.mghosteur.com\/en\/product\/tree-hut-vanilla-whipped-shea-body-butter\/","url_meta":{"origin":32195,"position":2},"title":"Tree Hut Vanilla Whipped Shea Body Butter","author":"Sope DIA","date":"January 3, 2026","format":false,"excerpt":"BEURRE CORPOREL \u00c0 LA VANILLE : Ce beurre corporel fouett\u00e9 hydrate durablement la peau et la laisse douce, lisse et \u00e9clatante. Son parfum chaud et onctueux m\u00eale des notes de vanille onctueuse, de bois de santal et de cr\u00e8me de coco. INGR\u00c9DIENTS BIENFAISANTS POUR LA PEAU\u00a0: Formul\u00e9 \u00e0 base de\u2026","rel":"","context":"Similar post","block_context":{"text":"Similar post","link":""},"img":{"alt_text":"","src":"","width":0,"height":0},"classes":[]},{"id":32171,"url":"https:\/\/sakaba.mghosteur.com\/en\/product\/tree-hut-maroccan-rose-whipped-shea-butter\/","url_meta":{"origin":32195,"position":3},"title":"TREE HUT MOROCCAN ROSE WHIPPED SHEA BUTTER","author":"admin","date":"May 13, 2024","format":false,"excerpt":"Redonnez \u00e0 votre peau sa forme hydrat\u00e9e sans la sensation lourde des beurres corporels traditionnels. Notre formule l\u00e9g\u00e8re et a\u00e9r\u00e9e glisse sur la peau sans l\u00e9siner sur l'hydratation. Le beurre corporel fouett\u00e9 \u00e0 la rose marocaine est le soin parfait pour la peau apr\u00e8s le bain ou comme rafra\u00eechisseur de\u2026","rel":"","context":"Similar post","block_context":{"text":"Similar post","link":""},"img":{"alt_text":"","src":"","width":0,"height":0},"classes":[]},{"id":32149,"url":"https:\/\/sakaba.mghosteur.com\/en\/product\/tree-hut-coco-colada-whipped-shea-body-butter\/","url_meta":{"origin":32195,"position":4},"title":"TREE HUT COCO COLADA WHIPPED SHEA BODY BUTTER","author":"admin","date":"May 13, 2024","format":false,"excerpt":"Redonnez \u00e0 votre peau sa forme hydrat\u00e9e sans la sensation lourde des beurres corporels traditionnels. Notre formule l\u00e9g\u00e8re et a\u00e9r\u00e9e glisse sur la peau sans l\u00e9siner sur l'hydratation. Le beurre corporel fouett\u00e9 Coco Colada est le soin parfait pour la peau apr\u00e8s le bain ou comme rafra\u00eechisseur de peau. Le\u2026","rel":"","context":"Similar post","block_context":{"text":"Similar post","link":""},"img":{"alt_text":"","src":"","width":0,"height":0},"classes":[]},{"id":32143,"url":"https:\/\/sakaba.mghosteur.com\/en\/product\/tree-hut-candy-whipped-shea-body-butter\/","url_meta":{"origin":32195,"position":5},"title":"TREE HUT CANDY WHIPPED SHEA BODY BUTTER","author":"admin","date":"May 13, 2024","format":false,"excerpt":"Le beurre corporel fouett\u00e9 \u00e0 la canne en sucre de Tree Hut est le soin parfait pour la peau apr\u00e8s le bain ou comme rafra\u00eechisseur de peau. Le parfum classique des f\u00eates de Candy Cane laissera votre peau douce, hydrat\u00e9e et sentant incroyablement bon ! Les beurres corporels fouett\u00e9s Tree\u2026","rel":"","context":"Similar post","block_context":{"text":"Similar post","link":""},"img":{"alt_text":"","src":"","width":0,"height":0},"classes":[]}],"_links":{"self":[{"href":"https:\/\/sakaba.mghosteur.com\/en\/wp-json\/wp\/v2\/product\/32195","targetHints":{"allow":["GET"]}}],"collection":[{"href":"https:\/\/sakaba.mghosteur.com\/en\/wp-json\/wp\/v2\/product"}],"about":[{"href":"https:\/\/sakaba.mghosteur.com\/en\/wp-json\/wp\/v2\/types\/product"}],"replies":[{"embeddable":true,"href":"https:\/\/sakaba.mghosteur.com\/en\/wp-json\/wp\/v2\/comments?post=32195"}],"version-history":[{"count":0,"href":"https:\/\/sakaba.mghosteur.com\/en\/wp-json\/wp\/v2\/product\/32195\/revisions"}],"wp:attachment":[{"href":"https:\/\/sakaba.mghosteur.com\/en\/wp-json\/wp\/v2\/media?parent=32195"}],"wp:term":[{"taxonomy":"product_brand","embeddable":true,"href":"https:\/\/sakaba.mghosteur.com\/en\/wp-json\/wp\/v2\/product_brand?post=32195"},{"taxonomy":"product_cat","embeddable":true,"href":"https:\/\/sakaba.mghosteur.com\/en\/wp-json\/wp\/v2\/product_cat?post=32195"},{"taxonomy":"product_tag","embeddable":true,"href":"https:\/\/sakaba.mghosteur.com\/en\/wp-json\/wp\/v2\/product_tag?post=32195"}],"curies":[{"name":"wp","href":"https:\/\/api.w.org\/{rel}","templated":true}]}}