{"id":32331,"date":"2024-05-14T15:55:57","date_gmt":"2024-05-14T15:55:57","guid":{"rendered":"https:\/\/sakaba.mghosteur.com\/?post_type=product&#038;p=32331"},"modified":"2024-05-14T15:55:58","modified_gmt":"2024-05-14T15:55:58","slug":"janeiro-rio-deo-57g","status":"publish","type":"product","link":"https:\/\/sakaba.mghosteur.com\/en\/product\/janeiro-rio-deo-57g\/","title":{"rendered":"JANEIRO RIO DEO 57G"},"content":{"rendered":"","protected":false},"excerpt":{"rendered":"","protected":false},"featured_media":0,"comment_status":"open","ping_status":"closed","template":"","meta":[],"product_brand":[974],"product_cat":[377],"product_tag":[],"class_list":{"0":"post-32331","1":"product","2":"type-product","3":"status-publish","5":"product_brand-sol-de-janeiro","6":"product_cat-bath-body-works","8":"first","9":"instock","10":"shipping-taxable","11":"product-type-simple"},"jetpack-related-posts":[{"id":32334,"url":"https:\/\/sakaba.mghosteur.com\/en\/product\/janereiro-rio-deo-57g-rose\/","url_meta":{"origin":32331,"position":0},"title":"JANEREIRO RIO DEO 57g rose","author":"admin","date":"May 14, 2024","format":false,"excerpt":"","rel":"","context":"Similar post","block_context":{"text":"Similar post","link":""},"img":{"alt_text":"","src":"","width":0,"height":0},"classes":[]},{"id":32395,"url":"https:\/\/sakaba.mghosteur.com\/en\/product\/sol-de-janeiro-rio-deo\/","url_meta":{"origin":32331,"position":1},"title":"SOL DE JANEIRO RIO DEO","author":"admin","date":"May 14, 2024","format":false,"excerpt":"Au Br\u00e9sil, chaque centim\u00e8tre carr\u00e9 de peau est pr\u00e9cieux. Les aisselles ne font pas exception. Le d\u00e9odorant Rio Deo, d\u00e9pourvu d'aluminium et de bicarbonate de soude, combat les odeurs, vous assurant une fra\u00eecheur agr\u00e9able du matin au soir, \u00e0 la mani\u00e8re de Sol de Janeiro. Ce d\u00e9odorant ne se contente\u2026","rel":"","context":"Similar post","block_context":{"text":"Similar post","link":""},"img":{"alt_text":"","src":"","width":0,"height":0},"classes":[]},{"id":32489,"url":"https:\/\/sakaba.mghosteur.com\/en\/product\/sol-janeiro-rio-radiance-cream-75ml\/","url_meta":{"origin":32331,"position":2},"title":"SOL JANEIRO RIO RADIANCE CREAM 75ML","author":"admin","date":"May 14, 2024","format":false,"excerpt":"D\u00e9couvrez la cr\u00e8me pour le corps Rio Radiance de Sol de Janeiro, un essentiel pour une peau resplendissante toute l'ann\u00e9e. Envelopp\u00e9e dans des notes envo\u00fbtantes de tub\u00e9reuse solaire et de lait de coco, cette cr\u00e8me capture l'essence du soleil sur votre peau, vous transportant instantan\u00e9ment vers des vacances tropicales. Cette\u2026","rel":"","context":"Similar post","block_context":{"text":"Similar post","link":""},"img":{"alt_text":"","src":"","width":0,"height":0},"classes":[]},{"id":32492,"url":"https:\/\/sakaba.mghosteur.com\/en\/product\/sol-janeiro-rio-radiance-cream-240ml\/","url_meta":{"origin":32331,"position":3},"title":"SOL JANEIRO RIO RADIANCE CREAM 240ml","author":"admin","date":"May 14, 2024","format":false,"excerpt":"D\u00e9couvrez la cr\u00e8me pour le corps Rio Radiance de Sol de Janeiro, un essentiel pour une peau resplendissante toute l'ann\u00e9e. Envelopp\u00e9e dans des notes envo\u00fbtantes de tub\u00e9reuse solaire et de lait de coco, cette cr\u00e8me capture l'essence du soleil sur votre peau, vous transportant instantan\u00e9ment vers des vacances tropicales. Cette\u2026","rel":"","context":"Similar post","block_context":{"text":"Similar post","link":""},"img":{"alt_text":"","src":"","width":0,"height":0},"classes":[]},{"id":32495,"url":"https:\/\/sakaba.mghosteur.com\/en\/product\/sol-janeiro-when-in-rio-90ml\/","url_meta":{"origin":32331,"position":4},"title":"SOL JANEIRO WHEN IN RIO 90ML","author":"admin","date":"May 14, 2024","format":false,"excerpt":"D\u00e9couvrez une brume parfum\u00e9e exquise qui \u00e9voque l'essence vibrante de Rio. Capturant l'atmosph\u00e8re envo\u00fbtante de cette ville anim\u00e9e, cette fragrance s\u00e9duisante incarne l'\u00e9nergie d'une nuit \u00e9clatante et chaude. Les notes audacieuses de bergamote sauvage, de poire succulente et de jasmin cr\u00e9pusculaire se m\u00ealent harmonieusement pour cr\u00e9er une exp\u00e9rience olfactive inoubliable.\u2026","rel":"","context":"Similar post","block_context":{"text":"Similar post","link":""},"img":{"alt_text":"","src":"","width":0,"height":0},"classes":[]},{"id":32486,"url":"https:\/\/sakaba.mghosteur.com\/en\/product\/sol-janeiro-rio-radiance-240ml\/","url_meta":{"origin":32331,"position":5},"title":"SOL JANEIRO RIO RADIANCE 240ML","author":"admin","date":"May 14, 2024","format":false,"excerpt":"D\u00e9couvrez le Sol Janeiro Rio Radiance, une brume parfum\u00e9e en \u00e9dition limit\u00e9e (240 ml) qui capture l'essence de la vie br\u00e9silienne, sans le co\u00fbt du billet d'avion. Plongez-vous dans une ambiance ensoleill\u00e9e avec chaque vaporisation, rappelant les journ\u00e9es de plage, les soir\u00e9es festives et l'odeur de la cr\u00e8me solaire. Ce\u2026","rel":"","context":"Similar post","block_context":{"text":"Similar post","link":""},"img":{"alt_text":"","src":"","width":0,"height":0},"classes":[]}],"_links":{"self":[{"href":"https:\/\/sakaba.mghosteur.com\/en\/wp-json\/wp\/v2\/product\/32331","targetHints":{"allow":["GET"]}}],"collection":[{"href":"https:\/\/sakaba.mghosteur.com\/en\/wp-json\/wp\/v2\/product"}],"about":[{"href":"https:\/\/sakaba.mghosteur.com\/en\/wp-json\/wp\/v2\/types\/product"}],"replies":[{"embeddable":true,"href":"https:\/\/sakaba.mghosteur.com\/en\/wp-json\/wp\/v2\/comments?post=32331"}],"version-history":[{"count":0,"href":"https:\/\/sakaba.mghosteur.com\/en\/wp-json\/wp\/v2\/product\/32331\/revisions"}],"wp:attachment":[{"href":"https:\/\/sakaba.mghosteur.com\/en\/wp-json\/wp\/v2\/media?parent=32331"}],"wp:term":[{"taxonomy":"product_brand","embeddable":true,"href":"https:\/\/sakaba.mghosteur.com\/en\/wp-json\/wp\/v2\/product_brand?post=32331"},{"taxonomy":"product_cat","embeddable":true,"href":"https:\/\/sakaba.mghosteur.com\/en\/wp-json\/wp\/v2\/product_cat?post=32331"},{"taxonomy":"product_tag","embeddable":true,"href":"https:\/\/sakaba.mghosteur.com\/en\/wp-json\/wp\/v2\/product_tag?post=32331"}],"curies":[{"name":"wp","href":"https:\/\/api.w.org\/{rel}","templated":true}]}}