{"id":32334,"date":"2024-05-14T15:56:47","date_gmt":"2024-05-14T15:56:47","guid":{"rendered":"https:\/\/sakaba.mghosteur.com\/?post_type=product&#038;p=32334"},"modified":"2024-05-14T15:56:47","modified_gmt":"2024-05-14T15:56:47","slug":"janereiro-rio-deo-57g-rose","status":"publish","type":"product","link":"https:\/\/sakaba.mghosteur.com\/en\/product\/janereiro-rio-deo-57g-rose\/","title":{"rendered":"JANEREIRO RIO DEO 57g rose"},"content":{"rendered":"","protected":false},"excerpt":{"rendered":"","protected":false},"featured_media":0,"comment_status":"open","ping_status":"closed","template":"","meta":[],"product_brand":[974],"product_cat":[377],"product_tag":[],"class_list":{"0":"post-32334","1":"product","2":"type-product","3":"status-publish","5":"product_brand-sol-de-janeiro","6":"product_cat-bath-body-works","8":"first","9":"instock","10":"shipping-taxable","11":"product-type-simple"},"jetpack-related-posts":[{"id":32331,"url":"https:\/\/sakaba.mghosteur.com\/en\/product\/janeiro-rio-deo-57g\/","url_meta":{"origin":32334,"position":0},"title":"JANEIRO RIO DEO 57G","author":"admin","date":"May 14, 2024","format":false,"excerpt":"","rel":"","context":"Similar post","block_context":{"text":"Similar post","link":""},"img":{"alt_text":"","src":"","width":0,"height":0},"classes":[]},{"id":32395,"url":"https:\/\/sakaba.mghosteur.com\/en\/product\/sol-de-janeiro-rio-deo\/","url_meta":{"origin":32334,"position":1},"title":"SOL DE JANEIRO RIO DEO","author":"admin","date":"May 14, 2024","format":false,"excerpt":"Au Br\u00e9sil, chaque centim\u00e8tre carr\u00e9 de peau est pr\u00e9cieux. Les aisselles ne font pas exception. Le d\u00e9odorant Rio Deo, d\u00e9pourvu d'aluminium et de bicarbonate de soude, combat les odeurs, vous assurant une fra\u00eecheur agr\u00e9able du matin au soir, \u00e0 la mani\u00e8re de Sol de Janeiro. Ce d\u00e9odorant ne se contente\u2026","rel":"","context":"Similar post","block_context":{"text":"Similar post","link":""},"img":{"alt_text":"","src":"","width":0,"height":0},"classes":[]},{"id":32450,"url":"https:\/\/sakaba.mghosteur.com\/en\/product\/sol-janeiro-brazilian-crush-40-black-amber-plum-vanilla-rose-90ml\/","url_meta":{"origin":32334,"position":2},"title":"SOL JANEIRO BRAZILIAN CRUSH 40 BLACK AMBER PLUM &amp; VANILLA ROSE 90ML","author":"admin","date":"May 14, 2024","format":false,"excerpt":"Le Sol De Janeiro Brazil Crush Cheirosa '40 Black Amber Plum & Vanilla Woods Hair & Body Fragrance Mist (90 ml) est une brume parfum\u00e9e d\u00e9licate mais enivrante, impr\u00e9gn\u00e9e de notes de prune ambr\u00e9e noire, de bois de vanille et de fleurs de jasmin pour vous envelopper d'une fragrance exquise.\u2026","rel":"","context":"Similar post","block_context":{"text":"Similar post","link":""},"img":{"alt_text":"","src":"","width":0,"height":0},"classes":[]},{"id":32453,"url":"https:\/\/sakaba.mghosteur.com\/en\/product\/sol-janeiro-brazilian-crush-40-black-amber-plum-vanilla-rose-240ml\/","url_meta":{"origin":32334,"position":3},"title":"SOL JANEIRO BRAZILIAN CRUSH 40 BLACK AMBER PLUM &amp; VANILLA ROSE 240ML","author":"admin","date":"May 14, 2024","format":false,"excerpt":"Le Sol De Janeiro Brazil Crush Cheirosa '40 Black Amber Plum & Vanilla Woods Hair & Body Fragrance Mist (240 ml) est une brume parfum\u00e9e d\u00e9licate mais enivrante, impr\u00e9gn\u00e9e de notes de prune ambr\u00e9e noire, de bois de vanille et de fleurs de jasmin pour vous envelopper d'une fragrance exquise.\u2026","rel":"","context":"Similar post","block_context":{"text":"Similar post","link":""},"img":{"alt_text":"","src":"","width":0,"height":0},"classes":[]},{"id":27552,"url":"https:\/\/sakaba.mghosteur.com\/en\/product\/roge-cavailles-soin-toilette-deo-soin-dermato-2\/","url_meta":{"origin":32334,"position":4},"title":"Rog\u00e9 cavaill\u00e8s soin toilette d\u00e9o soin dermato","author":"admin","date":"November 29, 2022","format":false,"excerpt":"","rel":"","context":"Similar post","block_context":{"text":"Similar post","link":""},"img":{"alt_text":"","src":"","width":0,"height":0},"classes":[]},{"id":32495,"url":"https:\/\/sakaba.mghosteur.com\/en\/product\/sol-janeiro-when-in-rio-90ml\/","url_meta":{"origin":32334,"position":5},"title":"SOL JANEIRO WHEN IN RIO 90ML","author":"admin","date":"May 14, 2024","format":false,"excerpt":"D\u00e9couvrez une brume parfum\u00e9e exquise qui \u00e9voque l'essence vibrante de Rio. Capturant l'atmosph\u00e8re envo\u00fbtante de cette ville anim\u00e9e, cette fragrance s\u00e9duisante incarne l'\u00e9nergie d'une nuit \u00e9clatante et chaude. Les notes audacieuses de bergamote sauvage, de poire succulente et de jasmin cr\u00e9pusculaire se m\u00ealent harmonieusement pour cr\u00e9er une exp\u00e9rience olfactive inoubliable.\u2026","rel":"","context":"Similar post","block_context":{"text":"Similar post","link":""},"img":{"alt_text":"","src":"","width":0,"height":0},"classes":[]}],"_links":{"self":[{"href":"https:\/\/sakaba.mghosteur.com\/en\/wp-json\/wp\/v2\/product\/32334","targetHints":{"allow":["GET"]}}],"collection":[{"href":"https:\/\/sakaba.mghosteur.com\/en\/wp-json\/wp\/v2\/product"}],"about":[{"href":"https:\/\/sakaba.mghosteur.com\/en\/wp-json\/wp\/v2\/types\/product"}],"replies":[{"embeddable":true,"href":"https:\/\/sakaba.mghosteur.com\/en\/wp-json\/wp\/v2\/comments?post=32334"}],"version-history":[{"count":0,"href":"https:\/\/sakaba.mghosteur.com\/en\/wp-json\/wp\/v2\/product\/32334\/revisions"}],"wp:attachment":[{"href":"https:\/\/sakaba.mghosteur.com\/en\/wp-json\/wp\/v2\/media?parent=32334"}],"wp:term":[{"taxonomy":"product_brand","embeddable":true,"href":"https:\/\/sakaba.mghosteur.com\/en\/wp-json\/wp\/v2\/product_brand?post=32334"},{"taxonomy":"product_cat","embeddable":true,"href":"https:\/\/sakaba.mghosteur.com\/en\/wp-json\/wp\/v2\/product_cat?post=32334"},{"taxonomy":"product_tag","embeddable":true,"href":"https:\/\/sakaba.mghosteur.com\/en\/wp-json\/wp\/v2\/product_tag?post=32334"}],"curies":[{"name":"wp","href":"https:\/\/api.w.org\/{rel}","templated":true}]}}