{"id":32340,"date":"2024-05-14T15:58:41","date_gmt":"2024-05-14T15:58:41","guid":{"rendered":"https:\/\/sakaba.mghosteur.com\/?post_type=product&#038;p=32340"},"modified":"2024-05-14T15:58:41","modified_gmt":"2024-05-14T15:58:41","slug":"lighten-up-plus-brightening-shea-butter-face-scrub","status":"publish","type":"product","link":"https:\/\/sakaba.mghosteur.com\/en\/product\/lighten-up-plus-brightening-shea-butter-face-scrub\/","title":{"rendered":"LIGHTEN UP PLUS BRIGHTENING SHEA BUTTER FACE SCRUB"},"content":{"rendered":"","protected":false},"excerpt":{"rendered":"","protected":false},"featured_media":0,"comment_status":"open","ping_status":"closed","template":"","meta":[],"product_brand":[905],"product_cat":[377],"product_tag":[],"class_list":{"0":"post-32340","1":"product","2":"type-product","3":"status-publish","5":"product_brand-lighten-up","6":"product_cat-bath-body-works","8":"first","9":"instock","10":"shipping-taxable","11":"product-type-simple"},"jetpack-related-posts":[{"id":32343,"url":"https:\/\/sakaba.mghosteur.com\/en\/product\/lighten-up-plus-exfoliant-soap\/","url_meta":{"origin":32340,"position":0},"title":"LIGHTEN UP PLUS EXFOLIANT SOAP","author":"admin","date":"May 14, 2024","format":false,"excerpt":"","rel":"","context":"Similar post","block_context":{"text":"Similar post","link":""},"img":{"alt_text":"","src":"","width":0,"height":0},"classes":[]},{"id":26250,"url":"https:\/\/sakaba.mghosteur.com\/en\/product\/lighten-up-plus-clarifying-gel\/","url_meta":{"origin":32340,"position":1},"title":"LIGHTEN UP PLUS  CLARIFYING GEL","author":"admin","date":"November 24, 2022","format":false,"excerpt":"","rel":"","context":"Similar post","block_context":{"text":"Similar post","link":""},"img":{"alt_text":"","src":"","width":0,"height":0},"classes":[]},{"id":26255,"url":"https:\/\/sakaba.mghosteur.com\/en\/product\/lighten-up-plus-powdered-exfoliating-cleanser\/","url_meta":{"origin":32340,"position":2},"title":"LIGHTEN UP PLUS POWDERED EXFOLIATING CLEANSER","author":"admin","date":"November 24, 2022","format":false,"excerpt":"","rel":"","context":"Similar post","block_context":{"text":"Similar post","link":""},"img":{"alt_text":"","src":"","width":0,"height":0},"classes":[]},{"id":26253,"url":"https:\/\/sakaba.mghosteur.com\/en\/product\/lighten-up-plus-lightening-gel-natural-papaya-2\/","url_meta":{"origin":32340,"position":3},"title":"LIGHTEN UP PLUS LIGHTENING GEL NATURAL PAPAYA","author":"admin","date":"November 24, 2022","format":false,"excerpt":"","rel":"","context":"Similar post","block_context":{"text":"Similar post","link":""},"img":{"alt_text":"","src":"","width":0,"height":0},"classes":[]},{"id":26248,"url":"https:\/\/sakaba.mghosteur.com\/en\/product\/lighten-up-plus-lightening-gel-natural-papaya\/","url_meta":{"origin":32340,"position":4},"title":"LIGHTEN UP PLUS LIGHTENING GEL NATURAL PAPAYA","author":"admin","date":"November 24, 2022","format":false,"excerpt":"","rel":"","context":"Similar post","block_context":{"text":"Similar post","link":""},"img":{"alt_text":"","src":"","width":0,"height":0},"classes":[]},{"id":26244,"url":"https:\/\/sakaba.mghosteur.com\/en\/product\/lighten-up-plus-lightening-body-lotion\/","url_meta":{"origin":32340,"position":5},"title":"LIGHTEN UP PLUS LIGHTENING BODY LOTION","author":"admin","date":"November 24, 2022","format":false,"excerpt":"Lighten Up PLUS Lightening Body Lotion est le produit parfait pour ceux qui cherchent \u00e0 uniformiser leur teint et \u00e0 \u00e9claircir leur peau en seulement 7 jours. Cette luxueuse lotion pour le corps hydrate en profondeur la peau tout en la clarifiant et en r\u00e9duisant les taches brunes. Elle contient\u2026","rel":"","context":"Similar post","block_context":{"text":"Similar post","link":""},"img":{"alt_text":"","src":"","width":0,"height":0},"classes":[]}],"_links":{"self":[{"href":"https:\/\/sakaba.mghosteur.com\/en\/wp-json\/wp\/v2\/product\/32340","targetHints":{"allow":["GET"]}}],"collection":[{"href":"https:\/\/sakaba.mghosteur.com\/en\/wp-json\/wp\/v2\/product"}],"about":[{"href":"https:\/\/sakaba.mghosteur.com\/en\/wp-json\/wp\/v2\/types\/product"}],"replies":[{"embeddable":true,"href":"https:\/\/sakaba.mghosteur.com\/en\/wp-json\/wp\/v2\/comments?post=32340"}],"version-history":[{"count":0,"href":"https:\/\/sakaba.mghosteur.com\/en\/wp-json\/wp\/v2\/product\/32340\/revisions"}],"wp:attachment":[{"href":"https:\/\/sakaba.mghosteur.com\/en\/wp-json\/wp\/v2\/media?parent=32340"}],"wp:term":[{"taxonomy":"product_brand","embeddable":true,"href":"https:\/\/sakaba.mghosteur.com\/en\/wp-json\/wp\/v2\/product_brand?post=32340"},{"taxonomy":"product_cat","embeddable":true,"href":"https:\/\/sakaba.mghosteur.com\/en\/wp-json\/wp\/v2\/product_cat?post=32340"},{"taxonomy":"product_tag","embeddable":true,"href":"https:\/\/sakaba.mghosteur.com\/en\/wp-json\/wp\/v2\/product_tag?post=32340"}],"curies":[{"name":"wp","href":"https:\/\/api.w.org\/{rel}","templated":true}]}}