{"id":32350,"date":"2024-05-14T16:02:01","date_gmt":"2024-05-14T16:02:01","guid":{"rendered":"https:\/\/sakaba.mghosteur.com\/?post_type=product&#038;p=32350"},"modified":"2024-05-14T16:02:01","modified_gmt":"2024-05-14T16:02:01","slug":"palmers-cocoa-butter-heal-softens-200g","status":"publish","type":"product","link":"https:\/\/sakaba.mghosteur.com\/en\/product\/palmers-cocoa-butter-heal-softens-200g\/","title":{"rendered":"PALMERS COCOA BUTTER HEAL SOFTENS 200g"},"content":{"rendered":"","protected":false},"excerpt":{"rendered":"","protected":false},"featured_media":0,"comment_status":"open","ping_status":"closed","template":"","meta":[],"product_brand":[948],"product_cat":[377],"product_tag":[],"class_list":{"0":"post-32350","1":"product","2":"type-product","3":"status-publish","5":"product_brand-palmers","6":"product_cat-bath-body-works","8":"first","9":"instock","10":"shipping-taxable","11":"product-type-simple"},"jetpack-related-posts":[{"id":29693,"url":"https:\/\/sakaba.mghosteur.com\/en\/product\/palmers-jar-101-heals-softens\/","url_meta":{"origin":32350,"position":0},"title":"PALMERS JAR 101 HEALS SOFTENS","author":"admin","date":"April 14, 2023","format":false,"excerpt":"D\u00e9couvrez le PALMERS JAR 101 HEALS SOFTENS de la marque Palmer's pour une peau d'apparence plus saine ! Cette formule originale \u00e0 base de beurre de cacao naturel et de vitamine E intens\u00e9ment hydratants gu\u00e9rit et adoucit la peau rugueuse et s\u00e8che, tout en offrant une hydratation longue dur\u00e9e jusqu'\u00e0\u2026","rel":"","context":"Similar post","block_context":{"text":"Similar post","link":""},"img":{"alt_text":"","src":"","width":0,"height":0},"classes":[]},{"id":28127,"url":"https:\/\/sakaba.mghosteur.com\/en\/product\/palmers-cocoa-butter-formula-with-vitamin-e-heals-softens-2\/","url_meta":{"origin":32350,"position":1},"title":"Palmers Cocoa Butter Body Lotion, Fragrance Free","author":"admin","date":"November 30, 2022","format":false,"excerpt":"D\u00e9couvrez la lotion corporelle sans parfum de la marque Palmer's, une solution efficace pour gu\u00e9rir et adoucir votre peau s\u00e8che et rugueuse. Cette lotion contient du beurre de cacao naturel et de la vitamine E, qui hydratent intens\u00e9ment votre peau pour une apparence plus saine. Avec une hydratation durable jusqu'\u00e0\u2026","rel":"","context":"Similar post","block_context":{"text":"Similar post","link":""},"img":{"alt_text":"","src":"","width":0,"height":0},"classes":[]},{"id":24414,"url":"https:\/\/sakaba.mghosteur.com\/en\/product\/palmers-cocoa-butter-formula-with-vitamin-e-heals-softens\/","url_meta":{"origin":32350,"position":2},"title":"Palmers Cocoa Butter Daily Skin Therapy","author":"admin","date":"November 10, 2022","format":false,"excerpt":"La lotion corporelle Daily Skin Therapy de Palmer's est le produit parfait pour prendre soin de votre peau s\u00e8che et rugueuse. Elle contient du beurre de cacao naturel et de la vitamine E, deux ingr\u00e9dients intens\u00e9ment hydratants qui gu\u00e9rissent et adoucissent votre peau pour lui donner une apparence plus saine.\u2026","rel":"","context":"Similar post","block_context":{"text":"Similar post","link":""},"img":{"alt_text":"","src":"","width":0,"height":0},"classes":[]},{"id":29721,"url":"https:\/\/sakaba.mghosteur.com\/en\/product\/palmers-moisturizes-softens-body-oil\/","url_meta":{"origin":32350,"position":3},"title":"PALMERS MOISTURIZES SOFTENS BODY OIL","author":"admin","date":"April 17, 2023","format":false,"excerpt":"D\u00e9couvrez l'huile corporelle hydratante de la marque Palmer's, formul\u00e9e pour adoucir et hydrater votre peau rugueuse et s\u00e8che. Avec des ingr\u00e9dients naturels tels que du beurre de cacao et de la vitamine E, cette huile vous offre jusqu'\u00e0 48 heures d'humidit\u00e9 pour une peau plus saine et radieuse. De plus,\u2026","rel":"","context":"Similar post","block_context":{"text":"Similar post","link":""},"img":{"alt_text":"","src":"","width":0,"height":0},"classes":[]},{"id":24416,"url":"https:\/\/sakaba.mghosteur.com\/en\/product\/palmers-heal-softens-relieves-rough-dry-skin\/","url_meta":{"origin":32350,"position":4},"title":"PALMERS HEALS SOFTENS RELIEVES ROUGH DRY SKIN","author":"admin","date":"November 10, 2022","format":false,"excerpt":"","rel":"","context":"Similar post","block_context":{"text":"Similar post","link":""},"img":{"alt_text":"","src":"","width":0,"height":0},"classes":[]},{"id":24424,"url":"https:\/\/sakaba.mghosteur.com\/en\/product\/palmers-heals-softens-18-7-oz\/","url_meta":{"origin":32350,"position":5},"title":"PALMERS HEALS SOFTENS 18.7 OZ","author":"admin","date":"November 10, 2022","format":false,"excerpt":"D\u00e9couvrez le beurre de cacao de la marque Palmer's, un soin de qualit\u00e9 pour les peaux rugueuses et s\u00e8ches. Le beurre de cacao est une substance naturelle issue de la graine de cacao, qui retient l'humidit\u00e9 entre les couches de la peau, pr\u00e9venant ainsi la d\u00e9shydratation. La vitamine E contenue\u2026","rel":"","context":"Similar post","block_context":{"text":"Similar post","link":""},"img":{"alt_text":"","src":"","width":0,"height":0},"classes":[]}],"_links":{"self":[{"href":"https:\/\/sakaba.mghosteur.com\/en\/wp-json\/wp\/v2\/product\/32350","targetHints":{"allow":["GET"]}}],"collection":[{"href":"https:\/\/sakaba.mghosteur.com\/en\/wp-json\/wp\/v2\/product"}],"about":[{"href":"https:\/\/sakaba.mghosteur.com\/en\/wp-json\/wp\/v2\/types\/product"}],"replies":[{"embeddable":true,"href":"https:\/\/sakaba.mghosteur.com\/en\/wp-json\/wp\/v2\/comments?post=32350"}],"version-history":[{"count":0,"href":"https:\/\/sakaba.mghosteur.com\/en\/wp-json\/wp\/v2\/product\/32350\/revisions"}],"wp:attachment":[{"href":"https:\/\/sakaba.mghosteur.com\/en\/wp-json\/wp\/v2\/media?parent=32350"}],"wp:term":[{"taxonomy":"product_brand","embeddable":true,"href":"https:\/\/sakaba.mghosteur.com\/en\/wp-json\/wp\/v2\/product_brand?post=32350"},{"taxonomy":"product_cat","embeddable":true,"href":"https:\/\/sakaba.mghosteur.com\/en\/wp-json\/wp\/v2\/product_cat?post=32350"},{"taxonomy":"product_tag","embeddable":true,"href":"https:\/\/sakaba.mghosteur.com\/en\/wp-json\/wp\/v2\/product_tag?post=32350"}],"curies":[{"name":"wp","href":"https:\/\/api.w.org\/{rel}","templated":true}]}}