{"id":32353,"date":"2024-05-14T16:02:52","date_gmt":"2024-05-14T16:02:52","guid":{"rendered":"https:\/\/sakaba.mghosteur.com\/?post_type=product&#038;p=32353"},"modified":"2024-05-14T16:02:52","modified_gmt":"2024-05-14T16:02:52","slug":"palmers-skin-therapy-oil-pure-argan-oil-60-ml","status":"publish","type":"product","link":"https:\/\/sakaba.mghosteur.com\/en\/product\/palmers-skin-therapy-oil-pure-argan-oil-60-ml\/","title":{"rendered":"PALMERS SKIN THERAPY OIL PURE ARGAN OIL 60 ML"},"content":{"rendered":"","protected":false},"excerpt":{"rendered":"","protected":false},"featured_media":0,"comment_status":"open","ping_status":"closed","template":"","meta":[],"product_brand":[948],"product_cat":[377],"product_tag":[],"class_list":{"0":"post-32353","1":"product","2":"type-product","3":"status-publish","5":"product_brand-palmers","6":"product_cat-bath-body-works","8":"first","9":"instock","10":"shipping-taxable","11":"product-type-simple"},"jetpack-related-posts":[{"id":24397,"url":"https:\/\/sakaba.mghosteur.com\/en\/product\/palmers-skin-therapy-cleansing-oil-face\/","url_meta":{"origin":32353,"position":0},"title":"PALMERS SKIN THERAPY CLEANSING OIL FACE","author":"admin","date":"November 10, 2022","format":false,"excerpt":"Introducing Skin Therapy Huile Nettoyante Visage by Palmer's - une huile nettoyante douce pour le visage qui nettoie en profondeur votre peau sans la d\u00e9caper. Cette huile est con\u00e7ue pour enlever efficacement le maquillage, le maquillage des yeux et les impuret\u00e9s, tout en \u00e9tant non-com\u00e9dog\u00e8ne et n'obstrue pas les pores.\u2026","rel":"","context":"Similar post","block_context":{"text":"Similar post","link":""},"img":{"alt_text":"","src":"","width":0,"height":0},"classes":[]},{"id":24395,"url":"https:\/\/sakaba.mghosteur.com\/en\/product\/palmers-cocoa-butter-skin-therapy-oil-face\/","url_meta":{"origin":32353,"position":1},"title":"Palmers Cocoa Butter Skin Therapy Oil Face","author":"admin","date":"November 10, 2022","format":false,"excerpt":"","rel":"","context":"Similar post","block_context":{"text":"Similar post","link":""},"img":{"alt_text":"","src":"","width":0,"height":0},"classes":[]},{"id":24390,"url":"https:\/\/sakaba.mghosteur.com\/en\/product\/palmers-cocoa-butter-skin-therapy-oil\/","url_meta":{"origin":32353,"position":2},"title":"Palmers Cocoa Butter Skin Therapy Oil","author":"admin","date":"November 10, 2022","format":false,"excerpt":"D\u00e9couvrez l'huile de soin pour la peau au beurre de cacao avec vitamine E de Palmer's, un produit parfait pour tous les types de peau. Cette huile de beaut\u00e9 polyvalente pour le corps et le visage est formul\u00e9e pour aider \u00e0 am\u00e9liorer l'apparence des cicatrices, des vergetures, de la peau\u2026","rel":"","context":"Similar post","block_context":{"text":"Similar post","link":""},"img":{"alt_text":"","src":"","width":0,"height":0},"classes":[]},{"id":26020,"url":"https:\/\/sakaba.mghosteur.com\/en\/product\/creme-of-nature-100-pure-argan-oil-1-oz\/","url_meta":{"origin":32353,"position":3},"title":"Creme Of Nature 100% Pure Argan Oil 1 oz","author":"admin","date":"November 24, 2022","format":false,"excerpt":"","rel":"","context":"Similar post","block_context":{"text":"Similar post","link":""},"img":{"alt_text":"","src":"","width":0,"height":0},"classes":[]},{"id":29721,"url":"https:\/\/sakaba.mghosteur.com\/en\/product\/palmers-moisturizes-softens-body-oil\/","url_meta":{"origin":32353,"position":4},"title":"PALMERS MOISTURIZES SOFTENS BODY OIL","author":"admin","date":"April 17, 2023","format":false,"excerpt":"D\u00e9couvrez l'huile corporelle hydratante de la marque Palmer's, formul\u00e9e pour adoucir et hydrater votre peau rugueuse et s\u00e8che. Avec des ingr\u00e9dients naturels tels que du beurre de cacao et de la vitamine E, cette huile vous offre jusqu'\u00e0 48 heures d'humidit\u00e9 pour une peau plus saine et radieuse. De plus,\u2026","rel":"","context":"Similar post","block_context":{"text":"Similar post","link":""},"img":{"alt_text":"","src":"","width":0,"height":0},"classes":[]},{"id":24429,"url":"https:\/\/sakaba.mghosteur.com\/en\/product\/palmers-daily-skin-therapy-value-size-33-8-oz\/","url_meta":{"origin":32353,"position":5},"title":"Palmers Daily Skin Therapy, Value Size, 33.8 OZ","author":"admin","date":"November 10, 2022","format":false,"excerpt":"D\u00e9couvrez la lotion th\u00e9rapeutique quotidienne au beurre de cacao pur et \u00e0 la vitamine E de Palmer's, un must-have pour tous les types de peau. Avec une capacit\u00e9 de 33,8 fl. oz. dans un lot de 2, cette lotion \u00e0 absorption rapide offre une hydratation durable pendant 24 heures, prouv\u00e9e\u2026","rel":"","context":"Similar post","block_context":{"text":"Similar post","link":""},"img":{"alt_text":"","src":"","width":0,"height":0},"classes":[]}],"_links":{"self":[{"href":"https:\/\/sakaba.mghosteur.com\/en\/wp-json\/wp\/v2\/product\/32353","targetHints":{"allow":["GET"]}}],"collection":[{"href":"https:\/\/sakaba.mghosteur.com\/en\/wp-json\/wp\/v2\/product"}],"about":[{"href":"https:\/\/sakaba.mghosteur.com\/en\/wp-json\/wp\/v2\/types\/product"}],"replies":[{"embeddable":true,"href":"https:\/\/sakaba.mghosteur.com\/en\/wp-json\/wp\/v2\/comments?post=32353"}],"version-history":[{"count":0,"href":"https:\/\/sakaba.mghosteur.com\/en\/wp-json\/wp\/v2\/product\/32353\/revisions"}],"wp:attachment":[{"href":"https:\/\/sakaba.mghosteur.com\/en\/wp-json\/wp\/v2\/media?parent=32353"}],"wp:term":[{"taxonomy":"product_brand","embeddable":true,"href":"https:\/\/sakaba.mghosteur.com\/en\/wp-json\/wp\/v2\/product_brand?post=32353"},{"taxonomy":"product_cat","embeddable":true,"href":"https:\/\/sakaba.mghosteur.com\/en\/wp-json\/wp\/v2\/product_cat?post=32353"},{"taxonomy":"product_tag","embeddable":true,"href":"https:\/\/sakaba.mghosteur.com\/en\/wp-json\/wp\/v2\/product_tag?post=32353"}],"curies":[{"name":"wp","href":"https:\/\/api.w.org\/{rel}","templated":true}]}}